{"id":19726,"date":"2022-04-08T17:18:40","date_gmt":"2022-04-08T19:36:21","guid":{"rendered":"https:\/\/www.technic-toys.com\/izdelek\/skala-za-obilazak-aviona-a36-1280mm-bez-cetkica-pnp\/"},"modified":"2022-08-01T12:43:27","modified_gmt":"2022-08-01T10:43:27","slug":"skala-za-obilazak-aviona-a36-1280mm-bez-cetkica-pnp","status":"publish","type":"product","link":"https:\/\/www.technic-toys.com\/hr\/proizvod\/skala-za-obilazak-aviona-a36-1280mm-bez-cetkica-pnp\/","title":{"rendered":"Skala za obilazak aviona A36 1280mm bez \u010detkica PNP"},"content":{"rendered":"<p>Apsolutna krema u optici sa vrhunskim karakteristikama leta! Ovaj model kombinuje sjajan izgled sa vrhunskim performansama, a zahvaljuju\u0107i dizajnu pogona za 3 &#8211; 4 \u0107elijske LiPo baterije, model se mo\u017ee pomerati kako u skali tako i u akrobatskom stilu. Kod 4S, omjer potiska je preko 1:1, tako da akrobatski manevri kao \u0161to su kotrljanja, loppings i okretanja nisu problem. Da li biste radije bili malo ti\u0161i? Zatim jednostavno uzmite 3S 2200mAh LiPo i letite udobno i sigurno. Ve\u0107 na 3S, karakteristike leta su vi\u0161e nego dovoljne za normalnog pilota!Zbog izuzetno dobrih karakteristika sporog leta, prelijepa slijetanja u 3 ta\u010dke uspijevaju odmah.Osobine: Optika skale sa mnogo detalja Elektri\u010dni uvla\u010divi stajni trap Sa upravljivim uvla\u010divim stajnim trapom motor. Kontroler i servo su ve\u0107 instalirani. Poziciona svjetla na krilima. Svjetla za slijetanje u pramcu. Upravljivi nosni prijenosnik. Tehni\u010dki podaci: Raspon: 1280mm Du\u017eina: 985mm Te\u017eina: 1380g Motor: 3715 bez \u010detkica 950KV Kontroler: Bez \u010detkica od 510x 1 Servog isporuka 7&#215;9 : Model PNP Upute Potreban pribor: 4-kanalni predajnik i prijemnik 2.3S LiPo baterija 11.1V &#8211; 4S 14.8V LiPo punja\u010d<\/p>\n","protected":false},"excerpt":{"rendered":"<p>Apsolutna krema u optici sa vrhunskim karakteristikama leta! Ovaj model kombinuje sjajan izgled sa vrhunskim performansama, a zahvaljuju\u0107i dizajnu pogona za 3 &#8211; 4 \u0107elijske LiPo baterije, model se mo\u017ee pomerati kako u skali tako i u akrobatskom stilu. Kod 4S, omjer potiska je preko 1:1, tako da akrobatski manevri kao \u0161to su kotrljanja, loppings [&hellip;]<\/p>\n","protected":false},"featured_media":17011,"template":"","meta":[],"product_cat":[484,487],"product_tag":[],"acf":[],"yoast_head":"<!-- This site is optimized with the Yoast SEO plugin v21.7 - https:\/\/yoast.com\/wordpress\/plugins\/seo\/ -->\n<title>Skala za obilazak aviona A36 1280mm bez \u010detkica PNP - TECHNIC TOYS SHOP<\/title>\n<meta name=\"robots\" content=\"index, follow, max-snippet:-1, max-image-preview:large, max-video-preview:-1\" \/>\n<link rel=\"canonical\" href=\"https:\/\/www.technic-toys.com\/hr\/proizvod\/skala-za-obilazak-aviona-a36-1280mm-bez-cetkica-pnp\/\" \/>\n<meta property=\"og:locale\" content=\"hr_HR\" \/>\n<meta property=\"og:type\" content=\"article\" \/>\n<meta property=\"og:title\" content=\"Skala za obilazak aviona A36 1280mm bez \u010detkica PNP - TECHNIC TOYS SHOP\" \/>\n<meta property=\"og:description\" content=\"Apsolutna krema u optici sa vrhunskim karakteristikama leta! Ovaj model kombinuje sjajan izgled sa vrhunskim performansama, a zahvaljuju\u0107i dizajnu pogona za 3 &#8211; 4 \u0107elijske LiPo baterije, model se mo\u017ee pomerati kako u skali tako i u akrobatskom stilu. Kod 4S, omjer potiska je preko 1:1, tako da akrobatski manevri kao \u0161to su kotrljanja, loppings [&hellip;]\" \/>\n<meta property=\"og:url\" content=\"https:\/\/www.technic-toys.com\/hr\/proizvod\/skala-za-obilazak-aviona-a36-1280mm-bez-cetkica-pnp\/\" \/>\n<meta property=\"og:site_name\" content=\"TECHNIC TOYS SHOP\" \/>\n<meta property=\"article:modified_time\" content=\"2022-08-01T10:43:27+00:00\" \/>\n<meta property=\"og:image\" content=\"https:\/\/www.technic-toys.com\/wp-content\/uploads\/2022\/04\/24068.jpg\" \/>\n\t<meta property=\"og:image:width\" content=\"1280\" \/>\n\t<meta property=\"og:image:height\" content=\"734\" \/>\n\t<meta property=\"og:image:type\" content=\"image\/jpeg\" \/>\n<meta name=\"twitter:card\" content=\"summary_large_image\" \/>\n<meta name=\"twitter:label1\" content=\"Procijenjeno vrijeme \u010ditanja\" \/>\n\t<meta name=\"twitter:data1\" content=\"1 minuta\" \/>\n<script type=\"application\/ld+json\" class=\"yoast-schema-graph\">{\"@context\":\"https:\/\/schema.org\",\"@graph\":[{\"@type\":\"WebPage\",\"@id\":\"https:\/\/www.technic-toys.com\/hr\/proizvod\/skala-za-obilazak-aviona-a36-1280mm-bez-cetkica-pnp\/\",\"url\":\"https:\/\/www.technic-toys.com\/hr\/proizvod\/skala-za-obilazak-aviona-a36-1280mm-bez-cetkica-pnp\/\",\"name\":\"Skala za obilazak aviona A36 1280mm bez \u010detkica PNP - TECHNIC TOYS SHOP\",\"isPartOf\":{\"@id\":\"https:\/\/www.technic-toys.com\/en\/#website\"},\"datePublished\":\"2022-04-08T19:36:21+00:00\",\"dateModified\":\"2022-08-01T10:43:27+00:00\",\"breadcrumb\":{\"@id\":\"https:\/\/www.technic-toys.com\/hr\/proizvod\/skala-za-obilazak-aviona-a36-1280mm-bez-cetkica-pnp\/#breadcrumb\"},\"inLanguage\":\"hr\",\"potentialAction\":[{\"@type\":\"ReadAction\",\"target\":[\"https:\/\/www.technic-toys.com\/hr\/proizvod\/skala-za-obilazak-aviona-a36-1280mm-bez-cetkica-pnp\/\"]}]},{\"@type\":\"BreadcrumbList\",\"@id\":\"https:\/\/www.technic-toys.com\/hr\/proizvod\/skala-za-obilazak-aviona-a36-1280mm-bez-cetkica-pnp\/#breadcrumb\",\"itemListElement\":[{\"@type\":\"ListItem\",\"position\":1,\"name\":\"Domov\",\"item\":\"https:\/\/www.technic-toys.com\/hr\/\"},{\"@type\":\"ListItem\",\"position\":2,\"name\":\"Shop\",\"item\":\"https:\/\/www.technic-toys.com\/hr\/shop-2\/\"},{\"@type\":\"ListItem\",\"position\":3,\"name\":\"Skala za obilazak aviona A36 1280mm bez \u010detkica PNP\"}]},{\"@type\":\"WebSite\",\"@id\":\"https:\/\/www.technic-toys.com\/en\/#website\",\"url\":\"https:\/\/www.technic-toys.com\/en\/\",\"name\":\"TECHNIC TOYS SHOP\",\"description\":\"\",\"potentialAction\":[{\"@type\":\"SearchAction\",\"target\":{\"@type\":\"EntryPoint\",\"urlTemplate\":\"https:\/\/www.technic-toys.com\/en\/?s={search_term_string}\"},\"query-input\":\"required name=search_term_string\"}],\"inLanguage\":\"hr\"}]}<\/script>\n<!-- \/ Yoast SEO plugin. -->","yoast_head_json":{"title":"Skala za obilazak aviona A36 1280mm bez \u010detkica PNP - TECHNIC TOYS SHOP","robots":{"index":"index","follow":"follow","max-snippet":"max-snippet:-1","max-image-preview":"max-image-preview:large","max-video-preview":"max-video-preview:-1"},"canonical":"https:\/\/www.technic-toys.com\/hr\/proizvod\/skala-za-obilazak-aviona-a36-1280mm-bez-cetkica-pnp\/","og_locale":"hr_HR","og_type":"article","og_title":"Skala za obilazak aviona A36 1280mm bez \u010detkica PNP - TECHNIC TOYS SHOP","og_description":"Apsolutna krema u optici sa vrhunskim karakteristikama leta! Ovaj model kombinuje sjajan izgled sa vrhunskim performansama, a zahvaljuju\u0107i dizajnu pogona za 3 &#8211; 4 \u0107elijske LiPo baterije, model se mo\u017ee pomerati kako u skali tako i u akrobatskom stilu. Kod 4S, omjer potiska je preko 1:1, tako da akrobatski manevri kao \u0161to su kotrljanja, loppings [&hellip;]","og_url":"https:\/\/www.technic-toys.com\/hr\/proizvod\/skala-za-obilazak-aviona-a36-1280mm-bez-cetkica-pnp\/","og_site_name":"TECHNIC TOYS SHOP","article_modified_time":"2022-08-01T10:43:27+00:00","og_image":[{"width":1280,"height":734,"url":"https:\/\/www.technic-toys.com\/wp-content\/uploads\/2022\/04\/24068.jpg","type":"image\/jpeg"}],"twitter_card":"summary_large_image","twitter_misc":{"Procijenjeno vrijeme \u010ditanja":"1 minuta"},"schema":{"@context":"https:\/\/schema.org","@graph":[{"@type":"WebPage","@id":"https:\/\/www.technic-toys.com\/hr\/proizvod\/skala-za-obilazak-aviona-a36-1280mm-bez-cetkica-pnp\/","url":"https:\/\/www.technic-toys.com\/hr\/proizvod\/skala-za-obilazak-aviona-a36-1280mm-bez-cetkica-pnp\/","name":"Skala za obilazak aviona A36 1280mm bez \u010detkica PNP - TECHNIC TOYS SHOP","isPartOf":{"@id":"https:\/\/www.technic-toys.com\/en\/#website"},"datePublished":"2022-04-08T19:36:21+00:00","dateModified":"2022-08-01T10:43:27+00:00","breadcrumb":{"@id":"https:\/\/www.technic-toys.com\/hr\/proizvod\/skala-za-obilazak-aviona-a36-1280mm-bez-cetkica-pnp\/#breadcrumb"},"inLanguage":"hr","potentialAction":[{"@type":"ReadAction","target":["https:\/\/www.technic-toys.com\/hr\/proizvod\/skala-za-obilazak-aviona-a36-1280mm-bez-cetkica-pnp\/"]}]},{"@type":"BreadcrumbList","@id":"https:\/\/www.technic-toys.com\/hr\/proizvod\/skala-za-obilazak-aviona-a36-1280mm-bez-cetkica-pnp\/#breadcrumb","itemListElement":[{"@type":"ListItem","position":1,"name":"Domov","item":"https:\/\/www.technic-toys.com\/hr\/"},{"@type":"ListItem","position":2,"name":"Shop","item":"https:\/\/www.technic-toys.com\/hr\/shop-2\/"},{"@type":"ListItem","position":3,"name":"Skala za obilazak aviona A36 1280mm bez \u010detkica PNP"}]},{"@type":"WebSite","@id":"https:\/\/www.technic-toys.com\/en\/#website","url":"https:\/\/www.technic-toys.com\/en\/","name":"TECHNIC TOYS SHOP","description":"","potentialAction":[{"@type":"SearchAction","target":{"@type":"EntryPoint","urlTemplate":"https:\/\/www.technic-toys.com\/en\/?s={search_term_string}"},"query-input":"required name=search_term_string"}],"inLanguage":"hr"}]}},"_links":{"self":[{"href":"https:\/\/www.technic-toys.com\/hr\/wp-json\/wp\/v2\/product\/19726"}],"collection":[{"href":"https:\/\/www.technic-toys.com\/hr\/wp-json\/wp\/v2\/product"}],"about":[{"href":"https:\/\/www.technic-toys.com\/hr\/wp-json\/wp\/v2\/types\/product"}],"wp:featuredmedia":[{"embeddable":true,"href":"https:\/\/www.technic-toys.com\/hr\/wp-json\/wp\/v2\/media\/17011"}],"wp:attachment":[{"href":"https:\/\/www.technic-toys.com\/hr\/wp-json\/wp\/v2\/media?parent=19726"}],"wp:term":[{"taxonomy":"product_cat","embeddable":true,"href":"https:\/\/www.technic-toys.com\/hr\/wp-json\/wp\/v2\/product_cat?post=19726"},{"taxonomy":"product_tag","embeddable":true,"href":"https:\/\/www.technic-toys.com\/hr\/wp-json\/wp\/v2\/product_tag?post=19726"}],"curies":[{"name":"wp","href":"https:\/\/api.w.org\/{rel}","templated":true}]}}