{"id":19728,"date":"2022-04-08T17:18:40","date_gmt":"2022-04-08T19:36:21","guid":{"rendered":"https:\/\/www.technic-toys.com\/izdelek\/piper-j3-1400mm-bez-cetkica-pnp-military-green\/"},"modified":"2022-08-01T12:43:28","modified_gmt":"2022-08-01T10:43:28","slug":"piper-j3-1400mm-bez-cetkica-pnp-military-green","status":"publish","type":"product","link":"https:\/\/www.technic-toys.com\/hr\/proizvod\/piper-j3-1400mm-bez-cetkica-pnp-military-green\/","title":{"rendered":"Piper J3 1400mm bez \u010detkica PNP Military green"},"content":{"rendered":"<p>Piper J-3 u optici u mjerilu<br \/>Kona\u010dno ne \u017euti J-3, ve\u0107 vojni\u010dkog izgleda i raspona krila od 1400 mm. To zna\u010di da je model jo\u0161 uvijek lak za transport i da je jo\u0161 uvijek toliko velik da se i dalje mo\u017ee bez problema letjeti \u010dak i po vjetrovitom vremenu. Model izra\u0111en u optici skale ima, na primjer, \u0161asiju vage s velikim kota\u010dima, propeler vage, lutku motora vage i mnoge druge detalje koji odgovaraju originalu. Upadljiva boja odgovara boji D-Day i ima vrlo lijepu zavr\u0161nu obradu.<br \/>Po\u0161to je dizajnirana za 4S LiPo, potisak je 1:1 i tako\u0111er omogu\u0107ava dinami\u010dki akrobatiju bez ikakvih problema. Ipak, model je apsolutno dobro\u0107udan, a karakteristike sporog leta gotovo su legendarne. Ovo \u010dini model idealnim i za ambicioznog po\u010detnika i za iskusnog pilota. Kvalitet i izrada modela je veoma visoka i ne ostavlja ni\u0161ta \u0161to se \u017eeli.<\/p>\n<p>Tehni\u010dki podaci:<br \/>\u0160irina raspona: 1400mm<br \/>Du\u017eina: 1050mm<br \/>Potisak: 1 :1 <br \/>Motor: 3648 700KV outrunner<br \/>Servo: 4x 9g<\/p>\n<p>Obim isporuke:<br \/>Piper J3 zeleni PNP<br \/>Upute<\/p>\n<p>Potrebna dodatna oprema:<br \/>4 &#8211; 6 kanalni 2.4GHz predajnik i prijemnik<br \/>LiPo baterija 4S 14.8V min 2200 &#8211; 2600mAh 30C sa XT60<br \/>punja\u010dem<\/p>\n","protected":false},"excerpt":{"rendered":"<p>Piper J-3 u optici u mjeriluKona\u010dno ne \u017euti J-3, ve\u0107 vojni\u010dkog izgleda i raspona krila od 1400 mm. To zna\u010di da je model jo\u0161 uvijek lak za transport i da je jo\u0161 uvijek toliko velik da se i dalje mo\u017ee bez problema letjeti \u010dak i po vjetrovitom vremenu. Model izra\u0111en u optici skale ima, na [&hellip;]<\/p>\n","protected":false},"featured_media":17034,"template":"","meta":[],"product_cat":[484,491],"product_tag":[],"acf":[],"yoast_head":"<!-- This site is optimized with the Yoast SEO plugin v21.7 - https:\/\/yoast.com\/wordpress\/plugins\/seo\/ -->\n<title>Piper J3 1400mm bez \u010detkica PNP Military green - TECHNIC TOYS SHOP<\/title>\n<meta name=\"robots\" content=\"index, follow, max-snippet:-1, max-image-preview:large, max-video-preview:-1\" \/>\n<link rel=\"canonical\" href=\"https:\/\/www.technic-toys.com\/hr\/proizvod\/piper-j3-1400mm-bez-cetkica-pnp-military-green\/\" \/>\n<meta property=\"og:locale\" content=\"hr_HR\" \/>\n<meta property=\"og:type\" content=\"article\" \/>\n<meta property=\"og:title\" content=\"Piper J3 1400mm bez \u010detkica PNP Military green - TECHNIC TOYS SHOP\" \/>\n<meta property=\"og:description\" content=\"Piper J-3 u optici u mjeriluKona\u010dno ne \u017euti J-3, ve\u0107 vojni\u010dkog izgleda i raspona krila od 1400 mm. To zna\u010di da je model jo\u0161 uvijek lak za transport i da je jo\u0161 uvijek toliko velik da se i dalje mo\u017ee bez problema letjeti \u010dak i po vjetrovitom vremenu. Model izra\u0111en u optici skale ima, na [&hellip;]\" \/>\n<meta property=\"og:url\" content=\"https:\/\/www.technic-toys.com\/hr\/proizvod\/piper-j3-1400mm-bez-cetkica-pnp-military-green\/\" \/>\n<meta property=\"og:site_name\" content=\"TECHNIC TOYS SHOP\" \/>\n<meta property=\"article:modified_time\" content=\"2022-08-01T10:43:28+00:00\" \/>\n<meta property=\"og:image\" content=\"https:\/\/www.technic-toys.com\/wp-content\/uploads\/2022\/04\/24072.jpg\" \/>\n\t<meta property=\"og:image:width\" content=\"2560\" \/>\n\t<meta property=\"og:image:height\" content=\"1468\" \/>\n\t<meta property=\"og:image:type\" content=\"image\/jpeg\" \/>\n<meta name=\"twitter:card\" content=\"summary_large_image\" \/>\n<meta name=\"twitter:label1\" content=\"Procijenjeno vrijeme \u010ditanja\" \/>\n\t<meta name=\"twitter:data1\" content=\"1 minuta\" \/>\n<script type=\"application\/ld+json\" class=\"yoast-schema-graph\">{\"@context\":\"https:\/\/schema.org\",\"@graph\":[{\"@type\":\"WebPage\",\"@id\":\"https:\/\/www.technic-toys.com\/hr\/proizvod\/piper-j3-1400mm-bez-cetkica-pnp-military-green\/\",\"url\":\"https:\/\/www.technic-toys.com\/hr\/proizvod\/piper-j3-1400mm-bez-cetkica-pnp-military-green\/\",\"name\":\"Piper J3 1400mm bez \u010detkica PNP Military green - TECHNIC TOYS SHOP\",\"isPartOf\":{\"@id\":\"https:\/\/www.technic-toys.com\/en\/#website\"},\"datePublished\":\"2022-04-08T19:36:21+00:00\",\"dateModified\":\"2022-08-01T10:43:28+00:00\",\"breadcrumb\":{\"@id\":\"https:\/\/www.technic-toys.com\/hr\/proizvod\/piper-j3-1400mm-bez-cetkica-pnp-military-green\/#breadcrumb\"},\"inLanguage\":\"hr\",\"potentialAction\":[{\"@type\":\"ReadAction\",\"target\":[\"https:\/\/www.technic-toys.com\/hr\/proizvod\/piper-j3-1400mm-bez-cetkica-pnp-military-green\/\"]}]},{\"@type\":\"BreadcrumbList\",\"@id\":\"https:\/\/www.technic-toys.com\/hr\/proizvod\/piper-j3-1400mm-bez-cetkica-pnp-military-green\/#breadcrumb\",\"itemListElement\":[{\"@type\":\"ListItem\",\"position\":1,\"name\":\"Domov\",\"item\":\"https:\/\/www.technic-toys.com\/hr\/\"},{\"@type\":\"ListItem\",\"position\":2,\"name\":\"Shop\",\"item\":\"https:\/\/www.technic-toys.com\/hr\/shop-2\/\"},{\"@type\":\"ListItem\",\"position\":3,\"name\":\"Piper J3 1400mm bez \u010detkica PNP Military green\"}]},{\"@type\":\"WebSite\",\"@id\":\"https:\/\/www.technic-toys.com\/en\/#website\",\"url\":\"https:\/\/www.technic-toys.com\/en\/\",\"name\":\"TECHNIC TOYS SHOP\",\"description\":\"\",\"potentialAction\":[{\"@type\":\"SearchAction\",\"target\":{\"@type\":\"EntryPoint\",\"urlTemplate\":\"https:\/\/www.technic-toys.com\/en\/?s={search_term_string}\"},\"query-input\":\"required name=search_term_string\"}],\"inLanguage\":\"hr\"}]}<\/script>\n<!-- \/ Yoast SEO plugin. -->","yoast_head_json":{"title":"Piper J3 1400mm bez \u010detkica PNP Military green - TECHNIC TOYS SHOP","robots":{"index":"index","follow":"follow","max-snippet":"max-snippet:-1","max-image-preview":"max-image-preview:large","max-video-preview":"max-video-preview:-1"},"canonical":"https:\/\/www.technic-toys.com\/hr\/proizvod\/piper-j3-1400mm-bez-cetkica-pnp-military-green\/","og_locale":"hr_HR","og_type":"article","og_title":"Piper J3 1400mm bez \u010detkica PNP Military green - TECHNIC TOYS SHOP","og_description":"Piper J-3 u optici u mjeriluKona\u010dno ne \u017euti J-3, ve\u0107 vojni\u010dkog izgleda i raspona krila od 1400 mm. To zna\u010di da je model jo\u0161 uvijek lak za transport i da je jo\u0161 uvijek toliko velik da se i dalje mo\u017ee bez problema letjeti \u010dak i po vjetrovitom vremenu. Model izra\u0111en u optici skale ima, na [&hellip;]","og_url":"https:\/\/www.technic-toys.com\/hr\/proizvod\/piper-j3-1400mm-bez-cetkica-pnp-military-green\/","og_site_name":"TECHNIC TOYS SHOP","article_modified_time":"2022-08-01T10:43:28+00:00","og_image":[{"width":2560,"height":1468,"url":"https:\/\/www.technic-toys.com\/wp-content\/uploads\/2022\/04\/24072.jpg","type":"image\/jpeg"}],"twitter_card":"summary_large_image","twitter_misc":{"Procijenjeno vrijeme \u010ditanja":"1 minuta"},"schema":{"@context":"https:\/\/schema.org","@graph":[{"@type":"WebPage","@id":"https:\/\/www.technic-toys.com\/hr\/proizvod\/piper-j3-1400mm-bez-cetkica-pnp-military-green\/","url":"https:\/\/www.technic-toys.com\/hr\/proizvod\/piper-j3-1400mm-bez-cetkica-pnp-military-green\/","name":"Piper J3 1400mm bez \u010detkica PNP Military green - TECHNIC TOYS SHOP","isPartOf":{"@id":"https:\/\/www.technic-toys.com\/en\/#website"},"datePublished":"2022-04-08T19:36:21+00:00","dateModified":"2022-08-01T10:43:28+00:00","breadcrumb":{"@id":"https:\/\/www.technic-toys.com\/hr\/proizvod\/piper-j3-1400mm-bez-cetkica-pnp-military-green\/#breadcrumb"},"inLanguage":"hr","potentialAction":[{"@type":"ReadAction","target":["https:\/\/www.technic-toys.com\/hr\/proizvod\/piper-j3-1400mm-bez-cetkica-pnp-military-green\/"]}]},{"@type":"BreadcrumbList","@id":"https:\/\/www.technic-toys.com\/hr\/proizvod\/piper-j3-1400mm-bez-cetkica-pnp-military-green\/#breadcrumb","itemListElement":[{"@type":"ListItem","position":1,"name":"Domov","item":"https:\/\/www.technic-toys.com\/hr\/"},{"@type":"ListItem","position":2,"name":"Shop","item":"https:\/\/www.technic-toys.com\/hr\/shop-2\/"},{"@type":"ListItem","position":3,"name":"Piper J3 1400mm bez \u010detkica PNP Military green"}]},{"@type":"WebSite","@id":"https:\/\/www.technic-toys.com\/en\/#website","url":"https:\/\/www.technic-toys.com\/en\/","name":"TECHNIC TOYS SHOP","description":"","potentialAction":[{"@type":"SearchAction","target":{"@type":"EntryPoint","urlTemplate":"https:\/\/www.technic-toys.com\/en\/?s={search_term_string}"},"query-input":"required name=search_term_string"}],"inLanguage":"hr"}]}},"_links":{"self":[{"href":"https:\/\/www.technic-toys.com\/hr\/wp-json\/wp\/v2\/product\/19728"}],"collection":[{"href":"https:\/\/www.technic-toys.com\/hr\/wp-json\/wp\/v2\/product"}],"about":[{"href":"https:\/\/www.technic-toys.com\/hr\/wp-json\/wp\/v2\/types\/product"}],"wp:featuredmedia":[{"embeddable":true,"href":"https:\/\/www.technic-toys.com\/hr\/wp-json\/wp\/v2\/media\/17034"}],"wp:attachment":[{"href":"https:\/\/www.technic-toys.com\/hr\/wp-json\/wp\/v2\/media?parent=19728"}],"wp:term":[{"taxonomy":"product_cat","embeddable":true,"href":"https:\/\/www.technic-toys.com\/hr\/wp-json\/wp\/v2\/product_cat?post=19728"},{"taxonomy":"product_tag","embeddable":true,"href":"https:\/\/www.technic-toys.com\/hr\/wp-json\/wp\/v2\/product_tag?post=19728"}],"curies":[{"name":"wp","href":"https:\/\/api.w.org\/{rel}","templated":true}]}}