{"id":19748,"date":"2022-04-08T17:21:02","date_gmt":"2022-04-08T19:36:33","guid":{"rendered":"https:\/\/www.technic-toys.com\/izdelek\/amxflight-viper-hpat-jet-epo-pnp\/"},"modified":"2022-08-01T12:43:24","modified_gmt":"2022-08-01T10:43:24","slug":"amxflight-viper-hpat-jet-epo-pnp","status":"publish","type":"product","link":"https:\/\/www.technic-toys.com\/hr\/proizvod\/amxflight-viper-hpat-jet-epo-pnp\/","title":{"rendered":"AMXFlight Viper Hpat Jet EPO PNP"},"content":{"rendered":"<p>Replika poznatog Viper Jeta &#8211; sportskog mlaznjaka, koji proizvo\u0111a\u010d isporu\u010duje u kompletu. U konvencionalnim niskokrilnim avionima sa sjedi\u0161tima raspore\u0111enim jedno iza drugog, mlazni motor je smje\u0161ten u trupu.<\/p>\n<p>Amewi HPAT Viper Jet: mali, manevarski mlaznjak u PNP verziji. Model je uglavnom monta\u017eni, sklop je ograni\u010den na monta\u017eu krila, poluga i repne jedinice. Svi servo (3x 8g), radno kolo od 50 mm uklju\u010duju\u0107i motor bez \u010detkica 4300KV i 20A Hobbywing ESC su ve\u0107 instalirani. Jet je dizajniran da primi 3S Li-Pos izme\u0111u 850 i 1000 mAh, sa kojima Viper posti\u017ee impresivne performanse leta. Brzina se kre\u0107e od brze do spore i stoga je privla\u010dna i manje iskusnim pilotima. Upravljivost i brzina okretanja su tako\u0111er impresivni sa \u0161irokim rasponom od vrlo okretnih do pitomih. Pona\u0161anje pri pokretanju je potpuno nekriti\u010dno, \u0161to zna\u010di da se model bez problema mo\u017ee pokrenuti ru\u010dno. Mlaz ne pokazuje tendenciju prema tipi\u010dnom progibu modela radnog kola. Zbog svoje male veli\u010dine, ovaj model je savr\u0161en gepek avion za izme\u0111u, a tako\u0111er je vrlo zabavan u eskadrili sa nekoliko modela.<\/p>\n<p>Istici:<br \/>Sna\u017ean pogon zahvaljuju\u0107i 4300kV Motor bez \u010detkica<br \/ >Brzi pristup kroz magnetnu bravu nadstre\u0161nice<br \/>\u010cvrsta EPO pjena, lako se popravlja s pjenastim ljepilom<\/p>\n<p>Karakteristike:<br \/>Brz i pokretljiv mlaz ventilatora<br \/ >Lako i brzo izgra\u0111en PNP (Plug and Play)<br \/>Visokokvalitetni ESC iz Hobbywinga sa 20A sa XT60 konektorom<br \/>Dizajnirano za 3S LiPo 11.1V XT60<br \/>Prekrasan, jasno vidljiv dizajn<\/p>\n<p>Tehni\u010dki podaci:<br \/>Du\u017eina: 652mm<br \/>Raspon krila: 717mm <br \/>Te\u017eina leta: pribli\u017eno 330g<br \/>Impeler: 50mm 5 lopatica<br \/>Motor: 4300KV bez \u010detkica<br \/>ESC: 20A Hobbywing sa XT60 konektorom<br \/>Servovodi: 3x 8.0g<\/p>\n<p>Obim isporuke:<br \/>Model uklju\u010duje motor, kontroler, servos, impeler<br \/>Vijci i dijelovi spojnice<br \/>Upute za monta\u017eu DE \/EN<\/p>\n<p>Potrebna dodatna oprema:<br \/>Oda\u0161ilja\u010d i prijemnik najmanje 4 kanala<br \/>Baterija Li-Po 3S 850 &#8211; 1000mAh 11.1V XT60<br \/>Punja\u010d za Li-Po<\/p>\n","protected":false},"excerpt":{"rendered":"<p>Replika poznatog Viper Jeta &#8211; sportskog mlaznjaka, koji proizvo\u0111a\u010d isporu\u010duje u kompletu. U konvencionalnim niskokrilnim avionima sa sjedi\u0161tima raspore\u0111enim jedno iza drugog, mlazni motor je smje\u0161ten u trupu. Amewi HPAT Viper Jet: mali, manevarski mlaznjak u PNP verziji. Model je uglavnom monta\u017eni, sklop je ograni\u010den na monta\u017eu krila, poluga i repne jedinice. Svi servo (3x [&hellip;]<\/p>\n","protected":false},"featured_media":17348,"template":"","meta":[],"product_cat":[484,489],"product_tag":[],"acf":[],"yoast_head":"<!-- This site is optimized with the Yoast SEO plugin v21.7 - https:\/\/yoast.com\/wordpress\/plugins\/seo\/ -->\n<title>AMXFlight Viper Hpat Jet EPO PNP - TECHNIC TOYS SHOP<\/title>\n<meta name=\"robots\" content=\"index, follow, max-snippet:-1, max-image-preview:large, max-video-preview:-1\" \/>\n<link rel=\"canonical\" href=\"https:\/\/www.technic-toys.com\/hr\/proizvod\/amxflight-viper-hpat-jet-epo-pnp\/\" \/>\n<meta property=\"og:locale\" content=\"hr_HR\" \/>\n<meta property=\"og:type\" content=\"article\" \/>\n<meta property=\"og:title\" content=\"AMXFlight Viper Hpat Jet EPO PNP - TECHNIC TOYS SHOP\" \/>\n<meta property=\"og:description\" content=\"Replika poznatog Viper Jeta &#8211; sportskog mlaznjaka, koji proizvo\u0111a\u010d isporu\u010duje u kompletu. U konvencionalnim niskokrilnim avionima sa sjedi\u0161tima raspore\u0111enim jedno iza drugog, mlazni motor je smje\u0161ten u trupu. Amewi HPAT Viper Jet: mali, manevarski mlaznjak u PNP verziji. Model je uglavnom monta\u017eni, sklop je ograni\u010den na monta\u017eu krila, poluga i repne jedinice. Svi servo (3x [&hellip;]\" \/>\n<meta property=\"og:url\" content=\"https:\/\/www.technic-toys.com\/hr\/proizvod\/amxflight-viper-hpat-jet-epo-pnp\/\" \/>\n<meta property=\"og:site_name\" content=\"TECHNIC TOYS SHOP\" \/>\n<meta property=\"article:modified_time\" content=\"2022-08-01T10:43:24+00:00\" \/>\n<meta property=\"og:image\" content=\"https:\/\/www.technic-toys.com\/wp-content\/uploads\/2022\/04\/24093.jpg\" \/>\n\t<meta property=\"og:image:width\" content=\"2560\" \/>\n\t<meta property=\"og:image:height\" content=\"1468\" \/>\n\t<meta property=\"og:image:type\" content=\"image\/jpeg\" \/>\n<meta name=\"twitter:card\" content=\"summary_large_image\" \/>\n<meta name=\"twitter:label1\" content=\"Procijenjeno vrijeme \u010ditanja\" \/>\n\t<meta name=\"twitter:data1\" content=\"2 minute\" \/>\n<script type=\"application\/ld+json\" class=\"yoast-schema-graph\">{\"@context\":\"https:\/\/schema.org\",\"@graph\":[{\"@type\":\"WebPage\",\"@id\":\"https:\/\/www.technic-toys.com\/hr\/proizvod\/amxflight-viper-hpat-jet-epo-pnp\/\",\"url\":\"https:\/\/www.technic-toys.com\/hr\/proizvod\/amxflight-viper-hpat-jet-epo-pnp\/\",\"name\":\"AMXFlight Viper Hpat Jet EPO PNP - TECHNIC TOYS SHOP\",\"isPartOf\":{\"@id\":\"https:\/\/www.technic-toys.com\/en\/#website\"},\"datePublished\":\"2022-04-08T19:36:33+00:00\",\"dateModified\":\"2022-08-01T10:43:24+00:00\",\"breadcrumb\":{\"@id\":\"https:\/\/www.technic-toys.com\/hr\/proizvod\/amxflight-viper-hpat-jet-epo-pnp\/#breadcrumb\"},\"inLanguage\":\"hr\",\"potentialAction\":[{\"@type\":\"ReadAction\",\"target\":[\"https:\/\/www.technic-toys.com\/hr\/proizvod\/amxflight-viper-hpat-jet-epo-pnp\/\"]}]},{\"@type\":\"BreadcrumbList\",\"@id\":\"https:\/\/www.technic-toys.com\/hr\/proizvod\/amxflight-viper-hpat-jet-epo-pnp\/#breadcrumb\",\"itemListElement\":[{\"@type\":\"ListItem\",\"position\":1,\"name\":\"Domov\",\"item\":\"https:\/\/www.technic-toys.com\/hr\/\"},{\"@type\":\"ListItem\",\"position\":2,\"name\":\"Shop\",\"item\":\"https:\/\/www.technic-toys.com\/hr\/shop-2\/\"},{\"@type\":\"ListItem\",\"position\":3,\"name\":\"AMXFlight Viper Hpat Jet EPO PNP\"}]},{\"@type\":\"WebSite\",\"@id\":\"https:\/\/www.technic-toys.com\/en\/#website\",\"url\":\"https:\/\/www.technic-toys.com\/en\/\",\"name\":\"TECHNIC TOYS SHOP\",\"description\":\"\",\"potentialAction\":[{\"@type\":\"SearchAction\",\"target\":{\"@type\":\"EntryPoint\",\"urlTemplate\":\"https:\/\/www.technic-toys.com\/en\/?s={search_term_string}\"},\"query-input\":\"required name=search_term_string\"}],\"inLanguage\":\"hr\"}]}<\/script>\n<!-- \/ Yoast SEO plugin. -->","yoast_head_json":{"title":"AMXFlight Viper Hpat Jet EPO PNP - TECHNIC TOYS SHOP","robots":{"index":"index","follow":"follow","max-snippet":"max-snippet:-1","max-image-preview":"max-image-preview:large","max-video-preview":"max-video-preview:-1"},"canonical":"https:\/\/www.technic-toys.com\/hr\/proizvod\/amxflight-viper-hpat-jet-epo-pnp\/","og_locale":"hr_HR","og_type":"article","og_title":"AMXFlight Viper Hpat Jet EPO PNP - TECHNIC TOYS SHOP","og_description":"Replika poznatog Viper Jeta &#8211; sportskog mlaznjaka, koji proizvo\u0111a\u010d isporu\u010duje u kompletu. U konvencionalnim niskokrilnim avionima sa sjedi\u0161tima raspore\u0111enim jedno iza drugog, mlazni motor je smje\u0161ten u trupu. Amewi HPAT Viper Jet: mali, manevarski mlaznjak u PNP verziji. Model je uglavnom monta\u017eni, sklop je ograni\u010den na monta\u017eu krila, poluga i repne jedinice. Svi servo (3x [&hellip;]","og_url":"https:\/\/www.technic-toys.com\/hr\/proizvod\/amxflight-viper-hpat-jet-epo-pnp\/","og_site_name":"TECHNIC TOYS SHOP","article_modified_time":"2022-08-01T10:43:24+00:00","og_image":[{"width":2560,"height":1468,"url":"https:\/\/www.technic-toys.com\/wp-content\/uploads\/2022\/04\/24093.jpg","type":"image\/jpeg"}],"twitter_card":"summary_large_image","twitter_misc":{"Procijenjeno vrijeme \u010ditanja":"2 minute"},"schema":{"@context":"https:\/\/schema.org","@graph":[{"@type":"WebPage","@id":"https:\/\/www.technic-toys.com\/hr\/proizvod\/amxflight-viper-hpat-jet-epo-pnp\/","url":"https:\/\/www.technic-toys.com\/hr\/proizvod\/amxflight-viper-hpat-jet-epo-pnp\/","name":"AMXFlight Viper Hpat Jet EPO PNP - TECHNIC TOYS SHOP","isPartOf":{"@id":"https:\/\/www.technic-toys.com\/en\/#website"},"datePublished":"2022-04-08T19:36:33+00:00","dateModified":"2022-08-01T10:43:24+00:00","breadcrumb":{"@id":"https:\/\/www.technic-toys.com\/hr\/proizvod\/amxflight-viper-hpat-jet-epo-pnp\/#breadcrumb"},"inLanguage":"hr","potentialAction":[{"@type":"ReadAction","target":["https:\/\/www.technic-toys.com\/hr\/proizvod\/amxflight-viper-hpat-jet-epo-pnp\/"]}]},{"@type":"BreadcrumbList","@id":"https:\/\/www.technic-toys.com\/hr\/proizvod\/amxflight-viper-hpat-jet-epo-pnp\/#breadcrumb","itemListElement":[{"@type":"ListItem","position":1,"name":"Domov","item":"https:\/\/www.technic-toys.com\/hr\/"},{"@type":"ListItem","position":2,"name":"Shop","item":"https:\/\/www.technic-toys.com\/hr\/shop-2\/"},{"@type":"ListItem","position":3,"name":"AMXFlight Viper Hpat Jet EPO PNP"}]},{"@type":"WebSite","@id":"https:\/\/www.technic-toys.com\/en\/#website","url":"https:\/\/www.technic-toys.com\/en\/","name":"TECHNIC TOYS SHOP","description":"","potentialAction":[{"@type":"SearchAction","target":{"@type":"EntryPoint","urlTemplate":"https:\/\/www.technic-toys.com\/en\/?s={search_term_string}"},"query-input":"required name=search_term_string"}],"inLanguage":"hr"}]}},"_links":{"self":[{"href":"https:\/\/www.technic-toys.com\/hr\/wp-json\/wp\/v2\/product\/19748"}],"collection":[{"href":"https:\/\/www.technic-toys.com\/hr\/wp-json\/wp\/v2\/product"}],"about":[{"href":"https:\/\/www.technic-toys.com\/hr\/wp-json\/wp\/v2\/types\/product"}],"wp:featuredmedia":[{"embeddable":true,"href":"https:\/\/www.technic-toys.com\/hr\/wp-json\/wp\/v2\/media\/17348"}],"wp:attachment":[{"href":"https:\/\/www.technic-toys.com\/hr\/wp-json\/wp\/v2\/media?parent=19748"}],"wp:term":[{"taxonomy":"product_cat","embeddable":true,"href":"https:\/\/www.technic-toys.com\/hr\/wp-json\/wp\/v2\/product_cat?post=19748"},{"taxonomy":"product_tag","embeddable":true,"href":"https:\/\/www.technic-toys.com\/hr\/wp-json\/wp\/v2\/product_tag?post=19748"}],"curies":[{"name":"wp","href":"https:\/\/api.w.org\/{rel}","templated":true}]}}