{"id":19750,"date":"2022-04-08T17:21:02","date_gmt":"2022-04-08T19:36:49","guid":{"rendered":"https:\/\/www.technic-toys.com\/izdelek\/amx-let-l-39-albatros-v2-epo-pnp\/"},"modified":"2022-08-01T12:43:24","modified_gmt":"2022-08-01T10:43:24","slug":"amx-let-l-39-albatros-v2-epo-pnp","status":"publish","type":"product","link":"https:\/\/www.technic-toys.com\/hr\/proizvod\/amx-let-l-39-albatros-v2-epo-pnp\/","title":{"rendered":"AMX let L-39 Albatros V2 EPO PNP"},"content":{"rendered":"<p>Aero L-39 Albatros je dvosjed, jednomotorni \u0161kolski avion razvijen u \u010cehoslova\u010dkoj kao nasljednik L-29 Delfin i jo\u0161 uvijek u slu\u017ebi u zra\u010dnim snagama nekoliko nacija. Model AMEWI je mali, agilan mlaznjak u PNP dizajnu (Plug and Play) i nadogra\u0111enoj verziji V2. Promjene u odnosu na V1 verziju uglavnom uti\u010du na pogon. Umjesto propelera s 5 lopatica, ovdje su ugra\u0111eni potpuno novorazvijeni impeler s 11 lopatica i 30A Hobbywing kontroler. Povezana prednost le\u017ei u pove\u0107anim performansama uz znatno ugodniji zvuk impelera u isto vrijeme.<br \/>Avion dolazi uglavnom prefabrikovan &#8211; monta\u017ea je ograni\u010dena samo na monta\u017eu krila, spojeva i repne jedinice . Svi servo (3x 8g), 50mm impeler uklju\u010duju\u0107i 4900KV motor bez \u010detkica i 30A Hobbywing ESC su ve\u0107 instalirani.<br \/>Jet je dizajniran za smje\u0161taj 3S Li-Po baterija izme\u0111u 850 i 1000mAh, \u0161to L-39 ima oznaku za let performanse. Brzina se kre\u0107e od brze do spore i stoga je privla\u010dna i manje iskusnim pilotima. Upravljivost i brzina prevrtanja tako\u0111er su uvjerljivi sa \u0161irokim rasponom od vrlo agilnih do pitomih. Pona\u0161anje pri pokretanju je potpuno nekriti\u010dno, \u0161to zna\u010di da se model bez problema mo\u017ee pokrenuti ru\u010dno. Mlaz ne pokazuje tendenciju prema tipi\u010dnom progibu modela radnog kola. Zbog svoje male veli\u010dine, ovaj model je savr\u0161en prtlja\u017eni avion za izme\u0111u, a tako\u0111er je vrlo zabavan u eskadrili s nekoliko modela.<\/p>\n<p>Karakteristike:<br \/>Brz i okretan mlazni motor< br \/> Brz i jednostavan za postavljanje (PNP)<br \/>Novo razvijeno radno kolo s 11 lopatica<br \/>Hobbywing visokokvalitetni ESC sa 30A sa XT60<br \/>Dizajnirano za 3S LiPo 11.1V<br \/> Predivan Breitling dizajn<\/p>\n<p>Tehni\u010dki podaci:<br \/>Du\u017eina: 700mm<br \/>Raspon krila: 550mm <br \/>Te\u017eina leta: pribli\u017eno 335g<br \/>Imperator: 50mm sa 11 lopatica<br \/>Motor: 4900KV bez \u010detkica<br \/>ESC: 30A Hobbywing sa XT60 konektorom<br \/>Servo: 3x 8.0g<\/p>\n<p>Obim isporuke:<br \/>Model uklju\u010duje motor, kontroler, servos , radno kolo<br \/>Vijci i dijelovi za povezivanje <br \/>Upute za monta\u017eu DE\/EN<\/p>\n<p>Potreban pribor:<br \/>Oda\u0161ilja\u010d i prijemnik najmanje 4 kanala<br \/>Baterija Li-Po 3S 850-1000mAh 11.1V XT60<br \/> Punja\u010d za LiPo<\/p>\n","protected":false},"excerpt":{"rendered":"<p>Aero L-39 Albatros je dvosjed, jednomotorni \u0161kolski avion razvijen u \u010cehoslova\u010dkoj kao nasljednik L-29 Delfin i jo\u0161 uvijek u slu\u017ebi u zra\u010dnim snagama nekoliko nacija. Model AMEWI je mali, agilan mlaznjak u PNP dizajnu (Plug and Play) i nadogra\u0111enoj verziji V2. Promjene u odnosu na V1 verziju uglavnom uti\u010du na pogon. Umjesto propelera s 5 [&hellip;]<\/p>\n","protected":false},"featured_media":17377,"template":"","meta":[],"product_cat":[484,489],"product_tag":[],"acf":[],"yoast_head":"<!-- This site is optimized with the Yoast SEO plugin v21.7 - https:\/\/yoast.com\/wordpress\/plugins\/seo\/ -->\n<title>AMX let L-39 Albatros V2 EPO PNP - TECHNIC TOYS SHOP<\/title>\n<meta name=\"robots\" content=\"index, follow, max-snippet:-1, max-image-preview:large, max-video-preview:-1\" \/>\n<link rel=\"canonical\" href=\"https:\/\/www.technic-toys.com\/hr\/proizvod\/amx-let-l-39-albatros-v2-epo-pnp\/\" \/>\n<meta property=\"og:locale\" content=\"hr_HR\" \/>\n<meta property=\"og:type\" content=\"article\" \/>\n<meta property=\"og:title\" content=\"AMX let L-39 Albatros V2 EPO PNP - TECHNIC TOYS SHOP\" \/>\n<meta property=\"og:description\" content=\"Aero L-39 Albatros je dvosjed, jednomotorni \u0161kolski avion razvijen u \u010cehoslova\u010dkoj kao nasljednik L-29 Delfin i jo\u0161 uvijek u slu\u017ebi u zra\u010dnim snagama nekoliko nacija. Model AMEWI je mali, agilan mlaznjak u PNP dizajnu (Plug and Play) i nadogra\u0111enoj verziji V2. Promjene u odnosu na V1 verziju uglavnom uti\u010du na pogon. Umjesto propelera s 5 [&hellip;]\" \/>\n<meta property=\"og:url\" content=\"https:\/\/www.technic-toys.com\/hr\/proizvod\/amx-let-l-39-albatros-v2-epo-pnp\/\" \/>\n<meta property=\"og:site_name\" content=\"TECHNIC TOYS SHOP\" \/>\n<meta property=\"article:modified_time\" content=\"2022-08-01T10:43:24+00:00\" \/>\n<meta property=\"og:image\" content=\"https:\/\/www.technic-toys.com\/wp-content\/uploads\/2022\/04\/24095.jpg\" \/>\n\t<meta property=\"og:image:width\" content=\"2560\" \/>\n\t<meta property=\"og:image:height\" content=\"1468\" \/>\n\t<meta property=\"og:image:type\" content=\"image\/jpeg\" \/>\n<meta name=\"twitter:card\" content=\"summary_large_image\" \/>\n<meta name=\"twitter:label1\" content=\"Procijenjeno vrijeme \u010ditanja\" \/>\n\t<meta name=\"twitter:data1\" content=\"2 minute\" \/>\n<script type=\"application\/ld+json\" class=\"yoast-schema-graph\">{\"@context\":\"https:\/\/schema.org\",\"@graph\":[{\"@type\":\"WebPage\",\"@id\":\"https:\/\/www.technic-toys.com\/hr\/proizvod\/amx-let-l-39-albatros-v2-epo-pnp\/\",\"url\":\"https:\/\/www.technic-toys.com\/hr\/proizvod\/amx-let-l-39-albatros-v2-epo-pnp\/\",\"name\":\"AMX let L-39 Albatros V2 EPO PNP - TECHNIC TOYS SHOP\",\"isPartOf\":{\"@id\":\"https:\/\/www.technic-toys.com\/en\/#website\"},\"datePublished\":\"2022-04-08T19:36:49+00:00\",\"dateModified\":\"2022-08-01T10:43:24+00:00\",\"breadcrumb\":{\"@id\":\"https:\/\/www.technic-toys.com\/hr\/proizvod\/amx-let-l-39-albatros-v2-epo-pnp\/#breadcrumb\"},\"inLanguage\":\"hr\",\"potentialAction\":[{\"@type\":\"ReadAction\",\"target\":[\"https:\/\/www.technic-toys.com\/hr\/proizvod\/amx-let-l-39-albatros-v2-epo-pnp\/\"]}]},{\"@type\":\"BreadcrumbList\",\"@id\":\"https:\/\/www.technic-toys.com\/hr\/proizvod\/amx-let-l-39-albatros-v2-epo-pnp\/#breadcrumb\",\"itemListElement\":[{\"@type\":\"ListItem\",\"position\":1,\"name\":\"Domov\",\"item\":\"https:\/\/www.technic-toys.com\/hr\/\"},{\"@type\":\"ListItem\",\"position\":2,\"name\":\"Shop\",\"item\":\"https:\/\/www.technic-toys.com\/hr\/shop-2\/\"},{\"@type\":\"ListItem\",\"position\":3,\"name\":\"AMX let L-39 Albatros V2 EPO PNP\"}]},{\"@type\":\"WebSite\",\"@id\":\"https:\/\/www.technic-toys.com\/en\/#website\",\"url\":\"https:\/\/www.technic-toys.com\/en\/\",\"name\":\"TECHNIC TOYS SHOP\",\"description\":\"\",\"potentialAction\":[{\"@type\":\"SearchAction\",\"target\":{\"@type\":\"EntryPoint\",\"urlTemplate\":\"https:\/\/www.technic-toys.com\/en\/?s={search_term_string}\"},\"query-input\":\"required name=search_term_string\"}],\"inLanguage\":\"hr\"}]}<\/script>\n<!-- \/ Yoast SEO plugin. -->","yoast_head_json":{"title":"AMX let L-39 Albatros V2 EPO PNP - TECHNIC TOYS SHOP","robots":{"index":"index","follow":"follow","max-snippet":"max-snippet:-1","max-image-preview":"max-image-preview:large","max-video-preview":"max-video-preview:-1"},"canonical":"https:\/\/www.technic-toys.com\/hr\/proizvod\/amx-let-l-39-albatros-v2-epo-pnp\/","og_locale":"hr_HR","og_type":"article","og_title":"AMX let L-39 Albatros V2 EPO PNP - TECHNIC TOYS SHOP","og_description":"Aero L-39 Albatros je dvosjed, jednomotorni \u0161kolski avion razvijen u \u010cehoslova\u010dkoj kao nasljednik L-29 Delfin i jo\u0161 uvijek u slu\u017ebi u zra\u010dnim snagama nekoliko nacija. Model AMEWI je mali, agilan mlaznjak u PNP dizajnu (Plug and Play) i nadogra\u0111enoj verziji V2. Promjene u odnosu na V1 verziju uglavnom uti\u010du na pogon. Umjesto propelera s 5 [&hellip;]","og_url":"https:\/\/www.technic-toys.com\/hr\/proizvod\/amx-let-l-39-albatros-v2-epo-pnp\/","og_site_name":"TECHNIC TOYS SHOP","article_modified_time":"2022-08-01T10:43:24+00:00","og_image":[{"width":2560,"height":1468,"url":"https:\/\/www.technic-toys.com\/wp-content\/uploads\/2022\/04\/24095.jpg","type":"image\/jpeg"}],"twitter_card":"summary_large_image","twitter_misc":{"Procijenjeno vrijeme \u010ditanja":"2 minute"},"schema":{"@context":"https:\/\/schema.org","@graph":[{"@type":"WebPage","@id":"https:\/\/www.technic-toys.com\/hr\/proizvod\/amx-let-l-39-albatros-v2-epo-pnp\/","url":"https:\/\/www.technic-toys.com\/hr\/proizvod\/amx-let-l-39-albatros-v2-epo-pnp\/","name":"AMX let L-39 Albatros V2 EPO PNP - TECHNIC TOYS SHOP","isPartOf":{"@id":"https:\/\/www.technic-toys.com\/en\/#website"},"datePublished":"2022-04-08T19:36:49+00:00","dateModified":"2022-08-01T10:43:24+00:00","breadcrumb":{"@id":"https:\/\/www.technic-toys.com\/hr\/proizvod\/amx-let-l-39-albatros-v2-epo-pnp\/#breadcrumb"},"inLanguage":"hr","potentialAction":[{"@type":"ReadAction","target":["https:\/\/www.technic-toys.com\/hr\/proizvod\/amx-let-l-39-albatros-v2-epo-pnp\/"]}]},{"@type":"BreadcrumbList","@id":"https:\/\/www.technic-toys.com\/hr\/proizvod\/amx-let-l-39-albatros-v2-epo-pnp\/#breadcrumb","itemListElement":[{"@type":"ListItem","position":1,"name":"Domov","item":"https:\/\/www.technic-toys.com\/hr\/"},{"@type":"ListItem","position":2,"name":"Shop","item":"https:\/\/www.technic-toys.com\/hr\/shop-2\/"},{"@type":"ListItem","position":3,"name":"AMX let L-39 Albatros V2 EPO PNP"}]},{"@type":"WebSite","@id":"https:\/\/www.technic-toys.com\/en\/#website","url":"https:\/\/www.technic-toys.com\/en\/","name":"TECHNIC TOYS SHOP","description":"","potentialAction":[{"@type":"SearchAction","target":{"@type":"EntryPoint","urlTemplate":"https:\/\/www.technic-toys.com\/en\/?s={search_term_string}"},"query-input":"required name=search_term_string"}],"inLanguage":"hr"}]}},"_links":{"self":[{"href":"https:\/\/www.technic-toys.com\/hr\/wp-json\/wp\/v2\/product\/19750"}],"collection":[{"href":"https:\/\/www.technic-toys.com\/hr\/wp-json\/wp\/v2\/product"}],"about":[{"href":"https:\/\/www.technic-toys.com\/hr\/wp-json\/wp\/v2\/types\/product"}],"wp:featuredmedia":[{"embeddable":true,"href":"https:\/\/www.technic-toys.com\/hr\/wp-json\/wp\/v2\/media\/17377"}],"wp:attachment":[{"href":"https:\/\/www.technic-toys.com\/hr\/wp-json\/wp\/v2\/media?parent=19750"}],"wp:term":[{"taxonomy":"product_cat","embeddable":true,"href":"https:\/\/www.technic-toys.com\/hr\/wp-json\/wp\/v2\/product_cat?post=19750"},{"taxonomy":"product_tag","embeddable":true,"href":"https:\/\/www.technic-toys.com\/hr\/wp-json\/wp\/v2\/product_tag?post=19750"}],"curies":[{"name":"wp","href":"https:\/\/api.w.org\/{rel}","templated":true}]}}