{"id":19751,"date":"2022-04-08T17:21:02","date_gmt":"2022-04-08T19:36:49","guid":{"rendered":"https:\/\/www.technic-toys.com\/izdelek\/amxflight-super-scorpion-6-8s-crveno-bijeli-pnp\/"},"modified":"2022-08-01T12:43:24","modified_gmt":"2022-08-01T10:43:24","slug":"amxflight-super-scorpion-6-8s-crveno-bijeli-pnp","status":"publish","type":"product","link":"https:\/\/www.technic-toys.com\/hr\/proizvod\/amxflight-super-scorpion-6-8s-crveno-bijeli-pnp\/","title":{"rendered":"AMXFlight Super Scorpion 6-8S crveno\/bijeli PNP"},"content":{"rendered":"<p>Vrlo lijep Super Scorpion u \u0161vicarskom dizajnu, koji dolazi sa pogonom za do 8S LiPos. Vrhunski PNP model napravljen od EPO pjene otporne na udarce ima du\u017einu trupa od 1512 mm i raspon krila od 1260 mm. Zahvaljuju\u0107i visokokvalitetnom elektri\u010dnom uvla\u010divom donjem stroju od metala, polijetanja i slijetanja su tako\u0111er mogu\u0107a bez problema na neravnim povr\u0161inama. Pogon ovog mlaznjaka visokih performansi je beskompromisno dizajniran za snagu i brzinu i omogu\u0107ava izbor izme\u0111u 6S i 8S LiPo baterija. Dok su performanse leta dovoljne \u010dak i sa 6S, model sa 8S LiPo mutira u ozbiljan mlaznjak sa karakteristikama leta za obuku i tako nudi jeftin ulazak na ovu scenu prije nego \u0161to se nastavi s turbinskim modelom. Propeler od 90 mm sa 11 lopatica sa svojim motorom bez \u010detkica od 1300KV proizvodi zvuk poput turbine i ima vrlo ugodnu buku pri radu. Isporuka snage se kre\u0107e od pitome do veoma brze. AMXFlight Super Scorpion tako\u0111e ima finu figuru u dinami\u010dnoj akrobatici zahvaljuju\u0107i veoma efikasnom repu klatna. Prekrasna crvena i bijela boja osigurava dobru vidljivost modela, \u0161to olak\u0161ava identifikaciju slojeva u zraku.<\/p>\n<p>Istici:<br \/>Visokokvalitetni EPO materijal: Sa vrlo dobrom povr\u0161inskom strukturom i otpornost na udarce<br \/>Mo\u0107ni EDF pogon sa 11 lopatica: Sa pre\u010dnikom od 90 mm i HV kontrolerom od 120A<br \/>Elektri\u010dno uvla\u010divo podvozje od metala: poletanja i sletanja bez problema, \u010dak i na neravnim pistama <\/p>\n<p> Ostale karakteristike:<br \/>PNP model sa motorom, kontrolerom, servosom i pogonom<br \/>Visokokvalitetan materijal od EPO pjene<br \/>Sve je za\u0161rafljeno, ni\u0161ta zalijepljeno<br \/>Vrlo brzo sa dobrim karakteristikama leta <br \/>Pogonski set dizajniran za 6-8S LiPos<br \/ >9 digitalnih servo sa instaliranim metalnim zup\u010danicima<br \/>veoma lijep zvuk turbine<br \/>120A HV ESC<br \/>90mm impeler sa 11 lopatica<br \/ >pogodno za akrobatiku<br \/>zakrilce za sletanje<br \/>okretna repna jedinica<br \/>dvostruka repna jedinica sa dva kormila za visoku upravljivost<\/p>\n<p>Tehnicki podaci:<br \/>raspon krila: 1260mm<br \/>du\u017eina: 151 2mm<br \/>Te\u017eina (spreman za let): pribli\u017eno 3150g<br \/>Glavni materijal: EPO pjena<br \/>Imperator: 90mm 11 lopatica<br \/>Motor: BL3674 \/ 1300KV 6S\/8S<br \/>ESC : 120A HV 6S\/8S<br \/>Servo: 7x 9g Digital MG, 2x 19g Digital MG<br \/>Baterija: Preporu\u010dena 6S LiPo = 5000mAh min.40C \/ 8S LiPo = 4000mAh<br \/>uCri min.: 40UCri vu\u010deno podvozje na uvla\u010denje Od metala<\/p>\n<p>Obim isporuke:<br \/>Model PNP uklju\u010duju\u0107i motor, kontroler, radno kolo, \u0161asiju i MG servos<br \/>Uputstvo za upotrebu DE\/EN<\/p>\n<p>Potrebna dodatna oprema:< br \/>Oda\u0161ilja\u010d\/prijemnik min 6 kanala<br \/>Alati<br \/>LiPo baterija npr. 6S 5000mAh 40C \/ 8S 4000mAh 40C<br \/>LiPo punja\u010d<\/p>\n<p>Tehni\u010dki savjet:<br \/ >Prije ugradnje kormila treba ugraditi dizalo.<\/p>\n","protected":false},"excerpt":{"rendered":"<p>Vrlo lijep Super Scorpion u \u0161vicarskom dizajnu, koji dolazi sa pogonom za do 8S LiPos. Vrhunski PNP model napravljen od EPO pjene otporne na udarce ima du\u017einu trupa od 1512 mm i raspon krila od 1260 mm. Zahvaljuju\u0107i visokokvalitetnom elektri\u010dnom uvla\u010divom donjem stroju od metala, polijetanja i slijetanja su tako\u0111er mogu\u0107a bez problema na neravnim [&hellip;]<\/p>\n","protected":false},"featured_media":10458,"template":"","meta":[],"product_cat":[484,489],"product_tag":[],"acf":[],"yoast_head":"<!-- This site is optimized with the Yoast SEO plugin v21.7 - https:\/\/yoast.com\/wordpress\/plugins\/seo\/ -->\n<title>AMXFlight Super Scorpion 6-8S crveno\/bijeli PNP - TECHNIC TOYS SHOP<\/title>\n<meta name=\"robots\" content=\"index, follow, max-snippet:-1, max-image-preview:large, max-video-preview:-1\" \/>\n<link rel=\"canonical\" href=\"https:\/\/www.technic-toys.com\/hr\/proizvod\/amxflight-super-scorpion-6-8s-crveno-bijeli-pnp\/\" \/>\n<meta property=\"og:locale\" content=\"hr_HR\" \/>\n<meta property=\"og:type\" content=\"article\" \/>\n<meta property=\"og:title\" content=\"AMXFlight Super Scorpion 6-8S crveno\/bijeli PNP - TECHNIC TOYS SHOP\" \/>\n<meta property=\"og:description\" content=\"Vrlo lijep Super Scorpion u \u0161vicarskom dizajnu, koji dolazi sa pogonom za do 8S LiPos. Vrhunski PNP model napravljen od EPO pjene otporne na udarce ima du\u017einu trupa od 1512 mm i raspon krila od 1260 mm. Zahvaljuju\u0107i visokokvalitetnom elektri\u010dnom uvla\u010divom donjem stroju od metala, polijetanja i slijetanja su tako\u0111er mogu\u0107a bez problema na neravnim [&hellip;]\" \/>\n<meta property=\"og:url\" content=\"https:\/\/www.technic-toys.com\/hr\/proizvod\/amxflight-super-scorpion-6-8s-crveno-bijeli-pnp\/\" \/>\n<meta property=\"og:site_name\" content=\"TECHNIC TOYS SHOP\" \/>\n<meta property=\"article:modified_time\" content=\"2022-08-01T10:43:24+00:00\" \/>\n<meta property=\"og:image\" content=\"https:\/\/www.technic-toys.com\/wp-content\/uploads\/2022\/01\/24096.jpg\" \/>\n\t<meta property=\"og:image:width\" content=\"2560\" \/>\n\t<meta property=\"og:image:height\" content=\"1468\" \/>\n\t<meta property=\"og:image:type\" content=\"image\/jpeg\" \/>\n<meta name=\"twitter:card\" content=\"summary_large_image\" \/>\n<meta name=\"twitter:label1\" content=\"Procijenjeno vrijeme \u010ditanja\" \/>\n\t<meta name=\"twitter:data1\" content=\"2 minute\" \/>\n<script type=\"application\/ld+json\" class=\"yoast-schema-graph\">{\"@context\":\"https:\/\/schema.org\",\"@graph\":[{\"@type\":\"WebPage\",\"@id\":\"https:\/\/www.technic-toys.com\/hr\/proizvod\/amxflight-super-scorpion-6-8s-crveno-bijeli-pnp\/\",\"url\":\"https:\/\/www.technic-toys.com\/hr\/proizvod\/amxflight-super-scorpion-6-8s-crveno-bijeli-pnp\/\",\"name\":\"AMXFlight Super Scorpion 6-8S crveno\/bijeli PNP - TECHNIC TOYS SHOP\",\"isPartOf\":{\"@id\":\"https:\/\/www.technic-toys.com\/en\/#website\"},\"datePublished\":\"2022-04-08T19:36:49+00:00\",\"dateModified\":\"2022-08-01T10:43:24+00:00\",\"breadcrumb\":{\"@id\":\"https:\/\/www.technic-toys.com\/hr\/proizvod\/amxflight-super-scorpion-6-8s-crveno-bijeli-pnp\/#breadcrumb\"},\"inLanguage\":\"hr\",\"potentialAction\":[{\"@type\":\"ReadAction\",\"target\":[\"https:\/\/www.technic-toys.com\/hr\/proizvod\/amxflight-super-scorpion-6-8s-crveno-bijeli-pnp\/\"]}]},{\"@type\":\"BreadcrumbList\",\"@id\":\"https:\/\/www.technic-toys.com\/hr\/proizvod\/amxflight-super-scorpion-6-8s-crveno-bijeli-pnp\/#breadcrumb\",\"itemListElement\":[{\"@type\":\"ListItem\",\"position\":1,\"name\":\"Domov\",\"item\":\"https:\/\/www.technic-toys.com\/hr\/\"},{\"@type\":\"ListItem\",\"position\":2,\"name\":\"Shop\",\"item\":\"https:\/\/www.technic-toys.com\/hr\/shop-2\/\"},{\"@type\":\"ListItem\",\"position\":3,\"name\":\"AMXFlight Super Scorpion 6-8S crveno\/bijeli PNP\"}]},{\"@type\":\"WebSite\",\"@id\":\"https:\/\/www.technic-toys.com\/en\/#website\",\"url\":\"https:\/\/www.technic-toys.com\/en\/\",\"name\":\"TECHNIC TOYS SHOP\",\"description\":\"\",\"potentialAction\":[{\"@type\":\"SearchAction\",\"target\":{\"@type\":\"EntryPoint\",\"urlTemplate\":\"https:\/\/www.technic-toys.com\/en\/?s={search_term_string}\"},\"query-input\":\"required name=search_term_string\"}],\"inLanguage\":\"hr\"}]}<\/script>\n<!-- \/ Yoast SEO plugin. -->","yoast_head_json":{"title":"AMXFlight Super Scorpion 6-8S crveno\/bijeli PNP - TECHNIC TOYS SHOP","robots":{"index":"index","follow":"follow","max-snippet":"max-snippet:-1","max-image-preview":"max-image-preview:large","max-video-preview":"max-video-preview:-1"},"canonical":"https:\/\/www.technic-toys.com\/hr\/proizvod\/amxflight-super-scorpion-6-8s-crveno-bijeli-pnp\/","og_locale":"hr_HR","og_type":"article","og_title":"AMXFlight Super Scorpion 6-8S crveno\/bijeli PNP - TECHNIC TOYS SHOP","og_description":"Vrlo lijep Super Scorpion u \u0161vicarskom dizajnu, koji dolazi sa pogonom za do 8S LiPos. Vrhunski PNP model napravljen od EPO pjene otporne na udarce ima du\u017einu trupa od 1512 mm i raspon krila od 1260 mm. Zahvaljuju\u0107i visokokvalitetnom elektri\u010dnom uvla\u010divom donjem stroju od metala, polijetanja i slijetanja su tako\u0111er mogu\u0107a bez problema na neravnim [&hellip;]","og_url":"https:\/\/www.technic-toys.com\/hr\/proizvod\/amxflight-super-scorpion-6-8s-crveno-bijeli-pnp\/","og_site_name":"TECHNIC TOYS SHOP","article_modified_time":"2022-08-01T10:43:24+00:00","og_image":[{"width":2560,"height":1468,"url":"https:\/\/www.technic-toys.com\/wp-content\/uploads\/2022\/01\/24096.jpg","type":"image\/jpeg"}],"twitter_card":"summary_large_image","twitter_misc":{"Procijenjeno vrijeme \u010ditanja":"2 minute"},"schema":{"@context":"https:\/\/schema.org","@graph":[{"@type":"WebPage","@id":"https:\/\/www.technic-toys.com\/hr\/proizvod\/amxflight-super-scorpion-6-8s-crveno-bijeli-pnp\/","url":"https:\/\/www.technic-toys.com\/hr\/proizvod\/amxflight-super-scorpion-6-8s-crveno-bijeli-pnp\/","name":"AMXFlight Super Scorpion 6-8S crveno\/bijeli PNP - TECHNIC TOYS SHOP","isPartOf":{"@id":"https:\/\/www.technic-toys.com\/en\/#website"},"datePublished":"2022-04-08T19:36:49+00:00","dateModified":"2022-08-01T10:43:24+00:00","breadcrumb":{"@id":"https:\/\/www.technic-toys.com\/hr\/proizvod\/amxflight-super-scorpion-6-8s-crveno-bijeli-pnp\/#breadcrumb"},"inLanguage":"hr","potentialAction":[{"@type":"ReadAction","target":["https:\/\/www.technic-toys.com\/hr\/proizvod\/amxflight-super-scorpion-6-8s-crveno-bijeli-pnp\/"]}]},{"@type":"BreadcrumbList","@id":"https:\/\/www.technic-toys.com\/hr\/proizvod\/amxflight-super-scorpion-6-8s-crveno-bijeli-pnp\/#breadcrumb","itemListElement":[{"@type":"ListItem","position":1,"name":"Domov","item":"https:\/\/www.technic-toys.com\/hr\/"},{"@type":"ListItem","position":2,"name":"Shop","item":"https:\/\/www.technic-toys.com\/hr\/shop-2\/"},{"@type":"ListItem","position":3,"name":"AMXFlight Super Scorpion 6-8S crveno\/bijeli PNP"}]},{"@type":"WebSite","@id":"https:\/\/www.technic-toys.com\/en\/#website","url":"https:\/\/www.technic-toys.com\/en\/","name":"TECHNIC TOYS SHOP","description":"","potentialAction":[{"@type":"SearchAction","target":{"@type":"EntryPoint","urlTemplate":"https:\/\/www.technic-toys.com\/en\/?s={search_term_string}"},"query-input":"required name=search_term_string"}],"inLanguage":"hr"}]}},"_links":{"self":[{"href":"https:\/\/www.technic-toys.com\/hr\/wp-json\/wp\/v2\/product\/19751"}],"collection":[{"href":"https:\/\/www.technic-toys.com\/hr\/wp-json\/wp\/v2\/product"}],"about":[{"href":"https:\/\/www.technic-toys.com\/hr\/wp-json\/wp\/v2\/types\/product"}],"wp:featuredmedia":[{"embeddable":true,"href":"https:\/\/www.technic-toys.com\/hr\/wp-json\/wp\/v2\/media\/10458"}],"wp:attachment":[{"href":"https:\/\/www.technic-toys.com\/hr\/wp-json\/wp\/v2\/media?parent=19751"}],"wp:term":[{"taxonomy":"product_cat","embeddable":true,"href":"https:\/\/www.technic-toys.com\/hr\/wp-json\/wp\/v2\/product_cat?post=19751"},{"taxonomy":"product_tag","embeddable":true,"href":"https:\/\/www.technic-toys.com\/hr\/wp-json\/wp\/v2\/product_tag?post=19751"}],"curies":[{"name":"wp","href":"https:\/\/api.w.org\/{rel}","templated":true}]}}