{"id":19752,"date":"2022-04-08T17:21:02","date_gmt":"2022-04-08T19:36:49","guid":{"rendered":"https:\/\/www.technic-toys.com\/izdelek\/amxflight-viper-jet-v4-pro-6-8s-crveni-pnp\/"},"modified":"2022-08-01T12:43:25","modified_gmt":"2022-08-01T10:43:25","slug":"amxflight-viper-jet-v4-pro-6-8s-crveni-pnp","status":"publish","type":"product","link":"https:\/\/www.technic-toys.com\/hr\/proizvod\/amxflight-viper-jet-v4-pro-6-8s-crveni-pnp\/","title":{"rendered":"AMXFlight Viper Jet V4 Pro 6-8S crveni PNP"},"content":{"rendered":"<p>Vrlo lijep Viper Jet vrlo visokog kvaliteta &#8211; model impresionira svojom veli\u010dinom, karakteristi\u010dnim izgledom, izradom i konceptom pogona. Dizajniran kao standard sa postavkom za do 8S LiPo baterija, ovo gotovo posti\u017ee performanse koje su zapravo rezervirane za turbinske modele. Zbog geometrije, ovaj AMXFlight Viper je vi\u0161e model mlaznog trenera sa nekriti\u010dnim karakteristikama leta i istovremeno punom akrobatskom podobno\u0161\u0107u. Brzina koja se mo\u017ee posti\u0107i sa manjom 6S baterijom ve\u0107 je impresivna &#8211; sa 8S baterijom, ovaj Viper mutira u mlaznjak visokih performansi. Zahvaljuju\u0107i velikom kormilu i predimenzioniranoj repnoj jedinici, modelom je uvijek lako upravljati. Ugra\u0111eni 90mm impeler sa 11 lopatica osigurava vrlo ugodnu buku pri radu, koja ide gotovo u smjeru zvuka turbine. Zakrilce za sletanje se mogu produ\u017eiti za sletanje, \u0161to zna\u010dajno smanjuje brzinu, a blagi dodir nije problem \u010dak ni na neravnim povr\u0161inama. Vu\u010deno elektri\u010dno metalno podvozje na uvla\u010denje savr\u0161eno podr\u017eava karakteristike sletanja modela. Elektronika stajnog trapa opremljena je sekvencerom vrata i LED kontrolnom jedinicom, koja omogu\u0107ava povezivanje do sedam dodatnih LED dioda na crvene i zelene LED diode koje su ve\u0107 postavljene u krilima. Napajanje \u0161asije i LED kontrolne jedinice je obezbe\u0111eno dodatnim BEC kablom iz kontrolera. Ukupna obrada i kvalitet pojedinih dijelova mo\u017ee se smatrati vrlo kvalitetnim. Zbog visokog stepena prefabrikacije, model se brzo sklapa i spreman za letenje. Svi dijelovi su u\u0161rafljeni i samo dva krilca na vrhovima krila moraju biti zalijepljena. <\/p>\n<p>Istaknuto:<br \/>Vu\u010dni metalni vu\u010deni donji stroj visokog kvaliteta: Elektri\u010dni sa sekvencerom vrata (poklopac zakrilca) za podr\u0161ku karakteristikama slijetanja<br \/>Mo\u0107ni EDF pogon sa 11 no\u017eeva 90 mm i 80A HV kontrolerom : Osigurava vrlo ugodnu buku pri radu<br \/>LED osvjetljenje (crveno\/zeleno) u krilima: dodatno pojednostavljuje prepoznavanje pozicije u zraku<\/p>\n<p>Ostale karakteristike:<br \/>PNP model sa motorom, kontrolerom , impeler, servo, elektronika \u0161asije uklju\u010duju\u0107i sekvencer vrata<br \/>Brzo se postavlja zahvaljuju\u0107i visokom nivou prefabrikacije<br \/>Sve je uredno o\u017ei\u010deno<br \/>Visokokvalitetni elektri\u010dni metalni stajni trap koji se mo\u017ee uvla\u010diti, uklju\u010duju\u0107i poklopce<br \/> EPO pjena otporna na udarce sa drvenim umetcima<br \/>Povr\u0161ine visoke \u010dvrsto\u0107e sa karbonskim umetcima<br \/>Potpuno funkcionalne zakrilce za sletanje<br \/>ESC sa 120A HV i 5A UBEC<br \/>Potpuno pogodne za akrobatiku<br \/> Dobre karakteristike sporog leta<br \/>Mogu\u0107a niska brzina slijetanja<\/p>\n<p> Tehni\u010dki podaci:<br \/>raspon: 1450mm<br \/>du\u017eina: 1274mm<br \/>te\u017eina: cca. 3250g ovisno o bateriji<br \/>Potisak: pribli\u017eno 3500g<br \/>Glavni materijal: EPO pjena<br \/>Imperator: 90mm 11-lopatica<br \/>Motor: 3553 bez \u010detkica \/ 1500KV<br \/>ESC: 120A HV \/ UBEC 5A<br \/>Servo: 11x Digital MG 9g<br \/>Baterija: Preporu\u010dena 6S LiPo = 5000mAh min 40C \/ 8S LiPo 4500mAh \u2013 5000mAh min 40C XT90<br \/>Opseg isporuke: <br \/ >Model PNP uklju\u010duju\u0107i motor, kontroler, impeler, servo, \u0161asiju<br \/>Korisni\u010dki priru\u010dnik DE\/EN<\/p>\n<p>Potreban pribor:<br \/>Oda\u0161ilja\u010d\/prijemnik min. 6-kanalni<br \/>Alat <br \/>Baterija 6S LiPo do 8S LiPo (npr. 2x 4S 5000mAh 40C XT90 i odgovaraju\u0107i adapterski kabel za izradu 2x 4S = 1x 8S)<br \/>LiPo punja\u010d<\/p>\n","protected":false},"excerpt":{"rendered":"<p>Vrlo lijep Viper Jet vrlo visokog kvaliteta &#8211; model impresionira svojom veli\u010dinom, karakteristi\u010dnim izgledom, izradom i konceptom pogona. Dizajniran kao standard sa postavkom za do 8S LiPo baterija, ovo gotovo posti\u017ee performanse koje su zapravo rezervirane za turbinske modele. Zbog geometrije, ovaj AMXFlight Viper je vi\u0161e model mlaznog trenera sa nekriti\u010dnim karakteristikama leta i istovremeno [&hellip;]<\/p>\n","protected":false},"featured_media":10466,"template":"","meta":[],"product_cat":[484,489],"product_tag":[],"acf":[],"yoast_head":"<!-- This site is optimized with the Yoast SEO plugin v21.7 - https:\/\/yoast.com\/wordpress\/plugins\/seo\/ -->\n<title>AMXFlight Viper Jet V4 Pro 6-8S crveni PNP - TECHNIC TOYS SHOP<\/title>\n<meta name=\"robots\" content=\"index, follow, max-snippet:-1, max-image-preview:large, max-video-preview:-1\" \/>\n<link rel=\"canonical\" href=\"https:\/\/www.technic-toys.com\/hr\/proizvod\/amxflight-viper-jet-v4-pro-6-8s-crveni-pnp\/\" \/>\n<meta property=\"og:locale\" content=\"hr_HR\" \/>\n<meta property=\"og:type\" content=\"article\" \/>\n<meta property=\"og:title\" content=\"AMXFlight Viper Jet V4 Pro 6-8S crveni PNP - TECHNIC TOYS SHOP\" \/>\n<meta property=\"og:description\" content=\"Vrlo lijep Viper Jet vrlo visokog kvaliteta &#8211; model impresionira svojom veli\u010dinom, karakteristi\u010dnim izgledom, izradom i konceptom pogona. Dizajniran kao standard sa postavkom za do 8S LiPo baterija, ovo gotovo posti\u017ee performanse koje su zapravo rezervirane za turbinske modele. Zbog geometrije, ovaj AMXFlight Viper je vi\u0161e model mlaznog trenera sa nekriti\u010dnim karakteristikama leta i istovremeno [&hellip;]\" \/>\n<meta property=\"og:url\" content=\"https:\/\/www.technic-toys.com\/hr\/proizvod\/amxflight-viper-jet-v4-pro-6-8s-crveni-pnp\/\" \/>\n<meta property=\"og:site_name\" content=\"TECHNIC TOYS SHOP\" \/>\n<meta property=\"article:modified_time\" content=\"2022-08-01T10:43:25+00:00\" \/>\n<meta property=\"og:image\" content=\"https:\/\/www.technic-toys.com\/wp-content\/uploads\/2022\/01\/24097.jpg\" \/>\n\t<meta property=\"og:image:width\" content=\"2560\" \/>\n\t<meta property=\"og:image:height\" content=\"1468\" \/>\n\t<meta property=\"og:image:type\" content=\"image\/jpeg\" \/>\n<meta name=\"twitter:card\" content=\"summary_large_image\" \/>\n<meta name=\"twitter:label1\" content=\"Procijenjeno vrijeme \u010ditanja\" \/>\n\t<meta name=\"twitter:data1\" content=\"2 minute\" \/>\n<script type=\"application\/ld+json\" class=\"yoast-schema-graph\">{\"@context\":\"https:\/\/schema.org\",\"@graph\":[{\"@type\":\"WebPage\",\"@id\":\"https:\/\/www.technic-toys.com\/hr\/proizvod\/amxflight-viper-jet-v4-pro-6-8s-crveni-pnp\/\",\"url\":\"https:\/\/www.technic-toys.com\/hr\/proizvod\/amxflight-viper-jet-v4-pro-6-8s-crveni-pnp\/\",\"name\":\"AMXFlight Viper Jet V4 Pro 6-8S crveni PNP - TECHNIC TOYS SHOP\",\"isPartOf\":{\"@id\":\"https:\/\/www.technic-toys.com\/en\/#website\"},\"datePublished\":\"2022-04-08T19:36:49+00:00\",\"dateModified\":\"2022-08-01T10:43:25+00:00\",\"breadcrumb\":{\"@id\":\"https:\/\/www.technic-toys.com\/hr\/proizvod\/amxflight-viper-jet-v4-pro-6-8s-crveni-pnp\/#breadcrumb\"},\"inLanguage\":\"hr\",\"potentialAction\":[{\"@type\":\"ReadAction\",\"target\":[\"https:\/\/www.technic-toys.com\/hr\/proizvod\/amxflight-viper-jet-v4-pro-6-8s-crveni-pnp\/\"]}]},{\"@type\":\"BreadcrumbList\",\"@id\":\"https:\/\/www.technic-toys.com\/hr\/proizvod\/amxflight-viper-jet-v4-pro-6-8s-crveni-pnp\/#breadcrumb\",\"itemListElement\":[{\"@type\":\"ListItem\",\"position\":1,\"name\":\"Domov\",\"item\":\"https:\/\/www.technic-toys.com\/hr\/\"},{\"@type\":\"ListItem\",\"position\":2,\"name\":\"Shop\",\"item\":\"https:\/\/www.technic-toys.com\/hr\/shop-2\/\"},{\"@type\":\"ListItem\",\"position\":3,\"name\":\"AMXFlight Viper Jet V4 Pro 6-8S crveni PNP\"}]},{\"@type\":\"WebSite\",\"@id\":\"https:\/\/www.technic-toys.com\/en\/#website\",\"url\":\"https:\/\/www.technic-toys.com\/en\/\",\"name\":\"TECHNIC TOYS SHOP\",\"description\":\"\",\"potentialAction\":[{\"@type\":\"SearchAction\",\"target\":{\"@type\":\"EntryPoint\",\"urlTemplate\":\"https:\/\/www.technic-toys.com\/en\/?s={search_term_string}\"},\"query-input\":\"required name=search_term_string\"}],\"inLanguage\":\"hr\"}]}<\/script>\n<!-- \/ Yoast SEO plugin. -->","yoast_head_json":{"title":"AMXFlight Viper Jet V4 Pro 6-8S crveni PNP - TECHNIC TOYS SHOP","robots":{"index":"index","follow":"follow","max-snippet":"max-snippet:-1","max-image-preview":"max-image-preview:large","max-video-preview":"max-video-preview:-1"},"canonical":"https:\/\/www.technic-toys.com\/hr\/proizvod\/amxflight-viper-jet-v4-pro-6-8s-crveni-pnp\/","og_locale":"hr_HR","og_type":"article","og_title":"AMXFlight Viper Jet V4 Pro 6-8S crveni PNP - TECHNIC TOYS SHOP","og_description":"Vrlo lijep Viper Jet vrlo visokog kvaliteta &#8211; model impresionira svojom veli\u010dinom, karakteristi\u010dnim izgledom, izradom i konceptom pogona. Dizajniran kao standard sa postavkom za do 8S LiPo baterija, ovo gotovo posti\u017ee performanse koje su zapravo rezervirane za turbinske modele. Zbog geometrije, ovaj AMXFlight Viper je vi\u0161e model mlaznog trenera sa nekriti\u010dnim karakteristikama leta i istovremeno [&hellip;]","og_url":"https:\/\/www.technic-toys.com\/hr\/proizvod\/amxflight-viper-jet-v4-pro-6-8s-crveni-pnp\/","og_site_name":"TECHNIC TOYS SHOP","article_modified_time":"2022-08-01T10:43:25+00:00","og_image":[{"width":2560,"height":1468,"url":"https:\/\/www.technic-toys.com\/wp-content\/uploads\/2022\/01\/24097.jpg","type":"image\/jpeg"}],"twitter_card":"summary_large_image","twitter_misc":{"Procijenjeno vrijeme \u010ditanja":"2 minute"},"schema":{"@context":"https:\/\/schema.org","@graph":[{"@type":"WebPage","@id":"https:\/\/www.technic-toys.com\/hr\/proizvod\/amxflight-viper-jet-v4-pro-6-8s-crveni-pnp\/","url":"https:\/\/www.technic-toys.com\/hr\/proizvod\/amxflight-viper-jet-v4-pro-6-8s-crveni-pnp\/","name":"AMXFlight Viper Jet V4 Pro 6-8S crveni PNP - TECHNIC TOYS SHOP","isPartOf":{"@id":"https:\/\/www.technic-toys.com\/en\/#website"},"datePublished":"2022-04-08T19:36:49+00:00","dateModified":"2022-08-01T10:43:25+00:00","breadcrumb":{"@id":"https:\/\/www.technic-toys.com\/hr\/proizvod\/amxflight-viper-jet-v4-pro-6-8s-crveni-pnp\/#breadcrumb"},"inLanguage":"hr","potentialAction":[{"@type":"ReadAction","target":["https:\/\/www.technic-toys.com\/hr\/proizvod\/amxflight-viper-jet-v4-pro-6-8s-crveni-pnp\/"]}]},{"@type":"BreadcrumbList","@id":"https:\/\/www.technic-toys.com\/hr\/proizvod\/amxflight-viper-jet-v4-pro-6-8s-crveni-pnp\/#breadcrumb","itemListElement":[{"@type":"ListItem","position":1,"name":"Domov","item":"https:\/\/www.technic-toys.com\/hr\/"},{"@type":"ListItem","position":2,"name":"Shop","item":"https:\/\/www.technic-toys.com\/hr\/shop-2\/"},{"@type":"ListItem","position":3,"name":"AMXFlight Viper Jet V4 Pro 6-8S crveni PNP"}]},{"@type":"WebSite","@id":"https:\/\/www.technic-toys.com\/en\/#website","url":"https:\/\/www.technic-toys.com\/en\/","name":"TECHNIC TOYS SHOP","description":"","potentialAction":[{"@type":"SearchAction","target":{"@type":"EntryPoint","urlTemplate":"https:\/\/www.technic-toys.com\/en\/?s={search_term_string}"},"query-input":"required name=search_term_string"}],"inLanguage":"hr"}]}},"_links":{"self":[{"href":"https:\/\/www.technic-toys.com\/hr\/wp-json\/wp\/v2\/product\/19752"}],"collection":[{"href":"https:\/\/www.technic-toys.com\/hr\/wp-json\/wp\/v2\/product"}],"about":[{"href":"https:\/\/www.technic-toys.com\/hr\/wp-json\/wp\/v2\/types\/product"}],"wp:featuredmedia":[{"embeddable":true,"href":"https:\/\/www.technic-toys.com\/hr\/wp-json\/wp\/v2\/media\/10466"}],"wp:attachment":[{"href":"https:\/\/www.technic-toys.com\/hr\/wp-json\/wp\/v2\/media?parent=19752"}],"wp:term":[{"taxonomy":"product_cat","embeddable":true,"href":"https:\/\/www.technic-toys.com\/hr\/wp-json\/wp\/v2\/product_cat?post=19752"},{"taxonomy":"product_tag","embeddable":true,"href":"https:\/\/www.technic-toys.com\/hr\/wp-json\/wp\/v2\/product_tag?post=19752"}],"curies":[{"name":"wp","href":"https:\/\/api.w.org\/{rel}","templated":true}]}}