{"id":19756,"date":"2022-04-08T17:21:02","date_gmt":"2022-04-08T19:36:49","guid":{"rendered":"https:\/\/www.technic-toys.com\/izdelek\/amxflight-yak-11-vojna-kamuflaza-epo-6s-pnp\/"},"modified":"2022-08-01T12:43:25","modified_gmt":"2022-08-01T10:43:25","slug":"amxflight-yak-11-vojna-kamuflaza-epo-6s-pnp","status":"publish","type":"product","link":"https:\/\/www.technic-toys.com\/hr\/proizvod\/amxflight-yak-11-vojna-kamuflaza-epo-6s-pnp\/","title":{"rendered":"AMXFlight YAK-11 Vojna kamufla\u017ea EPO 6S PNP"},"content":{"rendered":"<p>Jak-11 je dizajniran i pu\u0161ten u rad 1940-ih posebno za naprednu obuku pilota borbenih aviona. U njihov razvoj uticala su iskustva ve\u0107 ratno ispitanih borbenih jednoseda Jak-1, -3, -7 i -9, kako bi se njihove najbolje karakteristike usvojile u Jak-11. Sna\u017eni, zrakom hla\u0111eni radijalni motor sa oko 700 KS dao je jo\u0161 bolje letove. Dvosjed za obuku koristile su sve dr\u017eave \u010dlanice Var\u0161avskog pakta, kao i na Bliskom istoku, u Austriji i Kini. Raspon krila ove ma\u0161ine, koja je uglavnom proizvedena u \u010cehoslova\u010dkoj, bio je 9,40 metara.<\/p>\n<p>AMXFlight YAK-11 je veoma lepa maskirno obojena replika sa svim nalepnicama koje odgovaraju originalu. Izgled i kvaliteta modela su izvanredni &#8211; avion odmah impresionira svojom veli\u010dinom s rasponom krila od 1450 mm, masivnim trupom i ogromnim propelerom 16 x 6E. YAK-11 dolazi kao PNP varijanta iz kutije i sve komponente kao \u0161to su servo, motor, kontroler, stajni trap i zakrilci za sletanje (zakrilci za \u0161irenje) su ve\u0107 instalirani. Monta\u017ea je ograni\u010dena na zavrtanje repne jedinice i pri\u010dvr\u0161\u0107ivanje 2-delne glavne povr\u0161ine. Sve komponente su za\u0161rafljene. Samo antena skale iza kokpita mora biti zalijepljena. Voluminozan trup je idealno prilago\u0111en za smje\u0161taj 6S LiPo baterija kapaciteta 5000mAh i stoga se specificirano te\u017ei\u0161te modela mo\u017ee lako podesiti. Nadstre\u0161nica je vrlo prostrana i omogu\u0107ava \u010dist rad unutar trupa. Podvozje je opremljeno debljinom materijala od 5 mm i aktivnim prigu\u0161enjem &#8211; lako podnosi te\u017einu modela kao i neravnomjerna mjesta uzlijetanja i sletanja. Razdvojeni zakrilci zna\u010dajno smanjuju brzinu vazduha kako bi sletanje bilo \u0161to lak\u0161e. <br \/>Model je vrlo lak za letenje i svi\u0111a se i naprednim i iskusnim pilotima modela. Duga vremena leta do 10 minuta su mogu\u0107a sa preporu\u010denim 6S LiPo 22.2V 5000mAh min 30-40C. Performanse modela su vi\u0161e nego dovoljne, na primjer, za dinami\u010dne akrobatike ili brze, niske prelete. Potonji izgledaju posebno impresivno zbog proporcija modela.<\/p>\n<p>Karakteristike:<br \/>Super optika (smjerna replika)<br \/>Kokpit u mjerilu s figurom pilota<br \/>Vrlo lijepa maskirna zavr\u0161na obrada <br \/ >Brzo otpu\u0161tanje nadstre\u0161nice<br \/>Drveni umetci za \u010dist smje\u0161taj baterije i prijemnika<br \/>Vrlo dobre karakteristike leta pri bilo kojoj brzini (sporo do brzo)<br \/>Veoma visok kvalitet materijala ( EPO)<br \/>Mo\u0107ni motor bez \u010detkica (Potenza BL65 3D \/ 550KV)<br \/>Veliki 80A kontroler za 6S LiPo baterije<br \/>Veliki propeler 16 x 6E<br \/>Visokokvalitetni digitalni servo ure\u0111aji sa metalnim zup\u010danicima< br \/>Potpuno upravljiv zadnji to\u010dak za potpunu kontrolu upravljanja na dnu<\/p>\n<p>Tehni\u010dki podaci:<br \/>Raspon krila: 1450mm<br \/>Du\u017eina: 1300mm<br \/>Te\u017eina: pribli\u017eno 2500g (bez baterije )<br \/>Glavni materijal: EPO<br \/> Potisak: preko 1:1<br \/>Motor: Potenza BL65 3D \/ 550KV<br \/>Kontroler: 80A ESC bez \u010detkica 6S sa XT90 konektorom i BEC sistemom za napajanje< br \/>Servo: 6x digitalni 19g MG<br \/>Prop eller: 16 x 6E podupira\u010d visokih performansi Mali dijelovi kao \u0161to su vijci, antene skale (opti\u010dko pode\u0161avanje), rep kliza\u010d i jo\u0161 mnogo toga.<br \/>Priru\u010dnik za upotrebu (ilustrirano) DE\/EN<\/p>\n<p>Potreban pribor: <br \/>Oda\u0161ilja\u010d\/prijemnik min.6-kanalni<br \/>Baterija LiPo 6S min.4500-5000mAh 22.2V min.30-40C XT90<br \/>Punja\u010d za LiPo baterije<br \/>Alati<br \/>< br \/><\/p>\n","protected":false},"excerpt":{"rendered":"<p>Jak-11 je dizajniran i pu\u0161ten u rad 1940-ih posebno za naprednu obuku pilota borbenih aviona. U njihov razvoj uticala su iskustva ve\u0107 ratno ispitanih borbenih jednoseda Jak-1, -3, -7 i -9, kako bi se njihove najbolje karakteristike usvojile u Jak-11. Sna\u017eni, zrakom hla\u0111eni radijalni motor sa oko 700 KS dao je jo\u0161 bolje letove. Dvosjed [&hellip;]<\/p>\n","protected":false},"featured_media":17437,"template":"","meta":[],"product_cat":[484,491],"product_tag":[],"acf":[],"yoast_head":"<!-- This site is optimized with the Yoast SEO plugin v21.7 - https:\/\/yoast.com\/wordpress\/plugins\/seo\/ -->\n<title>AMXFlight YAK-11 Vojna kamufla\u017ea EPO 6S PNP - TECHNIC TOYS SHOP<\/title>\n<meta name=\"robots\" content=\"index, follow, max-snippet:-1, max-image-preview:large, max-video-preview:-1\" \/>\n<link rel=\"canonical\" href=\"https:\/\/www.technic-toys.com\/hr\/proizvod\/amxflight-yak-11-vojna-kamuflaza-epo-6s-pnp\/\" \/>\n<meta property=\"og:locale\" content=\"hr_HR\" \/>\n<meta property=\"og:type\" content=\"article\" \/>\n<meta property=\"og:title\" content=\"AMXFlight YAK-11 Vojna kamufla\u017ea EPO 6S PNP - TECHNIC TOYS SHOP\" \/>\n<meta property=\"og:description\" content=\"Jak-11 je dizajniran i pu\u0161ten u rad 1940-ih posebno za naprednu obuku pilota borbenih aviona. U njihov razvoj uticala su iskustva ve\u0107 ratno ispitanih borbenih jednoseda Jak-1, -3, -7 i -9, kako bi se njihove najbolje karakteristike usvojile u Jak-11. Sna\u017eni, zrakom hla\u0111eni radijalni motor sa oko 700 KS dao je jo\u0161 bolje letove. Dvosjed [&hellip;]\" \/>\n<meta property=\"og:url\" content=\"https:\/\/www.technic-toys.com\/hr\/proizvod\/amxflight-yak-11-vojna-kamuflaza-epo-6s-pnp\/\" \/>\n<meta property=\"og:site_name\" content=\"TECHNIC TOYS SHOP\" \/>\n<meta property=\"article:modified_time\" content=\"2022-08-01T10:43:25+00:00\" \/>\n<meta property=\"og:image\" content=\"https:\/\/www.technic-toys.com\/wp-content\/uploads\/2022\/04\/24101.jpg\" \/>\n\t<meta property=\"og:image:width\" content=\"2560\" \/>\n\t<meta property=\"og:image:height\" content=\"1468\" \/>\n\t<meta property=\"og:image:type\" content=\"image\/jpeg\" \/>\n<meta name=\"twitter:card\" content=\"summary_large_image\" \/>\n<meta name=\"twitter:label1\" content=\"Procijenjeno vrijeme \u010ditanja\" \/>\n\t<meta name=\"twitter:data1\" content=\"3 minute\" \/>\n<script type=\"application\/ld+json\" class=\"yoast-schema-graph\">{\"@context\":\"https:\/\/schema.org\",\"@graph\":[{\"@type\":\"WebPage\",\"@id\":\"https:\/\/www.technic-toys.com\/hr\/proizvod\/amxflight-yak-11-vojna-kamuflaza-epo-6s-pnp\/\",\"url\":\"https:\/\/www.technic-toys.com\/hr\/proizvod\/amxflight-yak-11-vojna-kamuflaza-epo-6s-pnp\/\",\"name\":\"AMXFlight YAK-11 Vojna kamufla\u017ea EPO 6S PNP - TECHNIC TOYS SHOP\",\"isPartOf\":{\"@id\":\"https:\/\/www.technic-toys.com\/en\/#website\"},\"datePublished\":\"2022-04-08T19:36:49+00:00\",\"dateModified\":\"2022-08-01T10:43:25+00:00\",\"breadcrumb\":{\"@id\":\"https:\/\/www.technic-toys.com\/hr\/proizvod\/amxflight-yak-11-vojna-kamuflaza-epo-6s-pnp\/#breadcrumb\"},\"inLanguage\":\"hr\",\"potentialAction\":[{\"@type\":\"ReadAction\",\"target\":[\"https:\/\/www.technic-toys.com\/hr\/proizvod\/amxflight-yak-11-vojna-kamuflaza-epo-6s-pnp\/\"]}]},{\"@type\":\"BreadcrumbList\",\"@id\":\"https:\/\/www.technic-toys.com\/hr\/proizvod\/amxflight-yak-11-vojna-kamuflaza-epo-6s-pnp\/#breadcrumb\",\"itemListElement\":[{\"@type\":\"ListItem\",\"position\":1,\"name\":\"Domov\",\"item\":\"https:\/\/www.technic-toys.com\/hr\/\"},{\"@type\":\"ListItem\",\"position\":2,\"name\":\"Shop\",\"item\":\"https:\/\/www.technic-toys.com\/hr\/shop-2\/\"},{\"@type\":\"ListItem\",\"position\":3,\"name\":\"AMXFlight YAK-11 Vojna kamufla\u017ea EPO 6S PNP\"}]},{\"@type\":\"WebSite\",\"@id\":\"https:\/\/www.technic-toys.com\/en\/#website\",\"url\":\"https:\/\/www.technic-toys.com\/en\/\",\"name\":\"TECHNIC TOYS SHOP\",\"description\":\"\",\"potentialAction\":[{\"@type\":\"SearchAction\",\"target\":{\"@type\":\"EntryPoint\",\"urlTemplate\":\"https:\/\/www.technic-toys.com\/en\/?s={search_term_string}\"},\"query-input\":\"required name=search_term_string\"}],\"inLanguage\":\"hr\"}]}<\/script>\n<!-- \/ Yoast SEO plugin. -->","yoast_head_json":{"title":"AMXFlight YAK-11 Vojna kamufla\u017ea EPO 6S PNP - TECHNIC TOYS SHOP","robots":{"index":"index","follow":"follow","max-snippet":"max-snippet:-1","max-image-preview":"max-image-preview:large","max-video-preview":"max-video-preview:-1"},"canonical":"https:\/\/www.technic-toys.com\/hr\/proizvod\/amxflight-yak-11-vojna-kamuflaza-epo-6s-pnp\/","og_locale":"hr_HR","og_type":"article","og_title":"AMXFlight YAK-11 Vojna kamufla\u017ea EPO 6S PNP - TECHNIC TOYS SHOP","og_description":"Jak-11 je dizajniran i pu\u0161ten u rad 1940-ih posebno za naprednu obuku pilota borbenih aviona. U njihov razvoj uticala su iskustva ve\u0107 ratno ispitanih borbenih jednoseda Jak-1, -3, -7 i -9, kako bi se njihove najbolje karakteristike usvojile u Jak-11. Sna\u017eni, zrakom hla\u0111eni radijalni motor sa oko 700 KS dao je jo\u0161 bolje letove. Dvosjed [&hellip;]","og_url":"https:\/\/www.technic-toys.com\/hr\/proizvod\/amxflight-yak-11-vojna-kamuflaza-epo-6s-pnp\/","og_site_name":"TECHNIC TOYS SHOP","article_modified_time":"2022-08-01T10:43:25+00:00","og_image":[{"width":2560,"height":1468,"url":"https:\/\/www.technic-toys.com\/wp-content\/uploads\/2022\/04\/24101.jpg","type":"image\/jpeg"}],"twitter_card":"summary_large_image","twitter_misc":{"Procijenjeno vrijeme \u010ditanja":"3 minute"},"schema":{"@context":"https:\/\/schema.org","@graph":[{"@type":"WebPage","@id":"https:\/\/www.technic-toys.com\/hr\/proizvod\/amxflight-yak-11-vojna-kamuflaza-epo-6s-pnp\/","url":"https:\/\/www.technic-toys.com\/hr\/proizvod\/amxflight-yak-11-vojna-kamuflaza-epo-6s-pnp\/","name":"AMXFlight YAK-11 Vojna kamufla\u017ea EPO 6S PNP - TECHNIC TOYS SHOP","isPartOf":{"@id":"https:\/\/www.technic-toys.com\/en\/#website"},"datePublished":"2022-04-08T19:36:49+00:00","dateModified":"2022-08-01T10:43:25+00:00","breadcrumb":{"@id":"https:\/\/www.technic-toys.com\/hr\/proizvod\/amxflight-yak-11-vojna-kamuflaza-epo-6s-pnp\/#breadcrumb"},"inLanguage":"hr","potentialAction":[{"@type":"ReadAction","target":["https:\/\/www.technic-toys.com\/hr\/proizvod\/amxflight-yak-11-vojna-kamuflaza-epo-6s-pnp\/"]}]},{"@type":"BreadcrumbList","@id":"https:\/\/www.technic-toys.com\/hr\/proizvod\/amxflight-yak-11-vojna-kamuflaza-epo-6s-pnp\/#breadcrumb","itemListElement":[{"@type":"ListItem","position":1,"name":"Domov","item":"https:\/\/www.technic-toys.com\/hr\/"},{"@type":"ListItem","position":2,"name":"Shop","item":"https:\/\/www.technic-toys.com\/hr\/shop-2\/"},{"@type":"ListItem","position":3,"name":"AMXFlight YAK-11 Vojna kamufla\u017ea EPO 6S PNP"}]},{"@type":"WebSite","@id":"https:\/\/www.technic-toys.com\/en\/#website","url":"https:\/\/www.technic-toys.com\/en\/","name":"TECHNIC TOYS SHOP","description":"","potentialAction":[{"@type":"SearchAction","target":{"@type":"EntryPoint","urlTemplate":"https:\/\/www.technic-toys.com\/en\/?s={search_term_string}"},"query-input":"required name=search_term_string"}],"inLanguage":"hr"}]}},"_links":{"self":[{"href":"https:\/\/www.technic-toys.com\/hr\/wp-json\/wp\/v2\/product\/19756"}],"collection":[{"href":"https:\/\/www.technic-toys.com\/hr\/wp-json\/wp\/v2\/product"}],"about":[{"href":"https:\/\/www.technic-toys.com\/hr\/wp-json\/wp\/v2\/types\/product"}],"wp:featuredmedia":[{"embeddable":true,"href":"https:\/\/www.technic-toys.com\/hr\/wp-json\/wp\/v2\/media\/17437"}],"wp:attachment":[{"href":"https:\/\/www.technic-toys.com\/hr\/wp-json\/wp\/v2\/media?parent=19756"}],"wp:term":[{"taxonomy":"product_cat","embeddable":true,"href":"https:\/\/www.technic-toys.com\/hr\/wp-json\/wp\/v2\/product_cat?post=19756"},{"taxonomy":"product_tag","embeddable":true,"href":"https:\/\/www.technic-toys.com\/hr\/wp-json\/wp\/v2\/product_tag?post=19756"}],"curies":[{"name":"wp","href":"https:\/\/api.w.org\/{rel}","templated":true}]}}