{"id":19772,"date":"2022-04-08T17:25:39","date_gmt":"2022-04-08T19:37:06","guid":{"rendered":"https:\/\/www.technic-toys.com\/izdelek\/amxplanes-glastar-stol-epo-pnp\/"},"modified":"2022-08-01T12:43:21","modified_gmt":"2022-08-01T10:43:21","slug":"amxplanes-glastar-stol-epo-pnp","status":"publish","type":"product","link":"https:\/\/www.technic-toys.com\/hr\/proizvod\/amxplanes-glastar-stol-epo-pnp\/","title":{"rendered":"AMXPlanes GlaStar STOL EPO PNP"},"content":{"rendered":"<p>Novi AMXPlanes GlaStar je model STOL trenera koji mo\u017ee poletjeti i sletjeti na gotovo bilo koju podlogu zahvaljuju\u0107i svojim prevelikim gumama. Gume punjene vazduhom deluju kao neka vrsta amortizera, \u0161to olak\u0161ava sletanje i sletanje na neravne i grube povr\u0161ine. STOL (Short Take-Off and Landing) ozna\u010dava ekstremna svojstva kratkog poletanja i slijetanja. Model je opremljen velikim poklopcem baterije koji se magnetski zaklju\u010dava kako bi zamjena baterije bila \u0161to lak\u0161a. Model je namenjen za LiPo baterije sa 3S (11.1V) kapaciteta 1300-2200mAh. Sa 1300-1500mAh manevarska sposobnost modela je ve\u0107a, a sa 1800-2200mAh vrijeme leta se enormno pove\u0107ava. Dizajn i karakteristike leta privla\u010de i po\u010detnike i napredne pilote.<br \/>Istici: Sve elektri\u010dne komponente su ve\u0107 ugra\u0111ene. Velike pneumatske gume sa vrlo dobrim ovjesom i elasti\u010dno\u0161\u0107u za te\u0161ke startove i slijetanja na neravnom terenu (mogu\u0107nost STOL) Vrlo dobra vidljivost modela zahvaljuju\u0107i beloj strukturi sa obojenim ukrasnim prugama<br \/>Karakteristike: Veliki magnetni poklopac za baterije za 3S LiPo baterije izme\u0111u 1300-2200mAh u zavisnosti od preferencija pilota (agilnost ili dugo vreme leta) Jednostavna monta\u017ea zahvaljuju\u0107i liftu na \u0161rafove i glavnom krilo Veoma robustan materijal (EPO pena)<br \/>Tehni\u010dki podaci: raspon krila: 1233mm du\u017eina: 945mm te\u017eina: 1200g spremno za let (u zavisnosti od tipa baterije) glavni materijal: EPO pena visoke \u010dvrsto\u0107e optere\u0107enje krila: 49g\/dm\u00b2 povr\u0161ina krila: 24,5 dm\u00b2 potisak: skoro 1:1 motor: 3136 1000kv kontroler bez \u010detkica: 20A XT60 utika\u010d propeler: 10 x 6 \/ 2 servo lopatica: 4x midi digitalno vrijeme izgradnje: pribli\u017eno 20 min<br \/>Obim isporuke: Model PNP, mali dijelovi, upute DE\/EN<br \/>Potreban pribor: predajnik + prijemnik (min. Preporu\u010duje se 4-kanalni, 6-kanalni kompjuterski predajnik) Baterija 1300-2200mAh 3S 11.1V min 30C XT60 uti\u010dni punja\u010d<\/p>\n","protected":false},"excerpt":{"rendered":"<p>Novi AMXPlanes GlaStar je model STOL trenera koji mo\u017ee poletjeti i sletjeti na gotovo bilo koju podlogu zahvaljuju\u0107i svojim prevelikim gumama. Gume punjene vazduhom deluju kao neka vrsta amortizera, \u0161to olak\u0161ava sletanje i sletanje na neravne i grube povr\u0161ine. STOL (Short Take-Off and Landing) ozna\u010dava ekstremna svojstva kratkog poletanja i slijetanja. Model je opremljen velikim [&hellip;]<\/p>\n","protected":false},"featured_media":17783,"template":"","meta":[],"product_cat":[484,487],"product_tag":[],"acf":[],"yoast_head":"<!-- This site is optimized with the Yoast SEO plugin v21.7 - https:\/\/yoast.com\/wordpress\/plugins\/seo\/ -->\n<title>AMXPlanes GlaStar STOL EPO PNP - TECHNIC TOYS SHOP<\/title>\n<meta name=\"robots\" content=\"index, follow, max-snippet:-1, max-image-preview:large, max-video-preview:-1\" \/>\n<link rel=\"canonical\" href=\"https:\/\/www.technic-toys.com\/hr\/proizvod\/amxplanes-glastar-stol-epo-pnp\/\" \/>\n<meta property=\"og:locale\" content=\"hr_HR\" \/>\n<meta property=\"og:type\" content=\"article\" \/>\n<meta property=\"og:title\" content=\"AMXPlanes GlaStar STOL EPO PNP - TECHNIC TOYS SHOP\" \/>\n<meta property=\"og:description\" content=\"Novi AMXPlanes GlaStar je model STOL trenera koji mo\u017ee poletjeti i sletjeti na gotovo bilo koju podlogu zahvaljuju\u0107i svojim prevelikim gumama. Gume punjene vazduhom deluju kao neka vrsta amortizera, \u0161to olak\u0161ava sletanje i sletanje na neravne i grube povr\u0161ine. STOL (Short Take-Off and Landing) ozna\u010dava ekstremna svojstva kratkog poletanja i slijetanja. Model je opremljen velikim [&hellip;]\" \/>\n<meta property=\"og:url\" content=\"https:\/\/www.technic-toys.com\/hr\/proizvod\/amxplanes-glastar-stol-epo-pnp\/\" \/>\n<meta property=\"og:site_name\" content=\"TECHNIC TOYS SHOP\" \/>\n<meta property=\"article:modified_time\" content=\"2022-08-01T10:43:21+00:00\" \/>\n<meta property=\"og:image\" content=\"https:\/\/www.technic-toys.com\/wp-content\/uploads\/2022\/04\/24122.jpg\" \/>\n\t<meta property=\"og:image:width\" content=\"2560\" \/>\n\t<meta property=\"og:image:height\" content=\"1468\" \/>\n\t<meta property=\"og:image:type\" content=\"image\/jpeg\" \/>\n<meta name=\"twitter:card\" content=\"summary_large_image\" \/>\n<meta name=\"twitter:label1\" content=\"Procijenjeno vrijeme \u010ditanja\" \/>\n\t<meta name=\"twitter:data1\" content=\"1 minuta\" \/>\n<script type=\"application\/ld+json\" class=\"yoast-schema-graph\">{\"@context\":\"https:\/\/schema.org\",\"@graph\":[{\"@type\":\"WebPage\",\"@id\":\"https:\/\/www.technic-toys.com\/hr\/proizvod\/amxplanes-glastar-stol-epo-pnp\/\",\"url\":\"https:\/\/www.technic-toys.com\/hr\/proizvod\/amxplanes-glastar-stol-epo-pnp\/\",\"name\":\"AMXPlanes GlaStar STOL EPO PNP - TECHNIC TOYS SHOP\",\"isPartOf\":{\"@id\":\"https:\/\/www.technic-toys.com\/en\/#website\"},\"datePublished\":\"2022-04-08T19:37:06+00:00\",\"dateModified\":\"2022-08-01T10:43:21+00:00\",\"breadcrumb\":{\"@id\":\"https:\/\/www.technic-toys.com\/hr\/proizvod\/amxplanes-glastar-stol-epo-pnp\/#breadcrumb\"},\"inLanguage\":\"hr\",\"potentialAction\":[{\"@type\":\"ReadAction\",\"target\":[\"https:\/\/www.technic-toys.com\/hr\/proizvod\/amxplanes-glastar-stol-epo-pnp\/\"]}]},{\"@type\":\"BreadcrumbList\",\"@id\":\"https:\/\/www.technic-toys.com\/hr\/proizvod\/amxplanes-glastar-stol-epo-pnp\/#breadcrumb\",\"itemListElement\":[{\"@type\":\"ListItem\",\"position\":1,\"name\":\"Domov\",\"item\":\"https:\/\/www.technic-toys.com\/hr\/\"},{\"@type\":\"ListItem\",\"position\":2,\"name\":\"Shop\",\"item\":\"https:\/\/www.technic-toys.com\/hr\/shop-2\/\"},{\"@type\":\"ListItem\",\"position\":3,\"name\":\"AMXPlanes GlaStar STOL EPO PNP\"}]},{\"@type\":\"WebSite\",\"@id\":\"https:\/\/www.technic-toys.com\/en\/#website\",\"url\":\"https:\/\/www.technic-toys.com\/en\/\",\"name\":\"TECHNIC TOYS SHOP\",\"description\":\"\",\"potentialAction\":[{\"@type\":\"SearchAction\",\"target\":{\"@type\":\"EntryPoint\",\"urlTemplate\":\"https:\/\/www.technic-toys.com\/en\/?s={search_term_string}\"},\"query-input\":\"required name=search_term_string\"}],\"inLanguage\":\"hr\"}]}<\/script>\n<!-- \/ Yoast SEO plugin. -->","yoast_head_json":{"title":"AMXPlanes GlaStar STOL EPO PNP - TECHNIC TOYS SHOP","robots":{"index":"index","follow":"follow","max-snippet":"max-snippet:-1","max-image-preview":"max-image-preview:large","max-video-preview":"max-video-preview:-1"},"canonical":"https:\/\/www.technic-toys.com\/hr\/proizvod\/amxplanes-glastar-stol-epo-pnp\/","og_locale":"hr_HR","og_type":"article","og_title":"AMXPlanes GlaStar STOL EPO PNP - TECHNIC TOYS SHOP","og_description":"Novi AMXPlanes GlaStar je model STOL trenera koji mo\u017ee poletjeti i sletjeti na gotovo bilo koju podlogu zahvaljuju\u0107i svojim prevelikim gumama. Gume punjene vazduhom deluju kao neka vrsta amortizera, \u0161to olak\u0161ava sletanje i sletanje na neravne i grube povr\u0161ine. STOL (Short Take-Off and Landing) ozna\u010dava ekstremna svojstva kratkog poletanja i slijetanja. Model je opremljen velikim [&hellip;]","og_url":"https:\/\/www.technic-toys.com\/hr\/proizvod\/amxplanes-glastar-stol-epo-pnp\/","og_site_name":"TECHNIC TOYS SHOP","article_modified_time":"2022-08-01T10:43:21+00:00","og_image":[{"width":2560,"height":1468,"url":"https:\/\/www.technic-toys.com\/wp-content\/uploads\/2022\/04\/24122.jpg","type":"image\/jpeg"}],"twitter_card":"summary_large_image","twitter_misc":{"Procijenjeno vrijeme \u010ditanja":"1 minuta"},"schema":{"@context":"https:\/\/schema.org","@graph":[{"@type":"WebPage","@id":"https:\/\/www.technic-toys.com\/hr\/proizvod\/amxplanes-glastar-stol-epo-pnp\/","url":"https:\/\/www.technic-toys.com\/hr\/proizvod\/amxplanes-glastar-stol-epo-pnp\/","name":"AMXPlanes GlaStar STOL EPO PNP - TECHNIC TOYS SHOP","isPartOf":{"@id":"https:\/\/www.technic-toys.com\/en\/#website"},"datePublished":"2022-04-08T19:37:06+00:00","dateModified":"2022-08-01T10:43:21+00:00","breadcrumb":{"@id":"https:\/\/www.technic-toys.com\/hr\/proizvod\/amxplanes-glastar-stol-epo-pnp\/#breadcrumb"},"inLanguage":"hr","potentialAction":[{"@type":"ReadAction","target":["https:\/\/www.technic-toys.com\/hr\/proizvod\/amxplanes-glastar-stol-epo-pnp\/"]}]},{"@type":"BreadcrumbList","@id":"https:\/\/www.technic-toys.com\/hr\/proizvod\/amxplanes-glastar-stol-epo-pnp\/#breadcrumb","itemListElement":[{"@type":"ListItem","position":1,"name":"Domov","item":"https:\/\/www.technic-toys.com\/hr\/"},{"@type":"ListItem","position":2,"name":"Shop","item":"https:\/\/www.technic-toys.com\/hr\/shop-2\/"},{"@type":"ListItem","position":3,"name":"AMXPlanes GlaStar STOL EPO PNP"}]},{"@type":"WebSite","@id":"https:\/\/www.technic-toys.com\/en\/#website","url":"https:\/\/www.technic-toys.com\/en\/","name":"TECHNIC TOYS SHOP","description":"","potentialAction":[{"@type":"SearchAction","target":{"@type":"EntryPoint","urlTemplate":"https:\/\/www.technic-toys.com\/en\/?s={search_term_string}"},"query-input":"required name=search_term_string"}],"inLanguage":"hr"}]}},"_links":{"self":[{"href":"https:\/\/www.technic-toys.com\/hr\/wp-json\/wp\/v2\/product\/19772"}],"collection":[{"href":"https:\/\/www.technic-toys.com\/hr\/wp-json\/wp\/v2\/product"}],"about":[{"href":"https:\/\/www.technic-toys.com\/hr\/wp-json\/wp\/v2\/types\/product"}],"wp:featuredmedia":[{"embeddable":true,"href":"https:\/\/www.technic-toys.com\/hr\/wp-json\/wp\/v2\/media\/17783"}],"wp:attachment":[{"href":"https:\/\/www.technic-toys.com\/hr\/wp-json\/wp\/v2\/media?parent=19772"}],"wp:term":[{"taxonomy":"product_cat","embeddable":true,"href":"https:\/\/www.technic-toys.com\/hr\/wp-json\/wp\/v2\/product_cat?post=19772"},{"taxonomy":"product_tag","embeddable":true,"href":"https:\/\/www.technic-toys.com\/hr\/wp-json\/wp\/v2\/product_tag?post=19772"}],"curies":[{"name":"wp","href":"https:\/\/api.w.org\/{rel}","templated":true}]}}