{"id":19773,"date":"2022-04-08T17:25:39","date_gmt":"2022-04-08T19:37:06","guid":{"rendered":"https:\/\/www.technic-toys.com\/izdelek\/amxplanes-tasman-1500mm-stol-epo-pnp\/"},"modified":"2022-08-01T12:43:21","modified_gmt":"2022-08-01T10:43:21","slug":"amxplanes-tasman-1500mm-stol-epo-pnp","status":"publish","type":"product","link":"https:\/\/www.technic-toys.com\/hr\/proizvod\/amxplanes-tasman-1500mm-stol-epo-pnp\/","title":{"rendered":"AMXPlanes Tasman 1500mm STOL EPO PNP"},"content":{"rendered":"<p>AMXPlanes Tasman sa rasponom krila od 1500 mm je novorazvijeni STOL model visokih performansi koji kombinuje ekstremno kratka poletanja i sletanja sa akrobatskim performansama. Impresivne letne karakteristike i prevelike gume punjene zrakom u kombinaciji s velikim zakrilcima za slijetanje, koji se mogu postaviti gotovo okomito prema dolje, \u010dine ovaj model savr\u0161enim STOL trena\u017eerom za agresivna polijetanja i slijetanja na gotovo svakoj povr\u0161ini. 4S LiPo kompatibilan pogon bez \u010detkica, 40A ESC i savr\u0161eno pode\u0161en propeler s 2 lopatice s vrlo glatkim radom pokazuju se kao koherentna postavka i omogu\u0107avaju gotovo sve manevre leta kao \u0161to su kotrljanja, petlje, obrnuti let i letenje s o\u0161tricom no\u017ea. Zbog duboke povr\u0161ine, koja modelu daje apsolutna svojstva trenera, Tasman je podjednako pogodan za po\u010detnike i napredne korisnike. Model je fabri\u010dki opremljen visokokvalitetnim digitalnim servosom i LED krilnim osvjetljenjem. Svi dijelovi kao \u0161to su kormilo, krilo, stajni trap i dizalo su za\u0161rafljeni i model ima visok stepen razmjera zahvaljuju\u0107i sjajnoj boji i mno\u0161tvu detalja. Tasman je opremljen velikim le\u017ei\u0161tem za baterije koje prihvata 4S baterije u rasponu od 2200-3300mAh, \u0161to omogu\u0107ava \u0161irok raspon performansi i vremena leta. Ako tra\u017eite napredni trener sa STOL mogu\u0107nostima, atletskim performansama i osnovnim 3D akrobatskim sposobnostima, onda je Tasman iz AMXPlanes model za vas.<br \/>Karakteristike: Lagana, ali sna\u017ena oja\u010dana EPO velika krila i visoka efikasnost zakrilci za sletanje za kratka polijetanja i slijetanja (mogu\u0107nost STOL) i visok nivo akrobatskih sposobnosti Realisti\u010dna LED navigacijska svjetla Pretinac za baterije koji se zaklju\u010dava za 4S 2200-3300mAh baterije za \u0161irok raspon performansi i vremena leta<br \/>Tehni\u010dki podaci: Raspon: 1500mm Du\u017eina: 1150mm Optere\u0107enje krila: 50g \/ dm\u00b2 Povr\u0161ina krila: 36dm\u00b2 Te\u017eina: pribli\u017eno 1800g spremno za let (u zavisnosti od veli\u010dine baterije) Glavni materijal: EPO pjena visoke \u010dvrsto\u0107e Potisak: 1:1 Motor: 3536 900kv Controller: 900kv (adapter iz EC3) Propeler: 11 x 7 \/ 2 servo lopatica: 6x midi digitalno vrijeme izrade: cca 20 min<br \/>Obim isporuke: model PNP mali dijelovi za upute za zavrtanje DE\/EN adapter E C3 do XT60<br \/>Potreban pribor: predajnik + prijemnik min.5 kanala (preporu\u010deno: 6-kanalni kompjuterski predajnik) LiPo baterija 2200-3300mAh 4S sa EC3 ili XT60 konektorom (adapter uklju\u010den)<\/p>\n","protected":false},"excerpt":{"rendered":"<p>AMXPlanes Tasman sa rasponom krila od 1500 mm je novorazvijeni STOL model visokih performansi koji kombinuje ekstremno kratka poletanja i sletanja sa akrobatskim performansama. Impresivne letne karakteristike i prevelike gume punjene zrakom u kombinaciji s velikim zakrilcima za slijetanje, koji se mogu postaviti gotovo okomito prema dolje, \u010dine ovaj model savr\u0161enim STOL trena\u017eerom za agresivna [&hellip;]<\/p>\n","protected":false},"featured_media":17814,"template":"","meta":[],"product_cat":[484,487],"product_tag":[],"acf":[],"yoast_head":"<!-- This site is optimized with the Yoast SEO plugin v21.7 - https:\/\/yoast.com\/wordpress\/plugins\/seo\/ -->\n<title>AMXPlanes Tasman 1500mm STOL EPO PNP - TECHNIC TOYS SHOP<\/title>\n<meta name=\"robots\" content=\"index, follow, max-snippet:-1, max-image-preview:large, max-video-preview:-1\" \/>\n<link rel=\"canonical\" href=\"https:\/\/www.technic-toys.com\/hr\/proizvod\/amxplanes-tasman-1500mm-stol-epo-pnp\/\" \/>\n<meta property=\"og:locale\" content=\"hr_HR\" \/>\n<meta property=\"og:type\" content=\"article\" \/>\n<meta property=\"og:title\" content=\"AMXPlanes Tasman 1500mm STOL EPO PNP - TECHNIC TOYS SHOP\" \/>\n<meta property=\"og:description\" content=\"AMXPlanes Tasman sa rasponom krila od 1500 mm je novorazvijeni STOL model visokih performansi koji kombinuje ekstremno kratka poletanja i sletanja sa akrobatskim performansama. Impresivne letne karakteristike i prevelike gume punjene zrakom u kombinaciji s velikim zakrilcima za slijetanje, koji se mogu postaviti gotovo okomito prema dolje, \u010dine ovaj model savr\u0161enim STOL trena\u017eerom za agresivna [&hellip;]\" \/>\n<meta property=\"og:url\" content=\"https:\/\/www.technic-toys.com\/hr\/proizvod\/amxplanes-tasman-1500mm-stol-epo-pnp\/\" \/>\n<meta property=\"og:site_name\" content=\"TECHNIC TOYS SHOP\" \/>\n<meta property=\"article:modified_time\" content=\"2022-08-01T10:43:21+00:00\" \/>\n<meta property=\"og:image\" content=\"https:\/\/www.technic-toys.com\/wp-content\/uploads\/2022\/04\/24123.jpg\" \/>\n\t<meta property=\"og:image:width\" content=\"2560\" \/>\n\t<meta property=\"og:image:height\" content=\"1468\" \/>\n\t<meta property=\"og:image:type\" content=\"image\/jpeg\" \/>\n<meta name=\"twitter:card\" content=\"summary_large_image\" \/>\n<meta name=\"twitter:label1\" content=\"Procijenjeno vrijeme \u010ditanja\" \/>\n\t<meta name=\"twitter:data1\" content=\"2 minute\" \/>\n<script type=\"application\/ld+json\" class=\"yoast-schema-graph\">{\"@context\":\"https:\/\/schema.org\",\"@graph\":[{\"@type\":\"WebPage\",\"@id\":\"https:\/\/www.technic-toys.com\/hr\/proizvod\/amxplanes-tasman-1500mm-stol-epo-pnp\/\",\"url\":\"https:\/\/www.technic-toys.com\/hr\/proizvod\/amxplanes-tasman-1500mm-stol-epo-pnp\/\",\"name\":\"AMXPlanes Tasman 1500mm STOL EPO PNP - TECHNIC TOYS SHOP\",\"isPartOf\":{\"@id\":\"https:\/\/www.technic-toys.com\/en\/#website\"},\"datePublished\":\"2022-04-08T19:37:06+00:00\",\"dateModified\":\"2022-08-01T10:43:21+00:00\",\"breadcrumb\":{\"@id\":\"https:\/\/www.technic-toys.com\/hr\/proizvod\/amxplanes-tasman-1500mm-stol-epo-pnp\/#breadcrumb\"},\"inLanguage\":\"hr\",\"potentialAction\":[{\"@type\":\"ReadAction\",\"target\":[\"https:\/\/www.technic-toys.com\/hr\/proizvod\/amxplanes-tasman-1500mm-stol-epo-pnp\/\"]}]},{\"@type\":\"BreadcrumbList\",\"@id\":\"https:\/\/www.technic-toys.com\/hr\/proizvod\/amxplanes-tasman-1500mm-stol-epo-pnp\/#breadcrumb\",\"itemListElement\":[{\"@type\":\"ListItem\",\"position\":1,\"name\":\"Domov\",\"item\":\"https:\/\/www.technic-toys.com\/hr\/\"},{\"@type\":\"ListItem\",\"position\":2,\"name\":\"Shop\",\"item\":\"https:\/\/www.technic-toys.com\/hr\/shop-2\/\"},{\"@type\":\"ListItem\",\"position\":3,\"name\":\"AMXPlanes Tasman 1500mm STOL EPO PNP\"}]},{\"@type\":\"WebSite\",\"@id\":\"https:\/\/www.technic-toys.com\/en\/#website\",\"url\":\"https:\/\/www.technic-toys.com\/en\/\",\"name\":\"TECHNIC TOYS SHOP\",\"description\":\"\",\"potentialAction\":[{\"@type\":\"SearchAction\",\"target\":{\"@type\":\"EntryPoint\",\"urlTemplate\":\"https:\/\/www.technic-toys.com\/en\/?s={search_term_string}\"},\"query-input\":\"required name=search_term_string\"}],\"inLanguage\":\"hr\"}]}<\/script>\n<!-- \/ Yoast SEO plugin. -->","yoast_head_json":{"title":"AMXPlanes Tasman 1500mm STOL EPO PNP - TECHNIC TOYS SHOP","robots":{"index":"index","follow":"follow","max-snippet":"max-snippet:-1","max-image-preview":"max-image-preview:large","max-video-preview":"max-video-preview:-1"},"canonical":"https:\/\/www.technic-toys.com\/hr\/proizvod\/amxplanes-tasman-1500mm-stol-epo-pnp\/","og_locale":"hr_HR","og_type":"article","og_title":"AMXPlanes Tasman 1500mm STOL EPO PNP - TECHNIC TOYS SHOP","og_description":"AMXPlanes Tasman sa rasponom krila od 1500 mm je novorazvijeni STOL model visokih performansi koji kombinuje ekstremno kratka poletanja i sletanja sa akrobatskim performansama. Impresivne letne karakteristike i prevelike gume punjene zrakom u kombinaciji s velikim zakrilcima za slijetanje, koji se mogu postaviti gotovo okomito prema dolje, \u010dine ovaj model savr\u0161enim STOL trena\u017eerom za agresivna [&hellip;]","og_url":"https:\/\/www.technic-toys.com\/hr\/proizvod\/amxplanes-tasman-1500mm-stol-epo-pnp\/","og_site_name":"TECHNIC TOYS SHOP","article_modified_time":"2022-08-01T10:43:21+00:00","og_image":[{"width":2560,"height":1468,"url":"https:\/\/www.technic-toys.com\/wp-content\/uploads\/2022\/04\/24123.jpg","type":"image\/jpeg"}],"twitter_card":"summary_large_image","twitter_misc":{"Procijenjeno vrijeme \u010ditanja":"2 minute"},"schema":{"@context":"https:\/\/schema.org","@graph":[{"@type":"WebPage","@id":"https:\/\/www.technic-toys.com\/hr\/proizvod\/amxplanes-tasman-1500mm-stol-epo-pnp\/","url":"https:\/\/www.technic-toys.com\/hr\/proizvod\/amxplanes-tasman-1500mm-stol-epo-pnp\/","name":"AMXPlanes Tasman 1500mm STOL EPO PNP - TECHNIC TOYS SHOP","isPartOf":{"@id":"https:\/\/www.technic-toys.com\/en\/#website"},"datePublished":"2022-04-08T19:37:06+00:00","dateModified":"2022-08-01T10:43:21+00:00","breadcrumb":{"@id":"https:\/\/www.technic-toys.com\/hr\/proizvod\/amxplanes-tasman-1500mm-stol-epo-pnp\/#breadcrumb"},"inLanguage":"hr","potentialAction":[{"@type":"ReadAction","target":["https:\/\/www.technic-toys.com\/hr\/proizvod\/amxplanes-tasman-1500mm-stol-epo-pnp\/"]}]},{"@type":"BreadcrumbList","@id":"https:\/\/www.technic-toys.com\/hr\/proizvod\/amxplanes-tasman-1500mm-stol-epo-pnp\/#breadcrumb","itemListElement":[{"@type":"ListItem","position":1,"name":"Domov","item":"https:\/\/www.technic-toys.com\/hr\/"},{"@type":"ListItem","position":2,"name":"Shop","item":"https:\/\/www.technic-toys.com\/hr\/shop-2\/"},{"@type":"ListItem","position":3,"name":"AMXPlanes Tasman 1500mm STOL EPO PNP"}]},{"@type":"WebSite","@id":"https:\/\/www.technic-toys.com\/en\/#website","url":"https:\/\/www.technic-toys.com\/en\/","name":"TECHNIC TOYS SHOP","description":"","potentialAction":[{"@type":"SearchAction","target":{"@type":"EntryPoint","urlTemplate":"https:\/\/www.technic-toys.com\/en\/?s={search_term_string}"},"query-input":"required name=search_term_string"}],"inLanguage":"hr"}]}},"_links":{"self":[{"href":"https:\/\/www.technic-toys.com\/hr\/wp-json\/wp\/v2\/product\/19773"}],"collection":[{"href":"https:\/\/www.technic-toys.com\/hr\/wp-json\/wp\/v2\/product"}],"about":[{"href":"https:\/\/www.technic-toys.com\/hr\/wp-json\/wp\/v2\/types\/product"}],"wp:featuredmedia":[{"embeddable":true,"href":"https:\/\/www.technic-toys.com\/hr\/wp-json\/wp\/v2\/media\/17814"}],"wp:attachment":[{"href":"https:\/\/www.technic-toys.com\/hr\/wp-json\/wp\/v2\/media?parent=19773"}],"wp:term":[{"taxonomy":"product_cat","embeddable":true,"href":"https:\/\/www.technic-toys.com\/hr\/wp-json\/wp\/v2\/product_cat?post=19773"},{"taxonomy":"product_tag","embeddable":true,"href":"https:\/\/www.technic-toys.com\/hr\/wp-json\/wp\/v2\/product_tag?post=19773"}],"curies":[{"name":"wp","href":"https:\/\/api.w.org\/{rel}","templated":true}]}}