{"id":19774,"date":"2022-04-08T17:25:39","date_gmt":"2022-04-08T19:37:06","guid":{"rendered":"https:\/\/www.technic-toys.com\/izdelek\/walkera-qrx350-pro-devo-7-osnovna-verzija-osnovna-verzija\/"},"modified":"2022-09-28T12:04:39","modified_gmt":"2022-09-28T10:04:39","slug":"dron-walkera-qrx350-pro-devo-7-osnovna-verzija-osnovna-verzija","status":"publish","type":"product","link":"https:\/\/www.technic-toys.com\/hr\/proizvod\/dron-walkera-qrx350-pro-devo-7-osnovna-verzija-osnovna-verzija\/","title":{"rendered":"Dron Walkera QRX350 PRO Devo 7"},"content":{"rendered":"<p>Opis: AMEWI Walkera QRX350 Pro verzija -Devo7Pro verzija uklju\u010duju\u0107i preciznije GPS pozicioniranje. Ogroman kapacitet baterije od 5200mah za vrijeme letenja do 25min.<\/p>\n<p>Ova verzija se isporu\u010duje sa savr\u0161eno uskla\u0111enim Devo 7 radiom.Pro verzija sa pobolj\u0161anim, preciznijim GPS-om.Velika baterija od 5200mah za vrijeme leta od 25 min. Ova verzija dolazi sa savr\u0161eno uskla\u0111enim daljinskim upravlja\u010dem Devo 7. Mogu\u010dnost mnta\u017ee HD camere Walkera.<\/p>\n<p>Tehni\u010dki podaci: Specifikacije: Pre\u010dnik glavnog rotora\/pre\u010dnik rotora: 556 mm ESC specifikacije: WST-15A(G\/R) Prijemnik: RX703\/RX703ATpredajnik: Devo 7\/ 10\/F7(5.8GHZ) Baterija: 11.1V 5200mah LiPoFlight Vrijeme: 25minsGPS : DEVO-MCControl range\/Range: 1km-2kmVideo Range\/Video Range: 500m-1kmFlying Weight\/Flight Weight\/Flight Weight: &amp;lt. Paket: punja\u010d\/punja\u010d: 100-240V Trenutni izlaz\/struja punjenja: 0.8AC strujni ulaz\/ulaz St Rom: 15-18V -1AB Baterija: 7.4V\/11.1V Tip baterije\/Tip baterije: Lipotransmiter Specifikacije\/Daljinski upravlja\u010d: Devo 7:Frekvencija\/Frekvencija: 2.4GHZ DSSEncoder\/Kodiranje: 7-kanalni mikrokompjuter\/Snaga 1Ourent odvod\/struja : 230mA(100mW)Izlazni impuls\/signal: 1000-2000mS(1500mS neutralno)Osjetljivost\/osjetljivost: -105dbm Raspon\/domet kontrole: 1KMS Opseg isporuke:Uklju\u010duje\/Sadr\u017ei0PRCharoDemulator:Uklju\u010duje\/Sadr\u017ei0CharoXAmulator<\/p>\n","protected":false},"excerpt":{"rendered":"<p>Opis: AMEWI Walkera QRX350 Pro verzija -Devo7Pro verzija uklju\u010duju\u0107i preciznije GPS pozicioniranje. Ogroman kapacitet baterije od 5200mah za vrijeme letenja do 25min. Ova verzija se isporu\u010duje sa savr\u0161eno uskla\u0111enim Devo 7 radiom.Pro verzija sa pobolj\u0161anim, preciznijim GPS-om.Velika baterija od 5200mah za vrijeme leta od 25 min. Ova verzija dolazi sa savr\u0161eno uskla\u0111enim daljinskim upravlja\u010dem Devo [&hellip;]<\/p>\n","protected":false},"featured_media":17845,"template":"","meta":[],"product_cat":[477,478],"product_tag":[],"acf":[],"yoast_head":"<!-- This site is optimized with the Yoast SEO plugin v21.7 - https:\/\/yoast.com\/wordpress\/plugins\/seo\/ -->\n<title>Dron Walkera QRX350 PRO Devo 7 - TECHNIC TOYS SHOP<\/title>\n<meta name=\"robots\" content=\"index, follow, max-snippet:-1, max-image-preview:large, max-video-preview:-1\" \/>\n<link rel=\"canonical\" href=\"https:\/\/www.technic-toys.com\/hr\/proizvod\/dron-walkera-qrx350-pro-devo-7-osnovna-verzija-osnovna-verzija\/\" \/>\n<meta property=\"og:locale\" content=\"hr_HR\" \/>\n<meta property=\"og:type\" content=\"article\" \/>\n<meta property=\"og:title\" content=\"Dron Walkera QRX350 PRO Devo 7 - TECHNIC TOYS SHOP\" \/>\n<meta property=\"og:description\" content=\"Opis: AMEWI Walkera QRX350 Pro verzija -Devo7Pro verzija uklju\u010duju\u0107i preciznije GPS pozicioniranje. Ogroman kapacitet baterije od 5200mah za vrijeme letenja do 25min. Ova verzija se isporu\u010duje sa savr\u0161eno uskla\u0111enim Devo 7 radiom.Pro verzija sa pobolj\u0161anim, preciznijim GPS-om.Velika baterija od 5200mah za vrijeme leta od 25 min. Ova verzija dolazi sa savr\u0161eno uskla\u0111enim daljinskim upravlja\u010dem Devo [&hellip;]\" \/>\n<meta property=\"og:url\" content=\"https:\/\/www.technic-toys.com\/hr\/proizvod\/dron-walkera-qrx350-pro-devo-7-osnovna-verzija-osnovna-verzija\/\" \/>\n<meta property=\"og:site_name\" content=\"TECHNIC TOYS SHOP\" \/>\n<meta property=\"article:modified_time\" content=\"2022-09-28T10:04:39+00:00\" \/>\n<meta property=\"og:image\" content=\"https:\/\/www.technic-toys.com\/wp-content\/uploads\/2022\/04\/25174.jpg\" \/>\n\t<meta property=\"og:image:width\" content=\"2560\" \/>\n\t<meta property=\"og:image:height\" content=\"1468\" \/>\n\t<meta property=\"og:image:type\" content=\"image\/jpeg\" \/>\n<meta name=\"twitter:card\" content=\"summary_large_image\" \/>\n<meta name=\"twitter:label1\" content=\"Procijenjeno vrijeme \u010ditanja\" \/>\n\t<meta name=\"twitter:data1\" content=\"1 minuta\" \/>\n<script type=\"application\/ld+json\" class=\"yoast-schema-graph\">{\"@context\":\"https:\/\/schema.org\",\"@graph\":[{\"@type\":\"WebPage\",\"@id\":\"https:\/\/www.technic-toys.com\/hr\/proizvod\/dron-walkera-qrx350-pro-devo-7-osnovna-verzija-osnovna-verzija\/\",\"url\":\"https:\/\/www.technic-toys.com\/hr\/proizvod\/dron-walkera-qrx350-pro-devo-7-osnovna-verzija-osnovna-verzija\/\",\"name\":\"Dron Walkera QRX350 PRO Devo 7 - TECHNIC TOYS SHOP\",\"isPartOf\":{\"@id\":\"https:\/\/www.technic-toys.com\/en\/#website\"},\"datePublished\":\"2022-04-08T19:37:06+00:00\",\"dateModified\":\"2022-09-28T10:04:39+00:00\",\"breadcrumb\":{\"@id\":\"https:\/\/www.technic-toys.com\/hr\/proizvod\/dron-walkera-qrx350-pro-devo-7-osnovna-verzija-osnovna-verzija\/#breadcrumb\"},\"inLanguage\":\"hr\",\"potentialAction\":[{\"@type\":\"ReadAction\",\"target\":[\"https:\/\/www.technic-toys.com\/hr\/proizvod\/dron-walkera-qrx350-pro-devo-7-osnovna-verzija-osnovna-verzija\/\"]}]},{\"@type\":\"BreadcrumbList\",\"@id\":\"https:\/\/www.technic-toys.com\/hr\/proizvod\/dron-walkera-qrx350-pro-devo-7-osnovna-verzija-osnovna-verzija\/#breadcrumb\",\"itemListElement\":[{\"@type\":\"ListItem\",\"position\":1,\"name\":\"Domov\",\"item\":\"https:\/\/www.technic-toys.com\/hr\/\"},{\"@type\":\"ListItem\",\"position\":2,\"name\":\"Shop\",\"item\":\"https:\/\/www.technic-toys.com\/hr\/shop-2\/\"},{\"@type\":\"ListItem\",\"position\":3,\"name\":\"Dron Walkera QRX350 PRO Devo 7\"}]},{\"@type\":\"WebSite\",\"@id\":\"https:\/\/www.technic-toys.com\/en\/#website\",\"url\":\"https:\/\/www.technic-toys.com\/en\/\",\"name\":\"TECHNIC TOYS SHOP\",\"description\":\"\",\"potentialAction\":[{\"@type\":\"SearchAction\",\"target\":{\"@type\":\"EntryPoint\",\"urlTemplate\":\"https:\/\/www.technic-toys.com\/en\/?s={search_term_string}\"},\"query-input\":\"required name=search_term_string\"}],\"inLanguage\":\"hr\"}]}<\/script>\n<!-- \/ Yoast SEO plugin. -->","yoast_head_json":{"title":"Dron Walkera QRX350 PRO Devo 7 - TECHNIC TOYS SHOP","robots":{"index":"index","follow":"follow","max-snippet":"max-snippet:-1","max-image-preview":"max-image-preview:large","max-video-preview":"max-video-preview:-1"},"canonical":"https:\/\/www.technic-toys.com\/hr\/proizvod\/dron-walkera-qrx350-pro-devo-7-osnovna-verzija-osnovna-verzija\/","og_locale":"hr_HR","og_type":"article","og_title":"Dron Walkera QRX350 PRO Devo 7 - TECHNIC TOYS SHOP","og_description":"Opis: AMEWI Walkera QRX350 Pro verzija -Devo7Pro verzija uklju\u010duju\u0107i preciznije GPS pozicioniranje. Ogroman kapacitet baterije od 5200mah za vrijeme letenja do 25min. Ova verzija se isporu\u010duje sa savr\u0161eno uskla\u0111enim Devo 7 radiom.Pro verzija sa pobolj\u0161anim, preciznijim GPS-om.Velika baterija od 5200mah za vrijeme leta od 25 min. Ova verzija dolazi sa savr\u0161eno uskla\u0111enim daljinskim upravlja\u010dem Devo [&hellip;]","og_url":"https:\/\/www.technic-toys.com\/hr\/proizvod\/dron-walkera-qrx350-pro-devo-7-osnovna-verzija-osnovna-verzija\/","og_site_name":"TECHNIC TOYS SHOP","article_modified_time":"2022-09-28T10:04:39+00:00","og_image":[{"width":2560,"height":1468,"url":"https:\/\/www.technic-toys.com\/wp-content\/uploads\/2022\/04\/25174.jpg","type":"image\/jpeg"}],"twitter_card":"summary_large_image","twitter_misc":{"Procijenjeno vrijeme \u010ditanja":"1 minuta"},"schema":{"@context":"https:\/\/schema.org","@graph":[{"@type":"WebPage","@id":"https:\/\/www.technic-toys.com\/hr\/proizvod\/dron-walkera-qrx350-pro-devo-7-osnovna-verzija-osnovna-verzija\/","url":"https:\/\/www.technic-toys.com\/hr\/proizvod\/dron-walkera-qrx350-pro-devo-7-osnovna-verzija-osnovna-verzija\/","name":"Dron Walkera QRX350 PRO Devo 7 - TECHNIC TOYS SHOP","isPartOf":{"@id":"https:\/\/www.technic-toys.com\/en\/#website"},"datePublished":"2022-04-08T19:37:06+00:00","dateModified":"2022-09-28T10:04:39+00:00","breadcrumb":{"@id":"https:\/\/www.technic-toys.com\/hr\/proizvod\/dron-walkera-qrx350-pro-devo-7-osnovna-verzija-osnovna-verzija\/#breadcrumb"},"inLanguage":"hr","potentialAction":[{"@type":"ReadAction","target":["https:\/\/www.technic-toys.com\/hr\/proizvod\/dron-walkera-qrx350-pro-devo-7-osnovna-verzija-osnovna-verzija\/"]}]},{"@type":"BreadcrumbList","@id":"https:\/\/www.technic-toys.com\/hr\/proizvod\/dron-walkera-qrx350-pro-devo-7-osnovna-verzija-osnovna-verzija\/#breadcrumb","itemListElement":[{"@type":"ListItem","position":1,"name":"Domov","item":"https:\/\/www.technic-toys.com\/hr\/"},{"@type":"ListItem","position":2,"name":"Shop","item":"https:\/\/www.technic-toys.com\/hr\/shop-2\/"},{"@type":"ListItem","position":3,"name":"Dron Walkera QRX350 PRO Devo 7"}]},{"@type":"WebSite","@id":"https:\/\/www.technic-toys.com\/en\/#website","url":"https:\/\/www.technic-toys.com\/en\/","name":"TECHNIC TOYS SHOP","description":"","potentialAction":[{"@type":"SearchAction","target":{"@type":"EntryPoint","urlTemplate":"https:\/\/www.technic-toys.com\/en\/?s={search_term_string}"},"query-input":"required name=search_term_string"}],"inLanguage":"hr"}]}},"_links":{"self":[{"href":"https:\/\/www.technic-toys.com\/hr\/wp-json\/wp\/v2\/product\/19774"}],"collection":[{"href":"https:\/\/www.technic-toys.com\/hr\/wp-json\/wp\/v2\/product"}],"about":[{"href":"https:\/\/www.technic-toys.com\/hr\/wp-json\/wp\/v2\/types\/product"}],"wp:featuredmedia":[{"embeddable":true,"href":"https:\/\/www.technic-toys.com\/hr\/wp-json\/wp\/v2\/media\/17845"}],"wp:attachment":[{"href":"https:\/\/www.technic-toys.com\/hr\/wp-json\/wp\/v2\/media?parent=19774"}],"wp:term":[{"taxonomy":"product_cat","embeddable":true,"href":"https:\/\/www.technic-toys.com\/hr\/wp-json\/wp\/v2\/product_cat?post=19774"},{"taxonomy":"product_tag","embeddable":true,"href":"https:\/\/www.technic-toys.com\/hr\/wp-json\/wp\/v2\/product_tag?post=19774"}],"curies":[{"name":"wp","href":"https:\/\/api.w.org\/{rel}","templated":true}]}}