{"id":19777,"date":"2022-04-08T17:25:39","date_gmt":"2022-04-08T19:37:06","guid":{"rendered":"https:\/\/www.technic-toys.com\/izdelek\/ec145-helikopter-bez-cetkica-6-kanala-rtf\/"},"modified":"2022-08-01T12:43:22","modified_gmt":"2022-08-01T10:43:22","slug":"ec145-helikopter-bez-cetkica-6-kanala-rtf","status":"publish","type":"product","link":"https:\/\/www.technic-toys.com\/hr\/proizvod\/ec145-helikopter-bez-cetkica-6-kanala-rtf\/","title":{"rendered":"EC145 Helikopter bez \u010detkica 6 kanala, RTF"},"content":{"rendered":"<p>EC145 6-kanalni helikopter s jednom o\u0161tricom bez \u010detkica. EC145 6-kanalni helikopter s jednom o\u0161tricom je novi helikopter velike veli\u010dine koji postavlja nove standarde u svojoj klasi u pogledu kvaliteta i karakteristika leta. Izgled modela je apsolutno razmjeran i pravi je praznik za o\u010di. Glavni rotor sa rotorom sa \u010detiri lopatice u kombinaciji sa svim dodacima, uklju\u010duju\u0107i nazna\u010dene zakovice na trupu, nagla\u0161avaju utisak istinitosti originala i \u010dine da srce ventilatora vage kuca br\u017ee. Razli\u010diti uslovi leta (3D i 6G) osiguravaju stabilnost leta bez presedana u ovoj klasi veli\u010dine. U 6G re\u017eimu, sistem stabilizacije helikoptera dozvoljava samo ograni\u010deni ugao napada za model. Slu\u010dajno &#8216;okretanje na le\u0111a&#8217; ovdje je nemogu\u0107e i model ima izuzetno stabilan let u lebdenju. Model veoma prijatno reaguje na komande kontrole i prenosi direktan ose\u0107aj leta bez nestabilnosti ili u\u017eurbanosti. Modelom se mo\u017ee upravljati i za po\u010detnike\/promjena pomo\u0107u ru\u010dice za gas bez pritiskanja prekida\u010da za odabir gasa. Pojedina\u010dni nivoi brzine se tako\u0111e mogu menjati u vazduhu. Model dolazi kao RTF verzija sa unaprijed programiranim 6-kanalnim predajnikom koji je savr\u0161eno prilago\u0111en helikopteru. U 3D modu (da biste bili sigurni, dva prekida\u010da na predajniku moraju biti pritisnuta), \u010dak i te\u0161ki manevri kao \u0161to su petlje ili rolne mogu se letjeti. Brzina glavnog rotora s \u010detiri lopatice osigurava dovoljnu snagu u svakoj situaciji. Dakle, \u010dak i napredni i profesionalci vrijede svog novca. Zadnji motor ima dovoljno snage da reaguje na brze promene optere\u0107enja. Uklju\u010dena 1S 700mAh 3,7V LiPo baterija u vezi sa visokokvalitetnim oda\u0161ilja\u010dem od 2,4 GHz nagla\u0161ava visok kvalitet helikoptera EC145. Oda\u0161ilja\u010d tako\u0111e ima opse\u017ene opcije programiranja i sistem se mo\u017ee prilagoditi individualnim potrebama pilota. 6-kanalni predajnik podr\u017eava i Mode 1 (prigu\u0161nica desno) i Mode 2 (prigu\u0161nica lijevo). Tehni\u010dki podaci: Du\u017eina: 232 mm Lopatice rotora : 250mm Vrijeme leta: cca 5-7 min.Motor: 1106 baterija bez \u010detkica: 3.7V 700mAh 25C LiPoFlight te\u017eina: 85.5g Krug repnog rotora: 57mm Obim isporuke: EC145 daljinski upravlja\u010d helikoptera sa LCD displejom. propeler Rezervni zup\u010danik Rezervni zup\u010danik Odvija\u010d Klju\u010d Uputstvo za upotrebu<\/p>\n","protected":false},"excerpt":{"rendered":"<p>EC145 6-kanalni helikopter s jednom o\u0161tricom bez \u010detkica. EC145 6-kanalni helikopter s jednom o\u0161tricom je novi helikopter velike veli\u010dine koji postavlja nove standarde u svojoj klasi u pogledu kvaliteta i karakteristika leta. Izgled modela je apsolutno razmjeran i pravi je praznik za o\u010di. Glavni rotor sa rotorom sa \u010detiri lopatice u kombinaciji sa svim dodacima, [&hellip;]<\/p>\n","protected":false},"featured_media":17890,"template":"","meta":[],"product_cat":[477,480],"product_tag":[],"acf":[],"yoast_head":"<!-- This site is optimized with the Yoast SEO plugin v21.7 - https:\/\/yoast.com\/wordpress\/plugins\/seo\/ -->\n<title>EC145 Helikopter bez \u010detkica 6 kanala, RTF - TECHNIC TOYS SHOP<\/title>\n<meta name=\"robots\" content=\"index, follow, max-snippet:-1, max-image-preview:large, max-video-preview:-1\" \/>\n<link rel=\"canonical\" href=\"https:\/\/www.technic-toys.com\/hr\/proizvod\/ec145-helikopter-bez-cetkica-6-kanala-rtf\/\" \/>\n<meta property=\"og:locale\" content=\"hr_HR\" \/>\n<meta property=\"og:type\" content=\"article\" \/>\n<meta property=\"og:title\" content=\"EC145 Helikopter bez \u010detkica 6 kanala, RTF - TECHNIC TOYS SHOP\" \/>\n<meta property=\"og:description\" content=\"EC145 6-kanalni helikopter s jednom o\u0161tricom bez \u010detkica. EC145 6-kanalni helikopter s jednom o\u0161tricom je novi helikopter velike veli\u010dine koji postavlja nove standarde u svojoj klasi u pogledu kvaliteta i karakteristika leta. Izgled modela je apsolutno razmjeran i pravi je praznik za o\u010di. Glavni rotor sa rotorom sa \u010detiri lopatice u kombinaciji sa svim dodacima, [&hellip;]\" \/>\n<meta property=\"og:url\" content=\"https:\/\/www.technic-toys.com\/hr\/proizvod\/ec145-helikopter-bez-cetkica-6-kanala-rtf\/\" \/>\n<meta property=\"og:site_name\" content=\"TECHNIC TOYS SHOP\" \/>\n<meta property=\"article:modified_time\" content=\"2022-08-01T10:43:22+00:00\" \/>\n<meta property=\"og:image\" content=\"https:\/\/www.technic-toys.com\/wp-content\/uploads\/2022\/04\/25193.jpg\" \/>\n\t<meta property=\"og:image:width\" content=\"2560\" \/>\n\t<meta property=\"og:image:height\" content=\"1468\" \/>\n\t<meta property=\"og:image:type\" content=\"image\/jpeg\" \/>\n<meta name=\"twitter:card\" content=\"summary_large_image\" \/>\n<meta name=\"twitter:label1\" content=\"Procijenjeno vrijeme \u010ditanja\" \/>\n\t<meta name=\"twitter:data1\" content=\"2 minute\" \/>\n<script type=\"application\/ld+json\" class=\"yoast-schema-graph\">{\"@context\":\"https:\/\/schema.org\",\"@graph\":[{\"@type\":\"WebPage\",\"@id\":\"https:\/\/www.technic-toys.com\/hr\/proizvod\/ec145-helikopter-bez-cetkica-6-kanala-rtf\/\",\"url\":\"https:\/\/www.technic-toys.com\/hr\/proizvod\/ec145-helikopter-bez-cetkica-6-kanala-rtf\/\",\"name\":\"EC145 Helikopter bez \u010detkica 6 kanala, RTF - TECHNIC TOYS SHOP\",\"isPartOf\":{\"@id\":\"https:\/\/www.technic-toys.com\/en\/#website\"},\"datePublished\":\"2022-04-08T19:37:06+00:00\",\"dateModified\":\"2022-08-01T10:43:22+00:00\",\"breadcrumb\":{\"@id\":\"https:\/\/www.technic-toys.com\/hr\/proizvod\/ec145-helikopter-bez-cetkica-6-kanala-rtf\/#breadcrumb\"},\"inLanguage\":\"hr\",\"potentialAction\":[{\"@type\":\"ReadAction\",\"target\":[\"https:\/\/www.technic-toys.com\/hr\/proizvod\/ec145-helikopter-bez-cetkica-6-kanala-rtf\/\"]}]},{\"@type\":\"BreadcrumbList\",\"@id\":\"https:\/\/www.technic-toys.com\/hr\/proizvod\/ec145-helikopter-bez-cetkica-6-kanala-rtf\/#breadcrumb\",\"itemListElement\":[{\"@type\":\"ListItem\",\"position\":1,\"name\":\"Domov\",\"item\":\"https:\/\/www.technic-toys.com\/hr\/\"},{\"@type\":\"ListItem\",\"position\":2,\"name\":\"Shop\",\"item\":\"https:\/\/www.technic-toys.com\/hr\/shop-2\/\"},{\"@type\":\"ListItem\",\"position\":3,\"name\":\"EC145 Helikopter bez \u010detkica 6 kanala, RTF\"}]},{\"@type\":\"WebSite\",\"@id\":\"https:\/\/www.technic-toys.com\/en\/#website\",\"url\":\"https:\/\/www.technic-toys.com\/en\/\",\"name\":\"TECHNIC TOYS SHOP\",\"description\":\"\",\"potentialAction\":[{\"@type\":\"SearchAction\",\"target\":{\"@type\":\"EntryPoint\",\"urlTemplate\":\"https:\/\/www.technic-toys.com\/en\/?s={search_term_string}\"},\"query-input\":\"required name=search_term_string\"}],\"inLanguage\":\"hr\"}]}<\/script>\n<!-- \/ Yoast SEO plugin. -->","yoast_head_json":{"title":"EC145 Helikopter bez \u010detkica 6 kanala, RTF - TECHNIC TOYS SHOP","robots":{"index":"index","follow":"follow","max-snippet":"max-snippet:-1","max-image-preview":"max-image-preview:large","max-video-preview":"max-video-preview:-1"},"canonical":"https:\/\/www.technic-toys.com\/hr\/proizvod\/ec145-helikopter-bez-cetkica-6-kanala-rtf\/","og_locale":"hr_HR","og_type":"article","og_title":"EC145 Helikopter bez \u010detkica 6 kanala, RTF - TECHNIC TOYS SHOP","og_description":"EC145 6-kanalni helikopter s jednom o\u0161tricom bez \u010detkica. EC145 6-kanalni helikopter s jednom o\u0161tricom je novi helikopter velike veli\u010dine koji postavlja nove standarde u svojoj klasi u pogledu kvaliteta i karakteristika leta. Izgled modela je apsolutno razmjeran i pravi je praznik za o\u010di. Glavni rotor sa rotorom sa \u010detiri lopatice u kombinaciji sa svim dodacima, [&hellip;]","og_url":"https:\/\/www.technic-toys.com\/hr\/proizvod\/ec145-helikopter-bez-cetkica-6-kanala-rtf\/","og_site_name":"TECHNIC TOYS SHOP","article_modified_time":"2022-08-01T10:43:22+00:00","og_image":[{"width":2560,"height":1468,"url":"https:\/\/www.technic-toys.com\/wp-content\/uploads\/2022\/04\/25193.jpg","type":"image\/jpeg"}],"twitter_card":"summary_large_image","twitter_misc":{"Procijenjeno vrijeme \u010ditanja":"2 minute"},"schema":{"@context":"https:\/\/schema.org","@graph":[{"@type":"WebPage","@id":"https:\/\/www.technic-toys.com\/hr\/proizvod\/ec145-helikopter-bez-cetkica-6-kanala-rtf\/","url":"https:\/\/www.technic-toys.com\/hr\/proizvod\/ec145-helikopter-bez-cetkica-6-kanala-rtf\/","name":"EC145 Helikopter bez \u010detkica 6 kanala, RTF - TECHNIC TOYS SHOP","isPartOf":{"@id":"https:\/\/www.technic-toys.com\/en\/#website"},"datePublished":"2022-04-08T19:37:06+00:00","dateModified":"2022-08-01T10:43:22+00:00","breadcrumb":{"@id":"https:\/\/www.technic-toys.com\/hr\/proizvod\/ec145-helikopter-bez-cetkica-6-kanala-rtf\/#breadcrumb"},"inLanguage":"hr","potentialAction":[{"@type":"ReadAction","target":["https:\/\/www.technic-toys.com\/hr\/proizvod\/ec145-helikopter-bez-cetkica-6-kanala-rtf\/"]}]},{"@type":"BreadcrumbList","@id":"https:\/\/www.technic-toys.com\/hr\/proizvod\/ec145-helikopter-bez-cetkica-6-kanala-rtf\/#breadcrumb","itemListElement":[{"@type":"ListItem","position":1,"name":"Domov","item":"https:\/\/www.technic-toys.com\/hr\/"},{"@type":"ListItem","position":2,"name":"Shop","item":"https:\/\/www.technic-toys.com\/hr\/shop-2\/"},{"@type":"ListItem","position":3,"name":"EC145 Helikopter bez \u010detkica 6 kanala, RTF"}]},{"@type":"WebSite","@id":"https:\/\/www.technic-toys.com\/en\/#website","url":"https:\/\/www.technic-toys.com\/en\/","name":"TECHNIC TOYS SHOP","description":"","potentialAction":[{"@type":"SearchAction","target":{"@type":"EntryPoint","urlTemplate":"https:\/\/www.technic-toys.com\/en\/?s={search_term_string}"},"query-input":"required name=search_term_string"}],"inLanguage":"hr"}]}},"_links":{"self":[{"href":"https:\/\/www.technic-toys.com\/hr\/wp-json\/wp\/v2\/product\/19777"}],"collection":[{"href":"https:\/\/www.technic-toys.com\/hr\/wp-json\/wp\/v2\/product"}],"about":[{"href":"https:\/\/www.technic-toys.com\/hr\/wp-json\/wp\/v2\/types\/product"}],"wp:featuredmedia":[{"embeddable":true,"href":"https:\/\/www.technic-toys.com\/hr\/wp-json\/wp\/v2\/media\/17890"}],"wp:attachment":[{"href":"https:\/\/www.technic-toys.com\/hr\/wp-json\/wp\/v2\/media?parent=19777"}],"wp:term":[{"taxonomy":"product_cat","embeddable":true,"href":"https:\/\/www.technic-toys.com\/hr\/wp-json\/wp\/v2\/product_cat?post=19777"},{"taxonomy":"product_tag","embeddable":true,"href":"https:\/\/www.technic-toys.com\/hr\/wp-json\/wp\/v2\/product_tag?post=19777"}],"curies":[{"name":"wp","href":"https:\/\/api.w.org\/{rel}","templated":true}]}}