{"id":19778,"date":"2022-04-08T17:25:39","date_gmt":"2022-04-08T19:37:06","guid":{"rendered":"https:\/\/www.technic-toys.com\/izdelek\/as350-helikopter-bez-cetkica-3d-3-blade-6g-flybarless-rtf\/"},"modified":"2022-08-01T12:43:22","modified_gmt":"2022-08-01T10:43:22","slug":"as350-helikopter-bez-cetkica-3d-3-blade-6g-flybarless-rtf","status":"publish","type":"product","link":"https:\/\/www.technic-toys.com\/hr\/proizvod\/as350-helikopter-bez-cetkica-3d-3-blade-6g-flybarless-rtf\/","title":{"rendered":"AS350 Helikopter bez \u010detkica 3D 3-Blade 6G Flybarless, RTF"},"content":{"rendered":"<p>Vrlo lijep helikopter s rotorom sa 3 lopatice, 3D i 6G (po\u010detni) na\u010din rada. Modelom se mo\u017ee leteti sa konstantnom brzinom (kontrolisani nagib) kao i sa pove\u0107anjem brzine (sli\u010dno fiksnom nagibu), a u 6G re\u017eimu ugao nagiba modela je ograni\u010den. Zatim ima sli\u010dne karakteristike leta kao koaksijalni helikopter (samostabilizuju\u0107i). Ali ako zatim prebacite model u 3D na\u010din rada, brzina se zna\u010dajno pove\u0107ava, a upravljivost se tako\u0111er zna\u010dajno pove\u0107ava. Lagani akrobatiji (petlja, obrnuti let, itd.) sada bi tako\u0111er bili mogu\u0107i. Slika leta ovog sjajnog modela je fantasti\u010dna, a izgled je apsolutno razmjeran. Oprema ovog kompleta je veoma kvalitetna i pored modela uklju\u010duje i vrhunski 2.4GHz sistem sa faznim prekida\u010dima za sve pozicije leta i prekida\u010dem za isklju\u010denje motora. Tako\u0111e je potpuno programabilan. Me\u0111utim, model je ve\u0107 potpuno prilago\u0111en u fabrici i spreman za let. Kao dodatna karakteristika, model ima sistem prijemnika\/flybarless, koji je FTR Ready. To zna\u010di da bi sistem mogao da radi i sa Futaba sistemom (S-FHSS). Opseg isporuke uklju\u010duje, na primjer, 3 rezervne lopatice rotora, repni rotor, alat i glavni zup\u010danik. Sa uklju\u010denom baterijom od 500 mAh, vrijeme leta od oko 5 minuta je realno. Tu je i 2-struki punja\u010d sa USB vezom, koji se mo\u017ee koristiti za punjenje do 2 baterije u isto vrijeme.<\/p>\n<p>Karakteristike:<br \/>Optika super skale<br \/>vrlo lijepa slika leta<br \/> Sistem od 2,4 GHz <br \/> razli\u010diti na\u010dini leta 6G \/ 3D <br \/> pogodno za po\u010detnike (sa malo iskustva) <br \/> uklju\u010deni mnogi va\u017eni rezervni dijelovi <br \/> FTR spreman (Futaba kompatibilan) <br \/> 2 odjeljka Punja\u010d sa USB utika\u010dem<br \/>500mAh Li-Po baterija 1S 3.7V<br \/>ABS trup<br \/>3 &#8211; glava rotora s lopaticama<br \/>Promjena na\u010dina rada na predajniku (1 &#8211; 4 )<br \/>Flybarless sistem Pogodan za vi\u0161e listova<\/p>\n<p>Tehni\u010dki podaci:<br \/>Du\u017eina: 270mm<br \/>\u0160irina: 50mm<br \/>Visina: 80mm<br \/>Te\u017eina spremna za letenje: pribli\u017eno 90g<br \/>Baterija: LiPo 1S 3.7V 500mAh 25C<br \/>Vrijeme punjenja: 30-60 minuta<br \/>Vrijeme leta: 5 minuta<br \/>Domet: 120 metara<br \/>< br \/>Obim isporuke:<br \/>Model AS350< br \/>Oda\u0161ilja\u010d 2.4Ghz 6 kanala<br \/>Baterija 500mAh 3.7V 1S<br \/>2 odjeljka punja\u010d USB<br \/>Alati i rezervni dijelovi<br \/ >Upute DE \/ EN<br \/><br \/ >Potreban pribor slu\u0161aj:<br \/>6x baterije Mignon AA 1.5V<\/p>\n","protected":false},"excerpt":{"rendered":"<p>Vrlo lijep helikopter s rotorom sa 3 lopatice, 3D i 6G (po\u010detni) na\u010din rada. Modelom se mo\u017ee leteti sa konstantnom brzinom (kontrolisani nagib) kao i sa pove\u0107anjem brzine (sli\u010dno fiksnom nagibu), a u 6G re\u017eimu ugao nagiba modela je ograni\u010den. Zatim ima sli\u010dne karakteristike leta kao koaksijalni helikopter (samostabilizuju\u0107i). Ali ako zatim prebacite model u [&hellip;]<\/p>\n","protected":false},"featured_media":17897,"template":"","meta":[],"product_cat":[477,480],"product_tag":[],"acf":[],"yoast_head":"<!-- This site is optimized with the Yoast SEO plugin v21.7 - https:\/\/yoast.com\/wordpress\/plugins\/seo\/ -->\n<title>AS350 Helikopter bez \u010detkica 3D 3-Blade 6G Flybarless, RTF - TECHNIC TOYS SHOP<\/title>\n<meta name=\"robots\" content=\"index, follow, max-snippet:-1, max-image-preview:large, max-video-preview:-1\" \/>\n<link rel=\"canonical\" href=\"https:\/\/www.technic-toys.com\/hr\/proizvod\/as350-helikopter-bez-cetkica-3d-3-blade-6g-flybarless-rtf\/\" \/>\n<meta property=\"og:locale\" content=\"hr_HR\" \/>\n<meta property=\"og:type\" content=\"article\" \/>\n<meta property=\"og:title\" content=\"AS350 Helikopter bez \u010detkica 3D 3-Blade 6G Flybarless, RTF - TECHNIC TOYS SHOP\" \/>\n<meta property=\"og:description\" content=\"Vrlo lijep helikopter s rotorom sa 3 lopatice, 3D i 6G (po\u010detni) na\u010din rada. Modelom se mo\u017ee leteti sa konstantnom brzinom (kontrolisani nagib) kao i sa pove\u0107anjem brzine (sli\u010dno fiksnom nagibu), a u 6G re\u017eimu ugao nagiba modela je ograni\u010den. Zatim ima sli\u010dne karakteristike leta kao koaksijalni helikopter (samostabilizuju\u0107i). Ali ako zatim prebacite model u [&hellip;]\" \/>\n<meta property=\"og:url\" content=\"https:\/\/www.technic-toys.com\/hr\/proizvod\/as350-helikopter-bez-cetkica-3d-3-blade-6g-flybarless-rtf\/\" \/>\n<meta property=\"og:site_name\" content=\"TECHNIC TOYS SHOP\" \/>\n<meta property=\"article:modified_time\" content=\"2022-08-01T10:43:22+00:00\" \/>\n<meta property=\"og:image\" content=\"https:\/\/www.technic-toys.com\/wp-content\/uploads\/2022\/04\/25302.jpg\" \/>\n\t<meta property=\"og:image:width\" content=\"2560\" \/>\n\t<meta property=\"og:image:height\" content=\"1468\" \/>\n\t<meta property=\"og:image:type\" content=\"image\/jpeg\" \/>\n<meta name=\"twitter:card\" content=\"summary_large_image\" \/>\n<meta name=\"twitter:label1\" content=\"Procijenjeno vrijeme \u010ditanja\" \/>\n\t<meta name=\"twitter:data1\" content=\"2 minute\" \/>\n<script type=\"application\/ld+json\" class=\"yoast-schema-graph\">{\"@context\":\"https:\/\/schema.org\",\"@graph\":[{\"@type\":\"WebPage\",\"@id\":\"https:\/\/www.technic-toys.com\/hr\/proizvod\/as350-helikopter-bez-cetkica-3d-3-blade-6g-flybarless-rtf\/\",\"url\":\"https:\/\/www.technic-toys.com\/hr\/proizvod\/as350-helikopter-bez-cetkica-3d-3-blade-6g-flybarless-rtf\/\",\"name\":\"AS350 Helikopter bez \u010detkica 3D 3-Blade 6G Flybarless, RTF - TECHNIC TOYS SHOP\",\"isPartOf\":{\"@id\":\"https:\/\/www.technic-toys.com\/en\/#website\"},\"datePublished\":\"2022-04-08T19:37:06+00:00\",\"dateModified\":\"2022-08-01T10:43:22+00:00\",\"breadcrumb\":{\"@id\":\"https:\/\/www.technic-toys.com\/hr\/proizvod\/as350-helikopter-bez-cetkica-3d-3-blade-6g-flybarless-rtf\/#breadcrumb\"},\"inLanguage\":\"hr\",\"potentialAction\":[{\"@type\":\"ReadAction\",\"target\":[\"https:\/\/www.technic-toys.com\/hr\/proizvod\/as350-helikopter-bez-cetkica-3d-3-blade-6g-flybarless-rtf\/\"]}]},{\"@type\":\"BreadcrumbList\",\"@id\":\"https:\/\/www.technic-toys.com\/hr\/proizvod\/as350-helikopter-bez-cetkica-3d-3-blade-6g-flybarless-rtf\/#breadcrumb\",\"itemListElement\":[{\"@type\":\"ListItem\",\"position\":1,\"name\":\"Domov\",\"item\":\"https:\/\/www.technic-toys.com\/hr\/\"},{\"@type\":\"ListItem\",\"position\":2,\"name\":\"Shop\",\"item\":\"https:\/\/www.technic-toys.com\/hr\/shop-2\/\"},{\"@type\":\"ListItem\",\"position\":3,\"name\":\"AS350 Helikopter bez \u010detkica 3D 3-Blade 6G Flybarless, RTF\"}]},{\"@type\":\"WebSite\",\"@id\":\"https:\/\/www.technic-toys.com\/en\/#website\",\"url\":\"https:\/\/www.technic-toys.com\/en\/\",\"name\":\"TECHNIC TOYS SHOP\",\"description\":\"\",\"potentialAction\":[{\"@type\":\"SearchAction\",\"target\":{\"@type\":\"EntryPoint\",\"urlTemplate\":\"https:\/\/www.technic-toys.com\/en\/?s={search_term_string}\"},\"query-input\":\"required name=search_term_string\"}],\"inLanguage\":\"hr\"}]}<\/script>\n<!-- \/ Yoast SEO plugin. -->","yoast_head_json":{"title":"AS350 Helikopter bez \u010detkica 3D 3-Blade 6G Flybarless, RTF - TECHNIC TOYS SHOP","robots":{"index":"index","follow":"follow","max-snippet":"max-snippet:-1","max-image-preview":"max-image-preview:large","max-video-preview":"max-video-preview:-1"},"canonical":"https:\/\/www.technic-toys.com\/hr\/proizvod\/as350-helikopter-bez-cetkica-3d-3-blade-6g-flybarless-rtf\/","og_locale":"hr_HR","og_type":"article","og_title":"AS350 Helikopter bez \u010detkica 3D 3-Blade 6G Flybarless, RTF - TECHNIC TOYS SHOP","og_description":"Vrlo lijep helikopter s rotorom sa 3 lopatice, 3D i 6G (po\u010detni) na\u010din rada. Modelom se mo\u017ee leteti sa konstantnom brzinom (kontrolisani nagib) kao i sa pove\u0107anjem brzine (sli\u010dno fiksnom nagibu), a u 6G re\u017eimu ugao nagiba modela je ograni\u010den. Zatim ima sli\u010dne karakteristike leta kao koaksijalni helikopter (samostabilizuju\u0107i). Ali ako zatim prebacite model u [&hellip;]","og_url":"https:\/\/www.technic-toys.com\/hr\/proizvod\/as350-helikopter-bez-cetkica-3d-3-blade-6g-flybarless-rtf\/","og_site_name":"TECHNIC TOYS SHOP","article_modified_time":"2022-08-01T10:43:22+00:00","og_image":[{"width":2560,"height":1468,"url":"https:\/\/www.technic-toys.com\/wp-content\/uploads\/2022\/04\/25302.jpg","type":"image\/jpeg"}],"twitter_card":"summary_large_image","twitter_misc":{"Procijenjeno vrijeme \u010ditanja":"2 minute"},"schema":{"@context":"https:\/\/schema.org","@graph":[{"@type":"WebPage","@id":"https:\/\/www.technic-toys.com\/hr\/proizvod\/as350-helikopter-bez-cetkica-3d-3-blade-6g-flybarless-rtf\/","url":"https:\/\/www.technic-toys.com\/hr\/proizvod\/as350-helikopter-bez-cetkica-3d-3-blade-6g-flybarless-rtf\/","name":"AS350 Helikopter bez \u010detkica 3D 3-Blade 6G Flybarless, RTF - TECHNIC TOYS SHOP","isPartOf":{"@id":"https:\/\/www.technic-toys.com\/en\/#website"},"datePublished":"2022-04-08T19:37:06+00:00","dateModified":"2022-08-01T10:43:22+00:00","breadcrumb":{"@id":"https:\/\/www.technic-toys.com\/hr\/proizvod\/as350-helikopter-bez-cetkica-3d-3-blade-6g-flybarless-rtf\/#breadcrumb"},"inLanguage":"hr","potentialAction":[{"@type":"ReadAction","target":["https:\/\/www.technic-toys.com\/hr\/proizvod\/as350-helikopter-bez-cetkica-3d-3-blade-6g-flybarless-rtf\/"]}]},{"@type":"BreadcrumbList","@id":"https:\/\/www.technic-toys.com\/hr\/proizvod\/as350-helikopter-bez-cetkica-3d-3-blade-6g-flybarless-rtf\/#breadcrumb","itemListElement":[{"@type":"ListItem","position":1,"name":"Domov","item":"https:\/\/www.technic-toys.com\/hr\/"},{"@type":"ListItem","position":2,"name":"Shop","item":"https:\/\/www.technic-toys.com\/hr\/shop-2\/"},{"@type":"ListItem","position":3,"name":"AS350 Helikopter bez \u010detkica 3D 3-Blade 6G Flybarless, RTF"}]},{"@type":"WebSite","@id":"https:\/\/www.technic-toys.com\/en\/#website","url":"https:\/\/www.technic-toys.com\/en\/","name":"TECHNIC TOYS SHOP","description":"","potentialAction":[{"@type":"SearchAction","target":{"@type":"EntryPoint","urlTemplate":"https:\/\/www.technic-toys.com\/en\/?s={search_term_string}"},"query-input":"required name=search_term_string"}],"inLanguage":"hr"}]}},"_links":{"self":[{"href":"https:\/\/www.technic-toys.com\/hr\/wp-json\/wp\/v2\/product\/19778"}],"collection":[{"href":"https:\/\/www.technic-toys.com\/hr\/wp-json\/wp\/v2\/product"}],"about":[{"href":"https:\/\/www.technic-toys.com\/hr\/wp-json\/wp\/v2\/types\/product"}],"wp:featuredmedia":[{"embeddable":true,"href":"https:\/\/www.technic-toys.com\/hr\/wp-json\/wp\/v2\/media\/17897"}],"wp:attachment":[{"href":"https:\/\/www.technic-toys.com\/hr\/wp-json\/wp\/v2\/media?parent=19778"}],"wp:term":[{"taxonomy":"product_cat","embeddable":true,"href":"https:\/\/www.technic-toys.com\/hr\/wp-json\/wp\/v2\/product_cat?post=19778"},{"taxonomy":"product_tag","embeddable":true,"href":"https:\/\/www.technic-toys.com\/hr\/wp-json\/wp\/v2\/product_tag?post=19778"}],"curies":[{"name":"wp","href":"https:\/\/api.w.org\/{rel}","templated":true}]}}