{"id":19782,"date":"2022-04-08T17:32:24","date_gmt":"2022-04-08T19:37:06","guid":{"rendered":"https:\/\/www.technic-toys.com\/izdelek\/afx180-pro-3d-helikopter-bez-letelice-6-kanalni-rtf-2-4ghz\/"},"modified":"2022-08-01T12:43:15","modified_gmt":"2022-08-01T10:43:15","slug":"afx180-pro-3d-helikopter-bez-letelice-6-kanalni-rtf-2-4ghz","status":"publish","type":"product","link":"https:\/\/www.technic-toys.com\/hr\/proizvod\/afx180-pro-3d-helikopter-bez-letelice-6-kanalni-rtf-2-4ghz\/","title":{"rendered":"AFX180 PRO 3D helikopter bez letelice 6-kanalni RTF 2.4GHz"},"content":{"rendered":"<p>Pune performanse i zgodna veli\u010dina &#8211; rezultat je novi 3D 6-kanalni helikopter AFX Pro 180 3D flybarless. Model ima izuzetno sna\u017ean pogon (1308 motor bez \u010detkica sa 6500KV) i stra\u017enji motor velikog broja okretaja (1104 bez \u010detkica), koji u kombinaciji sa preciznim flybarless sistemom i LiPo baterijom 7.4V 700mAh omogu\u0107ava brutalnu koli\u010dinu snage. Ovaj RC helikopter se mo\u017ee podesiti na nekoliko na\u010dina za one koji su novi u 3D helikopterskom akrobatiji s kontroliranim nagibom: Izvan kutije, model ima 6G na\u010din rada pogodan za po\u010detnike. Ovdje se brzina pode\u0161ava preko ru\u010dice gasa, tako da se AFX180 Pro pona\u0161a kao normalan helikopter fiksnog nagiba (kontrolisan brzinom). Pona\u0161anje reakcije i brzina penjanja samo su bolji i br\u017ei. Alternativno, oda\u0161ilja\u010d se mo\u017ee koristiti za prebacivanje u 3D na\u010din rada &#8211; \u0161to pretvara ovaj mali heli s kontroliranim nagibom u pravo \u010dudovi\u0161te. Neukro\u0107ena snaga omogu\u0107ava modelu da poleti u nebo. Svi uobi\u010dajeni akrobatski manevri mogu se letjeti bez ikakvih problema. Stra\u017enji motor s visokim brojem okretaja osigurava apsolutnu stabilnost smjera i uvijek vas dr\u017ei na kursu. \u010cak i u obrnutom letu unazad, rep ostaje apsolutno precizan. Cijeli model prenosi izuzetno dobar osje\u0107aj u letu. Tri visokokvalitetna digitalna servo motora sa vrlo brzim vremenom odziva i metalnim zup\u010danicima su instalirani za implementaciju komandi upravljanja na glavi rotora. Cijela glava rotora i dr\u017ea\u010di no\u017eeva su izra\u0111eni od metala. Preklopna plo\u010da je tako\u0111er izra\u0111ena od visokokvalitetnog aluminija. Repni nosa\u010d napravljen od karbona tako\u0111e ima visoku torzionu krutost. Glavne lopatice su napravljene od kompozitnih materijala, a zadnje lopatice su aerodinami\u010dki prilago\u0111ene sistemu. Sve komponente su uskla\u0111ene i omogu\u0107avaju do sada gotovo nedosti\u017ene letne performanse. Uklju\u010deni 8-kanalni oda\u0161ilja\u010d udobno le\u017ei u va\u0161oj ruci i jednostavan je za kori\u0161tenje. Svi parametri su ve\u0107 pode\u0161eni, tako da je model zaista odmah &#8216;spreman za let&#8217; sa uklju\u010denim daljinskim upravlja\u010dem. Kao dodatni naglasak, heli se tako\u0111er mo\u017ee povezati sa Spektrum satelitima preko flybarless sistema, tako da alternativno mo\u017eete letjeti sa svojim vlastitim oda\u0161ilja\u010dem (Spektrum DSMX ili DSM2).<\/p>\n<p>Karakteristike:<br \/ > Ekstremne performanse<br \/>6500KV glavni HULK motor bez \u010detkica<br \/>Repni motor bez \u010detkica visokog broja obrtaja<br \/>Posebne glavne i repne lopatice<br \/>Aluminijumska glava rotora<br \/>Aluminijumski dr\u017ea\u010di no\u017eeva<br \/>Aluminijumska preklopna plo\u010da< br \/>MG digitalni servos<br \/>Visokokvalitetni flybarless sistem sa vezom za spektralne satelite DSMX i DSM2<br \/>Ugljeni\u010dna repna grana<br \/>LiPo baterija 2S 7.4V 700mAh 25C<br \/>USB izlaz kabla za brzo punjenje 1000mAh< br \/><br \/>Tehni\u010dki podaci:<br \/>Du\u017eina trupa: 345mm<br \/>\u0160irina trupa: 65mm<br \/>Visina trupa: 100mm<br \/>Pre\u010dnik rotora: 350mm<br \/>Repni rotor pre\u010dnik: 56mm<br \/>Glavni motor: Bez \u010detkica 1308 \/ 6500KV<br \/>Stra\u017enji motor: Bez \u010detkica 1104<br \/>Glavni materijal: Plastika<br \/>Te\u017eina spremna za letenje: 159g<br \/>Servo: MG Digital< br \/>Daljinski upravlja\u010d: 8-kanalni, 2.4GHz< br \/>Baterija: LiPo 2S 7.4V 700mAh, 25C, XT30, 55x21x15mm, 36g<br \/>Balanser: XH<br \/>Vrijeme leta: otprilike 5-8min u zavisnosti od stila leta<br \/>Punja\u010d: USB kabl za brzo punjenje 1000mAh \/> Vrijeme punjenja: pribli\u017eno 60-90 minuta >USB kabel za punjenje<br \/>Rezervni no\u017eevi (glavni i stra\u017enji)<br \/>Alati<br \/>Korisni\u010dki priru\u010dnik DE\/EN<\/p>\n<p>Potreban pribor :<br \/>4x 1.5V AA mignon baterije za daljinski upravlja\u010d<\/p>\n","protected":false},"excerpt":{"rendered":"<p>Pune performanse i zgodna veli\u010dina &#8211; rezultat je novi 3D 6-kanalni helikopter AFX Pro 180 3D flybarless. Model ima izuzetno sna\u017ean pogon (1308 motor bez \u010detkica sa 6500KV) i stra\u017enji motor velikog broja okretaja (1104 bez \u010detkica), koji u kombinaciji sa preciznim flybarless sistemom i LiPo baterijom 7.4V 700mAh omogu\u0107ava brutalnu koli\u010dinu snage. Ovaj RC [&hellip;]<\/p>\n","protected":false},"featured_media":17982,"template":"","meta":[],"product_cat":[477,480],"product_tag":[],"acf":[],"yoast_head":"<!-- This site is optimized with the Yoast SEO plugin v21.7 - https:\/\/yoast.com\/wordpress\/plugins\/seo\/ -->\n<title>AFX180 PRO 3D helikopter bez letelice 6-kanalni RTF 2.4GHz - TECHNIC TOYS SHOP<\/title>\n<meta name=\"robots\" content=\"index, follow, max-snippet:-1, max-image-preview:large, max-video-preview:-1\" \/>\n<link rel=\"canonical\" href=\"https:\/\/www.technic-toys.com\/hr\/proizvod\/afx180-pro-3d-helikopter-bez-letelice-6-kanalni-rtf-2-4ghz\/\" \/>\n<meta property=\"og:locale\" content=\"hr_HR\" \/>\n<meta property=\"og:type\" content=\"article\" \/>\n<meta property=\"og:title\" content=\"AFX180 PRO 3D helikopter bez letelice 6-kanalni RTF 2.4GHz - TECHNIC TOYS SHOP\" \/>\n<meta property=\"og:description\" content=\"Pune performanse i zgodna veli\u010dina &#8211; rezultat je novi 3D 6-kanalni helikopter AFX Pro 180 3D flybarless. Model ima izuzetno sna\u017ean pogon (1308 motor bez \u010detkica sa 6500KV) i stra\u017enji motor velikog broja okretaja (1104 bez \u010detkica), koji u kombinaciji sa preciznim flybarless sistemom i LiPo baterijom 7.4V 700mAh omogu\u0107ava brutalnu koli\u010dinu snage. Ovaj RC [&hellip;]\" \/>\n<meta property=\"og:url\" content=\"https:\/\/www.technic-toys.com\/hr\/proizvod\/afx180-pro-3d-helikopter-bez-letelice-6-kanalni-rtf-2-4ghz\/\" \/>\n<meta property=\"og:site_name\" content=\"TECHNIC TOYS SHOP\" \/>\n<meta property=\"article:modified_time\" content=\"2022-08-01T10:43:15+00:00\" \/>\n<meta property=\"og:image\" content=\"https:\/\/www.technic-toys.com\/wp-content\/uploads\/2022\/04\/25315.jpg\" \/>\n\t<meta property=\"og:image:width\" content=\"2560\" \/>\n\t<meta property=\"og:image:height\" content=\"1468\" \/>\n\t<meta property=\"og:image:type\" content=\"image\/jpeg\" \/>\n<meta name=\"twitter:card\" content=\"summary_large_image\" \/>\n<meta name=\"twitter:label1\" content=\"Procijenjeno vrijeme \u010ditanja\" \/>\n\t<meta name=\"twitter:data1\" content=\"3 minute\" \/>\n<script type=\"application\/ld+json\" class=\"yoast-schema-graph\">{\"@context\":\"https:\/\/schema.org\",\"@graph\":[{\"@type\":\"WebPage\",\"@id\":\"https:\/\/www.technic-toys.com\/hr\/proizvod\/afx180-pro-3d-helikopter-bez-letelice-6-kanalni-rtf-2-4ghz\/\",\"url\":\"https:\/\/www.technic-toys.com\/hr\/proizvod\/afx180-pro-3d-helikopter-bez-letelice-6-kanalni-rtf-2-4ghz\/\",\"name\":\"AFX180 PRO 3D helikopter bez letelice 6-kanalni RTF 2.4GHz - TECHNIC TOYS SHOP\",\"isPartOf\":{\"@id\":\"https:\/\/www.technic-toys.com\/en\/#website\"},\"datePublished\":\"2022-04-08T19:37:06+00:00\",\"dateModified\":\"2022-08-01T10:43:15+00:00\",\"breadcrumb\":{\"@id\":\"https:\/\/www.technic-toys.com\/hr\/proizvod\/afx180-pro-3d-helikopter-bez-letelice-6-kanalni-rtf-2-4ghz\/#breadcrumb\"},\"inLanguage\":\"hr\",\"potentialAction\":[{\"@type\":\"ReadAction\",\"target\":[\"https:\/\/www.technic-toys.com\/hr\/proizvod\/afx180-pro-3d-helikopter-bez-letelice-6-kanalni-rtf-2-4ghz\/\"]}]},{\"@type\":\"BreadcrumbList\",\"@id\":\"https:\/\/www.technic-toys.com\/hr\/proizvod\/afx180-pro-3d-helikopter-bez-letelice-6-kanalni-rtf-2-4ghz\/#breadcrumb\",\"itemListElement\":[{\"@type\":\"ListItem\",\"position\":1,\"name\":\"Domov\",\"item\":\"https:\/\/www.technic-toys.com\/hr\/\"},{\"@type\":\"ListItem\",\"position\":2,\"name\":\"Shop\",\"item\":\"https:\/\/www.technic-toys.com\/hr\/shop-2\/\"},{\"@type\":\"ListItem\",\"position\":3,\"name\":\"AFX180 PRO 3D helikopter bez letelice 6-kanalni RTF 2.4GHz\"}]},{\"@type\":\"WebSite\",\"@id\":\"https:\/\/www.technic-toys.com\/en\/#website\",\"url\":\"https:\/\/www.technic-toys.com\/en\/\",\"name\":\"TECHNIC TOYS SHOP\",\"description\":\"\",\"potentialAction\":[{\"@type\":\"SearchAction\",\"target\":{\"@type\":\"EntryPoint\",\"urlTemplate\":\"https:\/\/www.technic-toys.com\/en\/?s={search_term_string}\"},\"query-input\":\"required name=search_term_string\"}],\"inLanguage\":\"hr\"}]}<\/script>\n<!-- \/ Yoast SEO plugin. -->","yoast_head_json":{"title":"AFX180 PRO 3D helikopter bez letelice 6-kanalni RTF 2.4GHz - TECHNIC TOYS SHOP","robots":{"index":"index","follow":"follow","max-snippet":"max-snippet:-1","max-image-preview":"max-image-preview:large","max-video-preview":"max-video-preview:-1"},"canonical":"https:\/\/www.technic-toys.com\/hr\/proizvod\/afx180-pro-3d-helikopter-bez-letelice-6-kanalni-rtf-2-4ghz\/","og_locale":"hr_HR","og_type":"article","og_title":"AFX180 PRO 3D helikopter bez letelice 6-kanalni RTF 2.4GHz - TECHNIC TOYS SHOP","og_description":"Pune performanse i zgodna veli\u010dina &#8211; rezultat je novi 3D 6-kanalni helikopter AFX Pro 180 3D flybarless. Model ima izuzetno sna\u017ean pogon (1308 motor bez \u010detkica sa 6500KV) i stra\u017enji motor velikog broja okretaja (1104 bez \u010detkica), koji u kombinaciji sa preciznim flybarless sistemom i LiPo baterijom 7.4V 700mAh omogu\u0107ava brutalnu koli\u010dinu snage. Ovaj RC [&hellip;]","og_url":"https:\/\/www.technic-toys.com\/hr\/proizvod\/afx180-pro-3d-helikopter-bez-letelice-6-kanalni-rtf-2-4ghz\/","og_site_name":"TECHNIC TOYS SHOP","article_modified_time":"2022-08-01T10:43:15+00:00","og_image":[{"width":2560,"height":1468,"url":"https:\/\/www.technic-toys.com\/wp-content\/uploads\/2022\/04\/25315.jpg","type":"image\/jpeg"}],"twitter_card":"summary_large_image","twitter_misc":{"Procijenjeno vrijeme \u010ditanja":"3 minute"},"schema":{"@context":"https:\/\/schema.org","@graph":[{"@type":"WebPage","@id":"https:\/\/www.technic-toys.com\/hr\/proizvod\/afx180-pro-3d-helikopter-bez-letelice-6-kanalni-rtf-2-4ghz\/","url":"https:\/\/www.technic-toys.com\/hr\/proizvod\/afx180-pro-3d-helikopter-bez-letelice-6-kanalni-rtf-2-4ghz\/","name":"AFX180 PRO 3D helikopter bez letelice 6-kanalni RTF 2.4GHz - TECHNIC TOYS SHOP","isPartOf":{"@id":"https:\/\/www.technic-toys.com\/en\/#website"},"datePublished":"2022-04-08T19:37:06+00:00","dateModified":"2022-08-01T10:43:15+00:00","breadcrumb":{"@id":"https:\/\/www.technic-toys.com\/hr\/proizvod\/afx180-pro-3d-helikopter-bez-letelice-6-kanalni-rtf-2-4ghz\/#breadcrumb"},"inLanguage":"hr","potentialAction":[{"@type":"ReadAction","target":["https:\/\/www.technic-toys.com\/hr\/proizvod\/afx180-pro-3d-helikopter-bez-letelice-6-kanalni-rtf-2-4ghz\/"]}]},{"@type":"BreadcrumbList","@id":"https:\/\/www.technic-toys.com\/hr\/proizvod\/afx180-pro-3d-helikopter-bez-letelice-6-kanalni-rtf-2-4ghz\/#breadcrumb","itemListElement":[{"@type":"ListItem","position":1,"name":"Domov","item":"https:\/\/www.technic-toys.com\/hr\/"},{"@type":"ListItem","position":2,"name":"Shop","item":"https:\/\/www.technic-toys.com\/hr\/shop-2\/"},{"@type":"ListItem","position":3,"name":"AFX180 PRO 3D helikopter bez letelice 6-kanalni RTF 2.4GHz"}]},{"@type":"WebSite","@id":"https:\/\/www.technic-toys.com\/en\/#website","url":"https:\/\/www.technic-toys.com\/en\/","name":"TECHNIC TOYS SHOP","description":"","potentialAction":[{"@type":"SearchAction","target":{"@type":"EntryPoint","urlTemplate":"https:\/\/www.technic-toys.com\/en\/?s={search_term_string}"},"query-input":"required name=search_term_string"}],"inLanguage":"hr"}]}},"_links":{"self":[{"href":"https:\/\/www.technic-toys.com\/hr\/wp-json\/wp\/v2\/product\/19782"}],"collection":[{"href":"https:\/\/www.technic-toys.com\/hr\/wp-json\/wp\/v2\/product"}],"about":[{"href":"https:\/\/www.technic-toys.com\/hr\/wp-json\/wp\/v2\/types\/product"}],"wp:featuredmedia":[{"embeddable":true,"href":"https:\/\/www.technic-toys.com\/hr\/wp-json\/wp\/v2\/media\/17982"}],"wp:attachment":[{"href":"https:\/\/www.technic-toys.com\/hr\/wp-json\/wp\/v2\/media?parent=19782"}],"wp:term":[{"taxonomy":"product_cat","embeddable":true,"href":"https:\/\/www.technic-toys.com\/hr\/wp-json\/wp\/v2\/product_cat?post=19782"},{"taxonomy":"product_tag","embeddable":true,"href":"https:\/\/www.technic-toys.com\/hr\/wp-json\/wp\/v2\/product_tag?post=19782"}],"curies":[{"name":"wp","href":"https:\/\/api.w.org\/{rel}","templated":true}]}}