{"id":19793,"date":"2022-04-08T17:32:24","date_gmt":"2022-04-08T19:37:23","guid":{"rendered":"https:\/\/www.technic-toys.com\/izdelek\/policijski-mornaricki-patrolni-camac-406-bez-cetkica-750-mm-rtr\/"},"modified":"2022-08-01T12:43:17","modified_gmt":"2022-08-01T10:43:17","slug":"policijski-mornaricki-patrolni-camac-406-bez-cetkica-750-mm-rtr","status":"publish","type":"product","link":"https:\/\/www.technic-toys.com\/hr\/proizvod\/policijski-mornaricki-patrolni-camac-406-bez-cetkica-750-mm-rtr\/","title":{"rendered":"Policijski\/mornari\u010dki patrolni \u010damac 406 bez \u010detkica, 750 mm, RTR"},"content":{"rendered":"<p>Patrolni \u010damac 406 Predivna i ru\u010dno ra\u0111ena replika poznatog patrolnog \u010damca tipa 406, koji se koristi na mnogim okeanima od strane policije i mornarice. Trup je izra\u0111en od robusnog fiberglasa. Oslikana svijetlo plavom bojom iznad vodene linije. Kao rezultat toga, plemeniti izgled \u010distog i s ljubavlju obra\u0111enog broda dolazi do izra\u017eaja jo\u0161 bolje. Paluba je napravljena od pravog drveta sa realisti\u010dnim izgledom brodske daske. Sna\u017eni motor bez \u010detkica je hla\u0111en vodom, pogon i kormilo su od ner\u0111aju\u0107eg \u010delika ili aluminijuma. \u010camac se isporu\u010duje RTR (Ready to Run). Moderan, digitalni radio daljinski upravlja\u010d od 2,4 GHz omogu\u0107ava kontrolu bez smetnji. Tehni\u010dki podaci: Du\u017eina: 715 mm (28&#8221;) \u0160irina: 215 mm Visina 195 mm. Materijal ku\u0107i\u0161ta \u010damca: stakloplastike. cooledDaljinski upravlja\u010d: 2,4 GHz, FS -GT2, digitalni Obim isporuke: 1 x patrolni \u010damac 4061 x brodsko postolje 1 x FS-GT2 daljinski upravlja\u010d sa 2,4 GHz 1 x klju\u010d za monta\u017eu 3 x \u0161estougaoni klju\u010d 1 x uputstvo za upotrebu (engl.) Potreban pribor: Baterija: 4S -4500mAh LiPo ili ve\u0107e 8 x 1,5 V AA mignon baterije (daljinski upravlja\u010d)<\/p>\n","protected":false},"excerpt":{"rendered":"<p>Patrolni \u010damac 406 Predivna i ru\u010dno ra\u0111ena replika poznatog patrolnog \u010damca tipa 406, koji se koristi na mnogim okeanima od strane policije i mornarice. Trup je izra\u0111en od robusnog fiberglasa. Oslikana svijetlo plavom bojom iznad vodene linije. Kao rezultat toga, plemeniti izgled \u010distog i s ljubavlju obra\u0111enog broda dolazi do izra\u017eaja jo\u0161 bolje. Paluba je [&hellip;]<\/p>\n","protected":false},"featured_media":18134,"template":"","meta":[],"product_cat":[502,506],"product_tag":[],"acf":[],"yoast_head":"<!-- This site is optimized with the Yoast SEO plugin v21.7 - https:\/\/yoast.com\/wordpress\/plugins\/seo\/ -->\n<title>Policijski\/mornari\u010dki patrolni \u010damac 406 bez \u010detkica, 750 mm, RTR - TECHNIC TOYS SHOP<\/title>\n<meta name=\"robots\" content=\"index, follow, max-snippet:-1, max-image-preview:large, max-video-preview:-1\" \/>\n<link rel=\"canonical\" href=\"https:\/\/www.technic-toys.com\/hr\/proizvod\/policijski-mornaricki-patrolni-camac-406-bez-cetkica-750-mm-rtr\/\" \/>\n<meta property=\"og:locale\" content=\"hr_HR\" \/>\n<meta property=\"og:type\" content=\"article\" \/>\n<meta property=\"og:title\" content=\"Policijski\/mornari\u010dki patrolni \u010damac 406 bez \u010detkica, 750 mm, RTR - TECHNIC TOYS SHOP\" \/>\n<meta property=\"og:description\" content=\"Patrolni \u010damac 406 Predivna i ru\u010dno ra\u0111ena replika poznatog patrolnog \u010damca tipa 406, koji se koristi na mnogim okeanima od strane policije i mornarice. Trup je izra\u0111en od robusnog fiberglasa. Oslikana svijetlo plavom bojom iznad vodene linije. Kao rezultat toga, plemeniti izgled \u010distog i s ljubavlju obra\u0111enog broda dolazi do izra\u017eaja jo\u0161 bolje. Paluba je [&hellip;]\" \/>\n<meta property=\"og:url\" content=\"https:\/\/www.technic-toys.com\/hr\/proizvod\/policijski-mornaricki-patrolni-camac-406-bez-cetkica-750-mm-rtr\/\" \/>\n<meta property=\"og:site_name\" content=\"TECHNIC TOYS SHOP\" \/>\n<meta property=\"article:modified_time\" content=\"2022-08-01T10:43:17+00:00\" \/>\n<meta property=\"og:image\" content=\"https:\/\/www.technic-toys.com\/wp-content\/uploads\/2022\/04\/26040.jpg\" \/>\n\t<meta property=\"og:image:width\" content=\"2560\" \/>\n\t<meta property=\"og:image:height\" content=\"1468\" \/>\n\t<meta property=\"og:image:type\" content=\"image\/jpeg\" \/>\n<meta name=\"twitter:card\" content=\"summary_large_image\" \/>\n<meta name=\"twitter:label1\" content=\"Procijenjeno vrijeme \u010ditanja\" \/>\n\t<meta name=\"twitter:data1\" content=\"1 minuta\" \/>\n<script type=\"application\/ld+json\" class=\"yoast-schema-graph\">{\"@context\":\"https:\/\/schema.org\",\"@graph\":[{\"@type\":\"WebPage\",\"@id\":\"https:\/\/www.technic-toys.com\/hr\/proizvod\/policijski-mornaricki-patrolni-camac-406-bez-cetkica-750-mm-rtr\/\",\"url\":\"https:\/\/www.technic-toys.com\/hr\/proizvod\/policijski-mornaricki-patrolni-camac-406-bez-cetkica-750-mm-rtr\/\",\"name\":\"Policijski\/mornari\u010dki patrolni \u010damac 406 bez \u010detkica, 750 mm, RTR - TECHNIC TOYS SHOP\",\"isPartOf\":{\"@id\":\"https:\/\/www.technic-toys.com\/en\/#website\"},\"datePublished\":\"2022-04-08T19:37:23+00:00\",\"dateModified\":\"2022-08-01T10:43:17+00:00\",\"breadcrumb\":{\"@id\":\"https:\/\/www.technic-toys.com\/hr\/proizvod\/policijski-mornaricki-patrolni-camac-406-bez-cetkica-750-mm-rtr\/#breadcrumb\"},\"inLanguage\":\"hr\",\"potentialAction\":[{\"@type\":\"ReadAction\",\"target\":[\"https:\/\/www.technic-toys.com\/hr\/proizvod\/policijski-mornaricki-patrolni-camac-406-bez-cetkica-750-mm-rtr\/\"]}]},{\"@type\":\"BreadcrumbList\",\"@id\":\"https:\/\/www.technic-toys.com\/hr\/proizvod\/policijski-mornaricki-patrolni-camac-406-bez-cetkica-750-mm-rtr\/#breadcrumb\",\"itemListElement\":[{\"@type\":\"ListItem\",\"position\":1,\"name\":\"Domov\",\"item\":\"https:\/\/www.technic-toys.com\/hr\/\"},{\"@type\":\"ListItem\",\"position\":2,\"name\":\"Shop\",\"item\":\"https:\/\/www.technic-toys.com\/hr\/shop-2\/\"},{\"@type\":\"ListItem\",\"position\":3,\"name\":\"Policijski\/mornari\u010dki patrolni \u010damac 406 bez \u010detkica, 750 mm, RTR\"}]},{\"@type\":\"WebSite\",\"@id\":\"https:\/\/www.technic-toys.com\/en\/#website\",\"url\":\"https:\/\/www.technic-toys.com\/en\/\",\"name\":\"TECHNIC TOYS SHOP\",\"description\":\"\",\"potentialAction\":[{\"@type\":\"SearchAction\",\"target\":{\"@type\":\"EntryPoint\",\"urlTemplate\":\"https:\/\/www.technic-toys.com\/en\/?s={search_term_string}\"},\"query-input\":\"required name=search_term_string\"}],\"inLanguage\":\"hr\"}]}<\/script>\n<!-- \/ Yoast SEO plugin. -->","yoast_head_json":{"title":"Policijski\/mornari\u010dki patrolni \u010damac 406 bez \u010detkica, 750 mm, RTR - TECHNIC TOYS SHOP","robots":{"index":"index","follow":"follow","max-snippet":"max-snippet:-1","max-image-preview":"max-image-preview:large","max-video-preview":"max-video-preview:-1"},"canonical":"https:\/\/www.technic-toys.com\/hr\/proizvod\/policijski-mornaricki-patrolni-camac-406-bez-cetkica-750-mm-rtr\/","og_locale":"hr_HR","og_type":"article","og_title":"Policijski\/mornari\u010dki patrolni \u010damac 406 bez \u010detkica, 750 mm, RTR - TECHNIC TOYS SHOP","og_description":"Patrolni \u010damac 406 Predivna i ru\u010dno ra\u0111ena replika poznatog patrolnog \u010damca tipa 406, koji se koristi na mnogim okeanima od strane policije i mornarice. Trup je izra\u0111en od robusnog fiberglasa. Oslikana svijetlo plavom bojom iznad vodene linije. Kao rezultat toga, plemeniti izgled \u010distog i s ljubavlju obra\u0111enog broda dolazi do izra\u017eaja jo\u0161 bolje. Paluba je [&hellip;]","og_url":"https:\/\/www.technic-toys.com\/hr\/proizvod\/policijski-mornaricki-patrolni-camac-406-bez-cetkica-750-mm-rtr\/","og_site_name":"TECHNIC TOYS SHOP","article_modified_time":"2022-08-01T10:43:17+00:00","og_image":[{"width":2560,"height":1468,"url":"https:\/\/www.technic-toys.com\/wp-content\/uploads\/2022\/04\/26040.jpg","type":"image\/jpeg"}],"twitter_card":"summary_large_image","twitter_misc":{"Procijenjeno vrijeme \u010ditanja":"1 minuta"},"schema":{"@context":"https:\/\/schema.org","@graph":[{"@type":"WebPage","@id":"https:\/\/www.technic-toys.com\/hr\/proizvod\/policijski-mornaricki-patrolni-camac-406-bez-cetkica-750-mm-rtr\/","url":"https:\/\/www.technic-toys.com\/hr\/proizvod\/policijski-mornaricki-patrolni-camac-406-bez-cetkica-750-mm-rtr\/","name":"Policijski\/mornari\u010dki patrolni \u010damac 406 bez \u010detkica, 750 mm, RTR - TECHNIC TOYS SHOP","isPartOf":{"@id":"https:\/\/www.technic-toys.com\/en\/#website"},"datePublished":"2022-04-08T19:37:23+00:00","dateModified":"2022-08-01T10:43:17+00:00","breadcrumb":{"@id":"https:\/\/www.technic-toys.com\/hr\/proizvod\/policijski-mornaricki-patrolni-camac-406-bez-cetkica-750-mm-rtr\/#breadcrumb"},"inLanguage":"hr","potentialAction":[{"@type":"ReadAction","target":["https:\/\/www.technic-toys.com\/hr\/proizvod\/policijski-mornaricki-patrolni-camac-406-bez-cetkica-750-mm-rtr\/"]}]},{"@type":"BreadcrumbList","@id":"https:\/\/www.technic-toys.com\/hr\/proizvod\/policijski-mornaricki-patrolni-camac-406-bez-cetkica-750-mm-rtr\/#breadcrumb","itemListElement":[{"@type":"ListItem","position":1,"name":"Domov","item":"https:\/\/www.technic-toys.com\/hr\/"},{"@type":"ListItem","position":2,"name":"Shop","item":"https:\/\/www.technic-toys.com\/hr\/shop-2\/"},{"@type":"ListItem","position":3,"name":"Policijski\/mornari\u010dki patrolni \u010damac 406 bez \u010detkica, 750 mm, RTR"}]},{"@type":"WebSite","@id":"https:\/\/www.technic-toys.com\/en\/#website","url":"https:\/\/www.technic-toys.com\/en\/","name":"TECHNIC TOYS SHOP","description":"","potentialAction":[{"@type":"SearchAction","target":{"@type":"EntryPoint","urlTemplate":"https:\/\/www.technic-toys.com\/en\/?s={search_term_string}"},"query-input":"required name=search_term_string"}],"inLanguage":"hr"}]}},"_links":{"self":[{"href":"https:\/\/www.technic-toys.com\/hr\/wp-json\/wp\/v2\/product\/19793"}],"collection":[{"href":"https:\/\/www.technic-toys.com\/hr\/wp-json\/wp\/v2\/product"}],"about":[{"href":"https:\/\/www.technic-toys.com\/hr\/wp-json\/wp\/v2\/types\/product"}],"wp:featuredmedia":[{"embeddable":true,"href":"https:\/\/www.technic-toys.com\/hr\/wp-json\/wp\/v2\/media\/18134"}],"wp:attachment":[{"href":"https:\/\/www.technic-toys.com\/hr\/wp-json\/wp\/v2\/media?parent=19793"}],"wp:term":[{"taxonomy":"product_cat","embeddable":true,"href":"https:\/\/www.technic-toys.com\/hr\/wp-json\/wp\/v2\/product_cat?post=19793"},{"taxonomy":"product_tag","embeddable":true,"href":"https:\/\/www.technic-toys.com\/hr\/wp-json\/wp\/v2\/product_tag?post=19793"}],"curies":[{"name":"wp","href":"https:\/\/api.w.org\/{rel}","templated":true}]}}