{"id":19795,"date":"2022-04-08T17:32:24","date_gmt":"2022-04-08T19:37:23","guid":{"rendered":"https:\/\/www.technic-toys.com\/izdelek\/rocket-v-boot-genesis-scheme-bez-cetkica-650-mm-rtr\/"},"modified":"2022-08-01T12:43:17","modified_gmt":"2022-08-01T10:43:17","slug":"rocket-v-boot-genesis-scheme-bez-cetkica-650-mm-rtr","status":"publish","type":"product","link":"https:\/\/www.technic-toys.com\/hr\/proizvod\/rocket-v-boot-genesis-scheme-bez-cetkica-650-mm-rtr\/","title":{"rendered":"Rocket V-Boot Genesis Scheme bez \u010detkica, 650 mm, RTR"},"content":{"rendered":"<p>Popularna raketa potpuno revidirana iu novom dizajnu.Novi stilski izgled.Trupin od visokokvalitetnog stakloplastike. Savr\u0161eno koordiniran sistem sa kombinacijom vodeno hla\u0111enog 2858KV motora bez \u010detkica i 70A ESC (kontrolora) za veliku maksimalnu brzinu. Trka\u0107i \u010damac tr\u010di kao da je na \u0161inama i provla\u010di se kroz svaku krivinu. Nekomplikovano rukovanje. Dva okretna peraja se mogu sklopiti za jo\u0161 ve\u0107u brzinu tokom trka na desnoj stazi. Rebra i propeler (2 lopatice) od CNC glodanog metala. \u010camac se mo\u017ee voziti sa 3S mono baterijom uskla\u0111enom sa propisima ili sa 4-\u0107elijskom LiPo za ekstremnu snagu. Tehni\u010dki podaci: Tip motora: 380 bez \u010detkica, 2858KV vodeno hla\u0111en ECS: 70A vodeno hla\u0111en, Deans T-konektor Baterija: 3 -4 \u0107elijski LiPo od 3300mAh Dimenzije (D x \u0160 x V): 650 x 200 x 110 mm Te\u017eina: 1100 g Daljinski upravlja\u010d: 2-kanalni 2,4 GHz trup od stakloplastike Obim isporuke: Racing Racing Boat FS-GT2E daljinski upravlja\u010d sa \u010damcem 2,4 GHz. klju\u010d za monta\u017eu postolja 1 rola ljepljive trake Detaljne, ilustrovane upute za upotrebu Potreban pribor: 3-4 (11,1 V &#8211; 14,8 V) \u0107elije LiPo od 2100-4500 mAh LiPo sa Deans T-konektorom i dalje su potrebne 4x 1,5 V Mignon AA baterije<\/p>\n","protected":false},"excerpt":{"rendered":"<p>Popularna raketa potpuno revidirana iu novom dizajnu.Novi stilski izgled.Trupin od visokokvalitetnog stakloplastike. Savr\u0161eno koordiniran sistem sa kombinacijom vodeno hla\u0111enog 2858KV motora bez \u010detkica i 70A ESC (kontrolora) za veliku maksimalnu brzinu. Trka\u0107i \u010damac tr\u010di kao da je na \u0161inama i provla\u010di se kroz svaku krivinu. Nekomplikovano rukovanje. Dva okretna peraja se mogu sklopiti za jo\u0161 [&hellip;]<\/p>\n","protected":false},"featured_media":18181,"template":"","meta":[],"product_cat":[502,506],"product_tag":[],"acf":[],"yoast_head":"<!-- This site is optimized with the Yoast SEO plugin v21.7 - https:\/\/yoast.com\/wordpress\/plugins\/seo\/ -->\n<title>Rocket V-Boot Genesis Scheme bez \u010detkica, 650 mm, RTR - TECHNIC TOYS SHOP<\/title>\n<meta name=\"robots\" content=\"index, follow, max-snippet:-1, max-image-preview:large, max-video-preview:-1\" \/>\n<link rel=\"canonical\" href=\"https:\/\/www.technic-toys.com\/hr\/proizvod\/rocket-v-boot-genesis-scheme-bez-cetkica-650-mm-rtr\/\" \/>\n<meta property=\"og:locale\" content=\"hr_HR\" \/>\n<meta property=\"og:type\" content=\"article\" \/>\n<meta property=\"og:title\" content=\"Rocket V-Boot Genesis Scheme bez \u010detkica, 650 mm, RTR - TECHNIC TOYS SHOP\" \/>\n<meta property=\"og:description\" content=\"Popularna raketa potpuno revidirana iu novom dizajnu.Novi stilski izgled.Trupin od visokokvalitetnog stakloplastike. Savr\u0161eno koordiniran sistem sa kombinacijom vodeno hla\u0111enog 2858KV motora bez \u010detkica i 70A ESC (kontrolora) za veliku maksimalnu brzinu. Trka\u0107i \u010damac tr\u010di kao da je na \u0161inama i provla\u010di se kroz svaku krivinu. Nekomplikovano rukovanje. Dva okretna peraja se mogu sklopiti za jo\u0161 [&hellip;]\" \/>\n<meta property=\"og:url\" content=\"https:\/\/www.technic-toys.com\/hr\/proizvod\/rocket-v-boot-genesis-scheme-bez-cetkica-650-mm-rtr\/\" \/>\n<meta property=\"og:site_name\" content=\"TECHNIC TOYS SHOP\" \/>\n<meta property=\"article:modified_time\" content=\"2022-08-01T10:43:17+00:00\" \/>\n<meta property=\"og:image\" content=\"https:\/\/www.technic-toys.com\/wp-content\/uploads\/2022\/04\/26046-scaled.jpg\" \/>\n\t<meta property=\"og:image:width\" content=\"2560\" \/>\n\t<meta property=\"og:image:height\" content=\"1468\" \/>\n\t<meta property=\"og:image:type\" content=\"image\/jpeg\" \/>\n<meta name=\"twitter:card\" content=\"summary_large_image\" \/>\n<meta name=\"twitter:label1\" content=\"Procijenjeno vrijeme \u010ditanja\" \/>\n\t<meta name=\"twitter:data1\" content=\"1 minuta\" \/>\n<script type=\"application\/ld+json\" class=\"yoast-schema-graph\">{\"@context\":\"https:\/\/schema.org\",\"@graph\":[{\"@type\":\"WebPage\",\"@id\":\"https:\/\/www.technic-toys.com\/hr\/proizvod\/rocket-v-boot-genesis-scheme-bez-cetkica-650-mm-rtr\/\",\"url\":\"https:\/\/www.technic-toys.com\/hr\/proizvod\/rocket-v-boot-genesis-scheme-bez-cetkica-650-mm-rtr\/\",\"name\":\"Rocket V-Boot Genesis Scheme bez \u010detkica, 650 mm, RTR - TECHNIC TOYS SHOP\",\"isPartOf\":{\"@id\":\"https:\/\/www.technic-toys.com\/en\/#website\"},\"datePublished\":\"2022-04-08T19:37:23+00:00\",\"dateModified\":\"2022-08-01T10:43:17+00:00\",\"breadcrumb\":{\"@id\":\"https:\/\/www.technic-toys.com\/hr\/proizvod\/rocket-v-boot-genesis-scheme-bez-cetkica-650-mm-rtr\/#breadcrumb\"},\"inLanguage\":\"hr\",\"potentialAction\":[{\"@type\":\"ReadAction\",\"target\":[\"https:\/\/www.technic-toys.com\/hr\/proizvod\/rocket-v-boot-genesis-scheme-bez-cetkica-650-mm-rtr\/\"]}]},{\"@type\":\"BreadcrumbList\",\"@id\":\"https:\/\/www.technic-toys.com\/hr\/proizvod\/rocket-v-boot-genesis-scheme-bez-cetkica-650-mm-rtr\/#breadcrumb\",\"itemListElement\":[{\"@type\":\"ListItem\",\"position\":1,\"name\":\"Domov\",\"item\":\"https:\/\/www.technic-toys.com\/hr\/\"},{\"@type\":\"ListItem\",\"position\":2,\"name\":\"Shop\",\"item\":\"https:\/\/www.technic-toys.com\/hr\/shop-2\/\"},{\"@type\":\"ListItem\",\"position\":3,\"name\":\"Rocket V-Boot Genesis Scheme bez \u010detkica, 650 mm, RTR\"}]},{\"@type\":\"WebSite\",\"@id\":\"https:\/\/www.technic-toys.com\/en\/#website\",\"url\":\"https:\/\/www.technic-toys.com\/en\/\",\"name\":\"TECHNIC TOYS SHOP\",\"description\":\"\",\"potentialAction\":[{\"@type\":\"SearchAction\",\"target\":{\"@type\":\"EntryPoint\",\"urlTemplate\":\"https:\/\/www.technic-toys.com\/en\/?s={search_term_string}\"},\"query-input\":\"required name=search_term_string\"}],\"inLanguage\":\"hr\"}]}<\/script>\n<!-- \/ Yoast SEO plugin. -->","yoast_head_json":{"title":"Rocket V-Boot Genesis Scheme bez \u010detkica, 650 mm, RTR - TECHNIC TOYS SHOP","robots":{"index":"index","follow":"follow","max-snippet":"max-snippet:-1","max-image-preview":"max-image-preview:large","max-video-preview":"max-video-preview:-1"},"canonical":"https:\/\/www.technic-toys.com\/hr\/proizvod\/rocket-v-boot-genesis-scheme-bez-cetkica-650-mm-rtr\/","og_locale":"hr_HR","og_type":"article","og_title":"Rocket V-Boot Genesis Scheme bez \u010detkica, 650 mm, RTR - TECHNIC TOYS SHOP","og_description":"Popularna raketa potpuno revidirana iu novom dizajnu.Novi stilski izgled.Trupin od visokokvalitetnog stakloplastike. Savr\u0161eno koordiniran sistem sa kombinacijom vodeno hla\u0111enog 2858KV motora bez \u010detkica i 70A ESC (kontrolora) za veliku maksimalnu brzinu. Trka\u0107i \u010damac tr\u010di kao da je na \u0161inama i provla\u010di se kroz svaku krivinu. Nekomplikovano rukovanje. Dva okretna peraja se mogu sklopiti za jo\u0161 [&hellip;]","og_url":"https:\/\/www.technic-toys.com\/hr\/proizvod\/rocket-v-boot-genesis-scheme-bez-cetkica-650-mm-rtr\/","og_site_name":"TECHNIC TOYS SHOP","article_modified_time":"2022-08-01T10:43:17+00:00","og_image":[{"width":2560,"height":1468,"url":"https:\/\/www.technic-toys.com\/wp-content\/uploads\/2022\/04\/26046-scaled.jpg","type":"image\/jpeg"}],"twitter_card":"summary_large_image","twitter_misc":{"Procijenjeno vrijeme \u010ditanja":"1 minuta"},"schema":{"@context":"https:\/\/schema.org","@graph":[{"@type":"WebPage","@id":"https:\/\/www.technic-toys.com\/hr\/proizvod\/rocket-v-boot-genesis-scheme-bez-cetkica-650-mm-rtr\/","url":"https:\/\/www.technic-toys.com\/hr\/proizvod\/rocket-v-boot-genesis-scheme-bez-cetkica-650-mm-rtr\/","name":"Rocket V-Boot Genesis Scheme bez \u010detkica, 650 mm, RTR - TECHNIC TOYS SHOP","isPartOf":{"@id":"https:\/\/www.technic-toys.com\/en\/#website"},"datePublished":"2022-04-08T19:37:23+00:00","dateModified":"2022-08-01T10:43:17+00:00","breadcrumb":{"@id":"https:\/\/www.technic-toys.com\/hr\/proizvod\/rocket-v-boot-genesis-scheme-bez-cetkica-650-mm-rtr\/#breadcrumb"},"inLanguage":"hr","potentialAction":[{"@type":"ReadAction","target":["https:\/\/www.technic-toys.com\/hr\/proizvod\/rocket-v-boot-genesis-scheme-bez-cetkica-650-mm-rtr\/"]}]},{"@type":"BreadcrumbList","@id":"https:\/\/www.technic-toys.com\/hr\/proizvod\/rocket-v-boot-genesis-scheme-bez-cetkica-650-mm-rtr\/#breadcrumb","itemListElement":[{"@type":"ListItem","position":1,"name":"Domov","item":"https:\/\/www.technic-toys.com\/hr\/"},{"@type":"ListItem","position":2,"name":"Shop","item":"https:\/\/www.technic-toys.com\/hr\/shop-2\/"},{"@type":"ListItem","position":3,"name":"Rocket V-Boot Genesis Scheme bez \u010detkica, 650 mm, RTR"}]},{"@type":"WebSite","@id":"https:\/\/www.technic-toys.com\/en\/#website","url":"https:\/\/www.technic-toys.com\/en\/","name":"TECHNIC TOYS SHOP","description":"","potentialAction":[{"@type":"SearchAction","target":{"@type":"EntryPoint","urlTemplate":"https:\/\/www.technic-toys.com\/en\/?s={search_term_string}"},"query-input":"required name=search_term_string"}],"inLanguage":"hr"}]}},"_links":{"self":[{"href":"https:\/\/www.technic-toys.com\/hr\/wp-json\/wp\/v2\/product\/19795"}],"collection":[{"href":"https:\/\/www.technic-toys.com\/hr\/wp-json\/wp\/v2\/product"}],"about":[{"href":"https:\/\/www.technic-toys.com\/hr\/wp-json\/wp\/v2\/types\/product"}],"wp:featuredmedia":[{"embeddable":true,"href":"https:\/\/www.technic-toys.com\/hr\/wp-json\/wp\/v2\/media\/18181"}],"wp:attachment":[{"href":"https:\/\/www.technic-toys.com\/hr\/wp-json\/wp\/v2\/media?parent=19795"}],"wp:term":[{"taxonomy":"product_cat","embeddable":true,"href":"https:\/\/www.technic-toys.com\/hr\/wp-json\/wp\/v2\/product_cat?post=19795"},{"taxonomy":"product_tag","embeddable":true,"href":"https:\/\/www.technic-toys.com\/hr\/wp-json\/wp\/v2\/product_tag?post=19795"}],"curies":[{"name":"wp","href":"https:\/\/api.w.org\/{rel}","templated":true}]}}