{"id":19796,"date":"2022-04-08T17:32:24","date_gmt":"2022-04-08T19:37:23","guid":{"rendered":"https:\/\/www.technic-toys.com\/izdelek\/trkaci-katamaran-genesis-6s-bez-cetkica\/"},"modified":"2022-08-01T12:43:18","modified_gmt":"2022-08-01T10:43:18","slug":"trkaci-katamaran-genesis-6s-bez-cetkica","status":"publish","type":"product","link":"https:\/\/www.technic-toys.com\/hr\/proizvod\/trkaci-katamaran-genesis-6s-bez-cetkica\/","title":{"rendered":"Trka\u0107i katamaran Genesis 6S bez \u010detkica"},"content":{"rendered":"<p>Genesis 950mm trka\u0107i katamaran bez \u010detkica Hot race optika uparena sa sna\u017enim i vodeno hla\u0111enim motorom bez \u010detkica od 2075 kv i ESC od 120 A. Trup je napravljen od stakloplastike otporne na udarce, upe\u010datljiva zavr\u0161na obrada privla\u010di poglede na bilo kojoj vodi. Obim isporuke ve\u0107 uklju\u010duje veoma zgodan i osjetljiv radio daljinski upravlja\u010d sa 2,4 GHz Genesis ima aluminijumski sistem kormila koji se pokre\u0107e pomo\u0107u servo upravlja\u010da od 3 kg. Uz samoljepljivu traku za poklopac trupa, stalak za \u010damac i klju\u010d za monta\u017eu su uklju\u010deni u obim isporuke.Za rad su potrebne 2x 3S 11.1V LiPo baterije Tehni\u010dki podaci: Materijal trupa: GRP motor: 3674 (2075kv) Kontroler bez \u010detkica (vodeno hla\u0111eni) Hobbywing Seking 120A vodeno hla\u0111en Du\u017eina: 940 mm \u0160irina: 240 mm Visina: 130 mm Te\u017eina: 2,200 g Propeler: najlon sa 2 lopatice Tip osovine: Flex Kormila: Aluminijumsko upravljanje: Aluminijumsko upravljanje od 3kg. 2,4 GHz Postolje za brod1x rola ljepljive trake. Upute za monta\u017eu ilustrovane ilustrovane (njema\u010dki)<br \/>Dodatna oprema: 2x potrebna 3S 11,1V LiPo baterijaLiPo punja\u010d4x 1,5V Mignon AA baterije<\/p>\n","protected":false},"excerpt":{"rendered":"<p>Genesis 950mm trka\u0107i katamaran bez \u010detkica Hot race optika uparena sa sna\u017enim i vodeno hla\u0111enim motorom bez \u010detkica od 2075 kv i ESC od 120 A. Trup je napravljen od stakloplastike otporne na udarce, upe\u010datljiva zavr\u0161na obrada privla\u010di poglede na bilo kojoj vodi. Obim isporuke ve\u0107 uklju\u010duje veoma zgodan i osjetljiv radio daljinski upravlja\u010d sa [&hellip;]<\/p>\n","protected":false},"featured_media":18197,"template":"","meta":[],"product_cat":[502,506],"product_tag":[],"acf":[],"yoast_head":"<!-- This site is optimized with the Yoast SEO plugin v21.7 - https:\/\/yoast.com\/wordpress\/plugins\/seo\/ -->\n<title>Trka\u0107i katamaran Genesis 6S bez \u010detkica - TECHNIC TOYS SHOP<\/title>\n<meta name=\"robots\" content=\"index, follow, max-snippet:-1, max-image-preview:large, max-video-preview:-1\" \/>\n<link rel=\"canonical\" href=\"https:\/\/www.technic-toys.com\/hr\/proizvod\/trkaci-katamaran-genesis-6s-bez-cetkica\/\" \/>\n<meta property=\"og:locale\" content=\"hr_HR\" \/>\n<meta property=\"og:type\" content=\"article\" \/>\n<meta property=\"og:title\" content=\"Trka\u0107i katamaran Genesis 6S bez \u010detkica - TECHNIC TOYS SHOP\" \/>\n<meta property=\"og:description\" content=\"Genesis 950mm trka\u0107i katamaran bez \u010detkica Hot race optika uparena sa sna\u017enim i vodeno hla\u0111enim motorom bez \u010detkica od 2075 kv i ESC od 120 A. Trup je napravljen od stakloplastike otporne na udarce, upe\u010datljiva zavr\u0161na obrada privla\u010di poglede na bilo kojoj vodi. Obim isporuke ve\u0107 uklju\u010duje veoma zgodan i osjetljiv radio daljinski upravlja\u010d sa [&hellip;]\" \/>\n<meta property=\"og:url\" content=\"https:\/\/www.technic-toys.com\/hr\/proizvod\/trkaci-katamaran-genesis-6s-bez-cetkica\/\" \/>\n<meta property=\"og:site_name\" content=\"TECHNIC TOYS SHOP\" \/>\n<meta property=\"article:modified_time\" content=\"2022-08-01T10:43:18+00:00\" \/>\n<meta property=\"og:image\" content=\"https:\/\/www.technic-toys.com\/wp-content\/uploads\/2022\/04\/26049ayM9RguAu4aE0.jpg\" \/>\n\t<meta property=\"og:image:width\" content=\"2560\" \/>\n\t<meta property=\"og:image:height\" content=\"1468\" \/>\n\t<meta property=\"og:image:type\" content=\"image\/jpeg\" \/>\n<meta name=\"twitter:card\" content=\"summary_large_image\" \/>\n<meta name=\"twitter:label1\" content=\"Procijenjeno vrijeme \u010ditanja\" \/>\n\t<meta name=\"twitter:data1\" content=\"1 minuta\" \/>\n<script type=\"application\/ld+json\" class=\"yoast-schema-graph\">{\"@context\":\"https:\/\/schema.org\",\"@graph\":[{\"@type\":\"WebPage\",\"@id\":\"https:\/\/www.technic-toys.com\/hr\/proizvod\/trkaci-katamaran-genesis-6s-bez-cetkica\/\",\"url\":\"https:\/\/www.technic-toys.com\/hr\/proizvod\/trkaci-katamaran-genesis-6s-bez-cetkica\/\",\"name\":\"Trka\u0107i katamaran Genesis 6S bez \u010detkica - TECHNIC TOYS SHOP\",\"isPartOf\":{\"@id\":\"https:\/\/www.technic-toys.com\/en\/#website\"},\"datePublished\":\"2022-04-08T19:37:23+00:00\",\"dateModified\":\"2022-08-01T10:43:18+00:00\",\"breadcrumb\":{\"@id\":\"https:\/\/www.technic-toys.com\/hr\/proizvod\/trkaci-katamaran-genesis-6s-bez-cetkica\/#breadcrumb\"},\"inLanguage\":\"hr\",\"potentialAction\":[{\"@type\":\"ReadAction\",\"target\":[\"https:\/\/www.technic-toys.com\/hr\/proizvod\/trkaci-katamaran-genesis-6s-bez-cetkica\/\"]}]},{\"@type\":\"BreadcrumbList\",\"@id\":\"https:\/\/www.technic-toys.com\/hr\/proizvod\/trkaci-katamaran-genesis-6s-bez-cetkica\/#breadcrumb\",\"itemListElement\":[{\"@type\":\"ListItem\",\"position\":1,\"name\":\"Domov\",\"item\":\"https:\/\/www.technic-toys.com\/hr\/\"},{\"@type\":\"ListItem\",\"position\":2,\"name\":\"Shop\",\"item\":\"https:\/\/www.technic-toys.com\/hr\/shop-2\/\"},{\"@type\":\"ListItem\",\"position\":3,\"name\":\"Trka\u0107i katamaran Genesis 6S bez \u010detkica\"}]},{\"@type\":\"WebSite\",\"@id\":\"https:\/\/www.technic-toys.com\/en\/#website\",\"url\":\"https:\/\/www.technic-toys.com\/en\/\",\"name\":\"TECHNIC TOYS SHOP\",\"description\":\"\",\"potentialAction\":[{\"@type\":\"SearchAction\",\"target\":{\"@type\":\"EntryPoint\",\"urlTemplate\":\"https:\/\/www.technic-toys.com\/en\/?s={search_term_string}\"},\"query-input\":\"required name=search_term_string\"}],\"inLanguage\":\"hr\"}]}<\/script>\n<!-- \/ Yoast SEO plugin. -->","yoast_head_json":{"title":"Trka\u0107i katamaran Genesis 6S bez \u010detkica - TECHNIC TOYS SHOP","robots":{"index":"index","follow":"follow","max-snippet":"max-snippet:-1","max-image-preview":"max-image-preview:large","max-video-preview":"max-video-preview:-1"},"canonical":"https:\/\/www.technic-toys.com\/hr\/proizvod\/trkaci-katamaran-genesis-6s-bez-cetkica\/","og_locale":"hr_HR","og_type":"article","og_title":"Trka\u0107i katamaran Genesis 6S bez \u010detkica - TECHNIC TOYS SHOP","og_description":"Genesis 950mm trka\u0107i katamaran bez \u010detkica Hot race optika uparena sa sna\u017enim i vodeno hla\u0111enim motorom bez \u010detkica od 2075 kv i ESC od 120 A. Trup je napravljen od stakloplastike otporne na udarce, upe\u010datljiva zavr\u0161na obrada privla\u010di poglede na bilo kojoj vodi. Obim isporuke ve\u0107 uklju\u010duje veoma zgodan i osjetljiv radio daljinski upravlja\u010d sa [&hellip;]","og_url":"https:\/\/www.technic-toys.com\/hr\/proizvod\/trkaci-katamaran-genesis-6s-bez-cetkica\/","og_site_name":"TECHNIC TOYS SHOP","article_modified_time":"2022-08-01T10:43:18+00:00","og_image":[{"width":2560,"height":1468,"url":"https:\/\/www.technic-toys.com\/wp-content\/uploads\/2022\/04\/26049ayM9RguAu4aE0.jpg","type":"image\/jpeg"}],"twitter_card":"summary_large_image","twitter_misc":{"Procijenjeno vrijeme \u010ditanja":"1 minuta"},"schema":{"@context":"https:\/\/schema.org","@graph":[{"@type":"WebPage","@id":"https:\/\/www.technic-toys.com\/hr\/proizvod\/trkaci-katamaran-genesis-6s-bez-cetkica\/","url":"https:\/\/www.technic-toys.com\/hr\/proizvod\/trkaci-katamaran-genesis-6s-bez-cetkica\/","name":"Trka\u0107i katamaran Genesis 6S bez \u010detkica - TECHNIC TOYS SHOP","isPartOf":{"@id":"https:\/\/www.technic-toys.com\/en\/#website"},"datePublished":"2022-04-08T19:37:23+00:00","dateModified":"2022-08-01T10:43:18+00:00","breadcrumb":{"@id":"https:\/\/www.technic-toys.com\/hr\/proizvod\/trkaci-katamaran-genesis-6s-bez-cetkica\/#breadcrumb"},"inLanguage":"hr","potentialAction":[{"@type":"ReadAction","target":["https:\/\/www.technic-toys.com\/hr\/proizvod\/trkaci-katamaran-genesis-6s-bez-cetkica\/"]}]},{"@type":"BreadcrumbList","@id":"https:\/\/www.technic-toys.com\/hr\/proizvod\/trkaci-katamaran-genesis-6s-bez-cetkica\/#breadcrumb","itemListElement":[{"@type":"ListItem","position":1,"name":"Domov","item":"https:\/\/www.technic-toys.com\/hr\/"},{"@type":"ListItem","position":2,"name":"Shop","item":"https:\/\/www.technic-toys.com\/hr\/shop-2\/"},{"@type":"ListItem","position":3,"name":"Trka\u0107i katamaran Genesis 6S bez \u010detkica"}]},{"@type":"WebSite","@id":"https:\/\/www.technic-toys.com\/en\/#website","url":"https:\/\/www.technic-toys.com\/en\/","name":"TECHNIC TOYS SHOP","description":"","potentialAction":[{"@type":"SearchAction","target":{"@type":"EntryPoint","urlTemplate":"https:\/\/www.technic-toys.com\/en\/?s={search_term_string}"},"query-input":"required name=search_term_string"}],"inLanguage":"hr"}]}},"_links":{"self":[{"href":"https:\/\/www.technic-toys.com\/hr\/wp-json\/wp\/v2\/product\/19796"}],"collection":[{"href":"https:\/\/www.technic-toys.com\/hr\/wp-json\/wp\/v2\/product"}],"about":[{"href":"https:\/\/www.technic-toys.com\/hr\/wp-json\/wp\/v2\/types\/product"}],"wp:featuredmedia":[{"embeddable":true,"href":"https:\/\/www.technic-toys.com\/hr\/wp-json\/wp\/v2\/media\/18197"}],"wp:attachment":[{"href":"https:\/\/www.technic-toys.com\/hr\/wp-json\/wp\/v2\/media?parent=19796"}],"wp:term":[{"taxonomy":"product_cat","embeddable":true,"href":"https:\/\/www.technic-toys.com\/hr\/wp-json\/wp\/v2\/product_cat?post=19796"},{"taxonomy":"product_tag","embeddable":true,"href":"https:\/\/www.technic-toys.com\/hr\/wp-json\/wp\/v2\/product_tag?post=19796"}],"curies":[{"name":"wp","href":"https:\/\/api.w.org\/{rel}","templated":true}]}}