{"id":19798,"date":"2022-04-08T17:32:24","date_gmt":"2022-04-08T19:37:23","guid":{"rendered":"https:\/\/www.technic-toys.com\/izdelek\/alpha-mono-racing-boat-1060mm-4-6s-yellow\/"},"modified":"2022-08-01T12:43:18","modified_gmt":"2022-08-01T10:43:18","slug":"alpha-mono-racing-boat-1060mm-4-6s-yellow","status":"publish","type":"product","link":"https:\/\/www.technic-toys.com\/hr\/proizvod\/alpha-mono-racing-boat-1060mm-4-6s-yellow\/","title":{"rendered":"Alpha Mono Racing Boat 1060mm 4-6S Yellow"},"content":{"rendered":"<p>Super trka\u0107i \u010damac klase 1 metar u atraktivnom dizajnu trka\u0107eg \u010damca: Alpha Brushless! Sna\u017eni vodeno hla\u0111eni motor bez \u010detkica, kontroliran vodom hla\u0111enim, vodootpornim ESC-om bez \u010detkica 90A s BEC-om, ubrzava \u010damac u stilu Alpha Flame Scheme sa 6S LiPo do pribli\u017eno 80 km\/h. Upravlja se modernim daljinskim upravlja\u010dem od 2,4 GHz. Kormilo je opremljeno CNC aluminijskom legurom, peraje je od nehr\u0111aju\u0107eg \u010delika. \u010camac dobro le\u017ei u vodi, okretan je i mo\u017ee se precizno upravljati u krivinama.<br \/>Tehni\u010dki podaci: Motor: Bez \u010detkica Duljina: 1060 mm \u0160irina: 260 mm Te\u017eina bez baterije: 2,6 kg Trup: Plasti\u010dni ESC: 90A servo: 9 kg metalni zup\u010danik 2,4 GHz baterija za daljinski upravlja\u010d Y-utika\u010d XT90<br \/>Obim isporuke: ALPHA 2,4GHz daljinski upravlja\u010d 6S propeler 4S postolje za \u010damac s propelerom njema\u010dko uputstvo<br \/>Potreban pribor: 4x AA Mignon baterije za daljinski upravlja\u010d 2x 2S 5000 mAh LiPo od 35C sa XT90 konektorom ili 2x 3S 5000 mAh LiPo od 35C sa XT90 konektorom<\/p>\n","protected":false},"excerpt":{"rendered":"<p>Super trka\u0107i \u010damac klase 1 metar u atraktivnom dizajnu trka\u0107eg \u010damca: Alpha Brushless! Sna\u017eni vodeno hla\u0111eni motor bez \u010detkica, kontroliran vodom hla\u0111enim, vodootpornim ESC-om bez \u010detkica 90A s BEC-om, ubrzava \u010damac u stilu Alpha Flame Scheme sa 6S LiPo do pribli\u017eno 80 km\/h. Upravlja se modernim daljinskim upravlja\u010dem od 2,4 GHz. Kormilo je opremljeno CNC [&hellip;]<\/p>\n","protected":false},"featured_media":18235,"template":"","meta":[],"product_cat":[502,506],"product_tag":[],"acf":[],"yoast_head":"<!-- This site is optimized with the Yoast SEO plugin v21.7 - https:\/\/yoast.com\/wordpress\/plugins\/seo\/ -->\n<title>Alpha Mono Racing Boat 1060mm 4-6S Yellow - TECHNIC TOYS SHOP<\/title>\n<meta name=\"robots\" content=\"index, follow, max-snippet:-1, max-image-preview:large, max-video-preview:-1\" \/>\n<link rel=\"canonical\" href=\"https:\/\/www.technic-toys.com\/hr\/proizvod\/alpha-mono-racing-boat-1060mm-4-6s-yellow\/\" \/>\n<meta property=\"og:locale\" content=\"hr_HR\" \/>\n<meta property=\"og:type\" content=\"article\" \/>\n<meta property=\"og:title\" content=\"Alpha Mono Racing Boat 1060mm 4-6S Yellow - TECHNIC TOYS SHOP\" \/>\n<meta property=\"og:description\" content=\"Super trka\u0107i \u010damac klase 1 metar u atraktivnom dizajnu trka\u0107eg \u010damca: Alpha Brushless! Sna\u017eni vodeno hla\u0111eni motor bez \u010detkica, kontroliran vodom hla\u0111enim, vodootpornim ESC-om bez \u010detkica 90A s BEC-om, ubrzava \u010damac u stilu Alpha Flame Scheme sa 6S LiPo do pribli\u017eno 80 km\/h. Upravlja se modernim daljinskim upravlja\u010dem od 2,4 GHz. Kormilo je opremljeno CNC [&hellip;]\" \/>\n<meta property=\"og:url\" content=\"https:\/\/www.technic-toys.com\/hr\/proizvod\/alpha-mono-racing-boat-1060mm-4-6s-yellow\/\" \/>\n<meta property=\"og:site_name\" content=\"TECHNIC TOYS SHOP\" \/>\n<meta property=\"article:modified_time\" content=\"2022-08-01T10:43:18+00:00\" \/>\n<meta property=\"og:image\" content=\"https:\/\/www.technic-toys.com\/wp-content\/uploads\/2022\/04\/26054.jpg\" \/>\n\t<meta property=\"og:image:width\" content=\"2560\" \/>\n\t<meta property=\"og:image:height\" content=\"1468\" \/>\n\t<meta property=\"og:image:type\" content=\"image\/jpeg\" \/>\n<meta name=\"twitter:card\" content=\"summary_large_image\" \/>\n<meta name=\"twitter:label1\" content=\"Procijenjeno vrijeme \u010ditanja\" \/>\n\t<meta name=\"twitter:data1\" content=\"1 minuta\" \/>\n<script type=\"application\/ld+json\" class=\"yoast-schema-graph\">{\"@context\":\"https:\/\/schema.org\",\"@graph\":[{\"@type\":\"WebPage\",\"@id\":\"https:\/\/www.technic-toys.com\/hr\/proizvod\/alpha-mono-racing-boat-1060mm-4-6s-yellow\/\",\"url\":\"https:\/\/www.technic-toys.com\/hr\/proizvod\/alpha-mono-racing-boat-1060mm-4-6s-yellow\/\",\"name\":\"Alpha Mono Racing Boat 1060mm 4-6S Yellow - TECHNIC TOYS SHOP\",\"isPartOf\":{\"@id\":\"https:\/\/www.technic-toys.com\/en\/#website\"},\"datePublished\":\"2022-04-08T19:37:23+00:00\",\"dateModified\":\"2022-08-01T10:43:18+00:00\",\"breadcrumb\":{\"@id\":\"https:\/\/www.technic-toys.com\/hr\/proizvod\/alpha-mono-racing-boat-1060mm-4-6s-yellow\/#breadcrumb\"},\"inLanguage\":\"hr\",\"potentialAction\":[{\"@type\":\"ReadAction\",\"target\":[\"https:\/\/www.technic-toys.com\/hr\/proizvod\/alpha-mono-racing-boat-1060mm-4-6s-yellow\/\"]}]},{\"@type\":\"BreadcrumbList\",\"@id\":\"https:\/\/www.technic-toys.com\/hr\/proizvod\/alpha-mono-racing-boat-1060mm-4-6s-yellow\/#breadcrumb\",\"itemListElement\":[{\"@type\":\"ListItem\",\"position\":1,\"name\":\"Domov\",\"item\":\"https:\/\/www.technic-toys.com\/hr\/\"},{\"@type\":\"ListItem\",\"position\":2,\"name\":\"Shop\",\"item\":\"https:\/\/www.technic-toys.com\/hr\/shop-2\/\"},{\"@type\":\"ListItem\",\"position\":3,\"name\":\"Alpha Mono Racing Boat 1060mm 4-6S Yellow\"}]},{\"@type\":\"WebSite\",\"@id\":\"https:\/\/www.technic-toys.com\/en\/#website\",\"url\":\"https:\/\/www.technic-toys.com\/en\/\",\"name\":\"TECHNIC TOYS SHOP\",\"description\":\"\",\"potentialAction\":[{\"@type\":\"SearchAction\",\"target\":{\"@type\":\"EntryPoint\",\"urlTemplate\":\"https:\/\/www.technic-toys.com\/en\/?s={search_term_string}\"},\"query-input\":\"required name=search_term_string\"}],\"inLanguage\":\"hr\"}]}<\/script>\n<!-- \/ Yoast SEO plugin. -->","yoast_head_json":{"title":"Alpha Mono Racing Boat 1060mm 4-6S Yellow - TECHNIC TOYS SHOP","robots":{"index":"index","follow":"follow","max-snippet":"max-snippet:-1","max-image-preview":"max-image-preview:large","max-video-preview":"max-video-preview:-1"},"canonical":"https:\/\/www.technic-toys.com\/hr\/proizvod\/alpha-mono-racing-boat-1060mm-4-6s-yellow\/","og_locale":"hr_HR","og_type":"article","og_title":"Alpha Mono Racing Boat 1060mm 4-6S Yellow - TECHNIC TOYS SHOP","og_description":"Super trka\u0107i \u010damac klase 1 metar u atraktivnom dizajnu trka\u0107eg \u010damca: Alpha Brushless! Sna\u017eni vodeno hla\u0111eni motor bez \u010detkica, kontroliran vodom hla\u0111enim, vodootpornim ESC-om bez \u010detkica 90A s BEC-om, ubrzava \u010damac u stilu Alpha Flame Scheme sa 6S LiPo do pribli\u017eno 80 km\/h. Upravlja se modernim daljinskim upravlja\u010dem od 2,4 GHz. Kormilo je opremljeno CNC [&hellip;]","og_url":"https:\/\/www.technic-toys.com\/hr\/proizvod\/alpha-mono-racing-boat-1060mm-4-6s-yellow\/","og_site_name":"TECHNIC TOYS SHOP","article_modified_time":"2022-08-01T10:43:18+00:00","og_image":[{"width":2560,"height":1468,"url":"https:\/\/www.technic-toys.com\/wp-content\/uploads\/2022\/04\/26054.jpg","type":"image\/jpeg"}],"twitter_card":"summary_large_image","twitter_misc":{"Procijenjeno vrijeme \u010ditanja":"1 minuta"},"schema":{"@context":"https:\/\/schema.org","@graph":[{"@type":"WebPage","@id":"https:\/\/www.technic-toys.com\/hr\/proizvod\/alpha-mono-racing-boat-1060mm-4-6s-yellow\/","url":"https:\/\/www.technic-toys.com\/hr\/proizvod\/alpha-mono-racing-boat-1060mm-4-6s-yellow\/","name":"Alpha Mono Racing Boat 1060mm 4-6S Yellow - TECHNIC TOYS SHOP","isPartOf":{"@id":"https:\/\/www.technic-toys.com\/en\/#website"},"datePublished":"2022-04-08T19:37:23+00:00","dateModified":"2022-08-01T10:43:18+00:00","breadcrumb":{"@id":"https:\/\/www.technic-toys.com\/hr\/proizvod\/alpha-mono-racing-boat-1060mm-4-6s-yellow\/#breadcrumb"},"inLanguage":"hr","potentialAction":[{"@type":"ReadAction","target":["https:\/\/www.technic-toys.com\/hr\/proizvod\/alpha-mono-racing-boat-1060mm-4-6s-yellow\/"]}]},{"@type":"BreadcrumbList","@id":"https:\/\/www.technic-toys.com\/hr\/proizvod\/alpha-mono-racing-boat-1060mm-4-6s-yellow\/#breadcrumb","itemListElement":[{"@type":"ListItem","position":1,"name":"Domov","item":"https:\/\/www.technic-toys.com\/hr\/"},{"@type":"ListItem","position":2,"name":"Shop","item":"https:\/\/www.technic-toys.com\/hr\/shop-2\/"},{"@type":"ListItem","position":3,"name":"Alpha Mono Racing Boat 1060mm 4-6S Yellow"}]},{"@type":"WebSite","@id":"https:\/\/www.technic-toys.com\/en\/#website","url":"https:\/\/www.technic-toys.com\/en\/","name":"TECHNIC TOYS SHOP","description":"","potentialAction":[{"@type":"SearchAction","target":{"@type":"EntryPoint","urlTemplate":"https:\/\/www.technic-toys.com\/en\/?s={search_term_string}"},"query-input":"required name=search_term_string"}],"inLanguage":"hr"}]}},"_links":{"self":[{"href":"https:\/\/www.technic-toys.com\/hr\/wp-json\/wp\/v2\/product\/19798"}],"collection":[{"href":"https:\/\/www.technic-toys.com\/hr\/wp-json\/wp\/v2\/product"}],"about":[{"href":"https:\/\/www.technic-toys.com\/hr\/wp-json\/wp\/v2\/types\/product"}],"wp:featuredmedia":[{"embeddable":true,"href":"https:\/\/www.technic-toys.com\/hr\/wp-json\/wp\/v2\/media\/18235"}],"wp:attachment":[{"href":"https:\/\/www.technic-toys.com\/hr\/wp-json\/wp\/v2\/media?parent=19798"}],"wp:term":[{"taxonomy":"product_cat","embeddable":true,"href":"https:\/\/www.technic-toys.com\/hr\/wp-json\/wp\/v2\/product_cat?post=19798"},{"taxonomy":"product_tag","embeddable":true,"href":"https:\/\/www.technic-toys.com\/hr\/wp-json\/wp\/v2\/product_tag?post=19798"}],"curies":[{"name":"wp","href":"https:\/\/api.w.org\/{rel}","templated":true}]}}