{"id":19800,"date":"2022-04-08T17:37:40","date_gmt":"2022-04-08T19:37:23","guid":{"rendered":"https:\/\/www.technic-toys.com\/izdelek\/binarno-katamaran-jedrilica-40-cm-2-4ghz\/"},"modified":"2022-08-01T12:43:11","modified_gmt":"2022-08-01T10:43:11","slug":"binarno-katamaran-jedrilica-40-cm-2-4ghz","status":"publish","type":"product","link":"https:\/\/www.technic-toys.com\/hr\/proizvod\/binarno-katamaran-jedrilica-40-cm-2-4ghz\/","title":{"rendered":"Binarno &#8211; Katamaran jedrilica 40 cm, 2.4GHz"},"content":{"rendered":"<p>Oblikovan, ugla\u0111en i lak za plovidbu katamaran. Nije va\u017eno da li se radi o bazenu, ribnjaku ili kamenolomu: zabava je zagarantovana. Odli\u010dne karakteristike jedrenja zagarantovane su odli\u010dnim materijalima kao \u0161to su jarbol i grana od fiberglasa, 2 x 9 g servo, proporcionalni radio daljinski upravlja\u010d od 2,4 GHz i dva dobro klizna trupa. Monta\u017ea je jednostavna &#8211; pa je katamaran podjednako pogodan i za po\u010detnike i za iskusne kapetane.<br \/>Tehni\u010dki podaci: Du\u017eina: 400mm \u0160irina: 255mm Visina jarbola: 656mm Ukupna visina: 710mm RTR te\u017eina: 360g povr\u0161ina jedra prednje jedro: 2,6dm\u00b2 povr\u0161ina jedra glavnog jedra: 5, 3dm\u00b2 ukupna povr\u0161ina jedra: 7,9dm\u00b2 Materijal trupa: ABS plastika<br \/>Osim isporuke: 1x binarni katamaran 1x 2,4 GHz radio daljinski upravlja\u010d 1x postolje za \u010damac 1x uputstvo za upotrebu (njema\u010dki\/engleski)< br \/>Potreban pribor: 4x AA 1.5V baterije za predajnik 3x AAA 1.5V baterije za prijemnik<\/p>\n","protected":false},"excerpt":{"rendered":"<p>Oblikovan, ugla\u0111en i lak za plovidbu katamaran. Nije va\u017eno da li se radi o bazenu, ribnjaku ili kamenolomu: zabava je zagarantovana. Odli\u010dne karakteristike jedrenja zagarantovane su odli\u010dnim materijalima kao \u0161to su jarbol i grana od fiberglasa, 2 x 9 g servo, proporcionalni radio daljinski upravlja\u010d od 2,4 GHz i dva dobro klizna trupa. Monta\u017ea je [&hellip;]<\/p>\n","protected":false},"featured_media":18255,"template":"","meta":[],"product_cat":[502,504],"product_tag":[],"acf":[],"yoast_head":"<!-- This site is optimized with the Yoast SEO plugin v21.7 - https:\/\/yoast.com\/wordpress\/plugins\/seo\/ -->\n<title>Binarno - Katamaran jedrilica 40 cm, 2.4GHz - TECHNIC TOYS SHOP<\/title>\n<meta name=\"robots\" content=\"index, follow, max-snippet:-1, max-image-preview:large, max-video-preview:-1\" \/>\n<link rel=\"canonical\" href=\"https:\/\/www.technic-toys.com\/hr\/proizvod\/binarno-katamaran-jedrilica-40-cm-2-4ghz\/\" \/>\n<meta property=\"og:locale\" content=\"hr_HR\" \/>\n<meta property=\"og:type\" content=\"article\" \/>\n<meta property=\"og:title\" content=\"Binarno - Katamaran jedrilica 40 cm, 2.4GHz - TECHNIC TOYS SHOP\" \/>\n<meta property=\"og:description\" content=\"Oblikovan, ugla\u0111en i lak za plovidbu katamaran. Nije va\u017eno da li se radi o bazenu, ribnjaku ili kamenolomu: zabava je zagarantovana. Odli\u010dne karakteristike jedrenja zagarantovane su odli\u010dnim materijalima kao \u0161to su jarbol i grana od fiberglasa, 2 x 9 g servo, proporcionalni radio daljinski upravlja\u010d od 2,4 GHz i dva dobro klizna trupa. Monta\u017ea je [&hellip;]\" \/>\n<meta property=\"og:url\" content=\"https:\/\/www.technic-toys.com\/hr\/proizvod\/binarno-katamaran-jedrilica-40-cm-2-4ghz\/\" \/>\n<meta property=\"og:site_name\" content=\"TECHNIC TOYS SHOP\" \/>\n<meta property=\"article:modified_time\" content=\"2022-08-01T10:43:11+00:00\" \/>\n<meta property=\"og:image\" content=\"https:\/\/www.technic-toys.com\/wp-content\/uploads\/2022\/04\/26059.jpg\" \/>\n\t<meta property=\"og:image:width\" content=\"2560\" \/>\n\t<meta property=\"og:image:height\" content=\"1468\" \/>\n\t<meta property=\"og:image:type\" content=\"image\/jpeg\" \/>\n<meta name=\"twitter:card\" content=\"summary_large_image\" \/>\n<meta name=\"twitter:label1\" content=\"Procijenjeno vrijeme \u010ditanja\" \/>\n\t<meta name=\"twitter:data1\" content=\"1 minuta\" \/>\n<script type=\"application\/ld+json\" class=\"yoast-schema-graph\">{\"@context\":\"https:\/\/schema.org\",\"@graph\":[{\"@type\":\"WebPage\",\"@id\":\"https:\/\/www.technic-toys.com\/hr\/proizvod\/binarno-katamaran-jedrilica-40-cm-2-4ghz\/\",\"url\":\"https:\/\/www.technic-toys.com\/hr\/proizvod\/binarno-katamaran-jedrilica-40-cm-2-4ghz\/\",\"name\":\"Binarno - Katamaran jedrilica 40 cm, 2.4GHz - TECHNIC TOYS SHOP\",\"isPartOf\":{\"@id\":\"https:\/\/www.technic-toys.com\/en\/#website\"},\"datePublished\":\"2022-04-08T19:37:23+00:00\",\"dateModified\":\"2022-08-01T10:43:11+00:00\",\"breadcrumb\":{\"@id\":\"https:\/\/www.technic-toys.com\/hr\/proizvod\/binarno-katamaran-jedrilica-40-cm-2-4ghz\/#breadcrumb\"},\"inLanguage\":\"hr\",\"potentialAction\":[{\"@type\":\"ReadAction\",\"target\":[\"https:\/\/www.technic-toys.com\/hr\/proizvod\/binarno-katamaran-jedrilica-40-cm-2-4ghz\/\"]}]},{\"@type\":\"BreadcrumbList\",\"@id\":\"https:\/\/www.technic-toys.com\/hr\/proizvod\/binarno-katamaran-jedrilica-40-cm-2-4ghz\/#breadcrumb\",\"itemListElement\":[{\"@type\":\"ListItem\",\"position\":1,\"name\":\"Domov\",\"item\":\"https:\/\/www.technic-toys.com\/hr\/\"},{\"@type\":\"ListItem\",\"position\":2,\"name\":\"Shop\",\"item\":\"https:\/\/www.technic-toys.com\/hr\/shop-2\/\"},{\"@type\":\"ListItem\",\"position\":3,\"name\":\"Binarno &#8211; Katamaran jedrilica 40 cm, 2.4GHz\"}]},{\"@type\":\"WebSite\",\"@id\":\"https:\/\/www.technic-toys.com\/en\/#website\",\"url\":\"https:\/\/www.technic-toys.com\/en\/\",\"name\":\"TECHNIC TOYS SHOP\",\"description\":\"\",\"potentialAction\":[{\"@type\":\"SearchAction\",\"target\":{\"@type\":\"EntryPoint\",\"urlTemplate\":\"https:\/\/www.technic-toys.com\/en\/?s={search_term_string}\"},\"query-input\":\"required name=search_term_string\"}],\"inLanguage\":\"hr\"}]}<\/script>\n<!-- \/ Yoast SEO plugin. -->","yoast_head_json":{"title":"Binarno - Katamaran jedrilica 40 cm, 2.4GHz - TECHNIC TOYS SHOP","robots":{"index":"index","follow":"follow","max-snippet":"max-snippet:-1","max-image-preview":"max-image-preview:large","max-video-preview":"max-video-preview:-1"},"canonical":"https:\/\/www.technic-toys.com\/hr\/proizvod\/binarno-katamaran-jedrilica-40-cm-2-4ghz\/","og_locale":"hr_HR","og_type":"article","og_title":"Binarno - Katamaran jedrilica 40 cm, 2.4GHz - TECHNIC TOYS SHOP","og_description":"Oblikovan, ugla\u0111en i lak za plovidbu katamaran. Nije va\u017eno da li se radi o bazenu, ribnjaku ili kamenolomu: zabava je zagarantovana. Odli\u010dne karakteristike jedrenja zagarantovane su odli\u010dnim materijalima kao \u0161to su jarbol i grana od fiberglasa, 2 x 9 g servo, proporcionalni radio daljinski upravlja\u010d od 2,4 GHz i dva dobro klizna trupa. Monta\u017ea je [&hellip;]","og_url":"https:\/\/www.technic-toys.com\/hr\/proizvod\/binarno-katamaran-jedrilica-40-cm-2-4ghz\/","og_site_name":"TECHNIC TOYS SHOP","article_modified_time":"2022-08-01T10:43:11+00:00","og_image":[{"width":2560,"height":1468,"url":"https:\/\/www.technic-toys.com\/wp-content\/uploads\/2022\/04\/26059.jpg","type":"image\/jpeg"}],"twitter_card":"summary_large_image","twitter_misc":{"Procijenjeno vrijeme \u010ditanja":"1 minuta"},"schema":{"@context":"https:\/\/schema.org","@graph":[{"@type":"WebPage","@id":"https:\/\/www.technic-toys.com\/hr\/proizvod\/binarno-katamaran-jedrilica-40-cm-2-4ghz\/","url":"https:\/\/www.technic-toys.com\/hr\/proizvod\/binarno-katamaran-jedrilica-40-cm-2-4ghz\/","name":"Binarno - Katamaran jedrilica 40 cm, 2.4GHz - TECHNIC TOYS SHOP","isPartOf":{"@id":"https:\/\/www.technic-toys.com\/en\/#website"},"datePublished":"2022-04-08T19:37:23+00:00","dateModified":"2022-08-01T10:43:11+00:00","breadcrumb":{"@id":"https:\/\/www.technic-toys.com\/hr\/proizvod\/binarno-katamaran-jedrilica-40-cm-2-4ghz\/#breadcrumb"},"inLanguage":"hr","potentialAction":[{"@type":"ReadAction","target":["https:\/\/www.technic-toys.com\/hr\/proizvod\/binarno-katamaran-jedrilica-40-cm-2-4ghz\/"]}]},{"@type":"BreadcrumbList","@id":"https:\/\/www.technic-toys.com\/hr\/proizvod\/binarno-katamaran-jedrilica-40-cm-2-4ghz\/#breadcrumb","itemListElement":[{"@type":"ListItem","position":1,"name":"Domov","item":"https:\/\/www.technic-toys.com\/hr\/"},{"@type":"ListItem","position":2,"name":"Shop","item":"https:\/\/www.technic-toys.com\/hr\/shop-2\/"},{"@type":"ListItem","position":3,"name":"Binarno &#8211; Katamaran jedrilica 40 cm, 2.4GHz"}]},{"@type":"WebSite","@id":"https:\/\/www.technic-toys.com\/en\/#website","url":"https:\/\/www.technic-toys.com\/en\/","name":"TECHNIC TOYS SHOP","description":"","potentialAction":[{"@type":"SearchAction","target":{"@type":"EntryPoint","urlTemplate":"https:\/\/www.technic-toys.com\/en\/?s={search_term_string}"},"query-input":"required name=search_term_string"}],"inLanguage":"hr"}]}},"_links":{"self":[{"href":"https:\/\/www.technic-toys.com\/hr\/wp-json\/wp\/v2\/product\/19800"}],"collection":[{"href":"https:\/\/www.technic-toys.com\/hr\/wp-json\/wp\/v2\/product"}],"about":[{"href":"https:\/\/www.technic-toys.com\/hr\/wp-json\/wp\/v2\/types\/product"}],"wp:featuredmedia":[{"embeddable":true,"href":"https:\/\/www.technic-toys.com\/hr\/wp-json\/wp\/v2\/media\/18255"}],"wp:attachment":[{"href":"https:\/\/www.technic-toys.com\/hr\/wp-json\/wp\/v2\/media?parent=19800"}],"wp:term":[{"taxonomy":"product_cat","embeddable":true,"href":"https:\/\/www.technic-toys.com\/hr\/wp-json\/wp\/v2\/product_cat?post=19800"},{"taxonomy":"product_tag","embeddable":true,"href":"https:\/\/www.technic-toys.com\/hr\/wp-json\/wp\/v2\/product_tag?post=19800"}],"curies":[{"name":"wp","href":"https:\/\/api.w.org\/{rel}","templated":true}]}}