{"id":19801,"date":"2022-04-08T17:37:40","date_gmt":"2022-04-08T19:37:23","guid":{"rendered":"https:\/\/www.technic-toys.com\/izdelek\/focus-v2-100cm-trkaca-jahta-24ghz-rtr\/"},"modified":"2022-08-01T12:43:11","modified_gmt":"2022-08-01T10:43:11","slug":"focus-v2-100cm-trkaca-jahta-24ghz-rtr","status":"publish","type":"product","link":"https:\/\/www.technic-toys.com\/hr\/proizvod\/focus-v2-100cm-trkaca-jahta-24ghz-rtr\/","title":{"rendered":"Focus V2 -100cm trka\u0107a jahta 2,4GHz, RTR"},"content":{"rendered":"<p>Focus V2 &#8211; trka\u010dke jahte du\u017eine 100 cm &#8211; stara pomorska mudrost nikad nije bila primjenjivija nego kod Focus II trka\u0107e jahte. Plasti\u010dni trup visoke \u010dvrsto\u0107e optimiziran za velike brzine i veliko jedro ukupne povr\u0161ine od preko 500 cm\u00b2 omogu\u0107avaju \u010damcu da impresivno klizi iznad vode. Jarbol je napravljen od karbonskih vlakana, a oprema je redizajnirana za precizniju kontrolu. Ovaj zgodni \u010damac apsolutno privla\u010di poglede na svakom jezeru. Tehni\u010dki podaci: Ukupna du\u017eina: 995mm \u0160irina: 170mm Visina jarbola: 1578mm Ukupna visina: 2046mm RTR te\u017eina: 3450g povr\u0161ina jedra prednje jedro: 15.88 dm\u00b2 povr\u0161ina jedra glavno jedro: 36.85 dm\u00b2 2.4 GHz 2.4 GHz: daljinski upravlja\u010d od 1.2. GHz radio daljinski upravlja\u010d 1x postolje za \u010damac 1x uputstvo za upotrebu (njema\u010dki\/engleski) Potrebna dodatna oprema: 8x 1.5V AA Mignon baterije za predajnik i \u010damac<\/p>\n","protected":false},"excerpt":{"rendered":"<p>Focus V2 &#8211; trka\u010dke jahte du\u017eine 100 cm &#8211; stara pomorska mudrost nikad nije bila primjenjivija nego kod Focus II trka\u0107e jahte. Plasti\u010dni trup visoke \u010dvrsto\u0107e optimiziran za velike brzine i veliko jedro ukupne povr\u0161ine od preko 500 cm\u00b2 omogu\u0107avaju \u010damcu da impresivno klizi iznad vode. Jarbol je napravljen od karbonskih vlakana, a oprema je [&hellip;]<\/p>\n","protected":false},"featured_media":18265,"template":"","meta":[],"product_cat":[502,504],"product_tag":[],"acf":[],"yoast_head":"<!-- This site is optimized with the Yoast SEO plugin v21.7 - https:\/\/yoast.com\/wordpress\/plugins\/seo\/ -->\n<title>Focus V2 -100cm trka\u0107a jahta 2,4GHz, RTR - TECHNIC TOYS SHOP<\/title>\n<meta name=\"robots\" content=\"index, follow, max-snippet:-1, max-image-preview:large, max-video-preview:-1\" \/>\n<link rel=\"canonical\" href=\"https:\/\/www.technic-toys.com\/hr\/proizvod\/focus-v2-100cm-trkaca-jahta-24ghz-rtr\/\" \/>\n<meta property=\"og:locale\" content=\"hr_HR\" \/>\n<meta property=\"og:type\" content=\"article\" \/>\n<meta property=\"og:title\" content=\"Focus V2 -100cm trka\u0107a jahta 2,4GHz, RTR - TECHNIC TOYS SHOP\" \/>\n<meta property=\"og:description\" content=\"Focus V2 &#8211; trka\u010dke jahte du\u017eine 100 cm &#8211; stara pomorska mudrost nikad nije bila primjenjivija nego kod Focus II trka\u0107e jahte. Plasti\u010dni trup visoke \u010dvrsto\u0107e optimiziran za velike brzine i veliko jedro ukupne povr\u0161ine od preko 500 cm\u00b2 omogu\u0107avaju \u010damcu da impresivno klizi iznad vode. Jarbol je napravljen od karbonskih vlakana, a oprema je [&hellip;]\" \/>\n<meta property=\"og:url\" content=\"https:\/\/www.technic-toys.com\/hr\/proizvod\/focus-v2-100cm-trkaca-jahta-24ghz-rtr\/\" \/>\n<meta property=\"og:site_name\" content=\"TECHNIC TOYS SHOP\" \/>\n<meta property=\"article:modified_time\" content=\"2022-08-01T10:43:11+00:00\" \/>\n<meta property=\"og:image\" content=\"https:\/\/www.technic-toys.com\/wp-content\/uploads\/2022\/04\/26061.jpg\" \/>\n\t<meta property=\"og:image:width\" content=\"2560\" \/>\n\t<meta property=\"og:image:height\" content=\"1468\" \/>\n\t<meta property=\"og:image:type\" content=\"image\/jpeg\" \/>\n<meta name=\"twitter:card\" content=\"summary_large_image\" \/>\n<meta name=\"twitter:label1\" content=\"Procijenjeno vrijeme \u010ditanja\" \/>\n\t<meta name=\"twitter:data1\" content=\"1 minuta\" \/>\n<script type=\"application\/ld+json\" class=\"yoast-schema-graph\">{\"@context\":\"https:\/\/schema.org\",\"@graph\":[{\"@type\":\"WebPage\",\"@id\":\"https:\/\/www.technic-toys.com\/hr\/proizvod\/focus-v2-100cm-trkaca-jahta-24ghz-rtr\/\",\"url\":\"https:\/\/www.technic-toys.com\/hr\/proizvod\/focus-v2-100cm-trkaca-jahta-24ghz-rtr\/\",\"name\":\"Focus V2 -100cm trka\u0107a jahta 2,4GHz, RTR - TECHNIC TOYS SHOP\",\"isPartOf\":{\"@id\":\"https:\/\/www.technic-toys.com\/en\/#website\"},\"datePublished\":\"2022-04-08T19:37:23+00:00\",\"dateModified\":\"2022-08-01T10:43:11+00:00\",\"breadcrumb\":{\"@id\":\"https:\/\/www.technic-toys.com\/hr\/proizvod\/focus-v2-100cm-trkaca-jahta-24ghz-rtr\/#breadcrumb\"},\"inLanguage\":\"hr\",\"potentialAction\":[{\"@type\":\"ReadAction\",\"target\":[\"https:\/\/www.technic-toys.com\/hr\/proizvod\/focus-v2-100cm-trkaca-jahta-24ghz-rtr\/\"]}]},{\"@type\":\"BreadcrumbList\",\"@id\":\"https:\/\/www.technic-toys.com\/hr\/proizvod\/focus-v2-100cm-trkaca-jahta-24ghz-rtr\/#breadcrumb\",\"itemListElement\":[{\"@type\":\"ListItem\",\"position\":1,\"name\":\"Domov\",\"item\":\"https:\/\/www.technic-toys.com\/hr\/\"},{\"@type\":\"ListItem\",\"position\":2,\"name\":\"Shop\",\"item\":\"https:\/\/www.technic-toys.com\/hr\/shop-2\/\"},{\"@type\":\"ListItem\",\"position\":3,\"name\":\"Focus V2 -100cm trka\u0107a jahta 2,4GHz, RTR\"}]},{\"@type\":\"WebSite\",\"@id\":\"https:\/\/www.technic-toys.com\/en\/#website\",\"url\":\"https:\/\/www.technic-toys.com\/en\/\",\"name\":\"TECHNIC TOYS SHOP\",\"description\":\"\",\"potentialAction\":[{\"@type\":\"SearchAction\",\"target\":{\"@type\":\"EntryPoint\",\"urlTemplate\":\"https:\/\/www.technic-toys.com\/en\/?s={search_term_string}\"},\"query-input\":\"required name=search_term_string\"}],\"inLanguage\":\"hr\"}]}<\/script>\n<!-- \/ Yoast SEO plugin. -->","yoast_head_json":{"title":"Focus V2 -100cm trka\u0107a jahta 2,4GHz, RTR - TECHNIC TOYS SHOP","robots":{"index":"index","follow":"follow","max-snippet":"max-snippet:-1","max-image-preview":"max-image-preview:large","max-video-preview":"max-video-preview:-1"},"canonical":"https:\/\/www.technic-toys.com\/hr\/proizvod\/focus-v2-100cm-trkaca-jahta-24ghz-rtr\/","og_locale":"hr_HR","og_type":"article","og_title":"Focus V2 -100cm trka\u0107a jahta 2,4GHz, RTR - TECHNIC TOYS SHOP","og_description":"Focus V2 &#8211; trka\u010dke jahte du\u017eine 100 cm &#8211; stara pomorska mudrost nikad nije bila primjenjivija nego kod Focus II trka\u0107e jahte. Plasti\u010dni trup visoke \u010dvrsto\u0107e optimiziran za velike brzine i veliko jedro ukupne povr\u0161ine od preko 500 cm\u00b2 omogu\u0107avaju \u010damcu da impresivno klizi iznad vode. Jarbol je napravljen od karbonskih vlakana, a oprema je [&hellip;]","og_url":"https:\/\/www.technic-toys.com\/hr\/proizvod\/focus-v2-100cm-trkaca-jahta-24ghz-rtr\/","og_site_name":"TECHNIC TOYS SHOP","article_modified_time":"2022-08-01T10:43:11+00:00","og_image":[{"width":2560,"height":1468,"url":"https:\/\/www.technic-toys.com\/wp-content\/uploads\/2022\/04\/26061.jpg","type":"image\/jpeg"}],"twitter_card":"summary_large_image","twitter_misc":{"Procijenjeno vrijeme \u010ditanja":"1 minuta"},"schema":{"@context":"https:\/\/schema.org","@graph":[{"@type":"WebPage","@id":"https:\/\/www.technic-toys.com\/hr\/proizvod\/focus-v2-100cm-trkaca-jahta-24ghz-rtr\/","url":"https:\/\/www.technic-toys.com\/hr\/proizvod\/focus-v2-100cm-trkaca-jahta-24ghz-rtr\/","name":"Focus V2 -100cm trka\u0107a jahta 2,4GHz, RTR - TECHNIC TOYS SHOP","isPartOf":{"@id":"https:\/\/www.technic-toys.com\/en\/#website"},"datePublished":"2022-04-08T19:37:23+00:00","dateModified":"2022-08-01T10:43:11+00:00","breadcrumb":{"@id":"https:\/\/www.technic-toys.com\/hr\/proizvod\/focus-v2-100cm-trkaca-jahta-24ghz-rtr\/#breadcrumb"},"inLanguage":"hr","potentialAction":[{"@type":"ReadAction","target":["https:\/\/www.technic-toys.com\/hr\/proizvod\/focus-v2-100cm-trkaca-jahta-24ghz-rtr\/"]}]},{"@type":"BreadcrumbList","@id":"https:\/\/www.technic-toys.com\/hr\/proizvod\/focus-v2-100cm-trkaca-jahta-24ghz-rtr\/#breadcrumb","itemListElement":[{"@type":"ListItem","position":1,"name":"Domov","item":"https:\/\/www.technic-toys.com\/hr\/"},{"@type":"ListItem","position":2,"name":"Shop","item":"https:\/\/www.technic-toys.com\/hr\/shop-2\/"},{"@type":"ListItem","position":3,"name":"Focus V2 -100cm trka\u0107a jahta 2,4GHz, RTR"}]},{"@type":"WebSite","@id":"https:\/\/www.technic-toys.com\/en\/#website","url":"https:\/\/www.technic-toys.com\/en\/","name":"TECHNIC TOYS SHOP","description":"","potentialAction":[{"@type":"SearchAction","target":{"@type":"EntryPoint","urlTemplate":"https:\/\/www.technic-toys.com\/en\/?s={search_term_string}"},"query-input":"required name=search_term_string"}],"inLanguage":"hr"}]}},"_links":{"self":[{"href":"https:\/\/www.technic-toys.com\/hr\/wp-json\/wp\/v2\/product\/19801"}],"collection":[{"href":"https:\/\/www.technic-toys.com\/hr\/wp-json\/wp\/v2\/product"}],"about":[{"href":"https:\/\/www.technic-toys.com\/hr\/wp-json\/wp\/v2\/types\/product"}],"wp:featuredmedia":[{"embeddable":true,"href":"https:\/\/www.technic-toys.com\/hr\/wp-json\/wp\/v2\/media\/18265"}],"wp:attachment":[{"href":"https:\/\/www.technic-toys.com\/hr\/wp-json\/wp\/v2\/media?parent=19801"}],"wp:term":[{"taxonomy":"product_cat","embeddable":true,"href":"https:\/\/www.technic-toys.com\/hr\/wp-json\/wp\/v2\/product_cat?post=19801"},{"taxonomy":"product_tag","embeddable":true,"href":"https:\/\/www.technic-toys.com\/hr\/wp-json\/wp\/v2\/product_tag?post=19801"}],"curies":[{"name":"wp","href":"https:\/\/api.w.org\/{rel}","templated":true}]}}