{"id":19811,"date":"2022-04-08T17:37:40","date_gmt":"2022-04-08T19:37:37","guid":{"rendered":"https:\/\/www.technic-toys.com\/izdelek\/big-storm-racing-catamaran-bez-cetkica-740-mm-artr\/"},"modified":"2022-08-01T12:43:13","modified_gmt":"2022-08-01T10:43:13","slug":"big-storm-racing-catamaran-bez-cetkica-740-mm-artr","status":"publish","type":"product","link":"https:\/\/www.technic-toys.com\/hr\/proizvod\/big-storm-racing-catamaran-bez-cetkica-740-mm-artr\/","title":{"rendered":"Big Storm Racing Catamaran bez \u010detkica 740 mm ARTR"},"content":{"rendered":"<p>Brzi trka\u0107i katamaran sa apsolutno briljantnim izgledom. \u0160ema boja je odmah uvjerljiva i cjelokupna oprema ovog modela je dovedena do najnovijeg stanja umjetnosti. Motor 2815 bez \u010detkica vodi katamaran do neverovatnih 60 &#8211; 65 km\/h &#8220;iz kutije&#8221; (baterija nije uklju\u010dena). Isporu\u010deni daljinski upravlja\u010d od 2,4 GHz je vrlo osjetljiv i otklone upravlja\u010da se mogu posebno pode\u0161avati. Dakle, realisti\u010dan obrazac vo\u017enje mo\u017ee se posti\u0107i bez ikakvih problema. Ovaj sjajni trka\u0107i \u010damac uvjerava performansama, opremom i optikom. <\/p>\n<p>Karakteristike:<br \/>Materijal trupa: ABS plastika<br \/>Kontroler 60A vodeno hla\u0111en XT60 konektor<br \/>37g servo upravlja\u010da (vodootporan)<br \/>Pogonski sistem: Flex osovina 4mm <br \/>Kormilo: CNC aluminijum<br \/>Propeler metalni sa 3 lopatice<br \/>Maks. Brzina: +60km\/h<\/p>\n<p>Tehni\u010dki podaci:<br \/>Du\u017eina trupa: 640mm<br \/>Ukupna du\u017eina: 740mm<br \/>\u0160irina: 180mm<br \/>Te\u017eina: 1,2kg (samo model bez baterija)<br \/>Oda\u0161ilja\u010d: 2.4GHz 2 kanala<br \/>ESC: 60A vodeno hla\u0111en BEC<br \/>Motor: bez \u010detkica 2815 outrunner vodeno hla\u0111en<\/p>\n<p>Obim isporuke:< br \/>\u010camac sastavljen spreman za vo\u017enju <br \/>2-kanalni oda\u0161ilja\u010d 2,4 GHz<br \/>Stalak za \u010damac<br \/>2x imbus klju\u010da<br \/>Veze za kablove<br \/>Balon za zaptivanje prijemnika<br \/> 2x XT60 kontakta za baterije za lemljenje <br \/>Uputstvo za upotrebu (njema\u010dki\/engleski)<\/p>\n<p>Potreban pribor:<br \/>4x baterije za predajnik 1.5V Mignon AA<br \/>2x 2S LiPo 7.4V 3000 &#8211; 4000mAh 40C sa XT60 uti\u010dnicom< br \/>LiPo punja\u010d<br \/>wave mast<\/p>\n","protected":false},"excerpt":{"rendered":"<p>Brzi trka\u0107i katamaran sa apsolutno briljantnim izgledom. \u0160ema boja je odmah uvjerljiva i cjelokupna oprema ovog modela je dovedena do najnovijeg stanja umjetnosti. Motor 2815 bez \u010detkica vodi katamaran do neverovatnih 60 &#8211; 65 km\/h &#8220;iz kutije&#8221; (baterija nije uklju\u010dena). Isporu\u010deni daljinski upravlja\u010d od 2,4 GHz je vrlo osjetljiv i otklone upravlja\u010da se mogu posebno [&hellip;]<\/p>\n","protected":false},"featured_media":18401,"template":"","meta":[],"product_cat":[502,506],"product_tag":[],"acf":[],"yoast_head":"<!-- This site is optimized with the Yoast SEO plugin v21.7 - https:\/\/yoast.com\/wordpress\/plugins\/seo\/ -->\n<title>Big Storm Racing Catamaran bez \u010detkica 740 mm ARTR - TECHNIC TOYS SHOP<\/title>\n<meta name=\"robots\" content=\"index, follow, max-snippet:-1, max-image-preview:large, max-video-preview:-1\" \/>\n<link rel=\"canonical\" href=\"https:\/\/www.technic-toys.com\/hr\/proizvod\/big-storm-racing-catamaran-bez-cetkica-740-mm-artr\/\" \/>\n<meta property=\"og:locale\" content=\"hr_HR\" \/>\n<meta property=\"og:type\" content=\"article\" \/>\n<meta property=\"og:title\" content=\"Big Storm Racing Catamaran bez \u010detkica 740 mm ARTR - TECHNIC TOYS SHOP\" \/>\n<meta property=\"og:description\" content=\"Brzi trka\u0107i katamaran sa apsolutno briljantnim izgledom. \u0160ema boja je odmah uvjerljiva i cjelokupna oprema ovog modela je dovedena do najnovijeg stanja umjetnosti. Motor 2815 bez \u010detkica vodi katamaran do neverovatnih 60 &#8211; 65 km\/h &#8220;iz kutije&#8221; (baterija nije uklju\u010dena). Isporu\u010deni daljinski upravlja\u010d od 2,4 GHz je vrlo osjetljiv i otklone upravlja\u010da se mogu posebno [&hellip;]\" \/>\n<meta property=\"og:url\" content=\"https:\/\/www.technic-toys.com\/hr\/proizvod\/big-storm-racing-catamaran-bez-cetkica-740-mm-artr\/\" \/>\n<meta property=\"og:site_name\" content=\"TECHNIC TOYS SHOP\" \/>\n<meta property=\"article:modified_time\" content=\"2022-08-01T10:43:13+00:00\" \/>\n<meta property=\"og:image\" content=\"https:\/\/www.technic-toys.com\/wp-content\/uploads\/2022\/04\/26077.jpg\" \/>\n\t<meta property=\"og:image:width\" content=\"2560\" \/>\n\t<meta property=\"og:image:height\" content=\"1468\" \/>\n\t<meta property=\"og:image:type\" content=\"image\/jpeg\" \/>\n<meta name=\"twitter:card\" content=\"summary_large_image\" \/>\n<meta name=\"twitter:label1\" content=\"Procijenjeno vrijeme \u010ditanja\" \/>\n\t<meta name=\"twitter:data1\" content=\"1 minuta\" \/>\n<script type=\"application\/ld+json\" class=\"yoast-schema-graph\">{\"@context\":\"https:\/\/schema.org\",\"@graph\":[{\"@type\":\"WebPage\",\"@id\":\"https:\/\/www.technic-toys.com\/hr\/proizvod\/big-storm-racing-catamaran-bez-cetkica-740-mm-artr\/\",\"url\":\"https:\/\/www.technic-toys.com\/hr\/proizvod\/big-storm-racing-catamaran-bez-cetkica-740-mm-artr\/\",\"name\":\"Big Storm Racing Catamaran bez \u010detkica 740 mm ARTR - TECHNIC TOYS SHOP\",\"isPartOf\":{\"@id\":\"https:\/\/www.technic-toys.com\/en\/#website\"},\"datePublished\":\"2022-04-08T19:37:37+00:00\",\"dateModified\":\"2022-08-01T10:43:13+00:00\",\"breadcrumb\":{\"@id\":\"https:\/\/www.technic-toys.com\/hr\/proizvod\/big-storm-racing-catamaran-bez-cetkica-740-mm-artr\/#breadcrumb\"},\"inLanguage\":\"hr\",\"potentialAction\":[{\"@type\":\"ReadAction\",\"target\":[\"https:\/\/www.technic-toys.com\/hr\/proizvod\/big-storm-racing-catamaran-bez-cetkica-740-mm-artr\/\"]}]},{\"@type\":\"BreadcrumbList\",\"@id\":\"https:\/\/www.technic-toys.com\/hr\/proizvod\/big-storm-racing-catamaran-bez-cetkica-740-mm-artr\/#breadcrumb\",\"itemListElement\":[{\"@type\":\"ListItem\",\"position\":1,\"name\":\"Domov\",\"item\":\"https:\/\/www.technic-toys.com\/hr\/\"},{\"@type\":\"ListItem\",\"position\":2,\"name\":\"Shop\",\"item\":\"https:\/\/www.technic-toys.com\/hr\/shop-2\/\"},{\"@type\":\"ListItem\",\"position\":3,\"name\":\"Big Storm Racing Catamaran bez \u010detkica 740 mm ARTR\"}]},{\"@type\":\"WebSite\",\"@id\":\"https:\/\/www.technic-toys.com\/en\/#website\",\"url\":\"https:\/\/www.technic-toys.com\/en\/\",\"name\":\"TECHNIC TOYS SHOP\",\"description\":\"\",\"potentialAction\":[{\"@type\":\"SearchAction\",\"target\":{\"@type\":\"EntryPoint\",\"urlTemplate\":\"https:\/\/www.technic-toys.com\/en\/?s={search_term_string}\"},\"query-input\":\"required name=search_term_string\"}],\"inLanguage\":\"hr\"}]}<\/script>\n<!-- \/ Yoast SEO plugin. -->","yoast_head_json":{"title":"Big Storm Racing Catamaran bez \u010detkica 740 mm ARTR - TECHNIC TOYS SHOP","robots":{"index":"index","follow":"follow","max-snippet":"max-snippet:-1","max-image-preview":"max-image-preview:large","max-video-preview":"max-video-preview:-1"},"canonical":"https:\/\/www.technic-toys.com\/hr\/proizvod\/big-storm-racing-catamaran-bez-cetkica-740-mm-artr\/","og_locale":"hr_HR","og_type":"article","og_title":"Big Storm Racing Catamaran bez \u010detkica 740 mm ARTR - TECHNIC TOYS SHOP","og_description":"Brzi trka\u0107i katamaran sa apsolutno briljantnim izgledom. \u0160ema boja je odmah uvjerljiva i cjelokupna oprema ovog modela je dovedena do najnovijeg stanja umjetnosti. Motor 2815 bez \u010detkica vodi katamaran do neverovatnih 60 &#8211; 65 km\/h &#8220;iz kutije&#8221; (baterija nije uklju\u010dena). Isporu\u010deni daljinski upravlja\u010d od 2,4 GHz je vrlo osjetljiv i otklone upravlja\u010da se mogu posebno [&hellip;]","og_url":"https:\/\/www.technic-toys.com\/hr\/proizvod\/big-storm-racing-catamaran-bez-cetkica-740-mm-artr\/","og_site_name":"TECHNIC TOYS SHOP","article_modified_time":"2022-08-01T10:43:13+00:00","og_image":[{"width":2560,"height":1468,"url":"https:\/\/www.technic-toys.com\/wp-content\/uploads\/2022\/04\/26077.jpg","type":"image\/jpeg"}],"twitter_card":"summary_large_image","twitter_misc":{"Procijenjeno vrijeme \u010ditanja":"1 minuta"},"schema":{"@context":"https:\/\/schema.org","@graph":[{"@type":"WebPage","@id":"https:\/\/www.technic-toys.com\/hr\/proizvod\/big-storm-racing-catamaran-bez-cetkica-740-mm-artr\/","url":"https:\/\/www.technic-toys.com\/hr\/proizvod\/big-storm-racing-catamaran-bez-cetkica-740-mm-artr\/","name":"Big Storm Racing Catamaran bez \u010detkica 740 mm ARTR - TECHNIC TOYS SHOP","isPartOf":{"@id":"https:\/\/www.technic-toys.com\/en\/#website"},"datePublished":"2022-04-08T19:37:37+00:00","dateModified":"2022-08-01T10:43:13+00:00","breadcrumb":{"@id":"https:\/\/www.technic-toys.com\/hr\/proizvod\/big-storm-racing-catamaran-bez-cetkica-740-mm-artr\/#breadcrumb"},"inLanguage":"hr","potentialAction":[{"@type":"ReadAction","target":["https:\/\/www.technic-toys.com\/hr\/proizvod\/big-storm-racing-catamaran-bez-cetkica-740-mm-artr\/"]}]},{"@type":"BreadcrumbList","@id":"https:\/\/www.technic-toys.com\/hr\/proizvod\/big-storm-racing-catamaran-bez-cetkica-740-mm-artr\/#breadcrumb","itemListElement":[{"@type":"ListItem","position":1,"name":"Domov","item":"https:\/\/www.technic-toys.com\/hr\/"},{"@type":"ListItem","position":2,"name":"Shop","item":"https:\/\/www.technic-toys.com\/hr\/shop-2\/"},{"@type":"ListItem","position":3,"name":"Big Storm Racing Catamaran bez \u010detkica 740 mm ARTR"}]},{"@type":"WebSite","@id":"https:\/\/www.technic-toys.com\/en\/#website","url":"https:\/\/www.technic-toys.com\/en\/","name":"TECHNIC TOYS SHOP","description":"","potentialAction":[{"@type":"SearchAction","target":{"@type":"EntryPoint","urlTemplate":"https:\/\/www.technic-toys.com\/en\/?s={search_term_string}"},"query-input":"required name=search_term_string"}],"inLanguage":"hr"}]}},"_links":{"self":[{"href":"https:\/\/www.technic-toys.com\/hr\/wp-json\/wp\/v2\/product\/19811"}],"collection":[{"href":"https:\/\/www.technic-toys.com\/hr\/wp-json\/wp\/v2\/product"}],"about":[{"href":"https:\/\/www.technic-toys.com\/hr\/wp-json\/wp\/v2\/types\/product"}],"wp:featuredmedia":[{"embeddable":true,"href":"https:\/\/www.technic-toys.com\/hr\/wp-json\/wp\/v2\/media\/18401"}],"wp:attachment":[{"href":"https:\/\/www.technic-toys.com\/hr\/wp-json\/wp\/v2\/media?parent=19811"}],"wp:term":[{"taxonomy":"product_cat","embeddable":true,"href":"https:\/\/www.technic-toys.com\/hr\/wp-json\/wp\/v2\/product_cat?post=19811"},{"taxonomy":"product_tag","embeddable":true,"href":"https:\/\/www.technic-toys.com\/hr\/wp-json\/wp\/v2\/product_tag?post=19811"}],"curies":[{"name":"wp","href":"https:\/\/api.w.org\/{rel}","templated":true}]}}