{"id":19813,"date":"2022-04-08T17:37:40","date_gmt":"2022-04-08T19:37:37","guid":{"rendered":"https:\/\/www.technic-toys.com\/izdelek\/dragonflite-95-racing-jedrilica-950-mm-rtr\/"},"modified":"2022-08-01T12:43:13","modified_gmt":"2022-08-01T10:43:13","slug":"dragonflite-95-racing-jedrilica-950-mm-rtr","status":"publish","type":"product","link":"https:\/\/www.technic-toys.com\/hr\/proizvod\/dragonflite-95-racing-jedrilica-950-mm-rtr\/","title":{"rendered":"DragonFlite 95 Racing Jedrilica 950 mm, RTR"},"content":{"rendered":"<p>DragonFlite 95 je najprodavaniji \u010damac u klasi\u010dnom trka\u0107em dizajnu. DragonFlite 95 nudi pravo trka\u010dko iskustvo. Svaki aspekt DragonFlite 95 je razvijen kori\u0161tenjem najnovijih koncepata dizajna, konstrukcije i komponenti za RC jedrenje kako bi pru\u017eio prvoklasno trka\u010dko iskustvo. potrebna za plovidbu je ve\u0107 uklju\u010dena. DragonFlite 95, najprodavaniji \u010damac klasi\u010dnog trka\u0107eg dizajna. DragonFlite 95 nudi pravo trka\u010dko iskustvo. Svaki aspekt DragonFlite 95 je razvijen kori\u0161tenjem najnovijih RC koncepta dizajna, konstrukcije i komponenti za pru\u017eanje vrhunskog trka\u0107eg iskustva. Sve \u0161to je potrebno za plovidbu je ve\u0107 uklju\u010deno. Sve \u0161to treba u\u010diniti je sastaviti jarbol i grane i oka\u010diti jedra. Stavite baterije i mo\u017eete krenuti. DragonFlite 95 je jahta koja je sa du\u017einom od 95 cm dobre veli\u010dine kako u vodi tako i za transport. Mala te\u017eina i duga\u010dak, uski trup omogu\u0107avaju performanse na laganim vjetrovima o kojima ve\u0107ina RC jedrilica mo\u017ee samo sanjati. Ina\u010de, te\u0161ko je ploviti ovom linijom po jakom vjetru. Ali ne sa DragonFlite 95. Ovo je suprotstavljeno prilago\u0111avanjem dizajna opreme kao i jedra kako bi se osigurala savr\u0161ena ravnote\u017ea u rukovanju. \u010cak i kada je \u010damac u te\u0161kim uslovima, ostaje lako upravljiv na vjetru i razvija ogromnu brzinu uz vjetar. DragonFlite 95 je slu\u017ebeno priznata klasa od strane raznih udru\u017eenja RC jahti \u0161irom svijeta Karakteristike: Materijal trupa: ABS plastika 50 mikrona Mylar Film Racing platno Ekstrudirani jarbol i cijevi od karbonskih vlakana Aluminijska kobilica s te\u017einom od legure cinka Digitalni servo sa metalnim zup\u010danicima i brzim, mo\u0107no vitlo za jedra Digitalni daljinski upravlja\u010d, proporcionalni, 2.4GHz Stalak za \u010damac od plastike i GRP-a. Tehni\u010dki podaci: Du\u017eina: 950mm \u0160irina: 125mm Visina jarbola 1050mm Ukupna visina: 1470mm Te\u017eina: 2.0kg (samo model) Glavno jedro 2314 cm&#038;sup2. Bum za jedro: 1422 cm&#038;sup 2. Obim isporuke: U\u017ead za jedrilicu Oda\u0161ilja\u010d 2,4GHz postolje za \u010damac Upute za upotrebu Potreban pribor: 4x AA baterije za brod 4x AA baterije za predajnik<\/p>\n","protected":false},"excerpt":{"rendered":"<p>DragonFlite 95 je najprodavaniji \u010damac u klasi\u010dnom trka\u0107em dizajnu. DragonFlite 95 nudi pravo trka\u010dko iskustvo. Svaki aspekt DragonFlite 95 je razvijen kori\u0161tenjem najnovijih koncepata dizajna, konstrukcije i komponenti za RC jedrenje kako bi pru\u017eio prvoklasno trka\u010dko iskustvo. potrebna za plovidbu je ve\u0107 uklju\u010dena. DragonFlite 95, najprodavaniji \u010damac klasi\u010dnog trka\u0107eg dizajna. DragonFlite 95 nudi pravo trka\u010dko [&hellip;]<\/p>\n","protected":false},"featured_media":18427,"template":"","meta":[],"product_cat":[502,504],"product_tag":[],"acf":[],"yoast_head":"<!-- This site is optimized with the Yoast SEO plugin v21.7 - https:\/\/yoast.com\/wordpress\/plugins\/seo\/ -->\n<title>DragonFlite 95 Racing Jedrilica 950 mm, RTR - TECHNIC TOYS SHOP<\/title>\n<meta name=\"robots\" content=\"index, follow, max-snippet:-1, max-image-preview:large, max-video-preview:-1\" \/>\n<link rel=\"canonical\" href=\"https:\/\/www.technic-toys.com\/hr\/proizvod\/dragonflite-95-racing-jedrilica-950-mm-rtr\/\" \/>\n<meta property=\"og:locale\" content=\"hr_HR\" \/>\n<meta property=\"og:type\" content=\"article\" \/>\n<meta property=\"og:title\" content=\"DragonFlite 95 Racing Jedrilica 950 mm, RTR - TECHNIC TOYS SHOP\" \/>\n<meta property=\"og:description\" content=\"DragonFlite 95 je najprodavaniji \u010damac u klasi\u010dnom trka\u0107em dizajnu. DragonFlite 95 nudi pravo trka\u010dko iskustvo. Svaki aspekt DragonFlite 95 je razvijen kori\u0161tenjem najnovijih koncepata dizajna, konstrukcije i komponenti za RC jedrenje kako bi pru\u017eio prvoklasno trka\u010dko iskustvo. potrebna za plovidbu je ve\u0107 uklju\u010dena. DragonFlite 95, najprodavaniji \u010damac klasi\u010dnog trka\u0107eg dizajna. DragonFlite 95 nudi pravo trka\u010dko [&hellip;]\" \/>\n<meta property=\"og:url\" content=\"https:\/\/www.technic-toys.com\/hr\/proizvod\/dragonflite-95-racing-jedrilica-950-mm-rtr\/\" \/>\n<meta property=\"og:site_name\" content=\"TECHNIC TOYS SHOP\" \/>\n<meta property=\"article:modified_time\" content=\"2022-08-01T10:43:13+00:00\" \/>\n<meta property=\"og:image\" content=\"https:\/\/www.technic-toys.com\/wp-content\/uploads\/2022\/04\/26079.jpg\" \/>\n\t<meta property=\"og:image:width\" content=\"2560\" \/>\n\t<meta property=\"og:image:height\" content=\"1468\" \/>\n\t<meta property=\"og:image:type\" content=\"image\/jpeg\" \/>\n<meta name=\"twitter:card\" content=\"summary_large_image\" \/>\n<meta name=\"twitter:label1\" content=\"Procijenjeno vrijeme \u010ditanja\" \/>\n\t<meta name=\"twitter:data1\" content=\"2 minute\" \/>\n<script type=\"application\/ld+json\" class=\"yoast-schema-graph\">{\"@context\":\"https:\/\/schema.org\",\"@graph\":[{\"@type\":\"WebPage\",\"@id\":\"https:\/\/www.technic-toys.com\/hr\/proizvod\/dragonflite-95-racing-jedrilica-950-mm-rtr\/\",\"url\":\"https:\/\/www.technic-toys.com\/hr\/proizvod\/dragonflite-95-racing-jedrilica-950-mm-rtr\/\",\"name\":\"DragonFlite 95 Racing Jedrilica 950 mm, RTR - TECHNIC TOYS SHOP\",\"isPartOf\":{\"@id\":\"https:\/\/www.technic-toys.com\/en\/#website\"},\"datePublished\":\"2022-04-08T19:37:37+00:00\",\"dateModified\":\"2022-08-01T10:43:13+00:00\",\"breadcrumb\":{\"@id\":\"https:\/\/www.technic-toys.com\/hr\/proizvod\/dragonflite-95-racing-jedrilica-950-mm-rtr\/#breadcrumb\"},\"inLanguage\":\"hr\",\"potentialAction\":[{\"@type\":\"ReadAction\",\"target\":[\"https:\/\/www.technic-toys.com\/hr\/proizvod\/dragonflite-95-racing-jedrilica-950-mm-rtr\/\"]}]},{\"@type\":\"BreadcrumbList\",\"@id\":\"https:\/\/www.technic-toys.com\/hr\/proizvod\/dragonflite-95-racing-jedrilica-950-mm-rtr\/#breadcrumb\",\"itemListElement\":[{\"@type\":\"ListItem\",\"position\":1,\"name\":\"Domov\",\"item\":\"https:\/\/www.technic-toys.com\/hr\/\"},{\"@type\":\"ListItem\",\"position\":2,\"name\":\"Shop\",\"item\":\"https:\/\/www.technic-toys.com\/hr\/shop-2\/\"},{\"@type\":\"ListItem\",\"position\":3,\"name\":\"DragonFlite 95 Racing Jedrilica 950 mm, RTR\"}]},{\"@type\":\"WebSite\",\"@id\":\"https:\/\/www.technic-toys.com\/en\/#website\",\"url\":\"https:\/\/www.technic-toys.com\/en\/\",\"name\":\"TECHNIC TOYS SHOP\",\"description\":\"\",\"potentialAction\":[{\"@type\":\"SearchAction\",\"target\":{\"@type\":\"EntryPoint\",\"urlTemplate\":\"https:\/\/www.technic-toys.com\/en\/?s={search_term_string}\"},\"query-input\":\"required name=search_term_string\"}],\"inLanguage\":\"hr\"}]}<\/script>\n<!-- \/ Yoast SEO plugin. -->","yoast_head_json":{"title":"DragonFlite 95 Racing Jedrilica 950 mm, RTR - TECHNIC TOYS SHOP","robots":{"index":"index","follow":"follow","max-snippet":"max-snippet:-1","max-image-preview":"max-image-preview:large","max-video-preview":"max-video-preview:-1"},"canonical":"https:\/\/www.technic-toys.com\/hr\/proizvod\/dragonflite-95-racing-jedrilica-950-mm-rtr\/","og_locale":"hr_HR","og_type":"article","og_title":"DragonFlite 95 Racing Jedrilica 950 mm, RTR - TECHNIC TOYS SHOP","og_description":"DragonFlite 95 je najprodavaniji \u010damac u klasi\u010dnom trka\u0107em dizajnu. DragonFlite 95 nudi pravo trka\u010dko iskustvo. Svaki aspekt DragonFlite 95 je razvijen kori\u0161tenjem najnovijih koncepata dizajna, konstrukcije i komponenti za RC jedrenje kako bi pru\u017eio prvoklasno trka\u010dko iskustvo. potrebna za plovidbu je ve\u0107 uklju\u010dena. DragonFlite 95, najprodavaniji \u010damac klasi\u010dnog trka\u0107eg dizajna. DragonFlite 95 nudi pravo trka\u010dko [&hellip;]","og_url":"https:\/\/www.technic-toys.com\/hr\/proizvod\/dragonflite-95-racing-jedrilica-950-mm-rtr\/","og_site_name":"TECHNIC TOYS SHOP","article_modified_time":"2022-08-01T10:43:13+00:00","og_image":[{"width":2560,"height":1468,"url":"https:\/\/www.technic-toys.com\/wp-content\/uploads\/2022\/04\/26079.jpg","type":"image\/jpeg"}],"twitter_card":"summary_large_image","twitter_misc":{"Procijenjeno vrijeme \u010ditanja":"2 minute"},"schema":{"@context":"https:\/\/schema.org","@graph":[{"@type":"WebPage","@id":"https:\/\/www.technic-toys.com\/hr\/proizvod\/dragonflite-95-racing-jedrilica-950-mm-rtr\/","url":"https:\/\/www.technic-toys.com\/hr\/proizvod\/dragonflite-95-racing-jedrilica-950-mm-rtr\/","name":"DragonFlite 95 Racing Jedrilica 950 mm, RTR - TECHNIC TOYS SHOP","isPartOf":{"@id":"https:\/\/www.technic-toys.com\/en\/#website"},"datePublished":"2022-04-08T19:37:37+00:00","dateModified":"2022-08-01T10:43:13+00:00","breadcrumb":{"@id":"https:\/\/www.technic-toys.com\/hr\/proizvod\/dragonflite-95-racing-jedrilica-950-mm-rtr\/#breadcrumb"},"inLanguage":"hr","potentialAction":[{"@type":"ReadAction","target":["https:\/\/www.technic-toys.com\/hr\/proizvod\/dragonflite-95-racing-jedrilica-950-mm-rtr\/"]}]},{"@type":"BreadcrumbList","@id":"https:\/\/www.technic-toys.com\/hr\/proizvod\/dragonflite-95-racing-jedrilica-950-mm-rtr\/#breadcrumb","itemListElement":[{"@type":"ListItem","position":1,"name":"Domov","item":"https:\/\/www.technic-toys.com\/hr\/"},{"@type":"ListItem","position":2,"name":"Shop","item":"https:\/\/www.technic-toys.com\/hr\/shop-2\/"},{"@type":"ListItem","position":3,"name":"DragonFlite 95 Racing Jedrilica 950 mm, RTR"}]},{"@type":"WebSite","@id":"https:\/\/www.technic-toys.com\/en\/#website","url":"https:\/\/www.technic-toys.com\/en\/","name":"TECHNIC TOYS SHOP","description":"","potentialAction":[{"@type":"SearchAction","target":{"@type":"EntryPoint","urlTemplate":"https:\/\/www.technic-toys.com\/en\/?s={search_term_string}"},"query-input":"required name=search_term_string"}],"inLanguage":"hr"}]}},"_links":{"self":[{"href":"https:\/\/www.technic-toys.com\/hr\/wp-json\/wp\/v2\/product\/19813"}],"collection":[{"href":"https:\/\/www.technic-toys.com\/hr\/wp-json\/wp\/v2\/product"}],"about":[{"href":"https:\/\/www.technic-toys.com\/hr\/wp-json\/wp\/v2\/types\/product"}],"wp:featuredmedia":[{"embeddable":true,"href":"https:\/\/www.technic-toys.com\/hr\/wp-json\/wp\/v2\/media\/18427"}],"wp:attachment":[{"href":"https:\/\/www.technic-toys.com\/hr\/wp-json\/wp\/v2\/media?parent=19813"}],"wp:term":[{"taxonomy":"product_cat","embeddable":true,"href":"https:\/\/www.technic-toys.com\/hr\/wp-json\/wp\/v2\/product_cat?post=19813"},{"taxonomy":"product_tag","embeddable":true,"href":"https:\/\/www.technic-toys.com\/hr\/wp-json\/wp\/v2\/product_tag?post=19813"}],"curies":[{"name":"wp","href":"https:\/\/api.w.org\/{rel}","templated":true}]}}