{"id":19814,"date":"2022-04-08T17:37:40","date_gmt":"2022-04-08T19:37:37","guid":{"rendered":"https:\/\/www.technic-toys.com\/izdelek\/baiting-500-v3-bait-boat-2-4ghz-rtr\/"},"modified":"2022-08-01T12:43:13","modified_gmt":"2022-08-01T10:43:13","slug":"baiting-500-v3-bait-boat-2-4ghz-rtr","status":"publish","type":"product","link":"https:\/\/www.technic-toys.com\/hr\/proizvod\/baiting-500-v3-bait-boat-2-4ghz-rtr\/","title":{"rendered":"Baiting 500 V3 Bait boat 2.4GHz RTR"},"content":{"rendered":"<p>B500 u verziji V3 je mo\u0107an i kompaktan \u010damac za mamac za hobi ribolovce i ribolovce. Sa svojim velikim lijevkom, B500 nudi dovoljno kapaciteta za 500g hrane za ribe. \u010camac za mamac tako\u0111er nudi mogu\u0107nost prevla\u010denja u\u017ee za pecanje i postavljanje u skladu s tim. Robusni trup od ABS plastike je napravljen da traje. Na vrhu ima ru\u010dku za no\u0161enje za lak\u0161i transport. Kada vozite no\u0107u, LED pozicijska svjetla u boji poma\u017eu u orijentaciji. <br \/>Baterija uklju\u010dena u isporuku omogu\u0107ava vrijeme vo\u017enje od cca 1,5 sati. <br \/>Zbog lagane konstrukcije i visoke funkcionalnosti, ovaj model je savr\u0161ena pomo\u0107nica svim hobi ribolovcima. <br \/>U V3 verziji je pobolj\u0161ano kretanje unazad i rezervoar za hranu ima zakretna vrata umjesto kliznih vrata u ovoj verziji.<\/p>\n<p>Karakteristike:<br \/>Kompaktna du\u017eina sa 556 mm<br \/>Up do 200m dometa< br \/>500g optere\u0107enja<br \/>Sa LED rasvjetom za no\u0107nu vo\u017enju<br \/>Sa nadzorom baterije<br \/>uklju\u010duju\u0107i. 4 x magnetna dr\u017ea\u010da za ribolovnu liniju<br \/>visokokvalitetna transportna torba je ve\u0107 uklju\u010dena<\/p>\n<p>tehni\u010dki podaci:<br \/>du\u017eina: 556mm<br \/>\u0161irina: 240mm<br \/>prazna te\u017eina: 1650g <br \/ >Ukupna te\u017eina: 2150g<br \/>Domet: 200m<br \/>Optere\u0107enje: 500g <br \/>Prazna brzina: 1,2m\/s <br \/>U\u010ditana brzina: 1m\/s <br \/> Krug okretanja: 1 &#8211; 2m <br \/>Vrijeme vo\u017enje: cca 1,5 sati<br \/>Vrijeme punjenja: cca 7 sati<\/p>\n<p>Obim isporuke:<br \/>\u010camac za kupanje <br \/> 2.4GHz predajnik <br \/>4.8V 5000mAh NiMH baterija <br \/> USB punja\u010d <br \/> Transportna torba <br \/> 4x magnetni dr\u017ea\u010d <br \/> Upute (njema\u010dki\/engleski) <\/p>\n<p> Obavezno pribor: <br \/> 4x AA mignon baterije za stanicu<\/p>\n","protected":false},"excerpt":{"rendered":"<p>B500 u verziji V3 je mo\u0107an i kompaktan \u010damac za mamac za hobi ribolovce i ribolovce. Sa svojim velikim lijevkom, B500 nudi dovoljno kapaciteta za 500g hrane za ribe. \u010camac za mamac tako\u0111er nudi mogu\u0107nost prevla\u010denja u\u017ee za pecanje i postavljanje u skladu s tim. Robusni trup od ABS plastike je napravljen da traje. Na [&hellip;]<\/p>\n","protected":false},"featured_media":18440,"template":"","meta":[],"product_cat":[502,508],"product_tag":[],"acf":[],"yoast_head":"<!-- This site is optimized with the Yoast SEO plugin v21.7 - https:\/\/yoast.com\/wordpress\/plugins\/seo\/ -->\n<title>Baiting 500 V3 Bait boat 2.4GHz RTR - TECHNIC TOYS SHOP<\/title>\n<meta name=\"robots\" content=\"index, follow, max-snippet:-1, max-image-preview:large, max-video-preview:-1\" \/>\n<link rel=\"canonical\" href=\"https:\/\/www.technic-toys.com\/hr\/proizvod\/baiting-500-v3-bait-boat-2-4ghz-rtr\/\" \/>\n<meta property=\"og:locale\" content=\"hr_HR\" \/>\n<meta property=\"og:type\" content=\"article\" \/>\n<meta property=\"og:title\" content=\"Baiting 500 V3 Bait boat 2.4GHz RTR - TECHNIC TOYS SHOP\" \/>\n<meta property=\"og:description\" content=\"B500 u verziji V3 je mo\u0107an i kompaktan \u010damac za mamac za hobi ribolovce i ribolovce. Sa svojim velikim lijevkom, B500 nudi dovoljno kapaciteta za 500g hrane za ribe. \u010camac za mamac tako\u0111er nudi mogu\u0107nost prevla\u010denja u\u017ee za pecanje i postavljanje u skladu s tim. Robusni trup od ABS plastike je napravljen da traje. Na [&hellip;]\" \/>\n<meta property=\"og:url\" content=\"https:\/\/www.technic-toys.com\/hr\/proizvod\/baiting-500-v3-bait-boat-2-4ghz-rtr\/\" \/>\n<meta property=\"og:site_name\" content=\"TECHNIC TOYS SHOP\" \/>\n<meta property=\"article:modified_time\" content=\"2022-08-01T10:43:13+00:00\" \/>\n<meta property=\"og:image\" content=\"https:\/\/www.technic-toys.com\/wp-content\/uploads\/2022\/04\/26080.jpg\" \/>\n\t<meta property=\"og:image:width\" content=\"2560\" \/>\n\t<meta property=\"og:image:height\" content=\"1468\" \/>\n\t<meta property=\"og:image:type\" content=\"image\/jpeg\" \/>\n<meta name=\"twitter:card\" content=\"summary_large_image\" \/>\n<meta name=\"twitter:label1\" content=\"Procijenjeno vrijeme \u010ditanja\" \/>\n\t<meta name=\"twitter:data1\" content=\"1 minuta\" \/>\n<script type=\"application\/ld+json\" class=\"yoast-schema-graph\">{\"@context\":\"https:\/\/schema.org\",\"@graph\":[{\"@type\":\"WebPage\",\"@id\":\"https:\/\/www.technic-toys.com\/hr\/proizvod\/baiting-500-v3-bait-boat-2-4ghz-rtr\/\",\"url\":\"https:\/\/www.technic-toys.com\/hr\/proizvod\/baiting-500-v3-bait-boat-2-4ghz-rtr\/\",\"name\":\"Baiting 500 V3 Bait boat 2.4GHz RTR - TECHNIC TOYS SHOP\",\"isPartOf\":{\"@id\":\"https:\/\/www.technic-toys.com\/en\/#website\"},\"datePublished\":\"2022-04-08T19:37:37+00:00\",\"dateModified\":\"2022-08-01T10:43:13+00:00\",\"breadcrumb\":{\"@id\":\"https:\/\/www.technic-toys.com\/hr\/proizvod\/baiting-500-v3-bait-boat-2-4ghz-rtr\/#breadcrumb\"},\"inLanguage\":\"hr\",\"potentialAction\":[{\"@type\":\"ReadAction\",\"target\":[\"https:\/\/www.technic-toys.com\/hr\/proizvod\/baiting-500-v3-bait-boat-2-4ghz-rtr\/\"]}]},{\"@type\":\"BreadcrumbList\",\"@id\":\"https:\/\/www.technic-toys.com\/hr\/proizvod\/baiting-500-v3-bait-boat-2-4ghz-rtr\/#breadcrumb\",\"itemListElement\":[{\"@type\":\"ListItem\",\"position\":1,\"name\":\"Domov\",\"item\":\"https:\/\/www.technic-toys.com\/hr\/\"},{\"@type\":\"ListItem\",\"position\":2,\"name\":\"Shop\",\"item\":\"https:\/\/www.technic-toys.com\/hr\/shop-2\/\"},{\"@type\":\"ListItem\",\"position\":3,\"name\":\"Baiting 500 V3 Bait boat 2.4GHz RTR\"}]},{\"@type\":\"WebSite\",\"@id\":\"https:\/\/www.technic-toys.com\/en\/#website\",\"url\":\"https:\/\/www.technic-toys.com\/en\/\",\"name\":\"TECHNIC TOYS SHOP\",\"description\":\"\",\"potentialAction\":[{\"@type\":\"SearchAction\",\"target\":{\"@type\":\"EntryPoint\",\"urlTemplate\":\"https:\/\/www.technic-toys.com\/en\/?s={search_term_string}\"},\"query-input\":\"required name=search_term_string\"}],\"inLanguage\":\"hr\"}]}<\/script>\n<!-- \/ Yoast SEO plugin. -->","yoast_head_json":{"title":"Baiting 500 V3 Bait boat 2.4GHz RTR - TECHNIC TOYS SHOP","robots":{"index":"index","follow":"follow","max-snippet":"max-snippet:-1","max-image-preview":"max-image-preview:large","max-video-preview":"max-video-preview:-1"},"canonical":"https:\/\/www.technic-toys.com\/hr\/proizvod\/baiting-500-v3-bait-boat-2-4ghz-rtr\/","og_locale":"hr_HR","og_type":"article","og_title":"Baiting 500 V3 Bait boat 2.4GHz RTR - TECHNIC TOYS SHOP","og_description":"B500 u verziji V3 je mo\u0107an i kompaktan \u010damac za mamac za hobi ribolovce i ribolovce. Sa svojim velikim lijevkom, B500 nudi dovoljno kapaciteta za 500g hrane za ribe. \u010camac za mamac tako\u0111er nudi mogu\u0107nost prevla\u010denja u\u017ee za pecanje i postavljanje u skladu s tim. Robusni trup od ABS plastike je napravljen da traje. Na [&hellip;]","og_url":"https:\/\/www.technic-toys.com\/hr\/proizvod\/baiting-500-v3-bait-boat-2-4ghz-rtr\/","og_site_name":"TECHNIC TOYS SHOP","article_modified_time":"2022-08-01T10:43:13+00:00","og_image":[{"width":2560,"height":1468,"url":"https:\/\/www.technic-toys.com\/wp-content\/uploads\/2022\/04\/26080.jpg","type":"image\/jpeg"}],"twitter_card":"summary_large_image","twitter_misc":{"Procijenjeno vrijeme \u010ditanja":"1 minuta"},"schema":{"@context":"https:\/\/schema.org","@graph":[{"@type":"WebPage","@id":"https:\/\/www.technic-toys.com\/hr\/proizvod\/baiting-500-v3-bait-boat-2-4ghz-rtr\/","url":"https:\/\/www.technic-toys.com\/hr\/proizvod\/baiting-500-v3-bait-boat-2-4ghz-rtr\/","name":"Baiting 500 V3 Bait boat 2.4GHz RTR - TECHNIC TOYS SHOP","isPartOf":{"@id":"https:\/\/www.technic-toys.com\/en\/#website"},"datePublished":"2022-04-08T19:37:37+00:00","dateModified":"2022-08-01T10:43:13+00:00","breadcrumb":{"@id":"https:\/\/www.technic-toys.com\/hr\/proizvod\/baiting-500-v3-bait-boat-2-4ghz-rtr\/#breadcrumb"},"inLanguage":"hr","potentialAction":[{"@type":"ReadAction","target":["https:\/\/www.technic-toys.com\/hr\/proizvod\/baiting-500-v3-bait-boat-2-4ghz-rtr\/"]}]},{"@type":"BreadcrumbList","@id":"https:\/\/www.technic-toys.com\/hr\/proizvod\/baiting-500-v3-bait-boat-2-4ghz-rtr\/#breadcrumb","itemListElement":[{"@type":"ListItem","position":1,"name":"Domov","item":"https:\/\/www.technic-toys.com\/hr\/"},{"@type":"ListItem","position":2,"name":"Shop","item":"https:\/\/www.technic-toys.com\/hr\/shop-2\/"},{"@type":"ListItem","position":3,"name":"Baiting 500 V3 Bait boat 2.4GHz RTR"}]},{"@type":"WebSite","@id":"https:\/\/www.technic-toys.com\/en\/#website","url":"https:\/\/www.technic-toys.com\/en\/","name":"TECHNIC TOYS SHOP","description":"","potentialAction":[{"@type":"SearchAction","target":{"@type":"EntryPoint","urlTemplate":"https:\/\/www.technic-toys.com\/en\/?s={search_term_string}"},"query-input":"required name=search_term_string"}],"inLanguage":"hr"}]}},"_links":{"self":[{"href":"https:\/\/www.technic-toys.com\/hr\/wp-json\/wp\/v2\/product\/19814"}],"collection":[{"href":"https:\/\/www.technic-toys.com\/hr\/wp-json\/wp\/v2\/product"}],"about":[{"href":"https:\/\/www.technic-toys.com\/hr\/wp-json\/wp\/v2\/types\/product"}],"wp:featuredmedia":[{"embeddable":true,"href":"https:\/\/www.technic-toys.com\/hr\/wp-json\/wp\/v2\/media\/18440"}],"wp:attachment":[{"href":"https:\/\/www.technic-toys.com\/hr\/wp-json\/wp\/v2\/media?parent=19814"}],"wp:term":[{"taxonomy":"product_cat","embeddable":true,"href":"https:\/\/www.technic-toys.com\/hr\/wp-json\/wp\/v2\/product_cat?post=19814"},{"taxonomy":"product_tag","embeddable":true,"href":"https:\/\/www.technic-toys.com\/hr\/wp-json\/wp\/v2\/product_tag?post=19814"}],"curies":[{"name":"wp","href":"https:\/\/api.w.org\/{rel}","templated":true}]}}