{"id":19817,"date":"2022-04-08T17:37:40","date_gmt":"2022-04-08T19:37:37","guid":{"rendered":"https:\/\/www.technic-toys.com\/izdelek\/ribolov-surfer-camac-2-4ghz-rtr\/"},"modified":"2022-08-01T12:43:14","modified_gmt":"2022-08-01T10:43:14","slug":"ribolov-surfer-camac-2-4ghz-rtr","status":"publish","type":"product","link":"https:\/\/www.technic-toys.com\/hr\/proizvod\/ribolov-surfer-camac-2-4ghz-rtr\/","title":{"rendered":"Ribolov Surfer \u010damac 2.4GHz RTR"},"content":{"rendered":"<p>Savr\u0161eno za ribolov na obali ili u bo\u010da\u0107oj vodi. Pogodno za slanu vodu. Ribolovni \u010damac s mamcem za surfere dizajniran je za rad s kolutima za surfanje i \u0161tapovima za surfanje kako bi u\u017ee, udice i mamac izvukli u more u krugu od 500 metara. Jednom kada je \u010damac u \u017eeljenoj poziciji, mamac i udica se mogu otklju\u010dati za pecanje pomo\u0107u daljinskog upravlja\u010da Karakteristike: Veliki domet od 500 metara Sna\u017ean dvomotorni sistem bez \u010detkica.Maksimalna brzina je 3m u sekundi Samopopravljaju\u0107i dizajn \u010damca, pogodan za valove do jednog metra RC-kontrolirano napajanje i otpu\u0161tanje kuke Pripremljeni nosa\u010d i priklju\u010dak za napajanje za ribar (npr. Toslon TF3000) 2,4GHz daljinski upravlja\u010d sa indikatorom za bateriju \u010damca LED navigacijska svjetla sprijeda i straga GPS funkcija: povratak ku\u0107i s jednim gumbom i obele\u017eavanje mesta za ribolov. \u010camac vozi do pla\u017ee ili do ozna\u010denog mjesta za ribolov pritiskom na tipku XT60 konektor Vrijeme punjenja: 3,5 &#8211; 4 sata Obim isporuke: Ribolov Surfer Boat 2.4GHz predajnik Baterija Punja\u010d Stalak za \u010damac Dodatna oprema Potreban pribor: 4x AA Mignon baterije za oda\u0161ilja\u010d<\/p>\n","protected":false},"excerpt":{"rendered":"<p>Sa GPS-om<\/p>\n","protected":false},"featured_media":18509,"template":"","meta":[],"product_cat":[502,508],"product_tag":[],"acf":[],"yoast_head":"<!-- This site is optimized with the Yoast SEO plugin v21.7 - https:\/\/yoast.com\/wordpress\/plugins\/seo\/ -->\n<title>Ribolov Surfer \u010damac 2.4GHz RTR - TECHNIC TOYS SHOP<\/title>\n<meta name=\"robots\" content=\"index, follow, max-snippet:-1, max-image-preview:large, max-video-preview:-1\" \/>\n<link rel=\"canonical\" href=\"https:\/\/www.technic-toys.com\/hr\/proizvod\/ribolov-surfer-camac-2-4ghz-rtr\/\" \/>\n<meta property=\"og:locale\" content=\"hr_HR\" \/>\n<meta property=\"og:type\" content=\"article\" \/>\n<meta property=\"og:title\" content=\"Ribolov Surfer \u010damac 2.4GHz RTR - TECHNIC TOYS SHOP\" \/>\n<meta property=\"og:description\" content=\"Sa GPS-om\" \/>\n<meta property=\"og:url\" content=\"https:\/\/www.technic-toys.com\/hr\/proizvod\/ribolov-surfer-camac-2-4ghz-rtr\/\" \/>\n<meta property=\"og:site_name\" content=\"TECHNIC TOYS SHOP\" \/>\n<meta property=\"article:modified_time\" content=\"2022-08-01T10:43:14+00:00\" \/>\n<meta property=\"og:image\" content=\"https:\/\/www.technic-toys.com\/wp-content\/uploads\/2022\/04\/26083.jpg\" \/>\n\t<meta property=\"og:image:width\" content=\"2560\" \/>\n\t<meta property=\"og:image:height\" content=\"1468\" \/>\n\t<meta property=\"og:image:type\" content=\"image\/jpeg\" \/>\n<meta name=\"twitter:card\" content=\"summary_large_image\" \/>\n<meta name=\"twitter:label1\" content=\"Procijenjeno vrijeme \u010ditanja\" \/>\n\t<meta name=\"twitter:data1\" content=\"1 minuta\" \/>\n<script type=\"application\/ld+json\" class=\"yoast-schema-graph\">{\"@context\":\"https:\/\/schema.org\",\"@graph\":[{\"@type\":\"WebPage\",\"@id\":\"https:\/\/www.technic-toys.com\/hr\/proizvod\/ribolov-surfer-camac-2-4ghz-rtr\/\",\"url\":\"https:\/\/www.technic-toys.com\/hr\/proizvod\/ribolov-surfer-camac-2-4ghz-rtr\/\",\"name\":\"Ribolov Surfer \u010damac 2.4GHz RTR - TECHNIC TOYS SHOP\",\"isPartOf\":{\"@id\":\"https:\/\/www.technic-toys.com\/en\/#website\"},\"datePublished\":\"2022-04-08T19:37:37+00:00\",\"dateModified\":\"2022-08-01T10:43:14+00:00\",\"breadcrumb\":{\"@id\":\"https:\/\/www.technic-toys.com\/hr\/proizvod\/ribolov-surfer-camac-2-4ghz-rtr\/#breadcrumb\"},\"inLanguage\":\"hr\",\"potentialAction\":[{\"@type\":\"ReadAction\",\"target\":[\"https:\/\/www.technic-toys.com\/hr\/proizvod\/ribolov-surfer-camac-2-4ghz-rtr\/\"]}]},{\"@type\":\"BreadcrumbList\",\"@id\":\"https:\/\/www.technic-toys.com\/hr\/proizvod\/ribolov-surfer-camac-2-4ghz-rtr\/#breadcrumb\",\"itemListElement\":[{\"@type\":\"ListItem\",\"position\":1,\"name\":\"Domov\",\"item\":\"https:\/\/www.technic-toys.com\/hr\/\"},{\"@type\":\"ListItem\",\"position\":2,\"name\":\"Shop\",\"item\":\"https:\/\/www.technic-toys.com\/hr\/shop-2\/\"},{\"@type\":\"ListItem\",\"position\":3,\"name\":\"Ribolov Surfer \u010damac 2.4GHz RTR\"}]},{\"@type\":\"WebSite\",\"@id\":\"https:\/\/www.technic-toys.com\/en\/#website\",\"url\":\"https:\/\/www.technic-toys.com\/en\/\",\"name\":\"TECHNIC TOYS SHOP\",\"description\":\"\",\"potentialAction\":[{\"@type\":\"SearchAction\",\"target\":{\"@type\":\"EntryPoint\",\"urlTemplate\":\"https:\/\/www.technic-toys.com\/en\/?s={search_term_string}\"},\"query-input\":\"required name=search_term_string\"}],\"inLanguage\":\"hr\"}]}<\/script>\n<!-- \/ Yoast SEO plugin. -->","yoast_head_json":{"title":"Ribolov Surfer \u010damac 2.4GHz RTR - TECHNIC TOYS SHOP","robots":{"index":"index","follow":"follow","max-snippet":"max-snippet:-1","max-image-preview":"max-image-preview:large","max-video-preview":"max-video-preview:-1"},"canonical":"https:\/\/www.technic-toys.com\/hr\/proizvod\/ribolov-surfer-camac-2-4ghz-rtr\/","og_locale":"hr_HR","og_type":"article","og_title":"Ribolov Surfer \u010damac 2.4GHz RTR - TECHNIC TOYS SHOP","og_description":"Sa GPS-om","og_url":"https:\/\/www.technic-toys.com\/hr\/proizvod\/ribolov-surfer-camac-2-4ghz-rtr\/","og_site_name":"TECHNIC TOYS SHOP","article_modified_time":"2022-08-01T10:43:14+00:00","og_image":[{"width":2560,"height":1468,"url":"https:\/\/www.technic-toys.com\/wp-content\/uploads\/2022\/04\/26083.jpg","type":"image\/jpeg"}],"twitter_card":"summary_large_image","twitter_misc":{"Procijenjeno vrijeme \u010ditanja":"1 minuta"},"schema":{"@context":"https:\/\/schema.org","@graph":[{"@type":"WebPage","@id":"https:\/\/www.technic-toys.com\/hr\/proizvod\/ribolov-surfer-camac-2-4ghz-rtr\/","url":"https:\/\/www.technic-toys.com\/hr\/proizvod\/ribolov-surfer-camac-2-4ghz-rtr\/","name":"Ribolov Surfer \u010damac 2.4GHz RTR - TECHNIC TOYS SHOP","isPartOf":{"@id":"https:\/\/www.technic-toys.com\/en\/#website"},"datePublished":"2022-04-08T19:37:37+00:00","dateModified":"2022-08-01T10:43:14+00:00","breadcrumb":{"@id":"https:\/\/www.technic-toys.com\/hr\/proizvod\/ribolov-surfer-camac-2-4ghz-rtr\/#breadcrumb"},"inLanguage":"hr","potentialAction":[{"@type":"ReadAction","target":["https:\/\/www.technic-toys.com\/hr\/proizvod\/ribolov-surfer-camac-2-4ghz-rtr\/"]}]},{"@type":"BreadcrumbList","@id":"https:\/\/www.technic-toys.com\/hr\/proizvod\/ribolov-surfer-camac-2-4ghz-rtr\/#breadcrumb","itemListElement":[{"@type":"ListItem","position":1,"name":"Domov","item":"https:\/\/www.technic-toys.com\/hr\/"},{"@type":"ListItem","position":2,"name":"Shop","item":"https:\/\/www.technic-toys.com\/hr\/shop-2\/"},{"@type":"ListItem","position":3,"name":"Ribolov Surfer \u010damac 2.4GHz RTR"}]},{"@type":"WebSite","@id":"https:\/\/www.technic-toys.com\/en\/#website","url":"https:\/\/www.technic-toys.com\/en\/","name":"TECHNIC TOYS SHOP","description":"","potentialAction":[{"@type":"SearchAction","target":{"@type":"EntryPoint","urlTemplate":"https:\/\/www.technic-toys.com\/en\/?s={search_term_string}"},"query-input":"required name=search_term_string"}],"inLanguage":"hr"}]}},"_links":{"self":[{"href":"https:\/\/www.technic-toys.com\/hr\/wp-json\/wp\/v2\/product\/19817"}],"collection":[{"href":"https:\/\/www.technic-toys.com\/hr\/wp-json\/wp\/v2\/product"}],"about":[{"href":"https:\/\/www.technic-toys.com\/hr\/wp-json\/wp\/v2\/types\/product"}],"wp:featuredmedia":[{"embeddable":true,"href":"https:\/\/www.technic-toys.com\/hr\/wp-json\/wp\/v2\/media\/18509"}],"wp:attachment":[{"href":"https:\/\/www.technic-toys.com\/hr\/wp-json\/wp\/v2\/media?parent=19817"}],"wp:term":[{"taxonomy":"product_cat","embeddable":true,"href":"https:\/\/www.technic-toys.com\/hr\/wp-json\/wp\/v2\/product_cat?post=19817"},{"taxonomy":"product_tag","embeddable":true,"href":"https:\/\/www.technic-toys.com\/hr\/wp-json\/wp\/v2\/product_tag?post=19817"}],"curies":[{"name":"wp","href":"https:\/\/api.w.org\/{rel}","templated":true}]}}