{"id":19824,"date":"2022-04-08T17:42:19","date_gmt":"2022-04-08T19:37:37","guid":{"rendered":"https:\/\/www.technic-toys.com\/izdelek\/mad-flow-v3-formula-1-boat-590mm-3s-bez-cetkica\/"},"modified":"2022-08-01T12:43:10","modified_gmt":"2022-08-01T10:43:10","slug":"mad-flow-v3-formula-1-boat-590mm-3s-bez-cetkica","status":"publish","type":"product","link":"https:\/\/www.technic-toys.com\/hr\/proizvod\/mad-flow-v3-formula-1-boat-590mm-3s-bez-cetkica\/","title":{"rendered":"Mad Flow V3 Formula 1 Boat 590mm 3S bez \u010detkica"},"content":{"rendered":"<p>Brz i upravljiv \u010damac formule kompaktnih i prakti\u010dnih vanjskih dimenzija. Sna\u017ean, vodeno hla\u0111en 3S 11.1V motor bez \u010detkica ubrzava \u010damac do preko 55 km\/h. 30A ESC sa BEC vezom, 9g vodootporni servo upravlja\u010da sa metalnim zup\u010danikom i osjetljivi digitalni proporcionalni daljinski upravlja\u010d od 2,4 GHz su daljnji vrhunci Mad Flow brzog \u010damca. Robusni trup se samopopravlja zahvaljuju\u0107i kanalu za poplavu. Stoga je \u010damac pogodan za po\u010detnike kao i za napredne korisnike.<\/p>\n<p>Tehni\u010dki podaci:<br \/>Du\u017eina: 590mm<br \/>Prazna te\u017eina: 990g<br \/>Trup: Plastika<br \/>30A ESC<br \/>Brushless outrunner motor<br \/>2,4 GHz 2-kanalni daljinski upravlja\u010d<br \/>9g metalni zup\u010danik servo<br \/>Konektor baterije: DEAN<\/p>\n<p>Obim isporuke: <br \/>MAD FLOW brzi \u010damac bez \u010detkica< br \/>2,4 GHz daljinski upravlja\u010d<br \/>Rezervni propeler<br \/>Brodsko postolje<br \/>Upute (njema\u010dki)<\/p>\n<p>Potreban pribor:<br \/>3S 11.1V 2200mAh sa XT60 konektorom<br \/>4x 1.5V AA mignon baterije za oda\u0161ilja\u010d<\/p>\n","protected":false},"excerpt":{"rendered":"<p>Brz i upravljiv \u010damac formule kompaktnih i prakti\u010dnih vanjskih dimenzija. Sna\u017ean, vodeno hla\u0111en 3S 11.1V motor bez \u010detkica ubrzava \u010damac do preko 55 km\/h. 30A ESC sa BEC vezom, 9g vodootporni servo upravlja\u010da sa metalnim zup\u010danikom i osjetljivi digitalni proporcionalni daljinski upravlja\u010d od 2,4 GHz su daljnji vrhunci Mad Flow brzog \u010damca. Robusni trup se [&hellip;]<\/p>\n","protected":false},"featured_media":18693,"template":"","meta":[],"product_cat":[502,506],"product_tag":[],"acf":[],"yoast_head":"<!-- This site is optimized with the Yoast SEO plugin v21.7 - https:\/\/yoast.com\/wordpress\/plugins\/seo\/ -->\n<title>Mad Flow V3 Formula 1 Boat 590mm 3S bez \u010detkica - TECHNIC TOYS SHOP<\/title>\n<meta name=\"robots\" content=\"index, follow, max-snippet:-1, max-image-preview:large, max-video-preview:-1\" \/>\n<link rel=\"canonical\" href=\"https:\/\/www.technic-toys.com\/hr\/proizvod\/mad-flow-v3-formula-1-boat-590mm-3s-bez-cetkica\/\" \/>\n<meta property=\"og:locale\" content=\"hr_HR\" \/>\n<meta property=\"og:type\" content=\"article\" \/>\n<meta property=\"og:title\" content=\"Mad Flow V3 Formula 1 Boat 590mm 3S bez \u010detkica - TECHNIC TOYS SHOP\" \/>\n<meta property=\"og:description\" content=\"Brz i upravljiv \u010damac formule kompaktnih i prakti\u010dnih vanjskih dimenzija. Sna\u017ean, vodeno hla\u0111en 3S 11.1V motor bez \u010detkica ubrzava \u010damac do preko 55 km\/h. 30A ESC sa BEC vezom, 9g vodootporni servo upravlja\u010da sa metalnim zup\u010danikom i osjetljivi digitalni proporcionalni daljinski upravlja\u010d od 2,4 GHz su daljnji vrhunci Mad Flow brzog \u010damca. Robusni trup se [&hellip;]\" \/>\n<meta property=\"og:url\" content=\"https:\/\/www.technic-toys.com\/hr\/proizvod\/mad-flow-v3-formula-1-boat-590mm-3s-bez-cetkica\/\" \/>\n<meta property=\"og:site_name\" content=\"TECHNIC TOYS SHOP\" \/>\n<meta property=\"article:modified_time\" content=\"2022-08-01T10:43:10+00:00\" \/>\n<meta property=\"og:image\" content=\"https:\/\/www.technic-toys.com\/wp-content\/uploads\/2022\/04\/26091.jpg\" \/>\n\t<meta property=\"og:image:width\" content=\"2560\" \/>\n\t<meta property=\"og:image:height\" content=\"1468\" \/>\n\t<meta property=\"og:image:type\" content=\"image\/jpeg\" \/>\n<meta name=\"twitter:card\" content=\"summary_large_image\" \/>\n<meta name=\"twitter:label1\" content=\"Procijenjeno vrijeme \u010ditanja\" \/>\n\t<meta name=\"twitter:data1\" content=\"1 minuta\" \/>\n<script type=\"application\/ld+json\" class=\"yoast-schema-graph\">{\"@context\":\"https:\/\/schema.org\",\"@graph\":[{\"@type\":\"WebPage\",\"@id\":\"https:\/\/www.technic-toys.com\/hr\/proizvod\/mad-flow-v3-formula-1-boat-590mm-3s-bez-cetkica\/\",\"url\":\"https:\/\/www.technic-toys.com\/hr\/proizvod\/mad-flow-v3-formula-1-boat-590mm-3s-bez-cetkica\/\",\"name\":\"Mad Flow V3 Formula 1 Boat 590mm 3S bez \u010detkica - TECHNIC TOYS SHOP\",\"isPartOf\":{\"@id\":\"https:\/\/www.technic-toys.com\/en\/#website\"},\"datePublished\":\"2022-04-08T19:37:37+00:00\",\"dateModified\":\"2022-08-01T10:43:10+00:00\",\"breadcrumb\":{\"@id\":\"https:\/\/www.technic-toys.com\/hr\/proizvod\/mad-flow-v3-formula-1-boat-590mm-3s-bez-cetkica\/#breadcrumb\"},\"inLanguage\":\"hr\",\"potentialAction\":[{\"@type\":\"ReadAction\",\"target\":[\"https:\/\/www.technic-toys.com\/hr\/proizvod\/mad-flow-v3-formula-1-boat-590mm-3s-bez-cetkica\/\"]}]},{\"@type\":\"BreadcrumbList\",\"@id\":\"https:\/\/www.technic-toys.com\/hr\/proizvod\/mad-flow-v3-formula-1-boat-590mm-3s-bez-cetkica\/#breadcrumb\",\"itemListElement\":[{\"@type\":\"ListItem\",\"position\":1,\"name\":\"Domov\",\"item\":\"https:\/\/www.technic-toys.com\/hr\/\"},{\"@type\":\"ListItem\",\"position\":2,\"name\":\"Shop\",\"item\":\"https:\/\/www.technic-toys.com\/hr\/shop-2\/\"},{\"@type\":\"ListItem\",\"position\":3,\"name\":\"Mad Flow V3 Formula 1 Boat 590mm 3S bez \u010detkica\"}]},{\"@type\":\"WebSite\",\"@id\":\"https:\/\/www.technic-toys.com\/en\/#website\",\"url\":\"https:\/\/www.technic-toys.com\/en\/\",\"name\":\"TECHNIC TOYS SHOP\",\"description\":\"\",\"potentialAction\":[{\"@type\":\"SearchAction\",\"target\":{\"@type\":\"EntryPoint\",\"urlTemplate\":\"https:\/\/www.technic-toys.com\/en\/?s={search_term_string}\"},\"query-input\":\"required name=search_term_string\"}],\"inLanguage\":\"hr\"}]}<\/script>\n<!-- \/ Yoast SEO plugin. -->","yoast_head_json":{"title":"Mad Flow V3 Formula 1 Boat 590mm 3S bez \u010detkica - TECHNIC TOYS SHOP","robots":{"index":"index","follow":"follow","max-snippet":"max-snippet:-1","max-image-preview":"max-image-preview:large","max-video-preview":"max-video-preview:-1"},"canonical":"https:\/\/www.technic-toys.com\/hr\/proizvod\/mad-flow-v3-formula-1-boat-590mm-3s-bez-cetkica\/","og_locale":"hr_HR","og_type":"article","og_title":"Mad Flow V3 Formula 1 Boat 590mm 3S bez \u010detkica - TECHNIC TOYS SHOP","og_description":"Brz i upravljiv \u010damac formule kompaktnih i prakti\u010dnih vanjskih dimenzija. Sna\u017ean, vodeno hla\u0111en 3S 11.1V motor bez \u010detkica ubrzava \u010damac do preko 55 km\/h. 30A ESC sa BEC vezom, 9g vodootporni servo upravlja\u010da sa metalnim zup\u010danikom i osjetljivi digitalni proporcionalni daljinski upravlja\u010d od 2,4 GHz su daljnji vrhunci Mad Flow brzog \u010damca. Robusni trup se [&hellip;]","og_url":"https:\/\/www.technic-toys.com\/hr\/proizvod\/mad-flow-v3-formula-1-boat-590mm-3s-bez-cetkica\/","og_site_name":"TECHNIC TOYS SHOP","article_modified_time":"2022-08-01T10:43:10+00:00","og_image":[{"width":2560,"height":1468,"url":"https:\/\/www.technic-toys.com\/wp-content\/uploads\/2022\/04\/26091.jpg","type":"image\/jpeg"}],"twitter_card":"summary_large_image","twitter_misc":{"Procijenjeno vrijeme \u010ditanja":"1 minuta"},"schema":{"@context":"https:\/\/schema.org","@graph":[{"@type":"WebPage","@id":"https:\/\/www.technic-toys.com\/hr\/proizvod\/mad-flow-v3-formula-1-boat-590mm-3s-bez-cetkica\/","url":"https:\/\/www.technic-toys.com\/hr\/proizvod\/mad-flow-v3-formula-1-boat-590mm-3s-bez-cetkica\/","name":"Mad Flow V3 Formula 1 Boat 590mm 3S bez \u010detkica - TECHNIC TOYS SHOP","isPartOf":{"@id":"https:\/\/www.technic-toys.com\/en\/#website"},"datePublished":"2022-04-08T19:37:37+00:00","dateModified":"2022-08-01T10:43:10+00:00","breadcrumb":{"@id":"https:\/\/www.technic-toys.com\/hr\/proizvod\/mad-flow-v3-formula-1-boat-590mm-3s-bez-cetkica\/#breadcrumb"},"inLanguage":"hr","potentialAction":[{"@type":"ReadAction","target":["https:\/\/www.technic-toys.com\/hr\/proizvod\/mad-flow-v3-formula-1-boat-590mm-3s-bez-cetkica\/"]}]},{"@type":"BreadcrumbList","@id":"https:\/\/www.technic-toys.com\/hr\/proizvod\/mad-flow-v3-formula-1-boat-590mm-3s-bez-cetkica\/#breadcrumb","itemListElement":[{"@type":"ListItem","position":1,"name":"Domov","item":"https:\/\/www.technic-toys.com\/hr\/"},{"@type":"ListItem","position":2,"name":"Shop","item":"https:\/\/www.technic-toys.com\/hr\/shop-2\/"},{"@type":"ListItem","position":3,"name":"Mad Flow V3 Formula 1 Boat 590mm 3S bez \u010detkica"}]},{"@type":"WebSite","@id":"https:\/\/www.technic-toys.com\/en\/#website","url":"https:\/\/www.technic-toys.com\/en\/","name":"TECHNIC TOYS SHOP","description":"","potentialAction":[{"@type":"SearchAction","target":{"@type":"EntryPoint","urlTemplate":"https:\/\/www.technic-toys.com\/en\/?s={search_term_string}"},"query-input":"required name=search_term_string"}],"inLanguage":"hr"}]}},"_links":{"self":[{"href":"https:\/\/www.technic-toys.com\/hr\/wp-json\/wp\/v2\/product\/19824"}],"collection":[{"href":"https:\/\/www.technic-toys.com\/hr\/wp-json\/wp\/v2\/product"}],"about":[{"href":"https:\/\/www.technic-toys.com\/hr\/wp-json\/wp\/v2\/types\/product"}],"wp:featuredmedia":[{"embeddable":true,"href":"https:\/\/www.technic-toys.com\/hr\/wp-json\/wp\/v2\/media\/18693"}],"wp:attachment":[{"href":"https:\/\/www.technic-toys.com\/hr\/wp-json\/wp\/v2\/media?parent=19824"}],"wp:term":[{"taxonomy":"product_cat","embeddable":true,"href":"https:\/\/www.technic-toys.com\/hr\/wp-json\/wp\/v2\/product_cat?post=19824"},{"taxonomy":"product_tag","embeddable":true,"href":"https:\/\/www.technic-toys.com\/hr\/wp-json\/wp\/v2\/product_tag?post=19824"}],"curies":[{"name":"wp","href":"https:\/\/api.w.org\/{rel}","templated":true}]}}