{"id":19829,"date":"2022-04-08T17:42:19","date_gmt":"2022-04-08T19:37:54","guid":{"rendered":"https:\/\/www.technic-toys.com\/izdelek\/bullet-v4-mono-trkaci-camac-4s-bez-cetkica-artr\/"},"modified":"2022-08-01T12:43:10","modified_gmt":"2022-08-01T10:43:10","slug":"bullet-v4-mono-trkaci-camac-4s-bez-cetkica-artr","status":"publish","type":"product","link":"https:\/\/www.technic-toys.com\/hr\/proizvod\/bullet-v4-mono-trkaci-camac-4s-bez-cetkica-artr\/","title":{"rendered":"Bullet V4 mono trka\u0107i \u010damac 4S bez \u010detkica ARTR"},"content":{"rendered":"<p>Brzi (pribli\u017eno 60 km\/h brz) gliser Bullet V4 impresionira svojim sna\u017enim 2815 motorom bez \u010detkica i 4S LiPo pogonom u vezi s 60A kontrolerom visokih performansi.<br \/>Odli\u010dan lak nagla\u0161ava sportski karakter ovog trka\u0107eg \u010damca. Sistem konektora ovog sjajnog trka\u010dkog \u010damca promijenjen je u XT60 kontakte kako bi se iskoristio puni potencijal modela. Ve\u0107 ugra\u0111eno vodeno hla\u0111enje osigurava dodatnu sigurnost, a oda\u0161ilja\u010d od 2,4 GHz, koji dobro le\u017ei u ruci, osigurava sigurnost vo\u017enje bez problema uz potpunu kontrolu svih upravlja\u010dkih funkcija. Sistem kormila i propeler su izra\u0111eni od visokokvalitetnog metala. Uz pomo\u0107 daljinskog upravlja\u010da od 2,4 GHz, \u010damac se mo\u017ee lagano pro\u0161iriti do svojih granica.<\/p>\n<p>Karakteristike:<br \/>Elegantan dizajn<br \/>Elektronika visokog kvaliteta<br \/>Vrlo brzo (do cca. 60km\/h)<br \/>Vrlo dobar sistem upravljanja 2,4 GHz<br \/>Trim na predajniku za gas i upravljanje Dvostruka brzina za upravljanje lijevo i desno se mo\u017ee kontrolirati odvojeno (hod kormila)<br \/> Robustan trup od ABS-a<br \/>Vodoza\u0161ti\u0107ena elektronika <br \/>Sistem kormila i propler od metala<\/p>\n<p>Tehni\u010dki podaci:<br \/>Du\u017eina: 729mm<br \/>\u0160irina: 180mm<br \/>Visina: 125 mm<br \/>Te\u017eina: 1,35 kg (bez baterije)<br \/>2,4 GHz 3-kanalni digitalni proporcionalni<br \/>Pogon: 4 S LiPo (2x 2S 3500 &#8211; 4000mAh 7,4V min. 35C)< br \/><br \/>Obim isporuke:<br \/>Bullet V4 Boat<br \/>Daljinski upravlja\u010d za pi\u0161tolj 2,4 GHz<br \/>Stalak za \u010damac<br \/>Dodatna oprema<br \/>Priru\u010dnik za upotrebu njema\u010dki \/ engleski<br \/ ><br \/>Potrebna dodatna oprema:<br \/>Baterija: 2x 7.4V 3500mAh &#8211; 4000mAh min.35C LiPo sa XT60 konektorima,<br \/>LiPo punja\u010d za punjenje baterija<br \/>4x 1.5V AA Mignon Ba Tery za daljinski upravlja\u010d<\/p>\n","protected":false},"excerpt":{"rendered":"<p>Brzi (pribli\u017eno 60 km\/h brz) gliser Bullet V4 impresionira svojim sna\u017enim 2815 motorom bez \u010detkica i 4S LiPo pogonom u vezi s 60A kontrolerom visokih performansi.Odli\u010dan lak nagla\u0161ava sportski karakter ovog trka\u0107eg \u010damca. Sistem konektora ovog sjajnog trka\u010dkog \u010damca promijenjen je u XT60 kontakte kako bi se iskoristio puni potencijal modela. Ve\u0107 ugra\u0111eno vodeno hla\u0111enje [&hellip;]<\/p>\n","protected":false},"featured_media":18803,"template":"","meta":[],"product_cat":[502,506],"product_tag":[],"acf":[],"yoast_head":"<!-- This site is optimized with the Yoast SEO plugin v21.7 - https:\/\/yoast.com\/wordpress\/plugins\/seo\/ -->\n<title>Bullet V4 mono trka\u0107i \u010damac 4S bez \u010detkica ARTR - TECHNIC TOYS SHOP<\/title>\n<meta name=\"robots\" content=\"index, follow, max-snippet:-1, max-image-preview:large, max-video-preview:-1\" \/>\n<link rel=\"canonical\" href=\"https:\/\/www.technic-toys.com\/hr\/proizvod\/bullet-v4-mono-trkaci-camac-4s-bez-cetkica-artr\/\" \/>\n<meta property=\"og:locale\" content=\"hr_HR\" \/>\n<meta property=\"og:type\" content=\"article\" \/>\n<meta property=\"og:title\" content=\"Bullet V4 mono trka\u0107i \u010damac 4S bez \u010detkica ARTR - TECHNIC TOYS SHOP\" \/>\n<meta property=\"og:description\" content=\"Brzi (pribli\u017eno 60 km\/h brz) gliser Bullet V4 impresionira svojim sna\u017enim 2815 motorom bez \u010detkica i 4S LiPo pogonom u vezi s 60A kontrolerom visokih performansi.Odli\u010dan lak nagla\u0161ava sportski karakter ovog trka\u0107eg \u010damca. Sistem konektora ovog sjajnog trka\u010dkog \u010damca promijenjen je u XT60 kontakte kako bi se iskoristio puni potencijal modela. Ve\u0107 ugra\u0111eno vodeno hla\u0111enje [&hellip;]\" \/>\n<meta property=\"og:url\" content=\"https:\/\/www.technic-toys.com\/hr\/proizvod\/bullet-v4-mono-trkaci-camac-4s-bez-cetkica-artr\/\" \/>\n<meta property=\"og:site_name\" content=\"TECHNIC TOYS SHOP\" \/>\n<meta property=\"article:modified_time\" content=\"2022-08-01T10:43:10+00:00\" \/>\n<meta property=\"og:image\" content=\"https:\/\/www.technic-toys.com\/wp-content\/uploads\/2022\/04\/26097.jpg\" \/>\n\t<meta property=\"og:image:width\" content=\"2560\" \/>\n\t<meta property=\"og:image:height\" content=\"1468\" \/>\n\t<meta property=\"og:image:type\" content=\"image\/jpeg\" \/>\n<meta name=\"twitter:card\" content=\"summary_large_image\" \/>\n<meta name=\"twitter:label1\" content=\"Procijenjeno vrijeme \u010ditanja\" \/>\n\t<meta name=\"twitter:data1\" content=\"1 minuta\" \/>\n<script type=\"application\/ld+json\" class=\"yoast-schema-graph\">{\"@context\":\"https:\/\/schema.org\",\"@graph\":[{\"@type\":\"WebPage\",\"@id\":\"https:\/\/www.technic-toys.com\/hr\/proizvod\/bullet-v4-mono-trkaci-camac-4s-bez-cetkica-artr\/\",\"url\":\"https:\/\/www.technic-toys.com\/hr\/proizvod\/bullet-v4-mono-trkaci-camac-4s-bez-cetkica-artr\/\",\"name\":\"Bullet V4 mono trka\u0107i \u010damac 4S bez \u010detkica ARTR - TECHNIC TOYS SHOP\",\"isPartOf\":{\"@id\":\"https:\/\/www.technic-toys.com\/en\/#website\"},\"datePublished\":\"2022-04-08T19:37:54+00:00\",\"dateModified\":\"2022-08-01T10:43:10+00:00\",\"breadcrumb\":{\"@id\":\"https:\/\/www.technic-toys.com\/hr\/proizvod\/bullet-v4-mono-trkaci-camac-4s-bez-cetkica-artr\/#breadcrumb\"},\"inLanguage\":\"hr\",\"potentialAction\":[{\"@type\":\"ReadAction\",\"target\":[\"https:\/\/www.technic-toys.com\/hr\/proizvod\/bullet-v4-mono-trkaci-camac-4s-bez-cetkica-artr\/\"]}]},{\"@type\":\"BreadcrumbList\",\"@id\":\"https:\/\/www.technic-toys.com\/hr\/proizvod\/bullet-v4-mono-trkaci-camac-4s-bez-cetkica-artr\/#breadcrumb\",\"itemListElement\":[{\"@type\":\"ListItem\",\"position\":1,\"name\":\"Domov\",\"item\":\"https:\/\/www.technic-toys.com\/hr\/\"},{\"@type\":\"ListItem\",\"position\":2,\"name\":\"Shop\",\"item\":\"https:\/\/www.technic-toys.com\/hr\/shop-2\/\"},{\"@type\":\"ListItem\",\"position\":3,\"name\":\"Bullet V4 mono trka\u0107i \u010damac 4S bez \u010detkica ARTR\"}]},{\"@type\":\"WebSite\",\"@id\":\"https:\/\/www.technic-toys.com\/en\/#website\",\"url\":\"https:\/\/www.technic-toys.com\/en\/\",\"name\":\"TECHNIC TOYS SHOP\",\"description\":\"\",\"potentialAction\":[{\"@type\":\"SearchAction\",\"target\":{\"@type\":\"EntryPoint\",\"urlTemplate\":\"https:\/\/www.technic-toys.com\/en\/?s={search_term_string}\"},\"query-input\":\"required name=search_term_string\"}],\"inLanguage\":\"hr\"}]}<\/script>\n<!-- \/ Yoast SEO plugin. -->","yoast_head_json":{"title":"Bullet V4 mono trka\u0107i \u010damac 4S bez \u010detkica ARTR - TECHNIC TOYS SHOP","robots":{"index":"index","follow":"follow","max-snippet":"max-snippet:-1","max-image-preview":"max-image-preview:large","max-video-preview":"max-video-preview:-1"},"canonical":"https:\/\/www.technic-toys.com\/hr\/proizvod\/bullet-v4-mono-trkaci-camac-4s-bez-cetkica-artr\/","og_locale":"hr_HR","og_type":"article","og_title":"Bullet V4 mono trka\u0107i \u010damac 4S bez \u010detkica ARTR - TECHNIC TOYS SHOP","og_description":"Brzi (pribli\u017eno 60 km\/h brz) gliser Bullet V4 impresionira svojim sna\u017enim 2815 motorom bez \u010detkica i 4S LiPo pogonom u vezi s 60A kontrolerom visokih performansi.Odli\u010dan lak nagla\u0161ava sportski karakter ovog trka\u0107eg \u010damca. Sistem konektora ovog sjajnog trka\u010dkog \u010damca promijenjen je u XT60 kontakte kako bi se iskoristio puni potencijal modela. Ve\u0107 ugra\u0111eno vodeno hla\u0111enje [&hellip;]","og_url":"https:\/\/www.technic-toys.com\/hr\/proizvod\/bullet-v4-mono-trkaci-camac-4s-bez-cetkica-artr\/","og_site_name":"TECHNIC TOYS SHOP","article_modified_time":"2022-08-01T10:43:10+00:00","og_image":[{"width":2560,"height":1468,"url":"https:\/\/www.technic-toys.com\/wp-content\/uploads\/2022\/04\/26097.jpg","type":"image\/jpeg"}],"twitter_card":"summary_large_image","twitter_misc":{"Procijenjeno vrijeme \u010ditanja":"1 minuta"},"schema":{"@context":"https:\/\/schema.org","@graph":[{"@type":"WebPage","@id":"https:\/\/www.technic-toys.com\/hr\/proizvod\/bullet-v4-mono-trkaci-camac-4s-bez-cetkica-artr\/","url":"https:\/\/www.technic-toys.com\/hr\/proizvod\/bullet-v4-mono-trkaci-camac-4s-bez-cetkica-artr\/","name":"Bullet V4 mono trka\u0107i \u010damac 4S bez \u010detkica ARTR - TECHNIC TOYS SHOP","isPartOf":{"@id":"https:\/\/www.technic-toys.com\/en\/#website"},"datePublished":"2022-04-08T19:37:54+00:00","dateModified":"2022-08-01T10:43:10+00:00","breadcrumb":{"@id":"https:\/\/www.technic-toys.com\/hr\/proizvod\/bullet-v4-mono-trkaci-camac-4s-bez-cetkica-artr\/#breadcrumb"},"inLanguage":"hr","potentialAction":[{"@type":"ReadAction","target":["https:\/\/www.technic-toys.com\/hr\/proizvod\/bullet-v4-mono-trkaci-camac-4s-bez-cetkica-artr\/"]}]},{"@type":"BreadcrumbList","@id":"https:\/\/www.technic-toys.com\/hr\/proizvod\/bullet-v4-mono-trkaci-camac-4s-bez-cetkica-artr\/#breadcrumb","itemListElement":[{"@type":"ListItem","position":1,"name":"Domov","item":"https:\/\/www.technic-toys.com\/hr\/"},{"@type":"ListItem","position":2,"name":"Shop","item":"https:\/\/www.technic-toys.com\/hr\/shop-2\/"},{"@type":"ListItem","position":3,"name":"Bullet V4 mono trka\u0107i \u010damac 4S bez \u010detkica ARTR"}]},{"@type":"WebSite","@id":"https:\/\/www.technic-toys.com\/en\/#website","url":"https:\/\/www.technic-toys.com\/en\/","name":"TECHNIC TOYS SHOP","description":"","potentialAction":[{"@type":"SearchAction","target":{"@type":"EntryPoint","urlTemplate":"https:\/\/www.technic-toys.com\/en\/?s={search_term_string}"},"query-input":"required name=search_term_string"}],"inLanguage":"hr"}]}},"_links":{"self":[{"href":"https:\/\/www.technic-toys.com\/hr\/wp-json\/wp\/v2\/product\/19829"}],"collection":[{"href":"https:\/\/www.technic-toys.com\/hr\/wp-json\/wp\/v2\/product"}],"about":[{"href":"https:\/\/www.technic-toys.com\/hr\/wp-json\/wp\/v2\/types\/product"}],"wp:featuredmedia":[{"embeddable":true,"href":"https:\/\/www.technic-toys.com\/hr\/wp-json\/wp\/v2\/media\/18803"}],"wp:attachment":[{"href":"https:\/\/www.technic-toys.com\/hr\/wp-json\/wp\/v2\/media?parent=19829"}],"wp:term":[{"taxonomy":"product_cat","embeddable":true,"href":"https:\/\/www.technic-toys.com\/hr\/wp-json\/wp\/v2\/product_cat?post=19829"},{"taxonomy":"product_tag","embeddable":true,"href":"https:\/\/www.technic-toys.com\/hr\/wp-json\/wp\/v2\/product_tag?post=19829"}],"curies":[{"name":"wp","href":"https:\/\/api.w.org\/{rel}","templated":true}]}}