{"id":20177,"date":"2022-05-22T10:42:01","date_gmt":"2022-05-22T08:42:01","guid":{"rendered":"https:\/\/www.technic-toys.com\/?post_type=product&#038;p=20177"},"modified":"2023-05-08T22:55:28","modified_gmt":"2023-05-08T20:55:28","slug":"gokart-fiat-abarth-original-auto-formula-na-pedala-za-djecu-bijela","status":"publish","type":"product","link":"https:\/\/www.technic-toys.com\/hr\/proizvod\/gokart-fiat-abarth-original-auto-formula-na-pedala-za-djecu-bijela\/","title":{"rendered":"IZLO\u017dBENI model &#8211; GOKART Fiat Abarth original, auto formula na pedala za djecu BIJELA"},"content":{"rendered":"<p>GO-CART ABARTH White- EVA kota\u010di<br \/>\nGo-Cart je dizajniran za djecu koja vole aktivnosti na otvorenom i aktivan na\u010din \u017eivota.<br \/>\n-modernog dizajna, udobno sedi\u0161te sa naslonom<br \/>\n-maksimalno optere\u0107enje do 30 kg<br \/>\n&#8211; ko\u010dnica na oba to\u010dka<br \/>\n-mekani kota\u010di EVA materijal<br \/>\n&#8211; mogu\u0107nost vo\u017enje naprijed-nazad<br \/>\n&#8211; metalni elementi<br \/>\n&#8211; sistem kontrole<br \/>\n&#8211; pogon zadnje osovine<br \/>\n&#8211; du\u017eina &#8211; 113 cm, \u0161irina &#8211; 57 cm, visina &#8211; 73 cm<\/p>\n<p>djete: 3 godine +<br \/>\nMarka: Abarth Fiat<br \/>\nTip pogona: pedala<br \/>\nMaksimalno optere\u0107enje: 30 kg<\/p>\n","protected":false},"excerpt":{"rendered":"<p>GO-CART ABARTH White- EVA kota\u010di Go-Cart je dizajniran za djecu koja vole aktivnosti na otvorenom i aktivan na\u010din \u017eivota. -modernog dizajna, udobno sedi\u0161te sa naslonom -maksimalno optere\u0107enje do 30 kg &#8211; ko\u010dnica na oba to\u010dka -mekani kota\u010di EVA materijal &#8211; mogu\u0107nost vo\u017enje naprijed-nazad &#8211; metalni elementi &#8211; sistem kontrole &#8211; pogon zadnje osovine &#8211; du\u017eina [&hellip;]<\/p>\n","protected":false},"featured_media":20169,"template":"","meta":[],"product_cat":[514,467],"product_tag":[],"acf":[],"yoast_head":"<!-- This site is optimized with the Yoast SEO plugin v21.7 - https:\/\/yoast.com\/wordpress\/plugins\/seo\/ -->\n<title>IZLO\u017dBENI model - GOKART Fiat Abarth original, auto formula na pedala za djecu BIJELA - TECHNIC TOYS SHOP<\/title>\n<meta name=\"description\" content=\"GOKART Fiat Abarth original, avto formula na pedala za djecu\" \/>\n<meta name=\"robots\" content=\"index, follow, max-snippet:-1, max-image-preview:large, max-video-preview:-1\" \/>\n<link rel=\"canonical\" href=\"https:\/\/www.technic-toys.com\/hr\/proizvod\/gokart-fiat-abarth-original-auto-formula-na-pedala-za-djecu-bijela\/\" \/>\n<meta property=\"og:locale\" content=\"hr_HR\" \/>\n<meta property=\"og:type\" content=\"article\" \/>\n<meta property=\"og:title\" content=\"IZLO\u017dBENI model - GOKART Fiat Abarth original, auto formula na pedala za djecu BIJELA - TECHNIC TOYS SHOP\" \/>\n<meta property=\"og:description\" content=\"GOKART Fiat Abarth original, avto formula na pedala za djecu\" \/>\n<meta property=\"og:url\" content=\"https:\/\/www.technic-toys.com\/hr\/proizvod\/gokart-fiat-abarth-original-auto-formula-na-pedala-za-djecu-bijela\/\" \/>\n<meta property=\"og:site_name\" content=\"TECHNIC TOYS SHOP\" \/>\n<meta property=\"article:modified_time\" content=\"2023-05-08T20:55:28+00:00\" \/>\n<meta property=\"og:image\" content=\"https:\/\/www.technic-toys.com\/wp-content\/uploads\/2022\/05\/abarth-fiat_white5.jpg\" \/>\n\t<meta property=\"og:image:width\" content=\"826\" \/>\n\t<meta property=\"og:image:height\" content=\"578\" \/>\n\t<meta property=\"og:image:type\" content=\"image\/jpeg\" \/>\n<meta name=\"twitter:card\" content=\"summary_large_image\" \/>\n<meta name=\"twitter:label1\" content=\"Procijenjeno vrijeme \u010ditanja\" \/>\n\t<meta name=\"twitter:data1\" content=\"1 minuta\" \/>\n<script type=\"application\/ld+json\" class=\"yoast-schema-graph\">{\"@context\":\"https:\/\/schema.org\",\"@graph\":[{\"@type\":\"WebPage\",\"@id\":\"https:\/\/www.technic-toys.com\/hr\/proizvod\/gokart-fiat-abarth-original-auto-formula-na-pedala-za-djecu-bijela\/\",\"url\":\"https:\/\/www.technic-toys.com\/hr\/proizvod\/gokart-fiat-abarth-original-auto-formula-na-pedala-za-djecu-bijela\/\",\"name\":\"IZLO\u017dBENI model - GOKART Fiat Abarth original, auto formula na pedala za djecu BIJELA - TECHNIC TOYS SHOP\",\"isPartOf\":{\"@id\":\"https:\/\/www.technic-toys.com\/en\/#website\"},\"datePublished\":\"2022-05-22T08:42:01+00:00\",\"dateModified\":\"2023-05-08T20:55:28+00:00\",\"description\":\"GOKART Fiat Abarth original, avto formula na pedala za djecu\",\"breadcrumb\":{\"@id\":\"https:\/\/www.technic-toys.com\/hr\/proizvod\/gokart-fiat-abarth-original-auto-formula-na-pedala-za-djecu-bijela\/#breadcrumb\"},\"inLanguage\":\"hr\",\"potentialAction\":[{\"@type\":\"ReadAction\",\"target\":[\"https:\/\/www.technic-toys.com\/hr\/proizvod\/gokart-fiat-abarth-original-auto-formula-na-pedala-za-djecu-bijela\/\"]}]},{\"@type\":\"BreadcrumbList\",\"@id\":\"https:\/\/www.technic-toys.com\/hr\/proizvod\/gokart-fiat-abarth-original-auto-formula-na-pedala-za-djecu-bijela\/#breadcrumb\",\"itemListElement\":[{\"@type\":\"ListItem\",\"position\":1,\"name\":\"Domov\",\"item\":\"https:\/\/www.technic-toys.com\/hr\/\"},{\"@type\":\"ListItem\",\"position\":2,\"name\":\"Shop\",\"item\":\"https:\/\/www.technic-toys.com\/hr\/shop-2\/\"},{\"@type\":\"ListItem\",\"position\":3,\"name\":\"IZLO\u017dBENI model &#8211; GOKART Fiat Abarth original, auto formula na pedala za djecu BIJELA\"}]},{\"@type\":\"WebSite\",\"@id\":\"https:\/\/www.technic-toys.com\/en\/#website\",\"url\":\"https:\/\/www.technic-toys.com\/en\/\",\"name\":\"TECHNIC TOYS SHOP\",\"description\":\"\",\"potentialAction\":[{\"@type\":\"SearchAction\",\"target\":{\"@type\":\"EntryPoint\",\"urlTemplate\":\"https:\/\/www.technic-toys.com\/en\/?s={search_term_string}\"},\"query-input\":\"required name=search_term_string\"}],\"inLanguage\":\"hr\"}]}<\/script>\n<!-- \/ Yoast SEO plugin. -->","yoast_head_json":{"title":"IZLO\u017dBENI model - GOKART Fiat Abarth original, auto formula na pedala za djecu BIJELA - TECHNIC TOYS SHOP","description":"GOKART Fiat Abarth original, avto formula na pedala za djecu","robots":{"index":"index","follow":"follow","max-snippet":"max-snippet:-1","max-image-preview":"max-image-preview:large","max-video-preview":"max-video-preview:-1"},"canonical":"https:\/\/www.technic-toys.com\/hr\/proizvod\/gokart-fiat-abarth-original-auto-formula-na-pedala-za-djecu-bijela\/","og_locale":"hr_HR","og_type":"article","og_title":"IZLO\u017dBENI model - GOKART Fiat Abarth original, auto formula na pedala za djecu BIJELA - TECHNIC TOYS SHOP","og_description":"GOKART Fiat Abarth original, avto formula na pedala za djecu","og_url":"https:\/\/www.technic-toys.com\/hr\/proizvod\/gokart-fiat-abarth-original-auto-formula-na-pedala-za-djecu-bijela\/","og_site_name":"TECHNIC TOYS SHOP","article_modified_time":"2023-05-08T20:55:28+00:00","og_image":[{"width":826,"height":578,"url":"https:\/\/www.technic-toys.com\/wp-content\/uploads\/2022\/05\/abarth-fiat_white5.jpg","type":"image\/jpeg"}],"twitter_card":"summary_large_image","twitter_misc":{"Procijenjeno vrijeme \u010ditanja":"1 minuta"},"schema":{"@context":"https:\/\/schema.org","@graph":[{"@type":"WebPage","@id":"https:\/\/www.technic-toys.com\/hr\/proizvod\/gokart-fiat-abarth-original-auto-formula-na-pedala-za-djecu-bijela\/","url":"https:\/\/www.technic-toys.com\/hr\/proizvod\/gokart-fiat-abarth-original-auto-formula-na-pedala-za-djecu-bijela\/","name":"IZLO\u017dBENI model - GOKART Fiat Abarth original, auto formula na pedala za djecu BIJELA - TECHNIC TOYS SHOP","isPartOf":{"@id":"https:\/\/www.technic-toys.com\/en\/#website"},"datePublished":"2022-05-22T08:42:01+00:00","dateModified":"2023-05-08T20:55:28+00:00","description":"GOKART Fiat Abarth original, avto formula na pedala za djecu","breadcrumb":{"@id":"https:\/\/www.technic-toys.com\/hr\/proizvod\/gokart-fiat-abarth-original-auto-formula-na-pedala-za-djecu-bijela\/#breadcrumb"},"inLanguage":"hr","potentialAction":[{"@type":"ReadAction","target":["https:\/\/www.technic-toys.com\/hr\/proizvod\/gokart-fiat-abarth-original-auto-formula-na-pedala-za-djecu-bijela\/"]}]},{"@type":"BreadcrumbList","@id":"https:\/\/www.technic-toys.com\/hr\/proizvod\/gokart-fiat-abarth-original-auto-formula-na-pedala-za-djecu-bijela\/#breadcrumb","itemListElement":[{"@type":"ListItem","position":1,"name":"Domov","item":"https:\/\/www.technic-toys.com\/hr\/"},{"@type":"ListItem","position":2,"name":"Shop","item":"https:\/\/www.technic-toys.com\/hr\/shop-2\/"},{"@type":"ListItem","position":3,"name":"IZLO\u017dBENI model &#8211; GOKART Fiat Abarth original, auto formula na pedala za djecu BIJELA"}]},{"@type":"WebSite","@id":"https:\/\/www.technic-toys.com\/en\/#website","url":"https:\/\/www.technic-toys.com\/en\/","name":"TECHNIC TOYS SHOP","description":"","potentialAction":[{"@type":"SearchAction","target":{"@type":"EntryPoint","urlTemplate":"https:\/\/www.technic-toys.com\/en\/?s={search_term_string}"},"query-input":"required name=search_term_string"}],"inLanguage":"hr"}]}},"_links":{"self":[{"href":"https:\/\/www.technic-toys.com\/hr\/wp-json\/wp\/v2\/product\/20177"}],"collection":[{"href":"https:\/\/www.technic-toys.com\/hr\/wp-json\/wp\/v2\/product"}],"about":[{"href":"https:\/\/www.technic-toys.com\/hr\/wp-json\/wp\/v2\/types\/product"}],"wp:featuredmedia":[{"embeddable":true,"href":"https:\/\/www.technic-toys.com\/hr\/wp-json\/wp\/v2\/media\/20169"}],"wp:attachment":[{"href":"https:\/\/www.technic-toys.com\/hr\/wp-json\/wp\/v2\/media?parent=20177"}],"wp:term":[{"taxonomy":"product_cat","embeddable":true,"href":"https:\/\/www.technic-toys.com\/hr\/wp-json\/wp\/v2\/product_cat?post=20177"},{"taxonomy":"product_tag","embeddable":true,"href":"https:\/\/www.technic-toys.com\/hr\/wp-json\/wp\/v2\/product_tag?post=20177"}],"curies":[{"name":"wp","href":"https:\/\/api.w.org\/{rel}","templated":true}]}}