{"id":20189,"date":"2022-05-22T13:17:09","date_gmt":"2022-05-22T11:17:10","guid":{"rendered":"https:\/\/www.technic-toys.com\/?post_type=product&#038;p=20189"},"modified":"2022-08-01T12:43:09","modified_gmt":"2022-08-01T10:43:09","slug":"bmw-s1000rr-akumulatorski-motor-motocikl","status":"publish","type":"product","link":"https:\/\/www.technic-toys.com\/hr\/proizvod\/bmw-s1000rr-akumulatorski-motor-motocikl\/","title":{"rendered":"BMW S1000RR, akumulatorski motor motocikl, PLAVI"},"content":{"rendered":"<p>1. NAJJEFTINIJI<br \/>\n2. NOVO I ZAPAKOVANO<br \/>\n3. kvalitetna gradnja, njema\u010dki dizajn<br \/>\n4. Plavo-bijeli, elektri\u010dni motor motocikla BMW S1000RR Plava (originalna licenca)<\/p>\n<p>OP\u0106E INFORMACIJE<br \/>\nModel vozila BMW S1000RR<br \/>\nBoja plava<\/p>\n<p>TEHNI\u010cKE INFORMACIJE<br \/>\nMotor 1x 45W<br \/>\nbaterija 12V 7 Ah<br \/>\n2 brzine naprijed i 2 brzine unazad (spori i brzi na\u010din rada)<br \/>\nTo\u010dkovi EVA bicikla pru\u017eaju visok nivo udobnosti<br \/>\nVeli\u010dina automobila 100 cm x 28 cm x 68 cm<br \/>\nPre\u010dnik to\u010dka 30 cm<br \/>\nBrzina 2-4 km\/h (1. brzina); 4-6 km\/h (2. brzina)<br \/>\nOgrani\u010dite te\u017einu na 15 kg<br \/>\nmax. Nosivost 30 kg<br \/>\nVrijeme punjenja 8-12 sati<br \/>\nVrijeme vo\u017enje ~ 1 sat<br \/>\nDruga elektri\u010dna ko\u010dnica radi kada otpustite papu\u010dicu gasa<br \/>\nOPREMA<br \/>\nSigurnosni pojas<br \/>\nVrata su otvorena<br \/>\nKlju\u010devi<br \/>\nDaljinski<br \/>\nPrednja i zadnja LED svetla<br \/>\nZvuk dugmadi za zvuk na volanu<br \/>\nSjedalo u obliku sjedi\u0161ta od mekane ko\u017ee<br \/>\nZvuk trube, zvuci i melodije<br \/>\nKromirani elementi<br \/>\nOstalo \u25cf elektri\u010dna ko\u010dnica<\/p>\n<p>VI\u0160E INFORMACIJA<br \/>\nPreporu\u010dena dob 3+<br \/>\ncertifikat Certificiran CE, EN<\/p>\n<p>BMW S1000RR plava &#8211; vo\u017enja elektri\u010dnog motocikla<\/p>\n<p>Ako se va\u0161a djeca osje\u0107aju sna\u017eno u vezi s vozilima i vole razli\u010dite vrste motocikala, ovo bi bilo savr\u0161eno. Poznati BMW brend je uvek dobar izbor. Ovaj motocikl je zvani\u010dno licenciran od strane BMW Grupe, \u0161to zna\u010di da izgleda kao pravi model i da je potpuna imitacija.<\/p>\n<p>BMW S1000RR k ids motocikl \u0107e biti odli\u010dan za male voza\u010de koji jo\u0161 uvijek rade na odr\u017eavanju ravnote\u017ee tokom vo\u017enje. U njegovoj konstrukciji su mali, crni bo\u010dni to\u010dkovi koji podr\u017eavaju male putnike i omogu\u0107avaju im udobnu i sigurnu vo\u017enju.<\/p>\n<p>Kako koristiti BMW S1000RR? Vrlo je jednostavno, smjestite svoje dijete u udobno sjedi\u0161te od eko ko\u017ee, okrenite klju\u010d u kontakt bravi i pritisnite papu\u010dicu gasa. Jednostavno, zar ne? Voza\u010d mo\u017ee zapo\u010deti svoje putovanje uz zvu\u010dni efekat pokretanja motora. Savijanje je lako kao i vo\u017enja motocikla. Sve \u0161to treba da uradite je da skinete nogu sa pedale gasa da biste se automatski zaustavili. Morate priznati, prili\u010dno je jednostavno.<\/p>\n<p>Sa lijepim i elegantnim izgledom, istaknut \u0107ete gdje god da krenete!<\/p>\n<p>Predstavljeni motocikl pokre\u0107e baterija od 12V7Ah i motor 2x45W sa maksimalnom brzinom od 3 do 5 km\/h. Ovaj model je opremljen LED svjetlima, zatamnjenim vjetrobranom, bo\u010dnim retrovizorima, EVA felgama koje vam omogu\u0107avaju kori\u0161tenje ovog motocikla na razli\u010ditim podlogama i \u010dine vo\u017enju udobnijom za va\u0161e dijete.<\/p>\n<p>Ovaj model je dizajniran za djecu stariju od 3 godine, svi materijali od kojih je napravljeno ovo veliko i elegantno vozilo su napravljeni od vrlo jakih i ekolo\u0161ki prihvatljivih dijelova. Ovaj automobil ima CE sertifikat koji garantuje bezbednu upotrebu i da su ispunjeni zahtevi Evropske unije. Motocikl je upakovan u originalnu kutiju sa uputstvom za samomonta\u017eu, koja ne bi trebalo da traje du\u017ee od 30 minuta.<\/p>\n<p>Dimenzije motocikla:<br \/>\n100 cm x 28 cm x 68 cm<\/p>\n<p>Marka: BMW<br \/>\nVO\u017dNJA ELEKTRI\u010cNOG VOZILA<br \/>\nModel automobila: BMW S1000RR verzija tricikla<br \/>\nBoja: plava<br \/>\nTEHNI\u010cKE INFORMACIJE<br \/>\nmotor: 2x45W<br \/>\nbaterija: 12V7Ah<br \/>\nmjenja\u010d: 2 brzine (naprijed\/nazad) sa automatskim pove\u0107anjem brzine<br \/>\ndimenzije: 100 cm x 28 cm x 68 cm<br \/>\nmax. brzina: 3-6 km\/h<br \/>\nTe\u017eina bez tereta: 15 kg<br \/>\nmax. nosivost: 30 kg<br \/>\nVrijeme punjenja: 8 sati<br \/>\nTrajanje upotrebe: do 1 sat<br \/>\nko\u010dnica: Automatska kada se pusti gas<br \/>\nOPREMA<br \/>\nSedi\u0161te: Eko ko\u017ea<br \/>\nTo\u010dkovi: EVA<br \/>\nsvjetla: farovi<\/p>\n","protected":false},"excerpt":{"rendered":"<p>1. NAJJEFTINIJI 2. NOVO I ZAPAKOVANO 3. kvalitetna gradnja, njema\u010dki dizajn 4. Plavo-bijeli, elektri\u010dni motor motocikla BMW S1000RR Plava (originalna licenca) OP\u0106E INFORMACIJE Model vozila BMW S1000RR Boja plava TEHNI\u010cKE INFORMACIJE Motor 1x 45W baterija 12V 7 Ah 2 brzine naprijed i 2 brzine unazad (spori i brzi na\u010din rada) To\u010dkovi EVA bicikla pru\u017eaju visok [&hellip;]<\/p>\n","protected":false},"featured_media":20192,"template":"","meta":[],"product_cat":[514,470],"product_tag":[],"acf":[],"yoast_head":"<!-- This site is optimized with the Yoast SEO plugin v21.7 - https:\/\/yoast.com\/wordpress\/plugins\/seo\/ -->\n<title>BMW S1000RR, akumulatorski motor motocikl, PLAVI - TECHNIC TOYS SHOP<\/title>\n<meta name=\"description\" content=\"BMW S1000RR, akumulatorski motor motocikl, PLAVI\" \/>\n<meta name=\"robots\" content=\"index, follow, max-snippet:-1, max-image-preview:large, max-video-preview:-1\" \/>\n<link rel=\"canonical\" href=\"https:\/\/www.technic-toys.com\/hr\/proizvod\/bmw-s1000rr-akumulatorski-motor-motocikl\/\" \/>\n<meta property=\"og:locale\" content=\"hr_HR\" \/>\n<meta property=\"og:type\" content=\"article\" \/>\n<meta property=\"og:title\" content=\"BMW S1000RR, akumulatorski motor motocikl, PLAVI - TECHNIC TOYS SHOP\" \/>\n<meta property=\"og:description\" content=\"BMW S1000RR, akumulatorski motor motocikl, PLAVI\" \/>\n<meta property=\"og:url\" content=\"https:\/\/www.technic-toys.com\/hr\/proizvod\/bmw-s1000rr-akumulatorski-motor-motocikl\/\" \/>\n<meta property=\"og:site_name\" content=\"TECHNIC TOYS SHOP\" \/>\n<meta property=\"article:modified_time\" content=\"2022-08-01T10:43:09+00:00\" \/>\n<meta property=\"og:image\" content=\"https:\/\/www.technic-toys.com\/wp-content\/uploads\/2022\/05\/BMW-S1000RR-Blue-Electric-Ride-On-Motorcycle_akumulator-motocikel10.jpg\" \/>\n\t<meta property=\"og:image:width\" content=\"430\" \/>\n\t<meta property=\"og:image:height\" content=\"449\" \/>\n\t<meta property=\"og:image:type\" content=\"image\/jpeg\" \/>\n<meta name=\"twitter:card\" content=\"summary_large_image\" \/>\n<script type=\"application\/ld+json\" class=\"yoast-schema-graph\">{\"@context\":\"https:\/\/schema.org\",\"@graph\":[{\"@type\":\"WebPage\",\"@id\":\"https:\/\/www.technic-toys.com\/hr\/proizvod\/bmw-s1000rr-akumulatorski-motor-motocikl\/\",\"url\":\"https:\/\/www.technic-toys.com\/hr\/proizvod\/bmw-s1000rr-akumulatorski-motor-motocikl\/\",\"name\":\"BMW S1000RR, akumulatorski motor motocikl, PLAVI - TECHNIC TOYS SHOP\",\"isPartOf\":{\"@id\":\"https:\/\/www.technic-toys.com\/en\/#website\"},\"datePublished\":\"2022-05-22T11:17:10+00:00\",\"dateModified\":\"2022-08-01T10:43:09+00:00\",\"description\":\"BMW S1000RR, akumulatorski motor motocikl, PLAVI\",\"breadcrumb\":{\"@id\":\"https:\/\/www.technic-toys.com\/hr\/proizvod\/bmw-s1000rr-akumulatorski-motor-motocikl\/#breadcrumb\"},\"inLanguage\":\"hr\",\"potentialAction\":[{\"@type\":\"ReadAction\",\"target\":[\"https:\/\/www.technic-toys.com\/hr\/proizvod\/bmw-s1000rr-akumulatorski-motor-motocikl\/\"]}]},{\"@type\":\"BreadcrumbList\",\"@id\":\"https:\/\/www.technic-toys.com\/hr\/proizvod\/bmw-s1000rr-akumulatorski-motor-motocikl\/#breadcrumb\",\"itemListElement\":[{\"@type\":\"ListItem\",\"position\":1,\"name\":\"Domov\",\"item\":\"https:\/\/www.technic-toys.com\/hr\/\"},{\"@type\":\"ListItem\",\"position\":2,\"name\":\"Shop\",\"item\":\"https:\/\/www.technic-toys.com\/hr\/shop-2\/\"},{\"@type\":\"ListItem\",\"position\":3,\"name\":\"BMW S1000RR, akumulatorski motor motocikl, PLAVI\"}]},{\"@type\":\"WebSite\",\"@id\":\"https:\/\/www.technic-toys.com\/en\/#website\",\"url\":\"https:\/\/www.technic-toys.com\/en\/\",\"name\":\"TECHNIC TOYS SHOP\",\"description\":\"\",\"potentialAction\":[{\"@type\":\"SearchAction\",\"target\":{\"@type\":\"EntryPoint\",\"urlTemplate\":\"https:\/\/www.technic-toys.com\/en\/?s={search_term_string}\"},\"query-input\":\"required name=search_term_string\"}],\"inLanguage\":\"hr\"}]}<\/script>\n<!-- \/ Yoast SEO plugin. -->","yoast_head_json":{"title":"BMW S1000RR, akumulatorski motor motocikl, PLAVI - TECHNIC TOYS SHOP","description":"BMW S1000RR, akumulatorski motor motocikl, PLAVI","robots":{"index":"index","follow":"follow","max-snippet":"max-snippet:-1","max-image-preview":"max-image-preview:large","max-video-preview":"max-video-preview:-1"},"canonical":"https:\/\/www.technic-toys.com\/hr\/proizvod\/bmw-s1000rr-akumulatorski-motor-motocikl\/","og_locale":"hr_HR","og_type":"article","og_title":"BMW S1000RR, akumulatorski motor motocikl, PLAVI - TECHNIC TOYS SHOP","og_description":"BMW S1000RR, akumulatorski motor motocikl, PLAVI","og_url":"https:\/\/www.technic-toys.com\/hr\/proizvod\/bmw-s1000rr-akumulatorski-motor-motocikl\/","og_site_name":"TECHNIC TOYS SHOP","article_modified_time":"2022-08-01T10:43:09+00:00","og_image":[{"width":430,"height":449,"url":"https:\/\/www.technic-toys.com\/wp-content\/uploads\/2022\/05\/BMW-S1000RR-Blue-Electric-Ride-On-Motorcycle_akumulator-motocikel10.jpg","type":"image\/jpeg"}],"twitter_card":"summary_large_image","schema":{"@context":"https:\/\/schema.org","@graph":[{"@type":"WebPage","@id":"https:\/\/www.technic-toys.com\/hr\/proizvod\/bmw-s1000rr-akumulatorski-motor-motocikl\/","url":"https:\/\/www.technic-toys.com\/hr\/proizvod\/bmw-s1000rr-akumulatorski-motor-motocikl\/","name":"BMW S1000RR, akumulatorski motor motocikl, PLAVI - TECHNIC TOYS SHOP","isPartOf":{"@id":"https:\/\/www.technic-toys.com\/en\/#website"},"datePublished":"2022-05-22T11:17:10+00:00","dateModified":"2022-08-01T10:43:09+00:00","description":"BMW S1000RR, akumulatorski motor motocikl, PLAVI","breadcrumb":{"@id":"https:\/\/www.technic-toys.com\/hr\/proizvod\/bmw-s1000rr-akumulatorski-motor-motocikl\/#breadcrumb"},"inLanguage":"hr","potentialAction":[{"@type":"ReadAction","target":["https:\/\/www.technic-toys.com\/hr\/proizvod\/bmw-s1000rr-akumulatorski-motor-motocikl\/"]}]},{"@type":"BreadcrumbList","@id":"https:\/\/www.technic-toys.com\/hr\/proizvod\/bmw-s1000rr-akumulatorski-motor-motocikl\/#breadcrumb","itemListElement":[{"@type":"ListItem","position":1,"name":"Domov","item":"https:\/\/www.technic-toys.com\/hr\/"},{"@type":"ListItem","position":2,"name":"Shop","item":"https:\/\/www.technic-toys.com\/hr\/shop-2\/"},{"@type":"ListItem","position":3,"name":"BMW S1000RR, akumulatorski motor motocikl, PLAVI"}]},{"@type":"WebSite","@id":"https:\/\/www.technic-toys.com\/en\/#website","url":"https:\/\/www.technic-toys.com\/en\/","name":"TECHNIC TOYS SHOP","description":"","potentialAction":[{"@type":"SearchAction","target":{"@type":"EntryPoint","urlTemplate":"https:\/\/www.technic-toys.com\/en\/?s={search_term_string}"},"query-input":"required name=search_term_string"}],"inLanguage":"hr"}]}},"_links":{"self":[{"href":"https:\/\/www.technic-toys.com\/hr\/wp-json\/wp\/v2\/product\/20189"}],"collection":[{"href":"https:\/\/www.technic-toys.com\/hr\/wp-json\/wp\/v2\/product"}],"about":[{"href":"https:\/\/www.technic-toys.com\/hr\/wp-json\/wp\/v2\/types\/product"}],"wp:featuredmedia":[{"embeddable":true,"href":"https:\/\/www.technic-toys.com\/hr\/wp-json\/wp\/v2\/media\/20192"}],"wp:attachment":[{"href":"https:\/\/www.technic-toys.com\/hr\/wp-json\/wp\/v2\/media?parent=20189"}],"wp:term":[{"taxonomy":"product_cat","embeddable":true,"href":"https:\/\/www.technic-toys.com\/hr\/wp-json\/wp\/v2\/product_cat?post=20189"},{"taxonomy":"product_tag","embeddable":true,"href":"https:\/\/www.technic-toys.com\/hr\/wp-json\/wp\/v2\/product_tag?post=20189"}],"curies":[{"name":"wp","href":"https:\/\/api.w.org\/{rel}","templated":true}]}}