{"id":20611,"date":"2022-06-28T19:54:05","date_gmt":"2022-06-28T17:54:06","guid":{"rendered":"https:\/\/www.technic-toys.com\/?post_type=product&#038;p=20611"},"modified":"2022-08-01T12:43:07","modified_gmt":"2022-08-01T10:43:07","slug":"djecji-automobil-na-akumulator-lamborghini-sian-zuti","status":"publish","type":"product","link":"https:\/\/www.technic-toys.com\/hr\/proizvod\/djecji-automobil-na-akumulator-lamborghini-sian-zuti\/","title":{"rendered":"Dje\u010dji automobil na akumulator LAMBORGHINI SIAN, \u017euti"},"content":{"rendered":"<p>1. NAJJEFTINIJI<br \/>\n2. NOVO I ZAPAKOVANO<br \/>\n3. KVALITETA, ORIGINAL LICENCA<\/p>\n<p>Motor 2x45W<br \/>\nbaterija 1x12V4,5Ah<br \/>\nMjenja\u010d Automatski, 3 brzine<br \/>\nDimenzije 108 cm x 62 cm x 40 cm<br \/>\nmaksimalna brzina 3-6 km\/h<br \/>\nTe\u017eina 13 kg<br \/>\nmax. Nosivost 30 kg<br \/>\nVrijeme punjenja 8 sati<br \/>\nTrajanje upotrebe 1-2 sata<br \/>\nKo\u010dnica Automatski kada se pusti plin<br \/>\nKo\u010dnica u nu\u017edi na RC<br \/>\nPojas+<br \/>\nOtvorena vrata+<br \/>\nEko ko\u017ea<br \/>\nBicikli EVA<br \/>\nDaljinski 2,4G<br \/>\nIzbor od 3 na\u010dina rada (sporo, normalno, brzo)<br \/>\nSvjetla LED diode na instrument tabli , Prednja svjetla, stra\u017enja svjetla<br \/>\nZvuk, USB, SD, MP3 AUX<\/p>\n","protected":false},"excerpt":{"rendered":"<p>1. NAJJEFTINIJI 2. NOVO I ZAPAKOVANO 3. KVALITETA, ORIGINAL LICENCA Motor 2x45W baterija 1x12V4,5Ah Mjenja\u010d Automatski, 3 brzine Dimenzije 108 cm x 62 cm x 40 cm maksimalna brzina 3-6 km\/h Te\u017eina 13 kg max. Nosivost 30 kg Vrijeme punjenja 8 sati Trajanje upotrebe 1-2 sata Ko\u010dnica Automatski kada se pusti plin Ko\u010dnica u nu\u017edi [&hellip;]<\/p>\n","protected":false},"featured_media":20892,"template":"","meta":[],"product_cat":[514,470],"product_tag":[],"acf":[],"yoast_head":"<!-- This site is optimized with the Yoast SEO plugin v21.7 - https:\/\/yoast.com\/wordpress\/plugins\/seo\/ -->\n<title>Dje\u010dji automobil na akumulator LAMBORGHINI SIAN, \u017euti - TECHNIC TOYS SHOP<\/title>\n<meta name=\"description\" content=\"Dje\u010dji automobil na akumulator LAMBORGHINI SIAN, \u017euti\" \/>\n<meta name=\"robots\" content=\"index, follow, max-snippet:-1, max-image-preview:large, max-video-preview:-1\" \/>\n<link rel=\"canonical\" href=\"https:\/\/www.technic-toys.com\/hr\/proizvod\/djecji-automobil-na-akumulator-lamborghini-sian-zuti\/\" \/>\n<meta property=\"og:locale\" content=\"hr_HR\" \/>\n<meta property=\"og:type\" content=\"article\" \/>\n<meta property=\"og:title\" content=\"Dje\u010dji automobil na akumulator LAMBORGHINI SIAN, \u017euti - TECHNIC TOYS SHOP\" \/>\n<meta property=\"og:description\" content=\"Dje\u010dji automobil na akumulator LAMBORGHINI SIAN, \u017euti\" \/>\n<meta property=\"og:url\" content=\"https:\/\/www.technic-toys.com\/hr\/proizvod\/djecji-automobil-na-akumulator-lamborghini-sian-zuti\/\" \/>\n<meta property=\"og:site_name\" content=\"TECHNIC TOYS SHOP\" \/>\n<meta property=\"article:modified_time\" content=\"2022-08-01T10:43:07+00:00\" \/>\n<meta property=\"og:image\" content=\"https:\/\/www.technic-toys.com\/wp-content\/uploads\/2022\/06\/kids_ride-on-lamborghini-sian-12v_djecje-otrosko-vozilo-avto-auto-akumulator.jpg\" \/>\n\t<meta property=\"og:image:width\" content=\"1200\" \/>\n\t<meta property=\"og:image:height\" content=\"1200\" \/>\n\t<meta property=\"og:image:type\" content=\"image\/jpeg\" \/>\n<meta name=\"twitter:card\" content=\"summary_large_image\" \/>\n<meta name=\"twitter:label1\" content=\"Procijenjeno vrijeme \u010ditanja\" \/>\n\t<meta name=\"twitter:data1\" content=\"1 minuta\" \/>\n<script type=\"application\/ld+json\" class=\"yoast-schema-graph\">{\"@context\":\"https:\/\/schema.org\",\"@graph\":[{\"@type\":\"WebPage\",\"@id\":\"https:\/\/www.technic-toys.com\/hr\/proizvod\/djecji-automobil-na-akumulator-lamborghini-sian-zuti\/\",\"url\":\"https:\/\/www.technic-toys.com\/hr\/proizvod\/djecji-automobil-na-akumulator-lamborghini-sian-zuti\/\",\"name\":\"Dje\u010dji automobil na akumulator LAMBORGHINI SIAN, \u017euti - TECHNIC TOYS SHOP\",\"isPartOf\":{\"@id\":\"https:\/\/www.technic-toys.com\/en\/#website\"},\"datePublished\":\"2022-06-28T17:54:06+00:00\",\"dateModified\":\"2022-08-01T10:43:07+00:00\",\"description\":\"Dje\u010dji automobil na akumulator LAMBORGHINI SIAN, \u017euti\",\"breadcrumb\":{\"@id\":\"https:\/\/www.technic-toys.com\/hr\/proizvod\/djecji-automobil-na-akumulator-lamborghini-sian-zuti\/#breadcrumb\"},\"inLanguage\":\"hr\",\"potentialAction\":[{\"@type\":\"ReadAction\",\"target\":[\"https:\/\/www.technic-toys.com\/hr\/proizvod\/djecji-automobil-na-akumulator-lamborghini-sian-zuti\/\"]}]},{\"@type\":\"BreadcrumbList\",\"@id\":\"https:\/\/www.technic-toys.com\/hr\/proizvod\/djecji-automobil-na-akumulator-lamborghini-sian-zuti\/#breadcrumb\",\"itemListElement\":[{\"@type\":\"ListItem\",\"position\":1,\"name\":\"Domov\",\"item\":\"https:\/\/www.technic-toys.com\/hr\/\"},{\"@type\":\"ListItem\",\"position\":2,\"name\":\"Shop\",\"item\":\"https:\/\/www.technic-toys.com\/hr\/shop-2\/\"},{\"@type\":\"ListItem\",\"position\":3,\"name\":\"Dje\u010dji automobil na akumulator LAMBORGHINI SIAN, \u017euti\"}]},{\"@type\":\"WebSite\",\"@id\":\"https:\/\/www.technic-toys.com\/en\/#website\",\"url\":\"https:\/\/www.technic-toys.com\/en\/\",\"name\":\"TECHNIC TOYS SHOP\",\"description\":\"\",\"potentialAction\":[{\"@type\":\"SearchAction\",\"target\":{\"@type\":\"EntryPoint\",\"urlTemplate\":\"https:\/\/www.technic-toys.com\/en\/?s={search_term_string}\"},\"query-input\":\"required name=search_term_string\"}],\"inLanguage\":\"hr\"}]}<\/script>\n<!-- \/ Yoast SEO plugin. -->","yoast_head_json":{"title":"Dje\u010dji automobil na akumulator LAMBORGHINI SIAN, \u017euti - TECHNIC TOYS SHOP","description":"Dje\u010dji automobil na akumulator LAMBORGHINI SIAN, \u017euti","robots":{"index":"index","follow":"follow","max-snippet":"max-snippet:-1","max-image-preview":"max-image-preview:large","max-video-preview":"max-video-preview:-1"},"canonical":"https:\/\/www.technic-toys.com\/hr\/proizvod\/djecji-automobil-na-akumulator-lamborghini-sian-zuti\/","og_locale":"hr_HR","og_type":"article","og_title":"Dje\u010dji automobil na akumulator LAMBORGHINI SIAN, \u017euti - TECHNIC TOYS SHOP","og_description":"Dje\u010dji automobil na akumulator LAMBORGHINI SIAN, \u017euti","og_url":"https:\/\/www.technic-toys.com\/hr\/proizvod\/djecji-automobil-na-akumulator-lamborghini-sian-zuti\/","og_site_name":"TECHNIC TOYS SHOP","article_modified_time":"2022-08-01T10:43:07+00:00","og_image":[{"width":1200,"height":1200,"url":"https:\/\/www.technic-toys.com\/wp-content\/uploads\/2022\/06\/kids_ride-on-lamborghini-sian-12v_djecje-otrosko-vozilo-avto-auto-akumulator.jpg","type":"image\/jpeg"}],"twitter_card":"summary_large_image","twitter_misc":{"Procijenjeno vrijeme \u010ditanja":"1 minuta"},"schema":{"@context":"https:\/\/schema.org","@graph":[{"@type":"WebPage","@id":"https:\/\/www.technic-toys.com\/hr\/proizvod\/djecji-automobil-na-akumulator-lamborghini-sian-zuti\/","url":"https:\/\/www.technic-toys.com\/hr\/proizvod\/djecji-automobil-na-akumulator-lamborghini-sian-zuti\/","name":"Dje\u010dji automobil na akumulator LAMBORGHINI SIAN, \u017euti - TECHNIC TOYS SHOP","isPartOf":{"@id":"https:\/\/www.technic-toys.com\/en\/#website"},"datePublished":"2022-06-28T17:54:06+00:00","dateModified":"2022-08-01T10:43:07+00:00","description":"Dje\u010dji automobil na akumulator LAMBORGHINI SIAN, \u017euti","breadcrumb":{"@id":"https:\/\/www.technic-toys.com\/hr\/proizvod\/djecji-automobil-na-akumulator-lamborghini-sian-zuti\/#breadcrumb"},"inLanguage":"hr","potentialAction":[{"@type":"ReadAction","target":["https:\/\/www.technic-toys.com\/hr\/proizvod\/djecji-automobil-na-akumulator-lamborghini-sian-zuti\/"]}]},{"@type":"BreadcrumbList","@id":"https:\/\/www.technic-toys.com\/hr\/proizvod\/djecji-automobil-na-akumulator-lamborghini-sian-zuti\/#breadcrumb","itemListElement":[{"@type":"ListItem","position":1,"name":"Domov","item":"https:\/\/www.technic-toys.com\/hr\/"},{"@type":"ListItem","position":2,"name":"Shop","item":"https:\/\/www.technic-toys.com\/hr\/shop-2\/"},{"@type":"ListItem","position":3,"name":"Dje\u010dji automobil na akumulator LAMBORGHINI SIAN, \u017euti"}]},{"@type":"WebSite","@id":"https:\/\/www.technic-toys.com\/en\/#website","url":"https:\/\/www.technic-toys.com\/en\/","name":"TECHNIC TOYS SHOP","description":"","potentialAction":[{"@type":"SearchAction","target":{"@type":"EntryPoint","urlTemplate":"https:\/\/www.technic-toys.com\/en\/?s={search_term_string}"},"query-input":"required name=search_term_string"}],"inLanguage":"hr"}]}},"_links":{"self":[{"href":"https:\/\/www.technic-toys.com\/hr\/wp-json\/wp\/v2\/product\/20611"}],"collection":[{"href":"https:\/\/www.technic-toys.com\/hr\/wp-json\/wp\/v2\/product"}],"about":[{"href":"https:\/\/www.technic-toys.com\/hr\/wp-json\/wp\/v2\/types\/product"}],"wp:featuredmedia":[{"embeddable":true,"href":"https:\/\/www.technic-toys.com\/hr\/wp-json\/wp\/v2\/media\/20892"}],"wp:attachment":[{"href":"https:\/\/www.technic-toys.com\/hr\/wp-json\/wp\/v2\/media?parent=20611"}],"wp:term":[{"taxonomy":"product_cat","embeddable":true,"href":"https:\/\/www.technic-toys.com\/hr\/wp-json\/wp\/v2\/product_cat?post=20611"},{"taxonomy":"product_tag","embeddable":true,"href":"https:\/\/www.technic-toys.com\/hr\/wp-json\/wp\/v2\/product_tag?post=20611"}],"curies":[{"name":"wp","href":"https:\/\/api.w.org\/{rel}","templated":true}]}}