{"id":20733,"date":"2022-06-29T12:46:14","date_gmt":"2022-06-29T10:46:15","guid":{"rendered":"https:\/\/www.technic-toys.com\/?post_type=product&#038;p=20733"},"modified":"2024-05-22T22:50:53","modified_gmt":"2024-05-22T20:50:53","slug":"djecji-elektricni-traktor-s-prikolicom-na-akumulator-crveni","status":"publish","type":"product","link":"https:\/\/www.technic-toys.com\/hr\/proizvod\/djecji-elektricni-traktor-s-prikolicom-na-akumulator-crveni\/","title":{"rendered":"Dje\u010dji elektri\u010dni TRAKTOR S PRIKOLICOM HZB-200 na akumulator 12V, crveni"},"content":{"rendered":"<p>1. NAJJEFTINIJI<br \/>\n2. NOVO I ZAPAKOVANO<br \/>\n3. KVALITETA, ORIGINAL LICENCA<\/p>\n<p>&nbsp;<\/p>\n<p>Motor 2x 45 W<br \/>\nbaterija 1x 12 V 7 Ah<br \/>\nMjenja\u010d 2 brzine (naprijed\/nazad)<br \/>\nDimenzije 150 cm x 70 cm x 70 cm<br \/>\nmax. Brzina 3-7 km\/h<br \/>\nte\u017eina 18,5<br \/>\nmax. Optere\u0107enje 30 kg<br \/>\nVrijeme punjenja 8 sati<br \/>\nIzdr\u017eljivost baterije akumulatora do 1 sat<br \/>\nKo\u010dnica Automatska kada se pusti plin<\/p>\n","protected":false},"excerpt":{"rendered":"<p>1. NAJJEFTINIJI 2. NOVO I ZAPAKOVANO 3. KVALITETA, ORIGINAL LICENCA &nbsp; Motor 2x 45 W baterija 1x 12 V 7 Ah Mjenja\u010d 2 brzine (naprijed\/nazad) Dimenzije 150 cm x 70 cm x 70 cm max. Brzina 3-7 km\/h te\u017eina 18,5 max. Optere\u0107enje 30 kg Vrijeme punjenja 8 sati Izdr\u017eljivost baterije akumulatora do 1 sat Ko\u010dnica [&hellip;]<\/p>\n","protected":false},"featured_media":21418,"template":"","meta":[],"product_cat":[514,470,499],"product_tag":[],"acf":[],"yoast_head":"<!-- This site is optimized with the Yoast SEO plugin v21.7 - https:\/\/yoast.com\/wordpress\/plugins\/seo\/ -->\n<title>Dje\u010dji elektri\u010dni TRAKTOR S PRIKOLICOM HZB-200 na akumulator 12V, crveni - TECHNIC TOYS SHOP<\/title>\n<meta name=\"description\" content=\"Dje\u010dji elektri\u010dni TRAKTOR S PRIKOLICOM na akumulator, crveni\" \/>\n<meta name=\"robots\" content=\"index, follow, max-snippet:-1, max-image-preview:large, max-video-preview:-1\" \/>\n<link rel=\"canonical\" href=\"https:\/\/www.technic-toys.com\/hr\/proizvod\/djecji-elektricni-traktor-s-prikolicom-na-akumulator-crveni\/\" \/>\n<meta property=\"og:locale\" content=\"hr_HR\" \/>\n<meta property=\"og:type\" content=\"article\" \/>\n<meta property=\"og:title\" content=\"Dje\u010dji elektri\u010dni TRAKTOR S PRIKOLICOM HZB-200 na akumulator 12V, crveni - TECHNIC TOYS SHOP\" \/>\n<meta property=\"og:description\" content=\"Dje\u010dji elektri\u010dni TRAKTOR S PRIKOLICOM na akumulator, crveni\" \/>\n<meta property=\"og:url\" content=\"https:\/\/www.technic-toys.com\/hr\/proizvod\/djecji-elektricni-traktor-s-prikolicom-na-akumulator-crveni\/\" \/>\n<meta property=\"og:site_name\" content=\"TECHNIC TOYS SHOP\" \/>\n<meta property=\"article:modified_time\" content=\"2024-05-22T20:50:53+00:00\" \/>\n<meta property=\"og:image\" content=\"https:\/\/www.technic-toys.com\/wp-content\/uploads\/2022\/06\/djecji-elektricni-traktor-prikolicom-akumulator-crveni-slika-188117798.jpg\" \/>\n\t<meta property=\"og:image:width\" content=\"363\" \/>\n\t<meta property=\"og:image:height\" content=\"336\" \/>\n\t<meta property=\"og:image:type\" content=\"image\/jpeg\" \/>\n<meta name=\"twitter:card\" content=\"summary_large_image\" \/>\n<meta name=\"twitter:label1\" content=\"Procijenjeno vrijeme \u010ditanja\" \/>\n\t<meta name=\"twitter:data1\" content=\"1 minuta\" \/>\n<script type=\"application\/ld+json\" class=\"yoast-schema-graph\">{\"@context\":\"https:\/\/schema.org\",\"@graph\":[{\"@type\":\"WebPage\",\"@id\":\"https:\/\/www.technic-toys.com\/hr\/proizvod\/djecji-elektricni-traktor-s-prikolicom-na-akumulator-crveni\/\",\"url\":\"https:\/\/www.technic-toys.com\/hr\/proizvod\/djecji-elektricni-traktor-s-prikolicom-na-akumulator-crveni\/\",\"name\":\"Dje\u010dji elektri\u010dni TRAKTOR S PRIKOLICOM HZB-200 na akumulator 12V, crveni - TECHNIC TOYS SHOP\",\"isPartOf\":{\"@id\":\"https:\/\/www.technic-toys.com\/en\/#website\"},\"datePublished\":\"2022-06-29T10:46:15+00:00\",\"dateModified\":\"2024-05-22T20:50:53+00:00\",\"description\":\"Dje\u010dji elektri\u010dni TRAKTOR S PRIKOLICOM na akumulator, crveni\",\"breadcrumb\":{\"@id\":\"https:\/\/www.technic-toys.com\/hr\/proizvod\/djecji-elektricni-traktor-s-prikolicom-na-akumulator-crveni\/#breadcrumb\"},\"inLanguage\":\"hr\",\"potentialAction\":[{\"@type\":\"ReadAction\",\"target\":[\"https:\/\/www.technic-toys.com\/hr\/proizvod\/djecji-elektricni-traktor-s-prikolicom-na-akumulator-crveni\/\"]}]},{\"@type\":\"BreadcrumbList\",\"@id\":\"https:\/\/www.technic-toys.com\/hr\/proizvod\/djecji-elektricni-traktor-s-prikolicom-na-akumulator-crveni\/#breadcrumb\",\"itemListElement\":[{\"@type\":\"ListItem\",\"position\":1,\"name\":\"Domov\",\"item\":\"https:\/\/www.technic-toys.com\/hr\/\"},{\"@type\":\"ListItem\",\"position\":2,\"name\":\"Shop\",\"item\":\"https:\/\/www.technic-toys.com\/hr\/shop-2\/\"},{\"@type\":\"ListItem\",\"position\":3,\"name\":\"Dje\u010dji elektri\u010dni TRAKTOR S PRIKOLICOM HZB-200 na akumulator 12V, crveni\"}]},{\"@type\":\"WebSite\",\"@id\":\"https:\/\/www.technic-toys.com\/en\/#website\",\"url\":\"https:\/\/www.technic-toys.com\/en\/\",\"name\":\"TECHNIC TOYS SHOP\",\"description\":\"\",\"potentialAction\":[{\"@type\":\"SearchAction\",\"target\":{\"@type\":\"EntryPoint\",\"urlTemplate\":\"https:\/\/www.technic-toys.com\/en\/?s={search_term_string}\"},\"query-input\":\"required name=search_term_string\"}],\"inLanguage\":\"hr\"}]}<\/script>\n<!-- \/ Yoast SEO plugin. -->","yoast_head_json":{"title":"Dje\u010dji elektri\u010dni TRAKTOR S PRIKOLICOM HZB-200 na akumulator 12V, crveni - TECHNIC TOYS SHOP","description":"Dje\u010dji elektri\u010dni TRAKTOR S PRIKOLICOM na akumulator, crveni","robots":{"index":"index","follow":"follow","max-snippet":"max-snippet:-1","max-image-preview":"max-image-preview:large","max-video-preview":"max-video-preview:-1"},"canonical":"https:\/\/www.technic-toys.com\/hr\/proizvod\/djecji-elektricni-traktor-s-prikolicom-na-akumulator-crveni\/","og_locale":"hr_HR","og_type":"article","og_title":"Dje\u010dji elektri\u010dni TRAKTOR S PRIKOLICOM HZB-200 na akumulator 12V, crveni - TECHNIC TOYS SHOP","og_description":"Dje\u010dji elektri\u010dni TRAKTOR S PRIKOLICOM na akumulator, crveni","og_url":"https:\/\/www.technic-toys.com\/hr\/proizvod\/djecji-elektricni-traktor-s-prikolicom-na-akumulator-crveni\/","og_site_name":"TECHNIC TOYS SHOP","article_modified_time":"2024-05-22T20:50:53+00:00","og_image":[{"width":363,"height":336,"url":"https:\/\/www.technic-toys.com\/wp-content\/uploads\/2022\/06\/djecji-elektricni-traktor-prikolicom-akumulator-crveni-slika-188117798.jpg","type":"image\/jpeg"}],"twitter_card":"summary_large_image","twitter_misc":{"Procijenjeno vrijeme \u010ditanja":"1 minuta"},"schema":{"@context":"https:\/\/schema.org","@graph":[{"@type":"WebPage","@id":"https:\/\/www.technic-toys.com\/hr\/proizvod\/djecji-elektricni-traktor-s-prikolicom-na-akumulator-crveni\/","url":"https:\/\/www.technic-toys.com\/hr\/proizvod\/djecji-elektricni-traktor-s-prikolicom-na-akumulator-crveni\/","name":"Dje\u010dji elektri\u010dni TRAKTOR S PRIKOLICOM HZB-200 na akumulator 12V, crveni - TECHNIC TOYS SHOP","isPartOf":{"@id":"https:\/\/www.technic-toys.com\/en\/#website"},"datePublished":"2022-06-29T10:46:15+00:00","dateModified":"2024-05-22T20:50:53+00:00","description":"Dje\u010dji elektri\u010dni TRAKTOR S PRIKOLICOM na akumulator, crveni","breadcrumb":{"@id":"https:\/\/www.technic-toys.com\/hr\/proizvod\/djecji-elektricni-traktor-s-prikolicom-na-akumulator-crveni\/#breadcrumb"},"inLanguage":"hr","potentialAction":[{"@type":"ReadAction","target":["https:\/\/www.technic-toys.com\/hr\/proizvod\/djecji-elektricni-traktor-s-prikolicom-na-akumulator-crveni\/"]}]},{"@type":"BreadcrumbList","@id":"https:\/\/www.technic-toys.com\/hr\/proizvod\/djecji-elektricni-traktor-s-prikolicom-na-akumulator-crveni\/#breadcrumb","itemListElement":[{"@type":"ListItem","position":1,"name":"Domov","item":"https:\/\/www.technic-toys.com\/hr\/"},{"@type":"ListItem","position":2,"name":"Shop","item":"https:\/\/www.technic-toys.com\/hr\/shop-2\/"},{"@type":"ListItem","position":3,"name":"Dje\u010dji elektri\u010dni TRAKTOR S PRIKOLICOM HZB-200 na akumulator 12V, crveni"}]},{"@type":"WebSite","@id":"https:\/\/www.technic-toys.com\/en\/#website","url":"https:\/\/www.technic-toys.com\/en\/","name":"TECHNIC TOYS SHOP","description":"","potentialAction":[{"@type":"SearchAction","target":{"@type":"EntryPoint","urlTemplate":"https:\/\/www.technic-toys.com\/en\/?s={search_term_string}"},"query-input":"required name=search_term_string"}],"inLanguage":"hr"}]}},"_links":{"self":[{"href":"https:\/\/www.technic-toys.com\/hr\/wp-json\/wp\/v2\/product\/20733"}],"collection":[{"href":"https:\/\/www.technic-toys.com\/hr\/wp-json\/wp\/v2\/product"}],"about":[{"href":"https:\/\/www.technic-toys.com\/hr\/wp-json\/wp\/v2\/types\/product"}],"wp:featuredmedia":[{"embeddable":true,"href":"https:\/\/www.technic-toys.com\/hr\/wp-json\/wp\/v2\/media\/21418"}],"wp:attachment":[{"href":"https:\/\/www.technic-toys.com\/hr\/wp-json\/wp\/v2\/media?parent=20733"}],"wp:term":[{"taxonomy":"product_cat","embeddable":true,"href":"https:\/\/www.technic-toys.com\/hr\/wp-json\/wp\/v2\/product_cat?post=20733"},{"taxonomy":"product_tag","embeddable":true,"href":"https:\/\/www.technic-toys.com\/hr\/wp-json\/wp\/v2\/product_tag?post=20733"}],"curies":[{"name":"wp","href":"https:\/\/api.w.org\/{rel}","templated":true}]}}