{"id":20819,"date":"2022-07-25T16:01:09","date_gmt":"2022-07-25T14:01:09","guid":{"rendered":"https:\/\/www.technic-toys.com\/?post_type=product&#038;p=20819"},"modified":"2022-08-01T12:43:06","modified_gmt":"2022-08-01T10:43:06","slug":"aprilia-tuono-v4-red-djecji-elektricni-motocikl-na-akumulator-baterija-crveni","status":"publish","type":"product","link":"https:\/\/www.technic-toys.com\/hr\/proizvod\/aprilia-tuono-v4-red-djecji-elektricni-motocikl-na-akumulator-baterija-crveni\/","title":{"rendered":"APRILIA TUONO V4 Red dje\u010dji elektri\u010dni motocikl na akumulator, baterija, CRVENI"},"content":{"rendered":"<p>1. NAJJEFTINIJE<br \/>\n2. NOV I ZAPAKIRAN<br \/>\n3. KVALITETNA kontrukcija\u00a0 ITAlijanski dizajn<br \/>\n4. ORIGINALNA LICENCA APRILIA<\/p>\n<p><strong>Baterijski elektri\u010dni motocikl Ride-On Motor Aprilia Tuono V4 Red<\/strong><\/p>\n<p>Mnogi bicikli na baterije dizajnirani su da izgledaju slatko ili djetinjasto. Ponekad, me\u0111utim, postoje modeli koji su gotovo savr\u0161eni prikaz svoje verzije u punoj veli\u010dini. Primjer takvog vozila je baterijski motocikl Aprilia Tuono V4 koji \u0107e svojim dizajnom i sportskim profilom zapeti za oko svima u svojoj ponudi!<\/p>\n<p>Motor Aprilia Tuono V4 odu\u0161evljava o\u010di ljudi svih dobi. Djeca \u0107e svakako cijeniti dizajnerske detalje koji \u010dine vozilo stvarnim, poput stra\u017enjeg blatobrana s prostorom za registarske plo\u010dice, bo\u010dnih retrovizora i, \u0161to je najva\u017enije, jedva vidljivih potpornih kota\u010da. Zahvaljuju\u0107i maloj veli\u010dini bo\u010dnih kota\u010da, nevidljivi su i dijete izgleda kao pravi biciklist! Me\u0111utim, odrasli \u0107e biti impresionirani pa\u017enjom posve\u0107enom detaljima u dizajnu vozila. Motor i mehani\u010dke komponente modelirane su u tijelu motocikla, \u0161to ih \u010dini uvjerljivim i realisti\u010dnim. Detalji kao \u0161to su savr\u0161eno reproducirane disk ko\u010dnice, stra\u017enji amortizeri, kao i realisti\u010dna, radna LED prednja svjetla plijene pa\u017enju.<\/p>\n<p>Prednosti baterijskog motocikla Aprilia Tuono V4 nisu samo u izgledu, ve\u0107 iu tehnologiji i dizajnerskim zna\u010dajkama njegove konstrukcije. Sa strane stra\u017enjeg kota\u010da nalaze se 2x 45W motora koji osiguravaju brzu monta\u017eu vozila i ugodnu vo\u017enju i za malo stariju djecu. Prednja LED lampa radi autenti\u010dno, njeno ku\u0107i\u0161te je glatko povezano sa blatobranom i prednjim dijelom motocikla.<\/p>\n<p>Automobil na baterije Aprilia Tuono V4 kre\u0107e se brzinom od 3 do 5 km\/h \u0161to ga \u010dini sigurnim za kori\u0161tenje, a svaki \u0107e mali voza\u010d sam odabrati pravi tempo. Prema preporukama proizvo\u0111a\u010da motor Aprilia Tuono V4 namijenjen je djeci starijoj od 3 godine. Granica gornje granice kori\u0161tenja je granica te\u017eine koja iznosi maksimalno 25 kilograma. Visoku kvalitetu i uskla\u0111enost proizvoda s europskim zahtjevima potvr\u0111uje i CE certifikat koji Motorek certificira u smislu trgova\u010dkih direktiva Europske unije. Vozilo je zapakirano u originalni proizvo\u0111a\u010dki karton u kojem se nalaze svi elementi kompleta.<\/p>\n<p><strong>Veli\u010dina Paketa:<\/strong><br \/>\n85 cm x 37 cm x 58 cm<br \/>\nTe\u017eina: 13 kg<\/p>\n<p><strong>Tehni\u010dke informacije<\/strong><br \/>\nMotor 2x 45W<br \/>\nBaterija 12V 7Ah<br \/>\nMjenja\u010d: interni i spori hod<br \/>\nDimenzije 108 cm x 53 cm x 71 cm<br \/>\nMaks. Brzina 3-6km\/h<br \/>\nMaks. nosivost 25 kg<br \/>\nVrijeme punjenja 8 sati<br \/>\nTrajanje upotrebe do 1 sat<br \/>\nKo\u010dnica: Automatska kada se otpusti gas<\/p>\n<p><strong>Oprema<\/strong><br \/>\nTipke +<br \/>\nSjedalo<br \/>\nEVA kota\u010di<br \/>\nSvjetla: prednja svjetla, stra\u017enja svjetla<br \/>\nAudio: MP3, USB glazbena plo\u010da<br \/>\nDob djeteta: 3 godine +<br \/>\nMarka: Aprilia licenca<\/p>\n","protected":false},"excerpt":{"rendered":"<p>1. NAJJEFTINIJE 2. NOV I ZAPAKIRAN 3. KVALITETNA kontrukcija\u00a0 ITAlijanski dizajn 4. ORIGINALNA LICENCA APRILIA Baterijski elektri\u010dni motocikl Ride-On Motor Aprilia Tuono V4 Red Mnogi bicikli na baterije dizajnirani su da izgledaju slatko ili djetinjasto. Ponekad, me\u0111utim, postoje modeli koji su gotovo savr\u0161eni prikaz svoje verzije u punoj veli\u010dini. Primjer takvog vozila je baterijski motocikl [&hellip;]<\/p>\n","protected":false},"featured_media":21408,"template":"","meta":[],"product_cat":[514,470],"product_tag":[],"acf":[],"yoast_head":"<!-- This site is optimized with the Yoast SEO plugin v21.7 - https:\/\/yoast.com\/wordpress\/plugins\/seo\/ -->\n<title>APRILIA TUONO V4 Red dje\u010dji elektri\u010dni motocikl na akumulator, baterija, CRVENI - TECHNIC TOYS SHOP<\/title>\n<meta name=\"description\" content=\"APRILIA TUONO V4 Red dje\u010dji elektri\u010dni motocikl na akumulator, baterija, CRVENI\" \/>\n<meta name=\"robots\" content=\"index, follow, max-snippet:-1, max-image-preview:large, max-video-preview:-1\" \/>\n<link rel=\"canonical\" href=\"https:\/\/www.technic-toys.com\/hr\/proizvod\/aprilia-tuono-v4-red-djecji-elektricni-motocikl-na-akumulator-baterija-crveni\/\" \/>\n<meta property=\"og:locale\" content=\"hr_HR\" \/>\n<meta property=\"og:type\" content=\"article\" \/>\n<meta property=\"og:title\" content=\"APRILIA TUONO V4 Red dje\u010dji elektri\u010dni motocikl na akumulator, baterija, CRVENI - TECHNIC TOYS SHOP\" \/>\n<meta property=\"og:description\" content=\"APRILIA TUONO V4 Red dje\u010dji elektri\u010dni motocikl na akumulator, baterija, CRVENI\" \/>\n<meta property=\"og:url\" content=\"https:\/\/www.technic-toys.com\/hr\/proizvod\/aprilia-tuono-v4-red-djecji-elektricni-motocikl-na-akumulator-baterija-crveni\/\" \/>\n<meta property=\"og:site_name\" content=\"TECHNIC TOYS SHOP\" \/>\n<meta property=\"article:modified_time\" content=\"2022-08-01T10:43:06+00:00\" \/>\n<meta property=\"og:image\" content=\"https:\/\/www.technic-toys.com\/wp-content\/uploads\/2022\/07\/ride-on-aprilia-tuono-v4-1100-rr-red-12v_motocikl_motocikel_djecji_otroski_akumulator_elektricni.jpg\" \/>\n\t<meta property=\"og:image:width\" content=\"1200\" \/>\n\t<meta property=\"og:image:height\" content=\"1200\" \/>\n\t<meta property=\"og:image:type\" content=\"image\/jpeg\" \/>\n<meta name=\"twitter:card\" content=\"summary_large_image\" \/>\n<meta name=\"twitter:label1\" content=\"Procijenjeno vrijeme \u010ditanja\" \/>\n\t<meta name=\"twitter:data1\" content=\"3 minute\" \/>\n<script type=\"application\/ld+json\" class=\"yoast-schema-graph\">{\"@context\":\"https:\/\/schema.org\",\"@graph\":[{\"@type\":\"WebPage\",\"@id\":\"https:\/\/www.technic-toys.com\/hr\/proizvod\/aprilia-tuono-v4-red-djecji-elektricni-motocikl-na-akumulator-baterija-crveni\/\",\"url\":\"https:\/\/www.technic-toys.com\/hr\/proizvod\/aprilia-tuono-v4-red-djecji-elektricni-motocikl-na-akumulator-baterija-crveni\/\",\"name\":\"APRILIA TUONO V4 Red dje\u010dji elektri\u010dni motocikl na akumulator, baterija, CRVENI - TECHNIC TOYS SHOP\",\"isPartOf\":{\"@id\":\"https:\/\/www.technic-toys.com\/en\/#website\"},\"datePublished\":\"2022-07-25T14:01:09+00:00\",\"dateModified\":\"2022-08-01T10:43:06+00:00\",\"description\":\"APRILIA TUONO V4 Red dje\u010dji elektri\u010dni motocikl na akumulator, baterija, CRVENI\",\"breadcrumb\":{\"@id\":\"https:\/\/www.technic-toys.com\/hr\/proizvod\/aprilia-tuono-v4-red-djecji-elektricni-motocikl-na-akumulator-baterija-crveni\/#breadcrumb\"},\"inLanguage\":\"hr\",\"potentialAction\":[{\"@type\":\"ReadAction\",\"target\":[\"https:\/\/www.technic-toys.com\/hr\/proizvod\/aprilia-tuono-v4-red-djecji-elektricni-motocikl-na-akumulator-baterija-crveni\/\"]}]},{\"@type\":\"BreadcrumbList\",\"@id\":\"https:\/\/www.technic-toys.com\/hr\/proizvod\/aprilia-tuono-v4-red-djecji-elektricni-motocikl-na-akumulator-baterija-crveni\/#breadcrumb\",\"itemListElement\":[{\"@type\":\"ListItem\",\"position\":1,\"name\":\"Domov\",\"item\":\"https:\/\/www.technic-toys.com\/hr\/\"},{\"@type\":\"ListItem\",\"position\":2,\"name\":\"Shop\",\"item\":\"https:\/\/www.technic-toys.com\/hr\/shop-2\/\"},{\"@type\":\"ListItem\",\"position\":3,\"name\":\"APRILIA TUONO V4 Red dje\u010dji elektri\u010dni motocikl na akumulator, baterija, CRVENI\"}]},{\"@type\":\"WebSite\",\"@id\":\"https:\/\/www.technic-toys.com\/en\/#website\",\"url\":\"https:\/\/www.technic-toys.com\/en\/\",\"name\":\"TECHNIC TOYS SHOP\",\"description\":\"\",\"potentialAction\":[{\"@type\":\"SearchAction\",\"target\":{\"@type\":\"EntryPoint\",\"urlTemplate\":\"https:\/\/www.technic-toys.com\/en\/?s={search_term_string}\"},\"query-input\":\"required name=search_term_string\"}],\"inLanguage\":\"hr\"}]}<\/script>\n<!-- \/ Yoast SEO plugin. -->","yoast_head_json":{"title":"APRILIA TUONO V4 Red dje\u010dji elektri\u010dni motocikl na akumulator, baterija, CRVENI - TECHNIC TOYS SHOP","description":"APRILIA TUONO V4 Red dje\u010dji elektri\u010dni motocikl na akumulator, baterija, CRVENI","robots":{"index":"index","follow":"follow","max-snippet":"max-snippet:-1","max-image-preview":"max-image-preview:large","max-video-preview":"max-video-preview:-1"},"canonical":"https:\/\/www.technic-toys.com\/hr\/proizvod\/aprilia-tuono-v4-red-djecji-elektricni-motocikl-na-akumulator-baterija-crveni\/","og_locale":"hr_HR","og_type":"article","og_title":"APRILIA TUONO V4 Red dje\u010dji elektri\u010dni motocikl na akumulator, baterija, CRVENI - TECHNIC TOYS SHOP","og_description":"APRILIA TUONO V4 Red dje\u010dji elektri\u010dni motocikl na akumulator, baterija, CRVENI","og_url":"https:\/\/www.technic-toys.com\/hr\/proizvod\/aprilia-tuono-v4-red-djecji-elektricni-motocikl-na-akumulator-baterija-crveni\/","og_site_name":"TECHNIC TOYS SHOP","article_modified_time":"2022-08-01T10:43:06+00:00","og_image":[{"width":1200,"height":1200,"url":"https:\/\/www.technic-toys.com\/wp-content\/uploads\/2022\/07\/ride-on-aprilia-tuono-v4-1100-rr-red-12v_motocikl_motocikel_djecji_otroski_akumulator_elektricni.jpg","type":"image\/jpeg"}],"twitter_card":"summary_large_image","twitter_misc":{"Procijenjeno vrijeme \u010ditanja":"3 minute"},"schema":{"@context":"https:\/\/schema.org","@graph":[{"@type":"WebPage","@id":"https:\/\/www.technic-toys.com\/hr\/proizvod\/aprilia-tuono-v4-red-djecji-elektricni-motocikl-na-akumulator-baterija-crveni\/","url":"https:\/\/www.technic-toys.com\/hr\/proizvod\/aprilia-tuono-v4-red-djecji-elektricni-motocikl-na-akumulator-baterija-crveni\/","name":"APRILIA TUONO V4 Red dje\u010dji elektri\u010dni motocikl na akumulator, baterija, CRVENI - TECHNIC TOYS SHOP","isPartOf":{"@id":"https:\/\/www.technic-toys.com\/en\/#website"},"datePublished":"2022-07-25T14:01:09+00:00","dateModified":"2022-08-01T10:43:06+00:00","description":"APRILIA TUONO V4 Red dje\u010dji elektri\u010dni motocikl na akumulator, baterija, CRVENI","breadcrumb":{"@id":"https:\/\/www.technic-toys.com\/hr\/proizvod\/aprilia-tuono-v4-red-djecji-elektricni-motocikl-na-akumulator-baterija-crveni\/#breadcrumb"},"inLanguage":"hr","potentialAction":[{"@type":"ReadAction","target":["https:\/\/www.technic-toys.com\/hr\/proizvod\/aprilia-tuono-v4-red-djecji-elektricni-motocikl-na-akumulator-baterija-crveni\/"]}]},{"@type":"BreadcrumbList","@id":"https:\/\/www.technic-toys.com\/hr\/proizvod\/aprilia-tuono-v4-red-djecji-elektricni-motocikl-na-akumulator-baterija-crveni\/#breadcrumb","itemListElement":[{"@type":"ListItem","position":1,"name":"Domov","item":"https:\/\/www.technic-toys.com\/hr\/"},{"@type":"ListItem","position":2,"name":"Shop","item":"https:\/\/www.technic-toys.com\/hr\/shop-2\/"},{"@type":"ListItem","position":3,"name":"APRILIA TUONO V4 Red dje\u010dji elektri\u010dni motocikl na akumulator, baterija, CRVENI"}]},{"@type":"WebSite","@id":"https:\/\/www.technic-toys.com\/en\/#website","url":"https:\/\/www.technic-toys.com\/en\/","name":"TECHNIC TOYS SHOP","description":"","potentialAction":[{"@type":"SearchAction","target":{"@type":"EntryPoint","urlTemplate":"https:\/\/www.technic-toys.com\/en\/?s={search_term_string}"},"query-input":"required name=search_term_string"}],"inLanguage":"hr"}]}},"_links":{"self":[{"href":"https:\/\/www.technic-toys.com\/hr\/wp-json\/wp\/v2\/product\/20819"}],"collection":[{"href":"https:\/\/www.technic-toys.com\/hr\/wp-json\/wp\/v2\/product"}],"about":[{"href":"https:\/\/www.technic-toys.com\/hr\/wp-json\/wp\/v2\/types\/product"}],"wp:featuredmedia":[{"embeddable":true,"href":"https:\/\/www.technic-toys.com\/hr\/wp-json\/wp\/v2\/media\/21408"}],"wp:attachment":[{"href":"https:\/\/www.technic-toys.com\/hr\/wp-json\/wp\/v2\/media?parent=20819"}],"wp:term":[{"taxonomy":"product_cat","embeddable":true,"href":"https:\/\/www.technic-toys.com\/hr\/wp-json\/wp\/v2\/product_cat?post=20819"},{"taxonomy":"product_tag","embeddable":true,"href":"https:\/\/www.technic-toys.com\/hr\/wp-json\/wp\/v2\/product_tag?post=20819"}],"curies":[{"name":"wp","href":"https:\/\/api.w.org\/{rel}","templated":true}]}}