{"id":20905,"date":"2022-08-15T10:31:09","date_gmt":"2022-08-15T08:31:10","guid":{"rendered":"https:\/\/www.technic-toys.com\/?post_type=product&#038;p=20905"},"modified":"2022-08-15T11:13:45","modified_gmt":"2022-08-15T09:13:45","slug":"terensko-daljinsko-vozilo-auto-amxrock-raptor-4wd-110-rtr","status":"publish","type":"product","link":"https:\/\/www.technic-toys.com\/hr\/proizvod\/terensko-daljinsko-vozilo-auto-amxrock-raptor-4wd-110-rtr\/","title":{"rendered":"Terensko daljinsko vozilo auto AMXRock RAPTOR 4WD, 1:10, RTR"},"content":{"rendered":"<p style=\"text-align: left;\">Prekrasna replika ameri\u010dkog kamiona RTR model. Dugi me\u0111uosovinski razmak i super udaljenost od tla pru\u017ei puno zabave na bilo kom terenu. U vezi sa ultra meke gume s visokim primanjem. Hobbywing WP-1625 ESC i sna\u017ean vodootporan servo upravlja\u010d za ovaj izvrstan model gotovo da i nema prepreka. Jer sve je uklju\u010deno u set potrebno (akumulator, punja\u010d, \u200b\u200btransmiter i sl.), vozilo je savr\u0161eno za po\u010detnike od 14 godina. Model ima i &#8220;mountain break&#8221; koji sprje\u010dava kotrljanje modela na strminama! To zna\u010di da je vrlo precizna terenska vo\u017enja mogu\u0107a bez ikakvih problema. Uz opremu i metalnu \u0161asiju, vozilo je izuzetno robusno i mo\u017ee se voziti po gotovo svim terenima.<\/p>\n<p>Tehni\u010dke informacije:<\/p>\n<p>Preporuka: preko 14 godina<br \/>\nDuljina: 530 mm<br \/>\n\u0160irina: 210 mm<br \/>\nVisina: 200 mm<br \/>\nMe\u0111uosovinski razmak: 287 mm<\/p>\n<p>Razmak od tla: 65 mm<br \/>\nRedukcija prijenosa: 1:56<br \/>\nMotor: 390 \u010detka<br \/>\nBaterija: 7,2 V NiMH 1500 mAh<br \/>\nOda\u0161ilja\u010d: 2,4 GHz<br \/>\nTe\u017eina: oko 1650 g<br \/>\nESC: Hobbywing WP-1625<br \/>\nESC: kompatibilan s LiPo i NiMH rasponom<\/p>\n<p>Sastavljeno vozilo spremno za vo\u017enju:<\/p>\n<ul>\n<li>2,4 GHz oda\u0161ilja\u010d 1500<\/li>\n<li>mAh NiMH baterija 7.2v<\/li>\n<li>uti\u010dni punja\u010d 220V<\/li>\n<li>Baterije oda\u0161ilja\u010da 4 x 1,5 V Mignon AA<\/li>\n<\/ul>\n","protected":false},"excerpt":{"rendered":"<p>Prekrasna replika ameri\u010dkog kamiona RTR model. Dugi me\u0111uosovinski razmak i super udaljenost od tla pru\u017ei puno zabave na bilo kom terenu. U vezi sa ultra meke gume s visokim primanjem. Hobbywing WP-1625 ESC i sna\u017ean vodootporan servo upravlja\u010d za ovaj izvrstan model gotovo da i nema prepreka. Jer sve je uklju\u010deno u set potrebno (akumulator, [&hellip;]<\/p>\n","protected":false},"featured_media":20910,"template":"","meta":[],"product_cat":[514,515],"product_tag":[],"acf":[],"yoast_head":"<!-- This site is optimized with the Yoast SEO plugin v21.7 - https:\/\/yoast.com\/wordpress\/plugins\/seo\/ -->\n<title>Terensko daljinsko vozilo auto AMXRock RAPTOR 4WD, 1:10, RTR - TECHNIC TOYS SHOP<\/title>\n<meta name=\"description\" content=\"Terensko daljinsko vozilo auto AMXRock RAPTOR 4WD, 1:10, RTR\" \/>\n<meta name=\"robots\" content=\"index, follow, max-snippet:-1, max-image-preview:large, max-video-preview:-1\" \/>\n<link rel=\"canonical\" href=\"https:\/\/www.technic-toys.com\/hr\/proizvod\/terensko-daljinsko-vozilo-auto-amxrock-raptor-4wd-110-rtr\/\" \/>\n<meta property=\"og:locale\" content=\"hr_HR\" \/>\n<meta property=\"og:type\" content=\"article\" \/>\n<meta property=\"og:title\" content=\"Terensko daljinsko vozilo auto AMXRock RAPTOR 4WD, 1:10, RTR - TECHNIC TOYS SHOP\" \/>\n<meta property=\"og:description\" content=\"Terensko daljinsko vozilo auto AMXRock RAPTOR 4WD, 1:10, RTR\" \/>\n<meta property=\"og:url\" content=\"https:\/\/www.technic-toys.com\/hr\/proizvod\/terensko-daljinsko-vozilo-auto-amxrock-raptor-4wd-110-rtr\/\" \/>\n<meta property=\"og:site_name\" content=\"TECHNIC TOYS SHOP\" \/>\n<meta property=\"article:modified_time\" content=\"2022-08-15T09:13:45+00:00\" \/>\n<meta property=\"og:image\" content=\"https:\/\/www.technic-toys.com\/wp-content\/uploads\/2022\/08\/Terensko-daljinsko-vozilo-avto-automobil-jeep-dzip-car-AMXRock-RAPTOR-4WD-RTR_22337-1.jpg\" \/>\n\t<meta property=\"og:image:width\" content=\"1280\" \/>\n\t<meta property=\"og:image:height\" content=\"734\" \/>\n\t<meta property=\"og:image:type\" content=\"image\/jpeg\" \/>\n<meta name=\"twitter:card\" content=\"summary_large_image\" \/>\n<meta name=\"twitter:label1\" content=\"Procijenjeno vrijeme \u010ditanja\" \/>\n\t<meta name=\"twitter:data1\" content=\"2 minute\" \/>\n<script type=\"application\/ld+json\" class=\"yoast-schema-graph\">{\"@context\":\"https:\/\/schema.org\",\"@graph\":[{\"@type\":\"WebPage\",\"@id\":\"https:\/\/www.technic-toys.com\/hr\/proizvod\/terensko-daljinsko-vozilo-auto-amxrock-raptor-4wd-110-rtr\/\",\"url\":\"https:\/\/www.technic-toys.com\/hr\/proizvod\/terensko-daljinsko-vozilo-auto-amxrock-raptor-4wd-110-rtr\/\",\"name\":\"Terensko daljinsko vozilo auto AMXRock RAPTOR 4WD, 1:10, RTR - TECHNIC TOYS SHOP\",\"isPartOf\":{\"@id\":\"https:\/\/www.technic-toys.com\/en\/#website\"},\"datePublished\":\"2022-08-15T08:31:10+00:00\",\"dateModified\":\"2022-08-15T09:13:45+00:00\",\"description\":\"Terensko daljinsko vozilo auto AMXRock RAPTOR 4WD, 1:10, RTR\",\"breadcrumb\":{\"@id\":\"https:\/\/www.technic-toys.com\/hr\/proizvod\/terensko-daljinsko-vozilo-auto-amxrock-raptor-4wd-110-rtr\/#breadcrumb\"},\"inLanguage\":\"hr\",\"potentialAction\":[{\"@type\":\"ReadAction\",\"target\":[\"https:\/\/www.technic-toys.com\/hr\/proizvod\/terensko-daljinsko-vozilo-auto-amxrock-raptor-4wd-110-rtr\/\"]}]},{\"@type\":\"BreadcrumbList\",\"@id\":\"https:\/\/www.technic-toys.com\/hr\/proizvod\/terensko-daljinsko-vozilo-auto-amxrock-raptor-4wd-110-rtr\/#breadcrumb\",\"itemListElement\":[{\"@type\":\"ListItem\",\"position\":1,\"name\":\"Domov\",\"item\":\"https:\/\/www.technic-toys.com\/hr\/\"},{\"@type\":\"ListItem\",\"position\":2,\"name\":\"Shop\",\"item\":\"https:\/\/www.technic-toys.com\/hr\/shop-2\/\"},{\"@type\":\"ListItem\",\"position\":3,\"name\":\"Terensko daljinsko vozilo auto AMXRock RAPTOR 4WD, 1:10, RTR\"}]},{\"@type\":\"WebSite\",\"@id\":\"https:\/\/www.technic-toys.com\/en\/#website\",\"url\":\"https:\/\/www.technic-toys.com\/en\/\",\"name\":\"TECHNIC TOYS SHOP\",\"description\":\"\",\"potentialAction\":[{\"@type\":\"SearchAction\",\"target\":{\"@type\":\"EntryPoint\",\"urlTemplate\":\"https:\/\/www.technic-toys.com\/en\/?s={search_term_string}\"},\"query-input\":\"required name=search_term_string\"}],\"inLanguage\":\"hr\"}]}<\/script>\n<!-- \/ Yoast SEO plugin. -->","yoast_head_json":{"title":"Terensko daljinsko vozilo auto AMXRock RAPTOR 4WD, 1:10, RTR - TECHNIC TOYS SHOP","description":"Terensko daljinsko vozilo auto AMXRock RAPTOR 4WD, 1:10, RTR","robots":{"index":"index","follow":"follow","max-snippet":"max-snippet:-1","max-image-preview":"max-image-preview:large","max-video-preview":"max-video-preview:-1"},"canonical":"https:\/\/www.technic-toys.com\/hr\/proizvod\/terensko-daljinsko-vozilo-auto-amxrock-raptor-4wd-110-rtr\/","og_locale":"hr_HR","og_type":"article","og_title":"Terensko daljinsko vozilo auto AMXRock RAPTOR 4WD, 1:10, RTR - TECHNIC TOYS SHOP","og_description":"Terensko daljinsko vozilo auto AMXRock RAPTOR 4WD, 1:10, RTR","og_url":"https:\/\/www.technic-toys.com\/hr\/proizvod\/terensko-daljinsko-vozilo-auto-amxrock-raptor-4wd-110-rtr\/","og_site_name":"TECHNIC TOYS SHOP","article_modified_time":"2022-08-15T09:13:45+00:00","og_image":[{"width":1280,"height":734,"url":"https:\/\/www.technic-toys.com\/wp-content\/uploads\/2022\/08\/Terensko-daljinsko-vozilo-avto-automobil-jeep-dzip-car-AMXRock-RAPTOR-4WD-RTR_22337-1.jpg","type":"image\/jpeg"}],"twitter_card":"summary_large_image","twitter_misc":{"Procijenjeno vrijeme \u010ditanja":"2 minute"},"schema":{"@context":"https:\/\/schema.org","@graph":[{"@type":"WebPage","@id":"https:\/\/www.technic-toys.com\/hr\/proizvod\/terensko-daljinsko-vozilo-auto-amxrock-raptor-4wd-110-rtr\/","url":"https:\/\/www.technic-toys.com\/hr\/proizvod\/terensko-daljinsko-vozilo-auto-amxrock-raptor-4wd-110-rtr\/","name":"Terensko daljinsko vozilo auto AMXRock RAPTOR 4WD, 1:10, RTR - TECHNIC TOYS SHOP","isPartOf":{"@id":"https:\/\/www.technic-toys.com\/en\/#website"},"datePublished":"2022-08-15T08:31:10+00:00","dateModified":"2022-08-15T09:13:45+00:00","description":"Terensko daljinsko vozilo auto AMXRock RAPTOR 4WD, 1:10, RTR","breadcrumb":{"@id":"https:\/\/www.technic-toys.com\/hr\/proizvod\/terensko-daljinsko-vozilo-auto-amxrock-raptor-4wd-110-rtr\/#breadcrumb"},"inLanguage":"hr","potentialAction":[{"@type":"ReadAction","target":["https:\/\/www.technic-toys.com\/hr\/proizvod\/terensko-daljinsko-vozilo-auto-amxrock-raptor-4wd-110-rtr\/"]}]},{"@type":"BreadcrumbList","@id":"https:\/\/www.technic-toys.com\/hr\/proizvod\/terensko-daljinsko-vozilo-auto-amxrock-raptor-4wd-110-rtr\/#breadcrumb","itemListElement":[{"@type":"ListItem","position":1,"name":"Domov","item":"https:\/\/www.technic-toys.com\/hr\/"},{"@type":"ListItem","position":2,"name":"Shop","item":"https:\/\/www.technic-toys.com\/hr\/shop-2\/"},{"@type":"ListItem","position":3,"name":"Terensko daljinsko vozilo auto AMXRock RAPTOR 4WD, 1:10, RTR"}]},{"@type":"WebSite","@id":"https:\/\/www.technic-toys.com\/en\/#website","url":"https:\/\/www.technic-toys.com\/en\/","name":"TECHNIC TOYS SHOP","description":"","potentialAction":[{"@type":"SearchAction","target":{"@type":"EntryPoint","urlTemplate":"https:\/\/www.technic-toys.com\/en\/?s={search_term_string}"},"query-input":"required name=search_term_string"}],"inLanguage":"hr"}]}},"_links":{"self":[{"href":"https:\/\/www.technic-toys.com\/hr\/wp-json\/wp\/v2\/product\/20905"}],"collection":[{"href":"https:\/\/www.technic-toys.com\/hr\/wp-json\/wp\/v2\/product"}],"about":[{"href":"https:\/\/www.technic-toys.com\/hr\/wp-json\/wp\/v2\/types\/product"}],"wp:featuredmedia":[{"embeddable":true,"href":"https:\/\/www.technic-toys.com\/hr\/wp-json\/wp\/v2\/media\/20910"}],"wp:attachment":[{"href":"https:\/\/www.technic-toys.com\/hr\/wp-json\/wp\/v2\/media?parent=20905"}],"wp:term":[{"taxonomy":"product_cat","embeddable":true,"href":"https:\/\/www.technic-toys.com\/hr\/wp-json\/wp\/v2\/product_cat?post=20905"},{"taxonomy":"product_tag","embeddable":true,"href":"https:\/\/www.technic-toys.com\/hr\/wp-json\/wp\/v2\/product_tag?post=20905"}],"curies":[{"name":"wp","href":"https:\/\/api.w.org\/{rel}","templated":true}]}}