{"id":20998,"date":"2022-09-09T22:34:01","date_gmt":"2022-09-09T20:34:02","guid":{"rendered":"https:\/\/www.technic-toys.com\/?post_type=product&#038;p=20998"},"modified":"2022-09-10T08:47:23","modified_gmt":"2022-09-10T06:47:23","slug":"terensko-vozilo-enoze-speed-car-na-daljinsko-upravljanje-m110-40-km-h-veliki-kotaci-zuto","status":"publish","type":"product","link":"https:\/\/www.technic-toys.com\/hr\/proizvod\/terensko-vozilo-enoze-speed-car-na-daljinsko-upravljanje-m110-40-km-h-veliki-kotaci-zuto\/","title":{"rendered":"Terensko vozilo ENOZE SPEED CAR na daljinsko upravljanje, M1:10, 40 km\/h, Veliki kota\u010di, \u017euto"},"content":{"rendered":"<p>1. NAJJEFTINIJI<br \/>\n2. NOVO I ZAPAKOVANO<br \/>\n3. KVALITETNA GRADNJA<\/p>\n<p><strong>Terensko vozilo ENOZE SPEED CAR na daljinsko upravljanje, M1:10, 40 km\/h, Veliki kota\u010di, \u017euto<\/strong><\/p>\n<p>Ako volite terenske ekspedicije, ovo je savr\u0161eno vozilo za vas.\u00a0Izgled i funkcije odu\u0161evit \u0107e mnoge male istra\u017eiva\u010de cesta.\u00a0Predstavljeni model izra\u0111en je u omjeru 1:10, tako da izgleda nevjerojatno realisti\u010dno.\u00a0Nevjerojatna brzina koju posti\u017ee u\u010dinit \u0107e da zabava pobudi puno uzbu\u0111enja i da dozu adrenalina.\u00a0Ovo je najbolji izbor za svakog RC entuzijastu.<\/p>\n<p>Mnoge zna\u010dajke koje nudi ovo vozilo su impresivne.\u00a0Opremljen visokokvalitetnim i izdr\u017eljivim komponentama, donijet \u0107e sjajno iskustvo utrke.\u00a0Uklju\u010duje visokokvalitetnu bateriju od 7,4 V\/1700 mAh, tako da mo\u017eete u\u017eivati \u200b\u200bu vo\u017enji oko 20 minuta, ovisno o upotrebi.<\/p>\n<p>RC automobil vam omogu\u0107uje kontrolu gasa i brzine.\u00a0Dva gumba omogu\u0107uju pode\u0161avanje kuta upravljanja.\u00a0Dok prekida\u010d brzine postavljen u smjeru kazaljke na satu pove\u0107ava brzinu vo\u017enje.\u00a0Prekida\u010d brzine postavljen u smjeru suprotnom od kazaljke na satu smanjuje brzinu vo\u017enje.\u00a0Izvrsna karakteristika su metalni amortizeri punjeni uljem i gume visoke \u010dvrsto\u0107e.<\/p>\n<p>Super poklon za sve, nesvakida\u0161nji osje\u0107aj ekstremne vo\u017enje!<\/p>\n<p>Prilo\u017een je udoban i precizan kontroler.\u00a0Ako ste ikada upravljali profesionalnim automobilom, znate da vam ovaj tip daljinskog upravlja\u010da omogu\u0107uje maksimalno zadovoljstvo u vo\u017enji.\u00a0Be\u017ei\u010dni daljinski upravlja\u010d, uklju\u010den u set, radi na 2,4 GHz, tako da se mo\u017eete utrkivati \u200b\u200bu ve\u0107oj grupi bez brige o me\u0111usobnim smetnjama.<\/p>\n<p>&nbsp;<\/p>\n<p><strong>Tehni\u010dki podaci:<\/strong><\/p>\n<p>&#8211; Boje: crna, \u017euta, crvena<\/p>\n<p>&#8211; Materijali: metal, elektroni\u010dke komponente, guma, plastika<\/p>\n<p>&#8211; Mjerilo: 1:10<\/p>\n<p>&#8211; Pogon: 4&#215;4<\/p>\n<p>&#8211; Litijeva baterija: 7,4 V 1700 mAh<\/p>\n<p>&#8211; Frekvencija: 2.4G<\/p>\n<p>&#8211; Motor: 540 \u010detkica<\/p>\n<p>&#8211; Vrijeme daljinskog upravljanja: pribli\u017eno 18 minuta<\/p>\n<p>&#8211; Vrijeme punjenja: 2h<\/p>\n<p>&#8211; Napajanje za daljinski upravlja\u010d: 3 AA 1.5V baterije (nisu uklju\u010dene)<\/p>\n<p>&#8211; Dob djeteta: iznad 14 godina<\/p>\n<p>&#8211; Domet daljinskog upravlja\u010da: 80 m<\/p>\n<p>&#8211; Me\u0111uosovinski razmak: 18 cm<\/p>\n<p>&#8211; Promjer kota\u010da: 10 cm<\/p>\n<p>-Brzina: 40 km\/h<\/p>\n<p>&nbsp;<\/p>\n<p><strong>Elementi skupa:<\/strong><\/p>\n<p>&#8211; terenski automobil na daljinsko upravljanje<\/p>\n<p>&#8211; daljinski upravlja\u010d<\/p>\n<p>&#8211; Baterija 7,4V<\/p>\n<p>&#8211; USB punja\u010d<\/p>\n<p>&#8211; specifikacija, priru\u010dnik na engleskom jeziku<\/p>\n<p>&nbsp;<\/p>\n<p><strong>Dimenzije odabranih elemenata seta:<\/strong><\/p>\n<p>&#8211; terenski automobil na daljinsko upravljanje:<\/p>\n<p>39 cm x 27 cm x 14 cm<\/p>\n<p>&#8211; daljinski upravlja\u010d:<\/p>\n<p>22 cm x 12 cm x 8 cm<\/p>\n<p><strong>Dimenzije kutije:<\/strong><\/p>\n<p>45,5 cm x 28 cm x 15 cm<\/p>\n<p>&nbsp;<\/p>\n<p>Igra\u010dka je namijenjena djeci starijoj od 14 godina.\u00a0Set ima CE certifikat i u skladu je sa standardom EN 71.\u00a0Pakiran je u kartonsku kutiju s prozirnim prozorom, \u0161to ga \u010dini idealnim za poklon.<\/p>\n<p>&nbsp;<\/p>\n<p>&nbsp;<\/p>\n","protected":false},"excerpt":{"rendered":"<p>1. NAJJEFTINIJI 2. NOVO I ZAPAKOVANO 3. KVALITETNA GRADNJA Terensko vozilo ENOZE SPEED CAR na daljinsko upravljanje, M1:10, 40 km\/h, Veliki kota\u010di, \u017euto Ako volite terenske ekspedicije, ovo je savr\u0161eno vozilo za vas.\u00a0Izgled i funkcije odu\u0161evit \u0107e mnoge male istra\u017eiva\u010de cesta.\u00a0Predstavljeni model izra\u0111en je u omjeru 1:10, tako da izgleda nevjerojatno realisti\u010dno.\u00a0Nevjerojatna brzina koju posti\u017ee [&hellip;]<\/p>\n","protected":false},"featured_media":21015,"template":"","meta":[],"product_cat":[514,515],"product_tag":[],"acf":[],"yoast_head":"<!-- This site is optimized with the Yoast SEO plugin v21.7 - https:\/\/yoast.com\/wordpress\/plugins\/seo\/ -->\n<title>Terensko vozilo ENOZE SPEED CAR na daljinsko upravljanje, M1:10, 40 km\/h, Veliki kota\u010di, \u017euto - TECHNIC TOYS SHOP<\/title>\n<meta name=\"description\" content=\"Terensko vozilo ENOZE SPEED CAR na daljinsko upravljanje, M1:10, 40 km\/h, Veliki kota\u010di, \u017euto\" \/>\n<meta name=\"robots\" content=\"index, follow, max-snippet:-1, max-image-preview:large, max-video-preview:-1\" \/>\n<link rel=\"canonical\" href=\"https:\/\/www.technic-toys.com\/hr\/proizvod\/terensko-vozilo-enoze-speed-car-na-daljinsko-upravljanje-m110-40-km-h-veliki-kotaci-zuto\/\" \/>\n<meta property=\"og:locale\" content=\"hr_HR\" \/>\n<meta property=\"og:type\" content=\"article\" \/>\n<meta property=\"og:title\" content=\"Terensko vozilo ENOZE SPEED CAR na daljinsko upravljanje, M1:10, 40 km\/h, Veliki kota\u010di, \u017euto - TECHNIC TOYS SHOP\" \/>\n<meta property=\"og:description\" content=\"Terensko vozilo ENOZE SPEED CAR na daljinsko upravljanje, M1:10, 40 km\/h, Veliki kota\u010di, \u017euto\" \/>\n<meta property=\"og:url\" content=\"https:\/\/www.technic-toys.com\/hr\/proizvod\/terensko-vozilo-enoze-speed-car-na-daljinsko-upravljanje-m110-40-km-h-veliki-kotaci-zuto\/\" \/>\n<meta property=\"og:site_name\" content=\"TECHNIC TOYS SHOP\" \/>\n<meta property=\"article:modified_time\" content=\"2022-09-10T06:47:23+00:00\" \/>\n<meta property=\"og:image\" content=\"https:\/\/www.technic-toys.com\/wp-content\/uploads\/2022\/09\/terensko-vozilo-na-daljinsko-upravljanje-enoze-40km-h-velika-kolesa5.jpg\" \/>\n\t<meta property=\"og:image:width\" content=\"1000\" \/>\n\t<meta property=\"og:image:height\" content=\"750\" \/>\n\t<meta property=\"og:image:type\" content=\"image\/jpeg\" \/>\n<meta name=\"twitter:card\" content=\"summary_large_image\" \/>\n<meta name=\"twitter:label1\" content=\"Procijenjeno vrijeme \u010ditanja\" \/>\n\t<meta name=\"twitter:data1\" content=\"3 minute\" \/>\n<script type=\"application\/ld+json\" class=\"yoast-schema-graph\">{\"@context\":\"https:\/\/schema.org\",\"@graph\":[{\"@type\":\"WebPage\",\"@id\":\"https:\/\/www.technic-toys.com\/hr\/proizvod\/terensko-vozilo-enoze-speed-car-na-daljinsko-upravljanje-m110-40-km-h-veliki-kotaci-zuto\/\",\"url\":\"https:\/\/www.technic-toys.com\/hr\/proizvod\/terensko-vozilo-enoze-speed-car-na-daljinsko-upravljanje-m110-40-km-h-veliki-kotaci-zuto\/\",\"name\":\"Terensko vozilo ENOZE SPEED CAR na daljinsko upravljanje, M1:10, 40 km\/h, Veliki kota\u010di, \u017euto - TECHNIC TOYS SHOP\",\"isPartOf\":{\"@id\":\"https:\/\/www.technic-toys.com\/en\/#website\"},\"datePublished\":\"2022-09-09T20:34:02+00:00\",\"dateModified\":\"2022-09-10T06:47:23+00:00\",\"description\":\"Terensko vozilo ENOZE SPEED CAR na daljinsko upravljanje, M1:10, 40 km\/h, Veliki kota\u010di, \u017euto\",\"breadcrumb\":{\"@id\":\"https:\/\/www.technic-toys.com\/hr\/proizvod\/terensko-vozilo-enoze-speed-car-na-daljinsko-upravljanje-m110-40-km-h-veliki-kotaci-zuto\/#breadcrumb\"},\"inLanguage\":\"hr\",\"potentialAction\":[{\"@type\":\"ReadAction\",\"target\":[\"https:\/\/www.technic-toys.com\/hr\/proizvod\/terensko-vozilo-enoze-speed-car-na-daljinsko-upravljanje-m110-40-km-h-veliki-kotaci-zuto\/\"]}]},{\"@type\":\"BreadcrumbList\",\"@id\":\"https:\/\/www.technic-toys.com\/hr\/proizvod\/terensko-vozilo-enoze-speed-car-na-daljinsko-upravljanje-m110-40-km-h-veliki-kotaci-zuto\/#breadcrumb\",\"itemListElement\":[{\"@type\":\"ListItem\",\"position\":1,\"name\":\"Domov\",\"item\":\"https:\/\/www.technic-toys.com\/hr\/\"},{\"@type\":\"ListItem\",\"position\":2,\"name\":\"Shop\",\"item\":\"https:\/\/www.technic-toys.com\/hr\/shop-2\/\"},{\"@type\":\"ListItem\",\"position\":3,\"name\":\"Terensko vozilo ENOZE SPEED CAR na daljinsko upravljanje, M1:10, 40 km\/h, Veliki kota\u010di, \u017euto\"}]},{\"@type\":\"WebSite\",\"@id\":\"https:\/\/www.technic-toys.com\/en\/#website\",\"url\":\"https:\/\/www.technic-toys.com\/en\/\",\"name\":\"TECHNIC TOYS SHOP\",\"description\":\"\",\"potentialAction\":[{\"@type\":\"SearchAction\",\"target\":{\"@type\":\"EntryPoint\",\"urlTemplate\":\"https:\/\/www.technic-toys.com\/en\/?s={search_term_string}\"},\"query-input\":\"required name=search_term_string\"}],\"inLanguage\":\"hr\"}]}<\/script>\n<!-- \/ Yoast SEO plugin. -->","yoast_head_json":{"title":"Terensko vozilo ENOZE SPEED CAR na daljinsko upravljanje, M1:10, 40 km\/h, Veliki kota\u010di, \u017euto - TECHNIC TOYS SHOP","description":"Terensko vozilo ENOZE SPEED CAR na daljinsko upravljanje, M1:10, 40 km\/h, Veliki kota\u010di, \u017euto","robots":{"index":"index","follow":"follow","max-snippet":"max-snippet:-1","max-image-preview":"max-image-preview:large","max-video-preview":"max-video-preview:-1"},"canonical":"https:\/\/www.technic-toys.com\/hr\/proizvod\/terensko-vozilo-enoze-speed-car-na-daljinsko-upravljanje-m110-40-km-h-veliki-kotaci-zuto\/","og_locale":"hr_HR","og_type":"article","og_title":"Terensko vozilo ENOZE SPEED CAR na daljinsko upravljanje, M1:10, 40 km\/h, Veliki kota\u010di, \u017euto - TECHNIC TOYS SHOP","og_description":"Terensko vozilo ENOZE SPEED CAR na daljinsko upravljanje, M1:10, 40 km\/h, Veliki kota\u010di, \u017euto","og_url":"https:\/\/www.technic-toys.com\/hr\/proizvod\/terensko-vozilo-enoze-speed-car-na-daljinsko-upravljanje-m110-40-km-h-veliki-kotaci-zuto\/","og_site_name":"TECHNIC TOYS SHOP","article_modified_time":"2022-09-10T06:47:23+00:00","og_image":[{"width":1000,"height":750,"url":"https:\/\/www.technic-toys.com\/wp-content\/uploads\/2022\/09\/terensko-vozilo-na-daljinsko-upravljanje-enoze-40km-h-velika-kolesa5.jpg","type":"image\/jpeg"}],"twitter_card":"summary_large_image","twitter_misc":{"Procijenjeno vrijeme \u010ditanja":"3 minute"},"schema":{"@context":"https:\/\/schema.org","@graph":[{"@type":"WebPage","@id":"https:\/\/www.technic-toys.com\/hr\/proizvod\/terensko-vozilo-enoze-speed-car-na-daljinsko-upravljanje-m110-40-km-h-veliki-kotaci-zuto\/","url":"https:\/\/www.technic-toys.com\/hr\/proizvod\/terensko-vozilo-enoze-speed-car-na-daljinsko-upravljanje-m110-40-km-h-veliki-kotaci-zuto\/","name":"Terensko vozilo ENOZE SPEED CAR na daljinsko upravljanje, M1:10, 40 km\/h, Veliki kota\u010di, \u017euto - TECHNIC TOYS SHOP","isPartOf":{"@id":"https:\/\/www.technic-toys.com\/en\/#website"},"datePublished":"2022-09-09T20:34:02+00:00","dateModified":"2022-09-10T06:47:23+00:00","description":"Terensko vozilo ENOZE SPEED CAR na daljinsko upravljanje, M1:10, 40 km\/h, Veliki kota\u010di, \u017euto","breadcrumb":{"@id":"https:\/\/www.technic-toys.com\/hr\/proizvod\/terensko-vozilo-enoze-speed-car-na-daljinsko-upravljanje-m110-40-km-h-veliki-kotaci-zuto\/#breadcrumb"},"inLanguage":"hr","potentialAction":[{"@type":"ReadAction","target":["https:\/\/www.technic-toys.com\/hr\/proizvod\/terensko-vozilo-enoze-speed-car-na-daljinsko-upravljanje-m110-40-km-h-veliki-kotaci-zuto\/"]}]},{"@type":"BreadcrumbList","@id":"https:\/\/www.technic-toys.com\/hr\/proizvod\/terensko-vozilo-enoze-speed-car-na-daljinsko-upravljanje-m110-40-km-h-veliki-kotaci-zuto\/#breadcrumb","itemListElement":[{"@type":"ListItem","position":1,"name":"Domov","item":"https:\/\/www.technic-toys.com\/hr\/"},{"@type":"ListItem","position":2,"name":"Shop","item":"https:\/\/www.technic-toys.com\/hr\/shop-2\/"},{"@type":"ListItem","position":3,"name":"Terensko vozilo ENOZE SPEED CAR na daljinsko upravljanje, M1:10, 40 km\/h, Veliki kota\u010di, \u017euto"}]},{"@type":"WebSite","@id":"https:\/\/www.technic-toys.com\/en\/#website","url":"https:\/\/www.technic-toys.com\/en\/","name":"TECHNIC TOYS SHOP","description":"","potentialAction":[{"@type":"SearchAction","target":{"@type":"EntryPoint","urlTemplate":"https:\/\/www.technic-toys.com\/en\/?s={search_term_string}"},"query-input":"required name=search_term_string"}],"inLanguage":"hr"}]}},"_links":{"self":[{"href":"https:\/\/www.technic-toys.com\/hr\/wp-json\/wp\/v2\/product\/20998"}],"collection":[{"href":"https:\/\/www.technic-toys.com\/hr\/wp-json\/wp\/v2\/product"}],"about":[{"href":"https:\/\/www.technic-toys.com\/hr\/wp-json\/wp\/v2\/types\/product"}],"wp:featuredmedia":[{"embeddable":true,"href":"https:\/\/www.technic-toys.com\/hr\/wp-json\/wp\/v2\/media\/21015"}],"wp:attachment":[{"href":"https:\/\/www.technic-toys.com\/hr\/wp-json\/wp\/v2\/media?parent=20998"}],"wp:term":[{"taxonomy":"product_cat","embeddable":true,"href":"https:\/\/www.technic-toys.com\/hr\/wp-json\/wp\/v2\/product_cat?post=20998"},{"taxonomy":"product_tag","embeddable":true,"href":"https:\/\/www.technic-toys.com\/hr\/wp-json\/wp\/v2\/product_tag?post=20998"}],"curies":[{"name":"wp","href":"https:\/\/api.w.org\/{rel}","templated":true}]}}