{"id":21063,"date":"2022-10-16T22:24:15","date_gmt":"2022-10-16T20:24:15","guid":{"rendered":"https:\/\/www.technic-toys.com\/?post_type=product&#038;p=21063"},"modified":"2022-10-24T20:03:41","modified_gmt":"2022-10-24T18:03:41","slug":"djecji-motocikl-bmw-police-jt5002b-policija-motor-na-akumulator","status":"publish","type":"product","link":"https:\/\/www.technic-toys.com\/hr\/proizvod\/djecji-motocikl-bmw-police-jt5002b-policija-motor-na-akumulator\/","title":{"rendered":"Dje\u010dji motocikl BMW Police JT5002B, POLICIJA motor na akumulator"},"content":{"rendered":"<p>1. NAJJEFTINIJI<br \/>\n2. NOVO I ZAPAKOVANO<br \/>\n3. kvalitetna gradnja, njema\u010dki dizajn<br \/>\n4. Plavo-bijeli, elektri\u010dni motor motocikla BMW S1000RR Plava (originalna licenca)<\/p>\n<p>TEHNI\u010cKE INFORMACIJE<br \/>\n2x 45W motor<br \/>\nbaterija 12V 7 Ah<br \/>\nBrzine (spori i brzi na\u010din rada)<br \/>\nTo\u010dkovi EVA kota\u010di pru\u017eaju visok nivo udobnosti<br \/>\nVeli\u010dina automobila 111cm x 62cm x 76cm<br \/>\nLimit 8 kg<br \/>\nmax. nosivost 30 kg<br \/>\nVrijeme punjenja 8 sati<br \/>\nVrijeme vo\u017enje ~ 1 sat<br \/>\nDrugo, elektri\u010dna ko\u010dnica radi kada pustite papu\u010dicu gasa<\/p>\n<p>Dimenzija paketa:<br \/>\n112 cm x 62 cm x 76 cm<\/p>\n<p>VI\u0160E INFORMACIJA<br \/>\nPreporu\u010dena dob 3+<br \/>\ncertifikat Certificiran CE, EN<\/p>\n<p>BMW elektri\u010dni motocikl vo\u017enja na motociklu na baterije<\/p>\n<p>Ako se va\u0161a djeca osje\u0107aju sna\u017eno u vezi s vozilima i vole razli\u010dite vrste motocikala, ovaj \u0107e biti savr\u0161en. Poznati BMW brend je uvek dobar izbor. Ovaj motocikl je slu\u017ebeno licenciran od strane BMW Grupe, \u0161to zna\u010di da izgleda ba\u0161 kao pravi model i savr\u0161ena je imitacija.<\/p>\n<p>BMW motocikl \u0107e biti odli\u010dan za male voza\u010de koji jo\u0161 uvijek rade na odr\u017eavanju ravnote\u017ee tokom vo\u017enje. Njegov dizajn uklju\u010duje male, crne bo\u010dne to\u010dkove koji podr\u017eavaju male putnike i omogu\u0107avaju im udobnu i sigurnu vo\u017enju.<\/p>\n<p>Vrlo je lako, smjestite svog mali\u0161ana u udobno sjedi\u0161te, okrenite klju\u010d u kontakt bravi i pritisnite papu\u010dicu gasa. Jednostavno, zar ne? Voza\u010d mo\u017ee zapo\u010deti svoje putovanje sa zvu\u010dnim efektom pokretanja motora. Savijanje je lako kao vo\u017enja motocikla. Sve \u0161to treba da uradite je da skinete nogu sa pedale gasa da se automatski zaustavi.<\/p>\n<p>Sa lijepim i elegantnim izgledom, istaknut \u0107ete gdje god da krenete! ODLI\u010cAN KVALITET POD BMW LICENCOM.<\/p>\n<p>Predstavljeni motocikl pokre\u0107e baterija od 12V7Ah i motor 2x45W sa maksimalnom brzinom od 3 do 6 km\/h. Ovaj model je opremljen LED svjetlima, vjetrobranom, bo\u010dnim retrovizorima, EVA felgama koje omogu\u0107avaju kori\u0161tenje ovog motocikla na razli\u010ditim podlogama i \u010dine vo\u017enju udobnijom za Va\u0161e dijete.<\/p>\n<p>Ovaj model je dizajniran za djecu stariju od 3 godine, svi materijali od kojih je napravljeno ovo veliko i moderno vozilo su napravljeni od vrlo jakih i ekolo\u0161ki prihvatljivih dijelova. Ovaj automobil ima CE sertifikat, koji garantuje bezbednu upotrebu i da su ispunjeni zahtevi Evropske unije. Motocikl je upakovan u originalnu kutiju sa uputstvom za samo monta\u017eu, koja ne bi trebalo da traje du\u017ee od 30 minuta.<\/p>\n","protected":false},"excerpt":{"rendered":"<p>1. NAJJEFTINIJI 2. NOVO I ZAPAKOVANO 3. kvalitetna gradnja, njema\u010dki dizajn 4. Plavo-bijeli, elektri\u010dni motor motocikla BMW S1000RR Plava (originalna licenca) TEHNI\u010cKE INFORMACIJE 2x 45W motor baterija 12V 7 Ah Brzine (spori i brzi na\u010din rada) To\u010dkovi EVA kota\u010di pru\u017eaju visok nivo udobnosti Veli\u010dina automobila 111cm x 62cm x 76cm Limit 8 kg max. nosivost [&hellip;]<\/p>\n","protected":false},"featured_media":21065,"template":"","meta":[],"product_cat":[514,470],"product_tag":[],"acf":[],"yoast_head":"<!-- This site is optimized with the Yoast SEO plugin v21.7 - https:\/\/yoast.com\/wordpress\/plugins\/seo\/ -->\n<title>Dje\u010dji motocikl BMW Police JT5002B, POLICIJA motor na akumulator - TECHNIC TOYS SHOP<\/title>\n<meta name=\"description\" content=\"Dje\u010dji motocikl BMW Police JT5002B, POLICIJA motor na akumulator\" \/>\n<meta name=\"robots\" content=\"index, follow, max-snippet:-1, max-image-preview:large, max-video-preview:-1\" \/>\n<link rel=\"canonical\" href=\"https:\/\/www.technic-toys.com\/hr\/proizvod\/djecji-motocikl-bmw-police-jt5002b-policija-motor-na-akumulator\/\" \/>\n<meta property=\"og:locale\" content=\"hr_HR\" \/>\n<meta property=\"og:type\" content=\"article\" \/>\n<meta property=\"og:title\" content=\"Dje\u010dji motocikl BMW Police JT5002B, POLICIJA motor na akumulator - TECHNIC TOYS SHOP\" \/>\n<meta property=\"og:description\" content=\"Dje\u010dji motocikl BMW Police JT5002B, POLICIJA motor na akumulator\" \/>\n<meta property=\"og:url\" content=\"https:\/\/www.technic-toys.com\/hr\/proizvod\/djecji-motocikl-bmw-police-jt5002b-policija-motor-na-akumulator\/\" \/>\n<meta property=\"og:site_name\" content=\"TECHNIC TOYS SHOP\" \/>\n<meta property=\"article:modified_time\" content=\"2022-10-24T18:03:41+00:00\" \/>\n<meta property=\"og:image\" content=\"https:\/\/www.technic-toys.com\/wp-content\/uploads\/2022\/10\/BMW-MOTOR-MOTOCIKL-POLICE-JT5002B-policija-otroski-motor-djecji-na-akumulator.jpg\" \/>\n\t<meta property=\"og:image:width\" content=\"899\" \/>\n\t<meta property=\"og:image:height\" content=\"600\" \/>\n\t<meta property=\"og:image:type\" content=\"image\/jpeg\" \/>\n<meta name=\"twitter:card\" content=\"summary_large_image\" \/>\n<meta name=\"twitter:label1\" content=\"Procijenjeno vrijeme \u010ditanja\" \/>\n\t<meta name=\"twitter:data1\" content=\"2 minute\" \/>\n<script type=\"application\/ld+json\" class=\"yoast-schema-graph\">{\"@context\":\"https:\/\/schema.org\",\"@graph\":[{\"@type\":\"WebPage\",\"@id\":\"https:\/\/www.technic-toys.com\/hr\/proizvod\/djecji-motocikl-bmw-police-jt5002b-policija-motor-na-akumulator\/\",\"url\":\"https:\/\/www.technic-toys.com\/hr\/proizvod\/djecji-motocikl-bmw-police-jt5002b-policija-motor-na-akumulator\/\",\"name\":\"Dje\u010dji motocikl BMW Police JT5002B, POLICIJA motor na akumulator - TECHNIC TOYS SHOP\",\"isPartOf\":{\"@id\":\"https:\/\/www.technic-toys.com\/en\/#website\"},\"datePublished\":\"2022-10-16T20:24:15+00:00\",\"dateModified\":\"2022-10-24T18:03:41+00:00\",\"description\":\"Dje\u010dji motocikl BMW Police JT5002B, POLICIJA motor na akumulator\",\"breadcrumb\":{\"@id\":\"https:\/\/www.technic-toys.com\/hr\/proizvod\/djecji-motocikl-bmw-police-jt5002b-policija-motor-na-akumulator\/#breadcrumb\"},\"inLanguage\":\"hr\",\"potentialAction\":[{\"@type\":\"ReadAction\",\"target\":[\"https:\/\/www.technic-toys.com\/hr\/proizvod\/djecji-motocikl-bmw-police-jt5002b-policija-motor-na-akumulator\/\"]}]},{\"@type\":\"BreadcrumbList\",\"@id\":\"https:\/\/www.technic-toys.com\/hr\/proizvod\/djecji-motocikl-bmw-police-jt5002b-policija-motor-na-akumulator\/#breadcrumb\",\"itemListElement\":[{\"@type\":\"ListItem\",\"position\":1,\"name\":\"Domov\",\"item\":\"https:\/\/www.technic-toys.com\/hr\/\"},{\"@type\":\"ListItem\",\"position\":2,\"name\":\"Shop\",\"item\":\"https:\/\/www.technic-toys.com\/hr\/shop-2\/\"},{\"@type\":\"ListItem\",\"position\":3,\"name\":\"Dje\u010dji motocikl BMW Police JT5002B, POLICIJA motor na akumulator\"}]},{\"@type\":\"WebSite\",\"@id\":\"https:\/\/www.technic-toys.com\/en\/#website\",\"url\":\"https:\/\/www.technic-toys.com\/en\/\",\"name\":\"TECHNIC TOYS SHOP\",\"description\":\"\",\"potentialAction\":[{\"@type\":\"SearchAction\",\"target\":{\"@type\":\"EntryPoint\",\"urlTemplate\":\"https:\/\/www.technic-toys.com\/en\/?s={search_term_string}\"},\"query-input\":\"required name=search_term_string\"}],\"inLanguage\":\"hr\"}]}<\/script>\n<!-- \/ Yoast SEO plugin. -->","yoast_head_json":{"title":"Dje\u010dji motocikl BMW Police JT5002B, POLICIJA motor na akumulator - TECHNIC TOYS SHOP","description":"Dje\u010dji motocikl BMW Police JT5002B, POLICIJA motor na akumulator","robots":{"index":"index","follow":"follow","max-snippet":"max-snippet:-1","max-image-preview":"max-image-preview:large","max-video-preview":"max-video-preview:-1"},"canonical":"https:\/\/www.technic-toys.com\/hr\/proizvod\/djecji-motocikl-bmw-police-jt5002b-policija-motor-na-akumulator\/","og_locale":"hr_HR","og_type":"article","og_title":"Dje\u010dji motocikl BMW Police JT5002B, POLICIJA motor na akumulator - TECHNIC TOYS SHOP","og_description":"Dje\u010dji motocikl BMW Police JT5002B, POLICIJA motor na akumulator","og_url":"https:\/\/www.technic-toys.com\/hr\/proizvod\/djecji-motocikl-bmw-police-jt5002b-policija-motor-na-akumulator\/","og_site_name":"TECHNIC TOYS SHOP","article_modified_time":"2022-10-24T18:03:41+00:00","og_image":[{"width":899,"height":600,"url":"https:\/\/www.technic-toys.com\/wp-content\/uploads\/2022\/10\/BMW-MOTOR-MOTOCIKL-POLICE-JT5002B-policija-otroski-motor-djecji-na-akumulator.jpg","type":"image\/jpeg"}],"twitter_card":"summary_large_image","twitter_misc":{"Procijenjeno vrijeme \u010ditanja":"2 minute"},"schema":{"@context":"https:\/\/schema.org","@graph":[{"@type":"WebPage","@id":"https:\/\/www.technic-toys.com\/hr\/proizvod\/djecji-motocikl-bmw-police-jt5002b-policija-motor-na-akumulator\/","url":"https:\/\/www.technic-toys.com\/hr\/proizvod\/djecji-motocikl-bmw-police-jt5002b-policija-motor-na-akumulator\/","name":"Dje\u010dji motocikl BMW Police JT5002B, POLICIJA motor na akumulator - TECHNIC TOYS SHOP","isPartOf":{"@id":"https:\/\/www.technic-toys.com\/en\/#website"},"datePublished":"2022-10-16T20:24:15+00:00","dateModified":"2022-10-24T18:03:41+00:00","description":"Dje\u010dji motocikl BMW Police JT5002B, POLICIJA motor na akumulator","breadcrumb":{"@id":"https:\/\/www.technic-toys.com\/hr\/proizvod\/djecji-motocikl-bmw-police-jt5002b-policija-motor-na-akumulator\/#breadcrumb"},"inLanguage":"hr","potentialAction":[{"@type":"ReadAction","target":["https:\/\/www.technic-toys.com\/hr\/proizvod\/djecji-motocikl-bmw-police-jt5002b-policija-motor-na-akumulator\/"]}]},{"@type":"BreadcrumbList","@id":"https:\/\/www.technic-toys.com\/hr\/proizvod\/djecji-motocikl-bmw-police-jt5002b-policija-motor-na-akumulator\/#breadcrumb","itemListElement":[{"@type":"ListItem","position":1,"name":"Domov","item":"https:\/\/www.technic-toys.com\/hr\/"},{"@type":"ListItem","position":2,"name":"Shop","item":"https:\/\/www.technic-toys.com\/hr\/shop-2\/"},{"@type":"ListItem","position":3,"name":"Dje\u010dji motocikl BMW Police JT5002B, POLICIJA motor na akumulator"}]},{"@type":"WebSite","@id":"https:\/\/www.technic-toys.com\/en\/#website","url":"https:\/\/www.technic-toys.com\/en\/","name":"TECHNIC TOYS SHOP","description":"","potentialAction":[{"@type":"SearchAction","target":{"@type":"EntryPoint","urlTemplate":"https:\/\/www.technic-toys.com\/en\/?s={search_term_string}"},"query-input":"required name=search_term_string"}],"inLanguage":"hr"}]}},"_links":{"self":[{"href":"https:\/\/www.technic-toys.com\/hr\/wp-json\/wp\/v2\/product\/21063"}],"collection":[{"href":"https:\/\/www.technic-toys.com\/hr\/wp-json\/wp\/v2\/product"}],"about":[{"href":"https:\/\/www.technic-toys.com\/hr\/wp-json\/wp\/v2\/types\/product"}],"wp:featuredmedia":[{"embeddable":true,"href":"https:\/\/www.technic-toys.com\/hr\/wp-json\/wp\/v2\/media\/21065"}],"wp:attachment":[{"href":"https:\/\/www.technic-toys.com\/hr\/wp-json\/wp\/v2\/media?parent=21063"}],"wp:term":[{"taxonomy":"product_cat","embeddable":true,"href":"https:\/\/www.technic-toys.com\/hr\/wp-json\/wp\/v2\/product_cat?post=21063"},{"taxonomy":"product_tag","embeddable":true,"href":"https:\/\/www.technic-toys.com\/hr\/wp-json\/wp\/v2\/product_tag?post=21063"}],"curies":[{"name":"wp","href":"https:\/\/api.w.org\/{rel}","templated":true}]}}