{"id":21104,"date":"2022-10-16T23:26:29","date_gmt":"2022-10-16T21:26:29","guid":{"rendered":"https:\/\/www.technic-toys.com\/?post_type=product&#038;p=21104"},"modified":"2022-10-17T00:04:53","modified_gmt":"2022-10-16T22:04:53","slug":"djecji-elektricni-gokart-drift-auto-na-akumulator-snazan-motor-2x100w-2x12v-crveni","status":"publish","type":"product","link":"https:\/\/www.technic-toys.com\/hr\/proizvod\/djecji-elektricni-gokart-drift-auto-na-akumulator-snazan-motor-2x100w-2x12v-crveni\/","title":{"rendered":"Dje\u010dji elektri\u010dni GOkart Drift auto na akumulator, sna\u017ean motor 2x100W, 2x12V &#8211; crveni"},"content":{"rendered":"<p>1. NAJJEFTINIJI<br \/>\n2. NOVO I ZAPAKOVANO<br \/>\n3. KVALITETA, ORIGINAL LICENCA<\/p>\n<p>Motor 2 x 100W<br \/>\nbaterija 2 x 12V 7 Ah<br \/>\nBrzina naprijed\/nazad, drift<br \/>\nDimenzije 150 cm x 70 cm x 70 cm<br \/>\nmax. Brzina do 20 km\/h<br \/>\nte\u017eina 25 kg<br \/>\nmax. nosivost 70 kg<br \/>\nVrijeme punjenja 8 sati<br \/>\nTrajanje upotrebe do 1 sat (do cca. 15 km dometa)<br \/>\nKo\u010dnica Automatska kada se gas pusti<\/p>\n<p>Dimenzije pakovanja: 119 cm x 61 cm x 34 cm<\/p>\n<p>Mala djeca vole sve vrste vozila &#8211; neka su fascinirana trka\u0107im automobilima, druga motorima, gra\u0111evinskim vozilima ili kartingom. Za svakog od njih mo\u017eete prona\u0107i poklon. \u0160ta ka\u017eete na karting na baterije i motore koji svako malo dijete mo\u017ee koristiti?<\/p>\n<p>Predstavljeni karting sigurno \u0107e djetetu izmamiti osmijeh na lice i pru\u017eiti mu potpuno druga\u010diju dimenziju igre. Kada se mali\u0161an udobno smjesti na voza\u010devo sjedi\u0161te, mo\u017ee pritisnuti dugme START, prekida\u010dem odabrati smjer vo\u017enje, a zatim nogom pritisnuti papu\u010dicu gasa. Kada se va\u0161e dijete igra, pobrinite se da ve\u017ee pojas i unaprijed ga obavijestite o pravilima i ograni\u010denjima.<\/p>\n<p>Karting za djecu stariju od 8 godina izgleda odli\u010dno &#8211; sigurni smo da \u0107e se slo\u017eiti i mladi voza\u010di. Go-kart ima maksimalnu brzinu od 20 km\/h i ima dodatnu drift funkciju. Svoju izuzetnu snagu i izdr\u017eljivost duguje dva sna\u017ena motora, svaki od 100 W, i dvostrukoj bateriji od 12V7Ah<\/p>\n<p>Kolica za malu djecu izra\u0111ena su od certificiranog, \u010dvrstog materijala. Njegov dizajn se zasniva na \u010detiri velika to\u010dka. Vozilo je namenjeno i de\u010dacima i devoj\u010dicama starijim od 8 godina &#8211; jedino ograni\u010denje je nosivost preko 70 kg. Vozilo ima CE sertifikat, upakovano je u originalnu kartonsku kutiju, u kojoj se nalazi i baterija, punja\u010d i uputstvo za samu monta\u017eu (za lak\u0161e sklapanje pogledajte prilog na YouTube-u).<\/p>\n","protected":false},"excerpt":{"rendered":"<p>1. NAJJEFTINIJI 2. NOVO I ZAPAKOVANO 3. KVALITETA, ORIGINAL LICENCA Motor 2 x 100W baterija 2 x 12V 7 Ah Brzina naprijed\/nazad, drift Dimenzije 150 cm x 70 cm x 70 cm max. Brzina do 20 km\/h te\u017eina 25 kg max. nosivost 70 kg Vrijeme punjenja 8 sati Trajanje upotrebe do 1 sat (do cca. [&hellip;]<\/p>\n","protected":false},"featured_media":21112,"template":"","meta":[],"product_cat":[514,470,467],"product_tag":[],"acf":[],"yoast_head":"<!-- This site is optimized with the Yoast SEO plugin v21.7 - https:\/\/yoast.com\/wordpress\/plugins\/seo\/ -->\n<title>Dje\u010dji elektri\u010dni GOkart Drift auto na akumulator, sna\u017ean motor 2x100W, 2x12V - crveni - TECHNIC TOYS SHOP<\/title>\n<meta name=\"description\" content=\"Dje\u010dji elektri\u010dni GOkart Drift auto na akumulator, sna\u017ean motor 2x100W, 2x12V - crveni\" \/>\n<meta name=\"robots\" content=\"index, follow, max-snippet:-1, max-image-preview:large, max-video-preview:-1\" \/>\n<link rel=\"canonical\" href=\"https:\/\/www.technic-toys.com\/hr\/proizvod\/djecji-elektricni-gokart-drift-auto-na-akumulator-snazan-motor-2x100w-2x12v-crveni\/\" \/>\n<meta property=\"og:locale\" content=\"hr_HR\" \/>\n<meta property=\"og:type\" content=\"article\" \/>\n<meta property=\"og:title\" content=\"Dje\u010dji elektri\u010dni GOkart Drift auto na akumulator, sna\u017ean motor 2x100W, 2x12V - crveni - TECHNIC TOYS SHOP\" \/>\n<meta property=\"og:description\" content=\"Dje\u010dji elektri\u010dni GOkart Drift auto na akumulator, sna\u017ean motor 2x100W, 2x12V - crveni\" \/>\n<meta property=\"og:url\" content=\"https:\/\/www.technic-toys.com\/hr\/proizvod\/djecji-elektricni-gokart-drift-auto-na-akumulator-snazan-motor-2x100w-2x12v-crveni\/\" \/>\n<meta property=\"og:site_name\" content=\"TECHNIC TOYS SHOP\" \/>\n<meta property=\"article:modified_time\" content=\"2022-10-16T22:04:53+00:00\" \/>\n<meta property=\"og:image\" content=\"https:\/\/www.technic-toys.com\/wp-content\/uploads\/2022\/10\/Electric-Ride-On-Go-Cart-GOkart-akumulator-djecji-otroski-drift-3.jpg\" \/>\n\t<meta property=\"og:image:width\" content=\"826\" \/>\n\t<meta property=\"og:image:height\" content=\"578\" \/>\n\t<meta property=\"og:image:type\" content=\"image\/jpeg\" \/>\n<meta name=\"twitter:card\" content=\"summary_large_image\" \/>\n<meta name=\"twitter:label1\" content=\"Procijenjeno vrijeme \u010ditanja\" \/>\n\t<meta name=\"twitter:data1\" content=\"2 minute\" \/>\n<script type=\"application\/ld+json\" class=\"yoast-schema-graph\">{\"@context\":\"https:\/\/schema.org\",\"@graph\":[{\"@type\":\"WebPage\",\"@id\":\"https:\/\/www.technic-toys.com\/hr\/proizvod\/djecji-elektricni-gokart-drift-auto-na-akumulator-snazan-motor-2x100w-2x12v-crveni\/\",\"url\":\"https:\/\/www.technic-toys.com\/hr\/proizvod\/djecji-elektricni-gokart-drift-auto-na-akumulator-snazan-motor-2x100w-2x12v-crveni\/\",\"name\":\"Dje\u010dji elektri\u010dni GOkart Drift auto na akumulator, sna\u017ean motor 2x100W, 2x12V - crveni - TECHNIC TOYS SHOP\",\"isPartOf\":{\"@id\":\"https:\/\/www.technic-toys.com\/en\/#website\"},\"datePublished\":\"2022-10-16T21:26:29+00:00\",\"dateModified\":\"2022-10-16T22:04:53+00:00\",\"description\":\"Dje\u010dji elektri\u010dni GOkart Drift auto na akumulator, sna\u017ean motor 2x100W, 2x12V - crveni\",\"breadcrumb\":{\"@id\":\"https:\/\/www.technic-toys.com\/hr\/proizvod\/djecji-elektricni-gokart-drift-auto-na-akumulator-snazan-motor-2x100w-2x12v-crveni\/#breadcrumb\"},\"inLanguage\":\"hr\",\"potentialAction\":[{\"@type\":\"ReadAction\",\"target\":[\"https:\/\/www.technic-toys.com\/hr\/proizvod\/djecji-elektricni-gokart-drift-auto-na-akumulator-snazan-motor-2x100w-2x12v-crveni\/\"]}]},{\"@type\":\"BreadcrumbList\",\"@id\":\"https:\/\/www.technic-toys.com\/hr\/proizvod\/djecji-elektricni-gokart-drift-auto-na-akumulator-snazan-motor-2x100w-2x12v-crveni\/#breadcrumb\",\"itemListElement\":[{\"@type\":\"ListItem\",\"position\":1,\"name\":\"Domov\",\"item\":\"https:\/\/www.technic-toys.com\/hr\/\"},{\"@type\":\"ListItem\",\"position\":2,\"name\":\"Shop\",\"item\":\"https:\/\/www.technic-toys.com\/hr\/shop-2\/\"},{\"@type\":\"ListItem\",\"position\":3,\"name\":\"Dje\u010dji elektri\u010dni GOkart Drift auto na akumulator, sna\u017ean motor 2x100W, 2x12V &#8211; crveni\"}]},{\"@type\":\"WebSite\",\"@id\":\"https:\/\/www.technic-toys.com\/en\/#website\",\"url\":\"https:\/\/www.technic-toys.com\/en\/\",\"name\":\"TECHNIC TOYS SHOP\",\"description\":\"\",\"potentialAction\":[{\"@type\":\"SearchAction\",\"target\":{\"@type\":\"EntryPoint\",\"urlTemplate\":\"https:\/\/www.technic-toys.com\/en\/?s={search_term_string}\"},\"query-input\":\"required name=search_term_string\"}],\"inLanguage\":\"hr\"}]}<\/script>\n<!-- \/ Yoast SEO plugin. -->","yoast_head_json":{"title":"Dje\u010dji elektri\u010dni GOkart Drift auto na akumulator, sna\u017ean motor 2x100W, 2x12V - crveni - TECHNIC TOYS SHOP","description":"Dje\u010dji elektri\u010dni GOkart Drift auto na akumulator, sna\u017ean motor 2x100W, 2x12V - crveni","robots":{"index":"index","follow":"follow","max-snippet":"max-snippet:-1","max-image-preview":"max-image-preview:large","max-video-preview":"max-video-preview:-1"},"canonical":"https:\/\/www.technic-toys.com\/hr\/proizvod\/djecji-elektricni-gokart-drift-auto-na-akumulator-snazan-motor-2x100w-2x12v-crveni\/","og_locale":"hr_HR","og_type":"article","og_title":"Dje\u010dji elektri\u010dni GOkart Drift auto na akumulator, sna\u017ean motor 2x100W, 2x12V - crveni - TECHNIC TOYS SHOP","og_description":"Dje\u010dji elektri\u010dni GOkart Drift auto na akumulator, sna\u017ean motor 2x100W, 2x12V - crveni","og_url":"https:\/\/www.technic-toys.com\/hr\/proizvod\/djecji-elektricni-gokart-drift-auto-na-akumulator-snazan-motor-2x100w-2x12v-crveni\/","og_site_name":"TECHNIC TOYS SHOP","article_modified_time":"2022-10-16T22:04:53+00:00","og_image":[{"width":826,"height":578,"url":"https:\/\/www.technic-toys.com\/wp-content\/uploads\/2022\/10\/Electric-Ride-On-Go-Cart-GOkart-akumulator-djecji-otroski-drift-3.jpg","type":"image\/jpeg"}],"twitter_card":"summary_large_image","twitter_misc":{"Procijenjeno vrijeme \u010ditanja":"2 minute"},"schema":{"@context":"https:\/\/schema.org","@graph":[{"@type":"WebPage","@id":"https:\/\/www.technic-toys.com\/hr\/proizvod\/djecji-elektricni-gokart-drift-auto-na-akumulator-snazan-motor-2x100w-2x12v-crveni\/","url":"https:\/\/www.technic-toys.com\/hr\/proizvod\/djecji-elektricni-gokart-drift-auto-na-akumulator-snazan-motor-2x100w-2x12v-crveni\/","name":"Dje\u010dji elektri\u010dni GOkart Drift auto na akumulator, sna\u017ean motor 2x100W, 2x12V - crveni - TECHNIC TOYS SHOP","isPartOf":{"@id":"https:\/\/www.technic-toys.com\/en\/#website"},"datePublished":"2022-10-16T21:26:29+00:00","dateModified":"2022-10-16T22:04:53+00:00","description":"Dje\u010dji elektri\u010dni GOkart Drift auto na akumulator, sna\u017ean motor 2x100W, 2x12V - crveni","breadcrumb":{"@id":"https:\/\/www.technic-toys.com\/hr\/proizvod\/djecji-elektricni-gokart-drift-auto-na-akumulator-snazan-motor-2x100w-2x12v-crveni\/#breadcrumb"},"inLanguage":"hr","potentialAction":[{"@type":"ReadAction","target":["https:\/\/www.technic-toys.com\/hr\/proizvod\/djecji-elektricni-gokart-drift-auto-na-akumulator-snazan-motor-2x100w-2x12v-crveni\/"]}]},{"@type":"BreadcrumbList","@id":"https:\/\/www.technic-toys.com\/hr\/proizvod\/djecji-elektricni-gokart-drift-auto-na-akumulator-snazan-motor-2x100w-2x12v-crveni\/#breadcrumb","itemListElement":[{"@type":"ListItem","position":1,"name":"Domov","item":"https:\/\/www.technic-toys.com\/hr\/"},{"@type":"ListItem","position":2,"name":"Shop","item":"https:\/\/www.technic-toys.com\/hr\/shop-2\/"},{"@type":"ListItem","position":3,"name":"Dje\u010dji elektri\u010dni GOkart Drift auto na akumulator, sna\u017ean motor 2x100W, 2x12V &#8211; crveni"}]},{"@type":"WebSite","@id":"https:\/\/www.technic-toys.com\/en\/#website","url":"https:\/\/www.technic-toys.com\/en\/","name":"TECHNIC TOYS SHOP","description":"","potentialAction":[{"@type":"SearchAction","target":{"@type":"EntryPoint","urlTemplate":"https:\/\/www.technic-toys.com\/en\/?s={search_term_string}"},"query-input":"required name=search_term_string"}],"inLanguage":"hr"}]}},"_links":{"self":[{"href":"https:\/\/www.technic-toys.com\/hr\/wp-json\/wp\/v2\/product\/21104"}],"collection":[{"href":"https:\/\/www.technic-toys.com\/hr\/wp-json\/wp\/v2\/product"}],"about":[{"href":"https:\/\/www.technic-toys.com\/hr\/wp-json\/wp\/v2\/types\/product"}],"wp:featuredmedia":[{"embeddable":true,"href":"https:\/\/www.technic-toys.com\/hr\/wp-json\/wp\/v2\/media\/21112"}],"wp:attachment":[{"href":"https:\/\/www.technic-toys.com\/hr\/wp-json\/wp\/v2\/media?parent=21104"}],"wp:term":[{"taxonomy":"product_cat","embeddable":true,"href":"https:\/\/www.technic-toys.com\/hr\/wp-json\/wp\/v2\/product_cat?post=21104"},{"taxonomy":"product_tag","embeddable":true,"href":"https:\/\/www.technic-toys.com\/hr\/wp-json\/wp\/v2\/product_tag?post=21104"}],"curies":[{"name":"wp","href":"https:\/\/api.w.org\/{rel}","templated":true}]}}