{"id":21233,"date":"2022-11-04T14:12:39","date_gmt":"2022-11-04T13:12:40","guid":{"rendered":"https:\/\/www.technic-toys.com\/?post_type=product&#038;p=21233"},"modified":"2022-11-04T14:47:58","modified_gmt":"2022-11-04T13:47:58","slug":"licencirani-kiper-s-dizalicom-mercedes-benz-arocs-2-4ghz-rtr-zeleni","status":"publish","type":"product","link":"https:\/\/www.technic-toys.com\/hr\/proizvod\/licencirani-kiper-s-dizalicom-mercedes-benz-arocs-2-4ghz-rtr-zeleni\/","title":{"rendered":"Licencirani kiper s dizalicom Mercedes-Benz Arocs 2.4GHz RTR zeleni"},"content":{"rendered":"<p><span>Licencirani Mercedes-Benz Arocs s karoserijom dizalice i funkcijom kipera, koji nadopunjuje na\u0161e ostale licencirane modele iz Arocs kiper serije (isto mjerilo 1:14) i impresionira ne samo svojom posebnom bojom, ve\u0107 i nizom funkcija.\u00a0Sve pogonske funkcije i razne funkcije strukture dizalice (osim rotacije i otvaranja\/zatvaranja hvataljke) mogu se kontrolirati potpuno proporcionalno.\u00a0Osim toga, u setu se nalazi i hvata\u010d otpada koji omogu\u0107uje jo\u0161 ve\u0107u raznolikost kori\u0161tenja i osigurava raznolikost.\u00a0Obje hvataljke, hvataljke za drvo i hvataljke za otpad, mogu se promijeniti u kratkom vremenu.\u00a0Vozilo ima LED rasvjetu sprijeda i straga, pokaziva\u010de smjera sprijeda i straga te dva \u017euta svjetla upozorenja na krovu, tako da mo\u017eete raditi sa stilom \u010dak iu mraku.\u00a0Osim toga, model je opremljen zvu\u010dnim modulom koji realisti\u010dno reproducira funkcije vo\u017enje,\u00a0uklju\u010duju\u0107i ton upozorenja za rikverc!\u00a0Sve strane bo\u010dne stijenke mogu se otvoriti na nagibnoj nadstre\u0161nici, npr.\u00a0za prijevoz du\u017eih trupaca.\u00a0Komplet upotpunjuje opseg isporuke s baterijom (7,4 V LiIon 1200 mAh), punja\u010dem, visokokvalitetnim 2,4 GHz oda\u0161ilja\u010dem i alatom za monta\u017eu uklju\u010duju\u0107i vijak za dodatni dr\u017ea\u010d za otpad.<\/span><\/p>\n<p><span>Naglasci:<\/span><\/p>\n<p><span>Elektri\u010dni skuplja\u010d otpada: mogu\u0107a je jo\u0161 ve\u0107a raznolikost upotrebe<\/span><br \/>\n<span>Ekskluzivna posebna zavr\u0161na obrada: pravi privla\u010dan pogled u zelenoj boji koja odgovara radu u \u0161umi<\/span><br \/>\n<span>Potpuno funkcionalna konstrukcija dizalice: potpuno sastavljena na vozilu, spremna za upotrebu<\/span><br \/>\n<span>Ostale zna\u010dajke:<\/span><\/p>\n<p><span>RTR verzija (spremna za upotrebu)<\/span><br \/>\n<span>Potpuno proporcionalne funkcije vo\u017enje<\/span><br \/>\n<span>Razli\u010ditim funkcijama dizalice mo\u017ee se upravljati proporcionalno (gore\/dolje: glavna ruka i ruka)<\/span><br \/>\n<span>Li-Ion 7,4 V 1200 mAh baterija za duga putovanja do 20 minuta<\/span><br \/>\n<span>Visokokvalitetni 2,4 Ghz oda\u0161ilja\u010d s ukupnom od 16 kontrolnih funkcija<\/span><br \/>\n<span>Dodatni dodaci uklju\u010deni (alat za monta\u017eu, vijak za monta\u017eu)<\/span><br \/>\n<span>Sna\u017ean pogon i za\u0161titna oprema na ru\u010dki (preska\u010de ako je teret prete\u017eak)<\/span><br \/>\n<span>gumene gume<\/span><br \/>\n<span>Pogon na 4 kota\u010da<\/span><\/p>\n<p><span>Tehni\u010dke specifikacije:<\/span><\/p>\n<p><span>Mjerilo: 1:14<\/span><br \/>\n<span>Du\u017eina: 490 mm<\/span><br \/>\n<span>\u0160irina: 155 mm<\/span><br \/>\n<span>Visina: najmanje 300 mm<\/span><br \/>\n<span>Te\u017eina: pribli\u017eno 2450 g<\/span><br \/>\n<span>Me\u0111uosovinski razmak: 260 mm (od prve do stra\u017enje osovine)<\/span><br \/>\n<span>\u0160irina prednjeg traga: 120 mm<\/span><br \/>\n<span>\u0160irina stra\u017enjeg traga: 120 mm Razmak od<\/span><br \/>\n<span>tla : oko 18 mm<\/span><br \/>\n<span>Prednji kota\u010di: vanjski promjer\/\u0161irina 65 \/ 20 mm<\/span><br \/>\n<span>Stra\u017enji kota\u010di: vanjski promjer \/ \u0161irina 65 \/ 25 mm<\/span><br \/>\n<span>Promjer naplatka: 37 mm<\/span><br \/>\n<span>Lan\u010danik: plasti\u010dni<\/span><br \/>\n<span>Ko\u010dnica: elektroni\u010dki<\/span><br \/>\n<span>Upravlja\u010d: jedinica sve u jednom<\/span><br \/>\n<span>Motor: \u010detkani<\/span><br \/>\n<span>Glavni materijal : plasti\u010dna<\/span><br \/>\n<span>ladica za baterije: 85x50x33 mm<\/span><br \/>\n<span>Baterija: Li-Ion, 2S 7.4V 1200mAh, tip okrugle \u0107elije 13650, BEC konektor, 70x35x20mm, 73g<\/span><br \/>\n<span>Vrijeme vo\u017enje: do 20 minuta<\/span><br \/>\n<span>Maksimalna brzina: cca 8-10 km\/h<\/span><br \/>\n<span>Daljinski upravlja\u010d: 16 kanala, 2,4 GHz, automatsko povezivanje<\/span><br \/>\n<span>Domet: cca 60-80m<\/span><br \/>\n<span>Punja\u010d: USB<\/span><br \/>\n<span>Vrijeme punjenja: 100-120 min<\/span><br \/>\n<span>Opseg isporuke:<\/span><\/p>\n<p><span>model<\/span><br \/>\n<span>Daljinski upravlja\u010d<\/span><br \/>\n<span>Baterija<\/span><br \/>\n<span>kabel za punjenje<\/span><br \/>\n<span>odvija\u010d<\/span><br \/>\n<span>vijak<\/span><br \/>\n<span>grabilica otpada<\/span><br \/>\n<span>Upute za uporabu DE\/EN\/FR\/IT<\/span><br \/>\n<span>Potreban pribor:<\/span><\/p>\n<p><span>4x 1.5V AA mignon baterije za daljinski upravlja\u010d<\/span><\/p>\n","protected":false},"excerpt":{"rendered":"<p>Licencirani Mercedes-Benz Arocs s karoserijom dizalice i funkcijom kipera, koji nadopunjuje na\u0161e ostale licencirane modele iz Arocs kiper serije (isto mjerilo 1:14) i impresionira ne samo svojom posebnom bojom, ve\u0107 i nizom funkcija.\u00a0Sve pogonske funkcije i razne funkcije strukture dizalice (osim rotacije i otvaranja\/zatvaranja hvataljke) mogu se kontrolirati potpuno proporcionalno.\u00a0Osim toga, u setu se nalazi [&hellip;]<\/p>\n","protected":false},"featured_media":21262,"template":"","meta":[],"product_cat":[514,422],"product_tag":[],"acf":[],"yoast_head":"<!-- This site is optimized with the Yoast SEO plugin v21.7 - https:\/\/yoast.com\/wordpress\/plugins\/seo\/ -->\n<title>Licencirani kiper s dizalicom Mercedes-Benz Arocs 2.4GHz RTR zeleni - TECHNIC TOYS SHOP<\/title>\n<meta name=\"robots\" content=\"index, follow, max-snippet:-1, max-image-preview:large, max-video-preview:-1\" \/>\n<link rel=\"canonical\" href=\"https:\/\/www.technic-toys.com\/hr\/proizvod\/licencirani-kiper-s-dizalicom-mercedes-benz-arocs-2-4ghz-rtr-zeleni\/\" \/>\n<meta property=\"og:locale\" content=\"hr_HR\" \/>\n<meta property=\"og:type\" content=\"article\" \/>\n<meta property=\"og:title\" content=\"Licencirani kiper s dizalicom Mercedes-Benz Arocs 2.4GHz RTR zeleni - TECHNIC TOYS SHOP\" \/>\n<meta property=\"og:description\" content=\"Licencirani Mercedes-Benz Arocs s karoserijom dizalice i funkcijom kipera, koji nadopunjuje na\u0161e ostale licencirane modele iz Arocs kiper serije (isto mjerilo 1:14) i impresionira ne samo svojom posebnom bojom, ve\u0107 i nizom funkcija.\u00a0Sve pogonske funkcije i razne funkcije strukture dizalice (osim rotacije i otvaranja\/zatvaranja hvataljke) mogu se kontrolirati potpuno proporcionalno.\u00a0Osim toga, u setu se nalazi [&hellip;]\" \/>\n<meta property=\"og:url\" content=\"https:\/\/www.technic-toys.com\/hr\/proizvod\/licencirani-kiper-s-dizalicom-mercedes-benz-arocs-2-4ghz-rtr-zeleni\/\" \/>\n<meta property=\"og:site_name\" content=\"TECHNIC TOYS SHOP\" \/>\n<meta property=\"article:modified_time\" content=\"2022-11-04T13:47:58+00:00\" \/>\n<meta property=\"og:image\" content=\"https:\/\/www.technic-toys.com\/wp-content\/uploads\/2022\/11\/Licencni-tovornjak-prekucnik-z-zerjavom-Mercedes-Benz-Arocs-24GHz-RTR-zelene-barve.jpg\" \/>\n\t<meta property=\"og:image:width\" content=\"2560\" \/>\n\t<meta property=\"og:image:height\" content=\"1468\" \/>\n\t<meta property=\"og:image:type\" content=\"image\/jpeg\" \/>\n<meta name=\"twitter:card\" content=\"summary_large_image\" \/>\n<meta name=\"twitter:label1\" content=\"Procijenjeno vrijeme \u010ditanja\" \/>\n\t<meta name=\"twitter:data1\" content=\"3 minute\" \/>\n<script type=\"application\/ld+json\" class=\"yoast-schema-graph\">{\"@context\":\"https:\/\/schema.org\",\"@graph\":[{\"@type\":\"WebPage\",\"@id\":\"https:\/\/www.technic-toys.com\/hr\/proizvod\/licencirani-kiper-s-dizalicom-mercedes-benz-arocs-2-4ghz-rtr-zeleni\/\",\"url\":\"https:\/\/www.technic-toys.com\/hr\/proizvod\/licencirani-kiper-s-dizalicom-mercedes-benz-arocs-2-4ghz-rtr-zeleni\/\",\"name\":\"Licencirani kiper s dizalicom Mercedes-Benz Arocs 2.4GHz RTR zeleni - TECHNIC TOYS SHOP\",\"isPartOf\":{\"@id\":\"https:\/\/www.technic-toys.com\/en\/#website\"},\"datePublished\":\"2022-11-04T13:12:40+00:00\",\"dateModified\":\"2022-11-04T13:47:58+00:00\",\"breadcrumb\":{\"@id\":\"https:\/\/www.technic-toys.com\/hr\/proizvod\/licencirani-kiper-s-dizalicom-mercedes-benz-arocs-2-4ghz-rtr-zeleni\/#breadcrumb\"},\"inLanguage\":\"hr\",\"potentialAction\":[{\"@type\":\"ReadAction\",\"target\":[\"https:\/\/www.technic-toys.com\/hr\/proizvod\/licencirani-kiper-s-dizalicom-mercedes-benz-arocs-2-4ghz-rtr-zeleni\/\"]}]},{\"@type\":\"BreadcrumbList\",\"@id\":\"https:\/\/www.technic-toys.com\/hr\/proizvod\/licencirani-kiper-s-dizalicom-mercedes-benz-arocs-2-4ghz-rtr-zeleni\/#breadcrumb\",\"itemListElement\":[{\"@type\":\"ListItem\",\"position\":1,\"name\":\"Domov\",\"item\":\"https:\/\/www.technic-toys.com\/hr\/\"},{\"@type\":\"ListItem\",\"position\":2,\"name\":\"Shop\",\"item\":\"https:\/\/www.technic-toys.com\/hr\/shop-2\/\"},{\"@type\":\"ListItem\",\"position\":3,\"name\":\"Licencirani kiper s dizalicom Mercedes-Benz Arocs 2.4GHz RTR zeleni\"}]},{\"@type\":\"WebSite\",\"@id\":\"https:\/\/www.technic-toys.com\/en\/#website\",\"url\":\"https:\/\/www.technic-toys.com\/en\/\",\"name\":\"TECHNIC TOYS SHOP\",\"description\":\"\",\"potentialAction\":[{\"@type\":\"SearchAction\",\"target\":{\"@type\":\"EntryPoint\",\"urlTemplate\":\"https:\/\/www.technic-toys.com\/en\/?s={search_term_string}\"},\"query-input\":\"required name=search_term_string\"}],\"inLanguage\":\"hr\"}]}<\/script>\n<!-- \/ Yoast SEO plugin. -->","yoast_head_json":{"title":"Licencirani kiper s dizalicom Mercedes-Benz Arocs 2.4GHz RTR zeleni - TECHNIC TOYS SHOP","robots":{"index":"index","follow":"follow","max-snippet":"max-snippet:-1","max-image-preview":"max-image-preview:large","max-video-preview":"max-video-preview:-1"},"canonical":"https:\/\/www.technic-toys.com\/hr\/proizvod\/licencirani-kiper-s-dizalicom-mercedes-benz-arocs-2-4ghz-rtr-zeleni\/","og_locale":"hr_HR","og_type":"article","og_title":"Licencirani kiper s dizalicom Mercedes-Benz Arocs 2.4GHz RTR zeleni - TECHNIC TOYS SHOP","og_description":"Licencirani Mercedes-Benz Arocs s karoserijom dizalice i funkcijom kipera, koji nadopunjuje na\u0161e ostale licencirane modele iz Arocs kiper serije (isto mjerilo 1:14) i impresionira ne samo svojom posebnom bojom, ve\u0107 i nizom funkcija.\u00a0Sve pogonske funkcije i razne funkcije strukture dizalice (osim rotacije i otvaranja\/zatvaranja hvataljke) mogu se kontrolirati potpuno proporcionalno.\u00a0Osim toga, u setu se nalazi [&hellip;]","og_url":"https:\/\/www.technic-toys.com\/hr\/proizvod\/licencirani-kiper-s-dizalicom-mercedes-benz-arocs-2-4ghz-rtr-zeleni\/","og_site_name":"TECHNIC TOYS SHOP","article_modified_time":"2022-11-04T13:47:58+00:00","og_image":[{"width":2560,"height":1468,"url":"https:\/\/www.technic-toys.com\/wp-content\/uploads\/2022\/11\/Licencni-tovornjak-prekucnik-z-zerjavom-Mercedes-Benz-Arocs-24GHz-RTR-zelene-barve.jpg","type":"image\/jpeg"}],"twitter_card":"summary_large_image","twitter_misc":{"Procijenjeno vrijeme \u010ditanja":"3 minute"},"schema":{"@context":"https:\/\/schema.org","@graph":[{"@type":"WebPage","@id":"https:\/\/www.technic-toys.com\/hr\/proizvod\/licencirani-kiper-s-dizalicom-mercedes-benz-arocs-2-4ghz-rtr-zeleni\/","url":"https:\/\/www.technic-toys.com\/hr\/proizvod\/licencirani-kiper-s-dizalicom-mercedes-benz-arocs-2-4ghz-rtr-zeleni\/","name":"Licencirani kiper s dizalicom Mercedes-Benz Arocs 2.4GHz RTR zeleni - TECHNIC TOYS SHOP","isPartOf":{"@id":"https:\/\/www.technic-toys.com\/en\/#website"},"datePublished":"2022-11-04T13:12:40+00:00","dateModified":"2022-11-04T13:47:58+00:00","breadcrumb":{"@id":"https:\/\/www.technic-toys.com\/hr\/proizvod\/licencirani-kiper-s-dizalicom-mercedes-benz-arocs-2-4ghz-rtr-zeleni\/#breadcrumb"},"inLanguage":"hr","potentialAction":[{"@type":"ReadAction","target":["https:\/\/www.technic-toys.com\/hr\/proizvod\/licencirani-kiper-s-dizalicom-mercedes-benz-arocs-2-4ghz-rtr-zeleni\/"]}]},{"@type":"BreadcrumbList","@id":"https:\/\/www.technic-toys.com\/hr\/proizvod\/licencirani-kiper-s-dizalicom-mercedes-benz-arocs-2-4ghz-rtr-zeleni\/#breadcrumb","itemListElement":[{"@type":"ListItem","position":1,"name":"Domov","item":"https:\/\/www.technic-toys.com\/hr\/"},{"@type":"ListItem","position":2,"name":"Shop","item":"https:\/\/www.technic-toys.com\/hr\/shop-2\/"},{"@type":"ListItem","position":3,"name":"Licencirani kiper s dizalicom Mercedes-Benz Arocs 2.4GHz RTR zeleni"}]},{"@type":"WebSite","@id":"https:\/\/www.technic-toys.com\/en\/#website","url":"https:\/\/www.technic-toys.com\/en\/","name":"TECHNIC TOYS SHOP","description":"","potentialAction":[{"@type":"SearchAction","target":{"@type":"EntryPoint","urlTemplate":"https:\/\/www.technic-toys.com\/en\/?s={search_term_string}"},"query-input":"required name=search_term_string"}],"inLanguage":"hr"}]}},"_links":{"self":[{"href":"https:\/\/www.technic-toys.com\/hr\/wp-json\/wp\/v2\/product\/21233"}],"collection":[{"href":"https:\/\/www.technic-toys.com\/hr\/wp-json\/wp\/v2\/product"}],"about":[{"href":"https:\/\/www.technic-toys.com\/hr\/wp-json\/wp\/v2\/types\/product"}],"wp:featuredmedia":[{"embeddable":true,"href":"https:\/\/www.technic-toys.com\/hr\/wp-json\/wp\/v2\/media\/21262"}],"wp:attachment":[{"href":"https:\/\/www.technic-toys.com\/hr\/wp-json\/wp\/v2\/media?parent=21233"}],"wp:term":[{"taxonomy":"product_cat","embeddable":true,"href":"https:\/\/www.technic-toys.com\/hr\/wp-json\/wp\/v2\/product_cat?post=21233"},{"taxonomy":"product_tag","embeddable":true,"href":"https:\/\/www.technic-toys.com\/hr\/wp-json\/wp\/v2\/product_tag?post=21233"}],"curies":[{"name":"wp","href":"https:\/\/api.w.org\/{rel}","templated":true}]}}