{"id":21492,"date":"2023-05-09T11:36:32","date_gmt":"2023-05-09T09:36:33","guid":{"rendered":"https:\/\/www.technic-toys.com\/?post_type=product&#038;p=21492"},"modified":"2023-05-10T20:41:45","modified_gmt":"2023-05-10T18:41:45","slug":"djecji-elektricni-traktor-s-prikolicom-na-akumulator-xmx611-zeleni","status":"publish","type":"product","link":"https:\/\/www.technic-toys.com\/hr\/proizvod\/djecji-elektricni-traktor-s-prikolicom-na-akumulator-xmx611-zeleni\/","title":{"rendered":"Dje\u010dji elektri\u010dni TRAKTOR S PRIKOLICOM na akumulator XMX611, zeleni"},"content":{"rendered":"<p>1. NAJJEFTINIJI<br \/>\n2. NOVO I ZAPAKOVANO<br \/>\n3. KVALITETA, ORIGINAL LICENCA<\/p>\n<p>&nbsp;<\/p>\n<p><strong>Specifikacija vozila:<\/strong><\/p>\n<p>Motor &#8211; 2x45W<br \/>\nBaterija &#8211; 12V4.5AH<br \/>\nMaksimalno optere\u0107enje &#8211; 30 kg<br \/>\nBrzina &#8211; 3-8 km\/h<br \/>\nPrikladna dob &#8211; 3-6 godina<br \/>\nDaljinski upravlja\u010d &#8211; 2.4G<br \/>\nGlazbena plo\u010da &#8211; USB, microSD, AUX<\/p>\n<p><strong>Dimenzije vozila:<\/strong><\/p>\n<p>136,5 cm x 50 cm x 52,5 cm<\/p>\n<p><strong>Te\u017eina proizvoda<\/strong>\u00a0: 12,3 kg<\/p>\n<p>&nbsp;<\/p>\n<p><strong>Dimenzije kartona:<\/strong><\/p>\n<p>84 cm x 50 cm x 40 cm<\/p>\n<p><strong>Te\u017eina paketa<\/strong>\u00a0: 15,5 kg<\/p>\n","protected":false},"excerpt":{"rendered":"<p>1. NAJJEFTINIJI 2. NOVO I ZAPAKOVANO 3. KVALITETA, ORIGINAL LICENCA &nbsp; Specifikacija vozila: Motor &#8211; 2x45W Baterija &#8211; 12V4.5AH Maksimalno optere\u0107enje &#8211; 30 kg Brzina &#8211; 3-8 km\/h Prikladna dob &#8211; 3-6 godina Daljinski upravlja\u010d &#8211; 2.4G Glazbena plo\u010da &#8211; USB, microSD, AUX Dimenzije vozila: 136,5 cm x 50 cm x 52,5 cm Te\u017eina proizvoda\u00a0: [&hellip;]<\/p>\n","protected":false},"featured_media":21555,"template":"","meta":[],"product_cat":[514,470],"product_tag":[],"acf":[],"yoast_head":"<!-- This site is optimized with the Yoast SEO plugin v21.7 - https:\/\/yoast.com\/wordpress\/plugins\/seo\/ -->\n<title>Dje\u010dji elektri\u010dni TRAKTOR S PRIKOLICOM na akumulator XMX611, zeleni - TECHNIC TOYS SHOP<\/title>\n<meta name=\"description\" content=\"Dje\u010dji elektri\u010dni TRAKTOR S PRIKOLICOM na akumulator, crveni\" \/>\n<meta name=\"robots\" content=\"index, follow, max-snippet:-1, max-image-preview:large, max-video-preview:-1\" \/>\n<link rel=\"canonical\" href=\"https:\/\/www.technic-toys.com\/hr\/proizvod\/djecji-elektricni-traktor-s-prikolicom-na-akumulator-xmx611-zeleni\/\" \/>\n<meta property=\"og:locale\" content=\"hr_HR\" \/>\n<meta property=\"og:type\" content=\"article\" \/>\n<meta property=\"og:title\" content=\"Dje\u010dji elektri\u010dni TRAKTOR S PRIKOLICOM na akumulator XMX611, zeleni - TECHNIC TOYS SHOP\" \/>\n<meta property=\"og:description\" content=\"Dje\u010dji elektri\u010dni TRAKTOR S PRIKOLICOM na akumulator, crveni\" \/>\n<meta property=\"og:url\" content=\"https:\/\/www.technic-toys.com\/hr\/proizvod\/djecji-elektricni-traktor-s-prikolicom-na-akumulator-xmx611-zeleni\/\" \/>\n<meta property=\"og:site_name\" content=\"TECHNIC TOYS SHOP\" \/>\n<meta property=\"article:modified_time\" content=\"2023-05-10T18:41:45+00:00\" \/>\n<meta property=\"og:image\" content=\"https:\/\/www.technic-toys.com\/wp-content\/uploads\/2023\/05\/otroski-djecji-elektricni-traktor-s-prikolico-na-akumulator-baterijo_.jpg\" \/>\n\t<meta property=\"og:image:width\" content=\"699\" \/>\n\t<meta property=\"og:image:height\" content=\"512\" \/>\n\t<meta property=\"og:image:type\" content=\"image\/jpeg\" \/>\n<meta name=\"twitter:card\" content=\"summary_large_image\" \/>\n<meta name=\"twitter:label1\" content=\"Procijenjeno vrijeme \u010ditanja\" \/>\n\t<meta name=\"twitter:data1\" content=\"1 minuta\" \/>\n<script type=\"application\/ld+json\" class=\"yoast-schema-graph\">{\"@context\":\"https:\/\/schema.org\",\"@graph\":[{\"@type\":\"WebPage\",\"@id\":\"https:\/\/www.technic-toys.com\/hr\/proizvod\/djecji-elektricni-traktor-s-prikolicom-na-akumulator-xmx611-zeleni\/\",\"url\":\"https:\/\/www.technic-toys.com\/hr\/proizvod\/djecji-elektricni-traktor-s-prikolicom-na-akumulator-xmx611-zeleni\/\",\"name\":\"Dje\u010dji elektri\u010dni TRAKTOR S PRIKOLICOM na akumulator XMX611, zeleni - TECHNIC TOYS SHOP\",\"isPartOf\":{\"@id\":\"https:\/\/www.technic-toys.com\/en\/#website\"},\"datePublished\":\"2023-05-09T09:36:33+00:00\",\"dateModified\":\"2023-05-10T18:41:45+00:00\",\"description\":\"Dje\u010dji elektri\u010dni TRAKTOR S PRIKOLICOM na akumulator, crveni\",\"breadcrumb\":{\"@id\":\"https:\/\/www.technic-toys.com\/hr\/proizvod\/djecji-elektricni-traktor-s-prikolicom-na-akumulator-xmx611-zeleni\/#breadcrumb\"},\"inLanguage\":\"hr\",\"potentialAction\":[{\"@type\":\"ReadAction\",\"target\":[\"https:\/\/www.technic-toys.com\/hr\/proizvod\/djecji-elektricni-traktor-s-prikolicom-na-akumulator-xmx611-zeleni\/\"]}]},{\"@type\":\"BreadcrumbList\",\"@id\":\"https:\/\/www.technic-toys.com\/hr\/proizvod\/djecji-elektricni-traktor-s-prikolicom-na-akumulator-xmx611-zeleni\/#breadcrumb\",\"itemListElement\":[{\"@type\":\"ListItem\",\"position\":1,\"name\":\"Domov\",\"item\":\"https:\/\/www.technic-toys.com\/hr\/\"},{\"@type\":\"ListItem\",\"position\":2,\"name\":\"Shop\",\"item\":\"https:\/\/www.technic-toys.com\/hr\/shop-2\/\"},{\"@type\":\"ListItem\",\"position\":3,\"name\":\"Dje\u010dji elektri\u010dni TRAKTOR S PRIKOLICOM na akumulator XMX611, zeleni\"}]},{\"@type\":\"WebSite\",\"@id\":\"https:\/\/www.technic-toys.com\/en\/#website\",\"url\":\"https:\/\/www.technic-toys.com\/en\/\",\"name\":\"TECHNIC TOYS SHOP\",\"description\":\"\",\"potentialAction\":[{\"@type\":\"SearchAction\",\"target\":{\"@type\":\"EntryPoint\",\"urlTemplate\":\"https:\/\/www.technic-toys.com\/en\/?s={search_term_string}\"},\"query-input\":\"required name=search_term_string\"}],\"inLanguage\":\"hr\"}]}<\/script>\n<!-- \/ Yoast SEO plugin. -->","yoast_head_json":{"title":"Dje\u010dji elektri\u010dni TRAKTOR S PRIKOLICOM na akumulator XMX611, zeleni - TECHNIC TOYS SHOP","description":"Dje\u010dji elektri\u010dni TRAKTOR S PRIKOLICOM na akumulator, crveni","robots":{"index":"index","follow":"follow","max-snippet":"max-snippet:-1","max-image-preview":"max-image-preview:large","max-video-preview":"max-video-preview:-1"},"canonical":"https:\/\/www.technic-toys.com\/hr\/proizvod\/djecji-elektricni-traktor-s-prikolicom-na-akumulator-xmx611-zeleni\/","og_locale":"hr_HR","og_type":"article","og_title":"Dje\u010dji elektri\u010dni TRAKTOR S PRIKOLICOM na akumulator XMX611, zeleni - TECHNIC TOYS SHOP","og_description":"Dje\u010dji elektri\u010dni TRAKTOR S PRIKOLICOM na akumulator, crveni","og_url":"https:\/\/www.technic-toys.com\/hr\/proizvod\/djecji-elektricni-traktor-s-prikolicom-na-akumulator-xmx611-zeleni\/","og_site_name":"TECHNIC TOYS SHOP","article_modified_time":"2023-05-10T18:41:45+00:00","og_image":[{"width":699,"height":512,"url":"https:\/\/www.technic-toys.com\/wp-content\/uploads\/2023\/05\/otroski-djecji-elektricni-traktor-s-prikolico-na-akumulator-baterijo_.jpg","type":"image\/jpeg"}],"twitter_card":"summary_large_image","twitter_misc":{"Procijenjeno vrijeme \u010ditanja":"1 minuta"},"schema":{"@context":"https:\/\/schema.org","@graph":[{"@type":"WebPage","@id":"https:\/\/www.technic-toys.com\/hr\/proizvod\/djecji-elektricni-traktor-s-prikolicom-na-akumulator-xmx611-zeleni\/","url":"https:\/\/www.technic-toys.com\/hr\/proizvod\/djecji-elektricni-traktor-s-prikolicom-na-akumulator-xmx611-zeleni\/","name":"Dje\u010dji elektri\u010dni TRAKTOR S PRIKOLICOM na akumulator XMX611, zeleni - TECHNIC TOYS SHOP","isPartOf":{"@id":"https:\/\/www.technic-toys.com\/en\/#website"},"datePublished":"2023-05-09T09:36:33+00:00","dateModified":"2023-05-10T18:41:45+00:00","description":"Dje\u010dji elektri\u010dni TRAKTOR S PRIKOLICOM na akumulator, crveni","breadcrumb":{"@id":"https:\/\/www.technic-toys.com\/hr\/proizvod\/djecji-elektricni-traktor-s-prikolicom-na-akumulator-xmx611-zeleni\/#breadcrumb"},"inLanguage":"hr","potentialAction":[{"@type":"ReadAction","target":["https:\/\/www.technic-toys.com\/hr\/proizvod\/djecji-elektricni-traktor-s-prikolicom-na-akumulator-xmx611-zeleni\/"]}]},{"@type":"BreadcrumbList","@id":"https:\/\/www.technic-toys.com\/hr\/proizvod\/djecji-elektricni-traktor-s-prikolicom-na-akumulator-xmx611-zeleni\/#breadcrumb","itemListElement":[{"@type":"ListItem","position":1,"name":"Domov","item":"https:\/\/www.technic-toys.com\/hr\/"},{"@type":"ListItem","position":2,"name":"Shop","item":"https:\/\/www.technic-toys.com\/hr\/shop-2\/"},{"@type":"ListItem","position":3,"name":"Dje\u010dji elektri\u010dni TRAKTOR S PRIKOLICOM na akumulator XMX611, zeleni"}]},{"@type":"WebSite","@id":"https:\/\/www.technic-toys.com\/en\/#website","url":"https:\/\/www.technic-toys.com\/en\/","name":"TECHNIC TOYS SHOP","description":"","potentialAction":[{"@type":"SearchAction","target":{"@type":"EntryPoint","urlTemplate":"https:\/\/www.technic-toys.com\/en\/?s={search_term_string}"},"query-input":"required name=search_term_string"}],"inLanguage":"hr"}]}},"_links":{"self":[{"href":"https:\/\/www.technic-toys.com\/hr\/wp-json\/wp\/v2\/product\/21492"}],"collection":[{"href":"https:\/\/www.technic-toys.com\/hr\/wp-json\/wp\/v2\/product"}],"about":[{"href":"https:\/\/www.technic-toys.com\/hr\/wp-json\/wp\/v2\/types\/product"}],"wp:featuredmedia":[{"embeddable":true,"href":"https:\/\/www.technic-toys.com\/hr\/wp-json\/wp\/v2\/media\/21555"}],"wp:attachment":[{"href":"https:\/\/www.technic-toys.com\/hr\/wp-json\/wp\/v2\/media?parent=21492"}],"wp:term":[{"taxonomy":"product_cat","embeddable":true,"href":"https:\/\/www.technic-toys.com\/hr\/wp-json\/wp\/v2\/product_cat?post=21492"},{"taxonomy":"product_tag","embeddable":true,"href":"https:\/\/www.technic-toys.com\/hr\/wp-json\/wp\/v2\/product_tag?post=21492"}],"curies":[{"name":"wp","href":"https:\/\/api.w.org\/{rel}","templated":true}]}}