{"id":21518,"date":"2023-05-10T19:43:36","date_gmt":"2023-05-10T17:43:36","guid":{"rendered":"https:\/\/www.technic-toys.com\/?post_type=product&#038;p=21518"},"modified":"2024-01-05T21:28:24","modified_gmt":"2024-01-05T20:28:24","slug":"djecji-radni-bager-volvo-dk-ve888-na-akumulator","status":"publish","type":"product","link":"https:\/\/www.technic-toys.com\/hr\/proizvod\/djecji-radni-bager-volvo-dk-ve888-na-akumulator\/","title":{"rendered":"Dje\u010dji radni Bager Volvo DK-VE888 na akumulator"},"content":{"rendered":"<p>Savr\u0161ena imitacija radnog Bagera Volvo sa \u010detiri kota\u010da i elektri\u010dnom rukom !<\/p>\n<p>1. NAJJEFTINIJE<br \/>\n2. NOVO I ZAPAKOVANO<br \/>\n3. LICENCIRANI KVALITET<\/p>\n<p>Tehni\u010dke informacije:<\/p>\n<p>Snaga 2x35W<br \/>\nBaterija 2x12V7Ah<br \/>\nMjenja\u010d Automatski, 3 brzine<br \/>\nDimenzije 162 cm x 74 cm x 96 cm<br \/>\nMax. Brzina 3-8km\/h<br \/>\nMax. nosivost 30kg<br \/>\nVrijeme punjenja 8 sati<br \/>\nTrajanje upotrebe do 1 sat<br \/>\nKo\u010dnice: automatski nakon pu\u0161tanja gasa, Ko\u010dnica u nu\u017edi na RC komandama<br \/>\nPojas +<br \/>\nOtavaranje\u00a0 vrata +<br \/>\nSjedi\u0161te<br \/>\nTo\u010dkovi EVA<br \/>\nDaljinski upravlja\u010d 2.4G<br \/>\nPrednja svjetla<br \/>\nAudio USB Bluetooth, FM Radio,\u00a0 mp3<\/p>\n<p>VI\u0160E INFORMACIJA<br \/>\nPreporu\u010dena dob 3+<br \/>\ncertifikat Certified CE, EN<\/p>\n<p>Ovaj model je dizajniran za djecu stariju od 3 godine, svi materijali kori\u0161teni za izradu ovog velikog i elegantnog vozila izra\u0111eni su od vrlo \u010dvrstih i ekolo\u0161ki prihvatljivih dijelova. Ovaj automobil ima CE certifikat, koji jam\u010di sigurnu upotrebu i ispunjavanje zahtjeva Europske unije. Motocikl je pakiran u originalnoj kutiji sa uputama za samostalnu monta\u017eu.<\/p>\n","protected":false},"excerpt":{"rendered":"<p>Dje\u010dji radni Bager Volvo DK-VE888 na akumulator<\/p>\n","protected":false},"featured_media":21550,"template":"","meta":[],"product_cat":[514,470],"product_tag":[],"acf":[],"yoast_head":"<!-- This site is optimized with the Yoast SEO plugin v21.7 - https:\/\/yoast.com\/wordpress\/plugins\/seo\/ -->\n<title>Dje\u010dji radni Bager Volvo DK-VE888 na akumulator - TECHNIC TOYS SHOP<\/title>\n<meta name=\"description\" content=\"Dje\u010dji radni Bager Volvo DK-VE888 na akumulator\" \/>\n<meta name=\"robots\" content=\"index, follow, max-snippet:-1, max-image-preview:large, max-video-preview:-1\" \/>\n<link rel=\"canonical\" href=\"https:\/\/www.technic-toys.com\/hr\/proizvod\/djecji-radni-bager-volvo-dk-ve888-na-akumulator\/\" \/>\n<meta property=\"og:locale\" content=\"hr_HR\" \/>\n<meta property=\"og:type\" content=\"article\" \/>\n<meta property=\"og:title\" content=\"Dje\u010dji radni Bager Volvo DK-VE888 na akumulator - TECHNIC TOYS SHOP\" \/>\n<meta property=\"og:description\" content=\"Dje\u010dji radni Bager Volvo DK-VE888 na akumulator\" \/>\n<meta property=\"og:url\" content=\"https:\/\/www.technic-toys.com\/hr\/proizvod\/djecji-radni-bager-volvo-dk-ve888-na-akumulator\/\" \/>\n<meta property=\"og:site_name\" content=\"TECHNIC TOYS SHOP\" \/>\n<meta property=\"article:modified_time\" content=\"2024-01-05T20:28:24+00:00\" \/>\n<meta property=\"og:image\" content=\"https:\/\/www.technic-toys.com\/wp-content\/uploads\/2023\/05\/Battery-Excavator-Volvo-DK-VE888_otroski-djecji-bager-na-akumulator-baterije-punjenje_0-1.jpg\" \/>\n\t<meta property=\"og:image:width\" content=\"899\" \/>\n\t<meta property=\"og:image:height\" content=\"600\" \/>\n\t<meta property=\"og:image:type\" content=\"image\/jpeg\" \/>\n<meta name=\"twitter:card\" content=\"summary_large_image\" \/>\n<meta name=\"twitter:label1\" content=\"Procijenjeno vrijeme \u010ditanja\" \/>\n\t<meta name=\"twitter:data1\" content=\"1 minuta\" \/>\n<script type=\"application\/ld+json\" class=\"yoast-schema-graph\">{\"@context\":\"https:\/\/schema.org\",\"@graph\":[{\"@type\":\"WebPage\",\"@id\":\"https:\/\/www.technic-toys.com\/hr\/proizvod\/djecji-radni-bager-volvo-dk-ve888-na-akumulator\/\",\"url\":\"https:\/\/www.technic-toys.com\/hr\/proizvod\/djecji-radni-bager-volvo-dk-ve888-na-akumulator\/\",\"name\":\"Dje\u010dji radni Bager Volvo DK-VE888 na akumulator - TECHNIC TOYS SHOP\",\"isPartOf\":{\"@id\":\"https:\/\/www.technic-toys.com\/en\/#website\"},\"datePublished\":\"2023-05-10T17:43:36+00:00\",\"dateModified\":\"2024-01-05T20:28:24+00:00\",\"description\":\"Dje\u010dji radni Bager Volvo DK-VE888 na akumulator\",\"breadcrumb\":{\"@id\":\"https:\/\/www.technic-toys.com\/hr\/proizvod\/djecji-radni-bager-volvo-dk-ve888-na-akumulator\/#breadcrumb\"},\"inLanguage\":\"hr\",\"potentialAction\":[{\"@type\":\"ReadAction\",\"target\":[\"https:\/\/www.technic-toys.com\/hr\/proizvod\/djecji-radni-bager-volvo-dk-ve888-na-akumulator\/\"]}]},{\"@type\":\"BreadcrumbList\",\"@id\":\"https:\/\/www.technic-toys.com\/hr\/proizvod\/djecji-radni-bager-volvo-dk-ve888-na-akumulator\/#breadcrumb\",\"itemListElement\":[{\"@type\":\"ListItem\",\"position\":1,\"name\":\"Domov\",\"item\":\"https:\/\/www.technic-toys.com\/hr\/\"},{\"@type\":\"ListItem\",\"position\":2,\"name\":\"Shop\",\"item\":\"https:\/\/www.technic-toys.com\/hr\/shop-2\/\"},{\"@type\":\"ListItem\",\"position\":3,\"name\":\"Dje\u010dji radni Bager Volvo DK-VE888 na akumulator\"}]},{\"@type\":\"WebSite\",\"@id\":\"https:\/\/www.technic-toys.com\/en\/#website\",\"url\":\"https:\/\/www.technic-toys.com\/en\/\",\"name\":\"TECHNIC TOYS SHOP\",\"description\":\"\",\"potentialAction\":[{\"@type\":\"SearchAction\",\"target\":{\"@type\":\"EntryPoint\",\"urlTemplate\":\"https:\/\/www.technic-toys.com\/en\/?s={search_term_string}\"},\"query-input\":\"required name=search_term_string\"}],\"inLanguage\":\"hr\"}]}<\/script>\n<!-- \/ Yoast SEO plugin. -->","yoast_head_json":{"title":"Dje\u010dji radni Bager Volvo DK-VE888 na akumulator - TECHNIC TOYS SHOP","description":"Dje\u010dji radni Bager Volvo DK-VE888 na akumulator","robots":{"index":"index","follow":"follow","max-snippet":"max-snippet:-1","max-image-preview":"max-image-preview:large","max-video-preview":"max-video-preview:-1"},"canonical":"https:\/\/www.technic-toys.com\/hr\/proizvod\/djecji-radni-bager-volvo-dk-ve888-na-akumulator\/","og_locale":"hr_HR","og_type":"article","og_title":"Dje\u010dji radni Bager Volvo DK-VE888 na akumulator - TECHNIC TOYS SHOP","og_description":"Dje\u010dji radni Bager Volvo DK-VE888 na akumulator","og_url":"https:\/\/www.technic-toys.com\/hr\/proizvod\/djecji-radni-bager-volvo-dk-ve888-na-akumulator\/","og_site_name":"TECHNIC TOYS SHOP","article_modified_time":"2024-01-05T20:28:24+00:00","og_image":[{"width":899,"height":600,"url":"https:\/\/www.technic-toys.com\/wp-content\/uploads\/2023\/05\/Battery-Excavator-Volvo-DK-VE888_otroski-djecji-bager-na-akumulator-baterije-punjenje_0-1.jpg","type":"image\/jpeg"}],"twitter_card":"summary_large_image","twitter_misc":{"Procijenjeno vrijeme \u010ditanja":"1 minuta"},"schema":{"@context":"https:\/\/schema.org","@graph":[{"@type":"WebPage","@id":"https:\/\/www.technic-toys.com\/hr\/proizvod\/djecji-radni-bager-volvo-dk-ve888-na-akumulator\/","url":"https:\/\/www.technic-toys.com\/hr\/proizvod\/djecji-radni-bager-volvo-dk-ve888-na-akumulator\/","name":"Dje\u010dji radni Bager Volvo DK-VE888 na akumulator - TECHNIC TOYS SHOP","isPartOf":{"@id":"https:\/\/www.technic-toys.com\/en\/#website"},"datePublished":"2023-05-10T17:43:36+00:00","dateModified":"2024-01-05T20:28:24+00:00","description":"Dje\u010dji radni Bager Volvo DK-VE888 na akumulator","breadcrumb":{"@id":"https:\/\/www.technic-toys.com\/hr\/proizvod\/djecji-radni-bager-volvo-dk-ve888-na-akumulator\/#breadcrumb"},"inLanguage":"hr","potentialAction":[{"@type":"ReadAction","target":["https:\/\/www.technic-toys.com\/hr\/proizvod\/djecji-radni-bager-volvo-dk-ve888-na-akumulator\/"]}]},{"@type":"BreadcrumbList","@id":"https:\/\/www.technic-toys.com\/hr\/proizvod\/djecji-radni-bager-volvo-dk-ve888-na-akumulator\/#breadcrumb","itemListElement":[{"@type":"ListItem","position":1,"name":"Domov","item":"https:\/\/www.technic-toys.com\/hr\/"},{"@type":"ListItem","position":2,"name":"Shop","item":"https:\/\/www.technic-toys.com\/hr\/shop-2\/"},{"@type":"ListItem","position":3,"name":"Dje\u010dji radni Bager Volvo DK-VE888 na akumulator"}]},{"@type":"WebSite","@id":"https:\/\/www.technic-toys.com\/en\/#website","url":"https:\/\/www.technic-toys.com\/en\/","name":"TECHNIC TOYS SHOP","description":"","potentialAction":[{"@type":"SearchAction","target":{"@type":"EntryPoint","urlTemplate":"https:\/\/www.technic-toys.com\/en\/?s={search_term_string}"},"query-input":"required name=search_term_string"}],"inLanguage":"hr"}]}},"_links":{"self":[{"href":"https:\/\/www.technic-toys.com\/hr\/wp-json\/wp\/v2\/product\/21518"}],"collection":[{"href":"https:\/\/www.technic-toys.com\/hr\/wp-json\/wp\/v2\/product"}],"about":[{"href":"https:\/\/www.technic-toys.com\/hr\/wp-json\/wp\/v2\/types\/product"}],"wp:featuredmedia":[{"embeddable":true,"href":"https:\/\/www.technic-toys.com\/hr\/wp-json\/wp\/v2\/media\/21550"}],"wp:attachment":[{"href":"https:\/\/www.technic-toys.com\/hr\/wp-json\/wp\/v2\/media?parent=21518"}],"wp:term":[{"taxonomy":"product_cat","embeddable":true,"href":"https:\/\/www.technic-toys.com\/hr\/wp-json\/wp\/v2\/product_cat?post=21518"},{"taxonomy":"product_tag","embeddable":true,"href":"https:\/\/www.technic-toys.com\/hr\/wp-json\/wp\/v2\/product_tag?post=21518"}],"curies":[{"name":"wp","href":"https:\/\/api.w.org\/{rel}","templated":true}]}}