{"id":21767,"date":"2023-12-21T16:41:12","date_gmt":"2023-12-21T15:41:13","guid":{"rendered":"https:\/\/www.technic-toys.com\/?post_type=product&#038;p=21767"},"modified":"2023-12-21T17:23:31","modified_gmt":"2023-12-21T16:23:31","slug":"djecji-elektricni-auto-dzip-vozilo-na-akumulator-jeep-willys-4x4-jh-103","status":"publish","type":"product","link":"https:\/\/www.technic-toys.com\/hr\/proizvod\/djecji-elektricni-auto-dzip-vozilo-na-akumulator-jeep-willys-4x4-jh-103\/","title":{"rendered":"Dje\u010dji elektri\u010dni auto d\u017eip vozilo na akumulator JEEP WILLYS 4&#215;4 JH-103"},"content":{"rendered":"<p>Dje\u010dji elektri\u010dni auto d\u017eip vozilo na akumulator JEEP WILLYS 4&#215;4 JH-103<\/p>\n<p>1. NAJJEFTINIJI<br \/>\n2. NOVO I ZAPAKOVANO<br \/>\n3. KVALITETA, ORIGINAL LICENCA<\/p>\n<p>&nbsp;<\/p>\n<p>Izbor boja: u\u00a0komentar prilikom narud\u017ebe upi\u0161ite opciju odabira boje<\/p>\n<p>Snaga motora: 4 X 45w<\/p>\n<p>Baterija: 1 x 12V 7Ah<\/p>\n<p>Mjenja\u010d: Automatski, 3 brzine<\/p>\n<p>Dimenzije vozila: 110 cm x 60 cm x 58 cm<\/p>\n<p>Brzina vozila: 4 km\/h<\/p>\n<p>Te\u017eina praznog automobila: 15 kg<\/p>\n<p>Maksimalno optere\u0107enje: 30 kg<\/p>\n<p>Vrijeme punjenja baterije: 8 sati<\/p>\n<p>Trajanje baterije: do 1 sat<\/p>\n<p>Svetla: Da<\/p>\n<p>Oprema: sigurnosni pojas<\/p>\n<p>Sedi\u0161te: meka eko ko\u017ea<\/p>\n<p>To\u010dkovi: plastika<\/p>\n<p>Daljinski upravlja\u010d: R\/C 2.4G<\/p>\n<p>Audio: USB; bluetooth<\/p>\n<p>Veli\u010dina pakovanja: 103 cm x 58 cm x 32 cm<\/p>\n<p>Te\u017eina pakovanja: 17 kg<\/p>\n","protected":false},"excerpt":{"rendered":"<p>Dje\u010dji elektri\u010dni auto d\u017eip vozilo na akumulator JEEP WILLYS 4&#215;4 JH-103 1. NAJJEFTINIJI 2. NOVO I ZAPAKOVANO 3. KVALITETA, ORIGINAL LICENCA &nbsp; Izbor boja: u\u00a0komentar prilikom narud\u017ebe upi\u0161ite opciju odabira boje Snaga motora: 4 X 45w Baterija: 1 x 12V 7Ah Mjenja\u010d: Automatski, 3 brzine Dimenzije vozila: 110 cm x 60 cm x 58 cm [&hellip;]<\/p>\n","protected":false},"featured_media":21772,"template":"","meta":[],"product_cat":[514,470],"product_tag":[],"acf":[],"yoast_head":"<!-- This site is optimized with the Yoast SEO plugin v21.7 - https:\/\/yoast.com\/wordpress\/plugins\/seo\/ -->\n<title>Dje\u010dji elektri\u010dni auto d\u017eip vozilo na akumulator JEEP WILLYS 4x4 JH-103 - TECHNIC TOYS SHOP<\/title>\n<meta name=\"description\" content=\"Dje\u010dji elektri\u010dni auto d\u017eip vozilo na akumulator JEEP WILLYS 4x4 JH-103\" \/>\n<meta name=\"robots\" content=\"index, follow, max-snippet:-1, max-image-preview:large, max-video-preview:-1\" \/>\n<link rel=\"canonical\" href=\"https:\/\/www.technic-toys.com\/hr\/proizvod\/djecji-elektricni-auto-dzip-vozilo-na-akumulator-jeep-willys-4x4-jh-103\/\" \/>\n<meta property=\"og:locale\" content=\"hr_HR\" \/>\n<meta property=\"og:type\" content=\"article\" \/>\n<meta property=\"og:title\" content=\"Dje\u010dji elektri\u010dni auto d\u017eip vozilo na akumulator JEEP WILLYS 4x4 JH-103 - TECHNIC TOYS SHOP\" \/>\n<meta property=\"og:description\" content=\"Dje\u010dji elektri\u010dni auto d\u017eip vozilo na akumulator JEEP WILLYS 4x4 JH-103\" \/>\n<meta property=\"og:url\" content=\"https:\/\/www.technic-toys.com\/hr\/proizvod\/djecji-elektricni-auto-dzip-vozilo-na-akumulator-jeep-willys-4x4-jh-103\/\" \/>\n<meta property=\"og:site_name\" content=\"TECHNIC TOYS SHOP\" \/>\n<meta property=\"article:modified_time\" content=\"2023-12-21T16:23:31+00:00\" \/>\n<meta property=\"og:image\" content=\"https:\/\/www.technic-toys.com\/wp-content\/uploads\/2023\/12\/Battery-ride-on-JH-103-Army-Green-4x4-otroski-jeep-terensko-vozilo-avto-auto-kid-children-technic-toys-otroska-djecija-igracka-igraca-2.jpg\" \/>\n\t<meta property=\"og:image:width\" content=\"1000\" \/>\n\t<meta property=\"og:image:height\" content=\"667\" \/>\n\t<meta property=\"og:image:type\" content=\"image\/jpeg\" \/>\n<meta name=\"twitter:card\" content=\"summary_large_image\" \/>\n<meta name=\"twitter:label1\" content=\"Procijenjeno vrijeme \u010ditanja\" \/>\n\t<meta name=\"twitter:data1\" content=\"2 minute\" \/>\n<script type=\"application\/ld+json\" class=\"yoast-schema-graph\">{\"@context\":\"https:\/\/schema.org\",\"@graph\":[{\"@type\":\"WebPage\",\"@id\":\"https:\/\/www.technic-toys.com\/hr\/proizvod\/djecji-elektricni-auto-dzip-vozilo-na-akumulator-jeep-willys-4x4-jh-103\/\",\"url\":\"https:\/\/www.technic-toys.com\/hr\/proizvod\/djecji-elektricni-auto-dzip-vozilo-na-akumulator-jeep-willys-4x4-jh-103\/\",\"name\":\"Dje\u010dji elektri\u010dni auto d\u017eip vozilo na akumulator JEEP WILLYS 4x4 JH-103 - TECHNIC TOYS SHOP\",\"isPartOf\":{\"@id\":\"https:\/\/www.technic-toys.com\/en\/#website\"},\"datePublished\":\"2023-12-21T15:41:13+00:00\",\"dateModified\":\"2023-12-21T16:23:31+00:00\",\"description\":\"Dje\u010dji elektri\u010dni auto d\u017eip vozilo na akumulator JEEP WILLYS 4x4 JH-103\",\"breadcrumb\":{\"@id\":\"https:\/\/www.technic-toys.com\/hr\/proizvod\/djecji-elektricni-auto-dzip-vozilo-na-akumulator-jeep-willys-4x4-jh-103\/#breadcrumb\"},\"inLanguage\":\"hr\",\"potentialAction\":[{\"@type\":\"ReadAction\",\"target\":[\"https:\/\/www.technic-toys.com\/hr\/proizvod\/djecji-elektricni-auto-dzip-vozilo-na-akumulator-jeep-willys-4x4-jh-103\/\"]}]},{\"@type\":\"BreadcrumbList\",\"@id\":\"https:\/\/www.technic-toys.com\/hr\/proizvod\/djecji-elektricni-auto-dzip-vozilo-na-akumulator-jeep-willys-4x4-jh-103\/#breadcrumb\",\"itemListElement\":[{\"@type\":\"ListItem\",\"position\":1,\"name\":\"Domov\",\"item\":\"https:\/\/www.technic-toys.com\/hr\/\"},{\"@type\":\"ListItem\",\"position\":2,\"name\":\"Shop\",\"item\":\"https:\/\/www.technic-toys.com\/hr\/shop-2\/\"},{\"@type\":\"ListItem\",\"position\":3,\"name\":\"Dje\u010dji elektri\u010dni auto d\u017eip vozilo na akumulator JEEP WILLYS 4&#215;4 JH-103\"}]},{\"@type\":\"WebSite\",\"@id\":\"https:\/\/www.technic-toys.com\/en\/#website\",\"url\":\"https:\/\/www.technic-toys.com\/en\/\",\"name\":\"TECHNIC TOYS SHOP\",\"description\":\"\",\"potentialAction\":[{\"@type\":\"SearchAction\",\"target\":{\"@type\":\"EntryPoint\",\"urlTemplate\":\"https:\/\/www.technic-toys.com\/en\/?s={search_term_string}\"},\"query-input\":\"required name=search_term_string\"}],\"inLanguage\":\"hr\"}]}<\/script>\n<!-- \/ Yoast SEO plugin. -->","yoast_head_json":{"title":"Dje\u010dji elektri\u010dni auto d\u017eip vozilo na akumulator JEEP WILLYS 4x4 JH-103 - TECHNIC TOYS SHOP","description":"Dje\u010dji elektri\u010dni auto d\u017eip vozilo na akumulator JEEP WILLYS 4x4 JH-103","robots":{"index":"index","follow":"follow","max-snippet":"max-snippet:-1","max-image-preview":"max-image-preview:large","max-video-preview":"max-video-preview:-1"},"canonical":"https:\/\/www.technic-toys.com\/hr\/proizvod\/djecji-elektricni-auto-dzip-vozilo-na-akumulator-jeep-willys-4x4-jh-103\/","og_locale":"hr_HR","og_type":"article","og_title":"Dje\u010dji elektri\u010dni auto d\u017eip vozilo na akumulator JEEP WILLYS 4x4 JH-103 - TECHNIC TOYS SHOP","og_description":"Dje\u010dji elektri\u010dni auto d\u017eip vozilo na akumulator JEEP WILLYS 4x4 JH-103","og_url":"https:\/\/www.technic-toys.com\/hr\/proizvod\/djecji-elektricni-auto-dzip-vozilo-na-akumulator-jeep-willys-4x4-jh-103\/","og_site_name":"TECHNIC TOYS SHOP","article_modified_time":"2023-12-21T16:23:31+00:00","og_image":[{"width":1000,"height":667,"url":"https:\/\/www.technic-toys.com\/wp-content\/uploads\/2023\/12\/Battery-ride-on-JH-103-Army-Green-4x4-otroski-jeep-terensko-vozilo-avto-auto-kid-children-technic-toys-otroska-djecija-igracka-igraca-2.jpg","type":"image\/jpeg"}],"twitter_card":"summary_large_image","twitter_misc":{"Procijenjeno vrijeme \u010ditanja":"2 minute"},"schema":{"@context":"https:\/\/schema.org","@graph":[{"@type":"WebPage","@id":"https:\/\/www.technic-toys.com\/hr\/proizvod\/djecji-elektricni-auto-dzip-vozilo-na-akumulator-jeep-willys-4x4-jh-103\/","url":"https:\/\/www.technic-toys.com\/hr\/proizvod\/djecji-elektricni-auto-dzip-vozilo-na-akumulator-jeep-willys-4x4-jh-103\/","name":"Dje\u010dji elektri\u010dni auto d\u017eip vozilo na akumulator JEEP WILLYS 4x4 JH-103 - TECHNIC TOYS SHOP","isPartOf":{"@id":"https:\/\/www.technic-toys.com\/en\/#website"},"datePublished":"2023-12-21T15:41:13+00:00","dateModified":"2023-12-21T16:23:31+00:00","description":"Dje\u010dji elektri\u010dni auto d\u017eip vozilo na akumulator JEEP WILLYS 4x4 JH-103","breadcrumb":{"@id":"https:\/\/www.technic-toys.com\/hr\/proizvod\/djecji-elektricni-auto-dzip-vozilo-na-akumulator-jeep-willys-4x4-jh-103\/#breadcrumb"},"inLanguage":"hr","potentialAction":[{"@type":"ReadAction","target":["https:\/\/www.technic-toys.com\/hr\/proizvod\/djecji-elektricni-auto-dzip-vozilo-na-akumulator-jeep-willys-4x4-jh-103\/"]}]},{"@type":"BreadcrumbList","@id":"https:\/\/www.technic-toys.com\/hr\/proizvod\/djecji-elektricni-auto-dzip-vozilo-na-akumulator-jeep-willys-4x4-jh-103\/#breadcrumb","itemListElement":[{"@type":"ListItem","position":1,"name":"Domov","item":"https:\/\/www.technic-toys.com\/hr\/"},{"@type":"ListItem","position":2,"name":"Shop","item":"https:\/\/www.technic-toys.com\/hr\/shop-2\/"},{"@type":"ListItem","position":3,"name":"Dje\u010dji elektri\u010dni auto d\u017eip vozilo na akumulator JEEP WILLYS 4&#215;4 JH-103"}]},{"@type":"WebSite","@id":"https:\/\/www.technic-toys.com\/en\/#website","url":"https:\/\/www.technic-toys.com\/en\/","name":"TECHNIC TOYS SHOP","description":"","potentialAction":[{"@type":"SearchAction","target":{"@type":"EntryPoint","urlTemplate":"https:\/\/www.technic-toys.com\/en\/?s={search_term_string}"},"query-input":"required name=search_term_string"}],"inLanguage":"hr"}]}},"_links":{"self":[{"href":"https:\/\/www.technic-toys.com\/hr\/wp-json\/wp\/v2\/product\/21767"}],"collection":[{"href":"https:\/\/www.technic-toys.com\/hr\/wp-json\/wp\/v2\/product"}],"about":[{"href":"https:\/\/www.technic-toys.com\/hr\/wp-json\/wp\/v2\/types\/product"}],"wp:featuredmedia":[{"embeddable":true,"href":"https:\/\/www.technic-toys.com\/hr\/wp-json\/wp\/v2\/media\/21772"}],"wp:attachment":[{"href":"https:\/\/www.technic-toys.com\/hr\/wp-json\/wp\/v2\/media?parent=21767"}],"wp:term":[{"taxonomy":"product_cat","embeddable":true,"href":"https:\/\/www.technic-toys.com\/hr\/wp-json\/wp\/v2\/product_cat?post=21767"},{"taxonomy":"product_tag","embeddable":true,"href":"https:\/\/www.technic-toys.com\/hr\/wp-json\/wp\/v2\/product_tag?post=21767"}],"curies":[{"name":"wp","href":"https:\/\/api.w.org\/{rel}","templated":true}]}}